{"id":152614,"date":"2021-03-16T08:16:09","date_gmt":"2021-03-16T13:16:09","guid":{"rendered":"https:\/\/www.acrartex.com\/products\/ms-2000m2-dubbelflygare\/"},"modified":"2025-07-07T13:04:59","modified_gmt":"2025-07-07T18:04:59","slug":"ms-2000m2-dubbelflygare","status":"publish","type":"product","link":"https:\/\/www.acrartex.com\/sv\/products\/ms-2000m2-dubbelflygare\/","title":{"rendered":"MS-2000(M2) Dubbelflygare"},"content":{"rendered":"<p>Liksom v\u00e5ra h\u00f6gt ansedda och p\u00e5litliga SDU-5E och MS-2000(M) \u00e4r MS-2000(M2) utformad f\u00f6r att uppfylla eller \u00f6vertr\u00e4ffa milit\u00e4ra specifikationer, inklusive MIL-L-38217D och CID AA-59176, och den har m\u00e5nga f\u00f6rb\u00e4ttrade livr\u00e4ddande funktioner f\u00f6r att klara flera uppdrag.<\/p>\n<ul>\n<li>Ny vibrationsfunktion varnar dig i hemlighet om aktivering och l\u00e4ges\u00e4ndringar n\u00e4r du anv\u00e4nder IR-sk\u00f6lden<\/li>\n<li>3 aktiveringsl\u00e4gen att v\u00e4lja mellan: Strobe, SOS eller fast sken<\/li>\n<li>Uppfyller milit\u00e4rens senaste krav och passar praktiskt taget alla till\u00e4mpningar<\/li>\n<li>Ny fl\u00e4tad st\u00e5lh\u00e5llare h\u00e5ller batterilocket p\u00e5 plats<\/li>\n<li>Silikonformad bel\u00e4ggning p\u00e5 elektroniska komponenter skyddar mot fukt<\/li>\n<li>Riktningsriktat bl\u00e5tt filter varnar f\u00f6r v\u00e4nliga styrkor, skiljer stroboskop fr\u00e5n markeld<\/li>\n<li>Upp till 56 timmars drifttid med 2 vanliga alkaliska AA-batterier (anv\u00e4nd litiumbatterier f\u00f6r extremt kalla milj\u00f6er eller l\u00e5ngvarig f\u00f6rvaring)<\/li>\n<li>Bifogat infrar\u00f6tt (IR) filter f\u00f6r m\u00f6rkerseendeglas\u00f6gon (NVG) med filtfoder f\u00f6r att f\u00f6rhindra uppenbart ljusl\u00e4ckage<\/li>\n<li>Toppmodern LED-teknik<\/li>\n<li>Upph\u00f6jda polaritetsindikatorer m\u00f6jligg\u00f6r korrekt batteriplacering<\/li>\n<li>\u00d6vertr\u00e4ffar SOLAS-standarden<\/li>\n<\/ul>\n","protected":false},"excerpt":{"rendered":"<p>Vi presenterar den nya M2-versionen: ett blixtljus som \u00e4r ljusare och enklare att anv\u00e4nda \u00e4n sin f\u00f6reg\u00e5ngare. N\u00e4r det g\u00e4ller att r\u00e4dda liv \u00e4r allt annat \u00e4n det b\u00e4sta ett alternativ. MS-2000 (M2) Doublefly \u00e4r utformad f\u00f6r att uppfylla och ofta \u00f6vertr\u00e4ffa milit\u00e4ra specifikationer och \u00e4r byggd f\u00f6r anv\u00e4ndning p\u00e5 flera uppdrag.  <\/p>\n","protected":false},"featured_media":152638,"template":"","meta":{"_acf_changed":false,"om_disable_all_campaigns":false},"product_brand":[],"product_cat":[5838,5839,5841,5820,5837],"product_tag":[7638,7640,7632,7624,7622,7627,7616,7617,7615,7618,7634,7636,7614,7620,7613,7619,7630],"class_list":{"0":"post-152614","1":"product","2":"type-product","3":"status-publish","4":"has-post-thumbnail","6":"product_cat-flygpatrull","7":"product_cat-marinstyrkorna","8":"product_cat-mark-specialstyrkor","9":"product_cat-militar","10":"product_cat-polis-kommun","11":"product_tag-3994-sv","12":"product_tag-3994-2-sv","13":"product_tag-fast-lysande-markeringsljus","14":"product_tag-militar-nodbelysning","15":"product_tag-militar-raddningslampa","16":"product_tag-militarspecifik-blixt","17":"product_tag-ms-2000-sv","18":"product_tag-ms-2000-m-sv","19":"product_tag-ms-2000m-sv","20":"product_tag-ms-2000r-sv","21":"product_tag-ms-2000m-sv-2","22":"product_tag-ms-2000m2-sv","23":"product_tag-ms2000-sv","24":"product_tag-ms2000-ljus","25":"product_tag-ms2000m-sv","26":"product_tag-ms2000r-sv","27":"product_tag-sos-sv","29":"first","30":"instock","31":"taxable","32":"shipping-taxable","33":"product-type-simple"},"acf":[],"_links":{"self":[{"href":"https:\/\/www.acrartex.com\/sv\/wp-json\/wp\/v2\/product\/152614","targetHints":{"allow":["GET"]}}],"collection":[{"href":"https:\/\/www.acrartex.com\/sv\/wp-json\/wp\/v2\/product"}],"about":[{"href":"https:\/\/www.acrartex.com\/sv\/wp-json\/wp\/v2\/types\/product"}],"wp:featuredmedia":[{"embeddable":true,"href":"https:\/\/www.acrartex.com\/sv\/wp-json\/wp\/v2\/media\/152638"}],"wp:attachment":[{"href":"https:\/\/www.acrartex.com\/sv\/wp-json\/wp\/v2\/media?parent=152614"}],"wp:term":[{"taxonomy":"product_brand","embeddable":true,"href":"https:\/\/www.acrartex.com\/sv\/wp-json\/wp\/v2\/product_brand?post=152614"},{"taxonomy":"product_cat","embeddable":true,"href":"https:\/\/www.acrartex.com\/sv\/wp-json\/wp\/v2\/product_cat?post=152614"},{"taxonomy":"product_tag","embeddable":true,"href":"https:\/\/www.acrartex.com\/sv\/wp-json\/wp\/v2\/product_tag?post=152614"}],"curies":[{"name":"wp","href":"https:\/\/api.w.org\/{rel}","templated":true}]}}