{"id":152552,"date":"2021-03-16T08:15:33","date_gmt":"2021-03-16T13:15:33","guid":{"rendered":"https:\/\/www.acrartex.com\/products\/rcl-75-sokljus\/"},"modified":"2021-03-16T08:15:33","modified_gmt":"2021-03-16T13:15:33","slug":"rcl-75-sokljus","status":"publish","type":"product","link":"https:\/\/www.acrartex.com\/sv\/products\/rcl-75-sokljus\/","title":{"rendered":"RCL -75 S\u00f6kljus"},"content":{"rendered":"<p><strong><span style=\"color: #e74c3c;\"><a href=\"https:\/\/www.acrartex.com\/products\/rcl-95-wireless-led-searchlight\/\">RCL -75 har utg\u00e5tt.<\/a>  Garantisupport \u00e4r fortfarande tillg\u00e4nglig.<\/span><\/strong><\/p>\n<p>Elektroniken \u00e4r placerad i det vattent\u00e5liga lamphuvudet ist\u00e4llet f\u00f6r i basen f\u00f6r \u00f6kat skydd. Det innovativa &#8220;direktdrivningssystemet&#8221; eliminerar okontrollerad ljusr\u00f6relse i v\u00e5gor. <\/p>\n<p>Anv\u00e4ndningsomr\u00e5de: Fritidsb\u00e5tar, sportyachter, sportfiske och kommersiella fartyg.<\/p>\n<ul>\n<li>Dubbel lampdesign ger redundans och tillf\u00f6rlitlighet \u2013 fungerar n\u00e4r du beh\u00f6ver det<\/li>\n<li>Ljusa, kraftfulla 55-watts halogenlampor med 3\u00b0 hx 5\u00b0 b str\u00e5lspridning<\/li>\n<li>L\u00e4ttinstallerad joystickkontroll i Point Pad\u2122-stil<\/li>\n<li>Robust, funktionell och funktionsrik s\u00f6kljus som \u00e4r enkel att installera<\/li>\n<li>7-tr\u00e5dig kabelh\u00e4rva, 17 fot l\u00e5ng<\/li>\n<li>Elektronik placerad i det vattent\u00e5liga lamphuvudet, ist\u00e4llet f\u00f6r den traditionella lampbasen, f\u00f6r skydd mot vattenansamling<\/li>\n<li>45\u00b0 ned\u00e5tg\u00e5ende okulardesign ger f\u00f6rb\u00e4ttrad sikt vid dockning<\/li>\n<li>18\u00b0 upp\u00e5tlutning f\u00f6r att belysa vindbryggstorn etc.<\/li>\n<li>Lamporna byts enkelt ut genom att ta bort topplocket f\u00f6r att komma \u00e5t bakljusenheten<\/li>\n<li>Torkat filter torkar luften; skyddar reflektor och lamph\u00e5llare<\/li>\n<li>Innovativt &#8220;direktdrivningssystem&#8221; eliminerar okontrollerad ljusr\u00f6relse i v\u00e5giga f\u00f6rh\u00e5llanden<\/li>\n<li>Kraftiga kugghjul och elmotorer<\/li>\n<li>L\u00e4gg till en adapter och ytterligare en Point Pad\u2122 f\u00f6r fj\u00e4rrstyrning av en andra station<\/li>\n<\/ul>\n<p>Taggar: str\u00e5lkastare, RCL str\u00e5lkastare, RCL 75, b\u00e5tstr\u00e5lkastare, marinstr\u00e5lkastare, marinstr\u00e5lkastare, ACR str\u00e5lkastare, 1946, artikelnummer 1946<\/p>\n","protected":false},"excerpt":{"rendered":"<p><strong><span style=\"color: #e74c3c;\"><a href=\"https:\/\/www.acrartex.com\/products\/rcl-95-wireless-led-searchlight\/\">RCL -75 har utg\u00e5tt.<\/a>  Garantisupport \u00e4r fortfarande tillg\u00e4nglig.<\/span><\/strong><\/p>\n<p>RCL -75-s\u00f6kljuset \u00e4r speciellt tillverkat f\u00f6r fritidsb\u00e5tar, sportyachter, sportfiskare och kommersiella fartyg. Den dubbla lampdesignen hos detta s\u00f6kljus ger redundans och tillf\u00f6rlitlighet, s\u00e5 att du kan lita p\u00e5 att det fungerar n\u00e4r du beh\u00f6ver det som mest. Dessutom eliminerar det innovativa direktdrivningssystemet okontrollerad ljusr\u00f6relse i oroliga f\u00f6rh\u00e5llanden, s\u00e5 om du skulle st\u00f6ta p\u00e5 ov\u00e4ntat v\u00e4der kan du vara s\u00e4ker p\u00e5 att ditt ljus fortfarande lyser efter behov.  <\/p>\n<p>&nbsp;<\/p>\n<p style=\"margin-left: 0in; margin-right: 0in;\"><span style=\"font-size: 11pt;\"><span style=\"font-family: Calibri,sans-serif;\"><a style=\"color: blue; text-decoration: underline;\" href=\"https:\/\/www.dropbox.com\/s\/fk04stqsp2hgk5f\/Prop%2065%20-%20DEHP.pdf?dl=0\"><span style=\"color: #000000;\">VARNING: F\u00d6RSLAG 65<\/span><\/a><\/span><\/span><\/p>\n<p style=\"margin-left: 0in; margin-right: 0in;\">\n","protected":false},"featured_media":152554,"template":"","meta":{"_acf_changed":false,"om_disable_all_campaigns":false},"product_brand":[],"product_cat":[5822,5583,5823],"product_tag":[7512,7112,7103,7105,7107,7093,7506,7510,7508],"class_list":{"0":"post-152552","1":"product","2":"type-product","3":"status-publish","4":"has-post-thumbnail","6":"product_cat-inat-landet","7":"product_cat-marin","8":"product_cat-nara-stranden","9":"product_tag-1946-sv","10":"product_tag-acr-sokljus","11":"product_tag-batstralkastare","12":"product_tag-marin-sokljus","13":"product_tag-marina-stralkastare","14":"product_tag-rcl-sv","15":"product_tag-rcl-75-sv","16":"product_tag-rcl-75-sv-2","17":"product_tag-rcl75-sv","18":"pa_product-arv","20":"first","21":"outofstock","22":"taxable","23":"shipping-taxable","24":"product-type-simple"},"acf":[],"_links":{"self":[{"href":"https:\/\/www.acrartex.com\/sv\/wp-json\/wp\/v2\/product\/152552","targetHints":{"allow":["GET"]}}],"collection":[{"href":"https:\/\/www.acrartex.com\/sv\/wp-json\/wp\/v2\/product"}],"about":[{"href":"https:\/\/www.acrartex.com\/sv\/wp-json\/wp\/v2\/types\/product"}],"wp:featuredmedia":[{"embeddable":true,"href":"https:\/\/www.acrartex.com\/sv\/wp-json\/wp\/v2\/media\/152554"}],"wp:attachment":[{"href":"https:\/\/www.acrartex.com\/sv\/wp-json\/wp\/v2\/media?parent=152552"}],"wp:term":[{"taxonomy":"product_brand","embeddable":true,"href":"https:\/\/www.acrartex.com\/sv\/wp-json\/wp\/v2\/product_brand?post=152552"},{"taxonomy":"product_cat","embeddable":true,"href":"https:\/\/www.acrartex.com\/sv\/wp-json\/wp\/v2\/product_cat?post=152552"},{"taxonomy":"product_tag","embeddable":true,"href":"https:\/\/www.acrartex.com\/sv\/wp-json\/wp\/v2\/product_tag?post=152552"}],"curies":[{"name":"wp","href":"https:\/\/api.w.org\/{rel}","templated":true}]}}