{"id":152460,"date":"2021-03-16T08:15:01","date_gmt":"2021-03-16T13:15:01","guid":{"rendered":"https:\/\/www.acrartex.com\/products\/rcl-300a-stralkastare\/"},"modified":"2026-02-03T14:08:36","modified_gmt":"2026-02-03T19:08:36","slug":"rcl-300a-stralkastare","status":"publish","type":"product","link":"https:\/\/www.acrartex.com\/sv\/products\/rcl-300a-stralkastare\/","title":{"rendered":"RCL -300A str\u00e5lkastare"},"content":{"rendered":"<p>Den \u00e4r packad och ytbehandlad f\u00f6r att t\u00e5la den marina milj\u00f6n, och alla funktioner kan man\u00f6vreras med den medf\u00f6ljande Point Pad\u2122 och Master Controller (upp till tre fj\u00e4rrkontroller kan installeras).<\/p>\n<ul>\n<li>Intern h\u00f6jningsmekanism ger lutningskontroll av str\u00e5lkastarljuset; skyddar h\u00f6jningsmekanismen fr\u00e5n v\u00e4der<\/li>\n<li>Inkluderar fingertoppsfj\u00e4rrkontroll Point Pad\u2122; upp till tre Point Pad\u2122-enheter kan installeras i systemet; alternativ f\u00f6r ytmontering\/inf\u00e4lld montering ing\u00e5r<\/li>\n<li>Robust, trippelprimerat och t\u00e4tat h\u00f6lje i marin aluminium<\/li>\n<li>XRCiZ\u2122-funktionen roterar och flyttar ljusaggregatet var 30:e dag fr\u00e5n aktivering f\u00f6r att h\u00e5lla alla lagerytor fria fr\u00e5n korrosion och alla elektriska kontakter funktionella<\/li>\n<li>Saltvattenbest\u00e4ndig konstruktion med nylon- och fenolbrickor, skruvar i aluminiserat rostfritt st\u00e5l med isolerande sm\u00f6rjmedel<\/li>\n<li>Kabelh\u00e4rva ing\u00e5r<\/li>\n<li>* Dubbla 35W metallhalogen-HID-lampor ger \u00f6ver 500k CD vardera och 1 miljon effektiv CD tillsammans.<\/li>\n<\/ul>\n<p>Taggar: str\u00e5lkastare, s\u00f6kljus, RCL -str\u00e5lkastare, RCL 300, b\u00e5tstr\u00e5lkastare, marinstr\u00e5lkastare, marinstr\u00e5lkastare, acr-str\u00e5lkastare, 1933, artikelnummer 1933<\/p>\n","protected":false},"excerpt":{"rendered":"<p>Dubbla 35-watts metallhalogenlampor HID skapar en smalstr\u00e5lande s\u00f6karljus som \u00e4r perfekt f\u00f6r stora sportyachter och megayachter, s\u00e5v\u00e4l som stora sportfiske- och kommersiella fartyg. RCL -300A-s\u00f6karljuset \u00e4r tillverkat f\u00f6r att f\u00f6rb\u00e4ttra s\u00e4kerheten till sj\u00f6ss under nattdrift. Den \u00e4r ocks\u00e5 enkel att anv\u00e4nda med en kommersiell joystick som har en IP 69K-klassning och belysning.  <\/p>\n<p><a href=\"https:\/\/www.dropbox.com\/s\/8343nj28z0d7bxa\/Prop%2065%20-%20BPA.pdf?dl=0\">VARNING: F\u00d6RSLAG 65<\/a><\/p>\n","protected":false},"featured_media":152461,"template":"","meta":{"_acf_changed":false,"om_disable_all_campaigns":false},"product_brand":[],"product_cat":[5583,7092],"product_tag":[7112,7115,7103,7105,7107,7093,7360,7099,7110,7097,7101,7109,7114],"class_list":{"0":"post-152460","1":"product","2":"type-product","3":"status-publish","4":"has-post-thumbnail","6":"product_cat-marin","7":"product_cat-stralkastare","8":"product_tag-acr-sokljus","9":"product_tag-acr-stralkastare","10":"product_tag-batstralkastare","11":"product_tag-marin-sokljus","12":"product_tag-marina-stralkastare","13":"product_tag-rcl-sv","14":"product_tag-rcl-300a-sv","15":"product_tag-sokarljus","16":"product_tag-sokljusforetag","17":"product_tag-stralkastare","18":"product_tag-stralkastare-till-salu","19":"product_tag-xenon-stralkastare","20":"product_tag-xenon-stralkastare-sv","21":"pa_product-sokljus","23":"first","24":"instock","25":"taxable","26":"shipping-taxable","27":"purchasable","28":"product-type-simple"},"acf":[],"_links":{"self":[{"href":"https:\/\/www.acrartex.com\/sv\/wp-json\/wp\/v2\/product\/152460","targetHints":{"allow":["GET"]}}],"collection":[{"href":"https:\/\/www.acrartex.com\/sv\/wp-json\/wp\/v2\/product"}],"about":[{"href":"https:\/\/www.acrartex.com\/sv\/wp-json\/wp\/v2\/types\/product"}],"wp:featuredmedia":[{"embeddable":true,"href":"https:\/\/www.acrartex.com\/sv\/wp-json\/wp\/v2\/media\/152461"}],"wp:attachment":[{"href":"https:\/\/www.acrartex.com\/sv\/wp-json\/wp\/v2\/media?parent=152460"}],"wp:term":[{"taxonomy":"product_brand","embeddable":true,"href":"https:\/\/www.acrartex.com\/sv\/wp-json\/wp\/v2\/product_brand?post=152460"},{"taxonomy":"product_cat","embeddable":true,"href":"https:\/\/www.acrartex.com\/sv\/wp-json\/wp\/v2\/product_cat?post=152460"},{"taxonomy":"product_tag","embeddable":true,"href":"https:\/\/www.acrartex.com\/sv\/wp-json\/wp\/v2\/product_tag?post=152460"}],"curies":[{"name":"wp","href":"https:\/\/api.w.org\/{rel}","templated":true}]}}