{"id":152434,"date":"2021-03-16T08:15:06","date_gmt":"2021-03-16T13:15:06","guid":{"rendered":"https:\/\/www.acrartex.com\/products\/rcl-100d-stralkastare\/"},"modified":"2021-03-16T08:15:06","modified_gmt":"2021-03-16T13:15:06","slug":"rcl-100d-stralkastare","status":"publish","type":"product","link":"https:\/\/www.acrartex.com\/sv\/products\/rcl-100d-stralkastare\/","title":{"rendered":"RCL -100D Str\u00e5lkastare"},"content":{"rendered":"<p>Saltvattenbest\u00e4ndig design inkluderar trippelprimerad och t\u00e4tad konstruktion, nylon- och fenolbrickor samt skruvar i aluminiserat rostfritt st\u00e5l med isolerande sm\u00f6rjmedel.<\/p>\n<p>&nbsp;<\/p>\n<p>Anv\u00e4ndningsomr\u00e5den: Sportyachter, megayachter, sportfiske och kommersiella fartyg.<\/p>\n<ul>\n<li>Dubbla h\u00f6gintensiva 55-watts halogenlampor<\/li>\n<li>Styrenheten har toppmodern elektronik f\u00f6r att skydda ljuset fr\u00e5n de flesta str\u00f6mavbrott<\/li>\n<li>Mjuk p\u00e5- och avst\u00e4ngning \u00f6kar gl\u00f6dlampans livsl\u00e4ngd<\/li>\n<li>Intern h\u00f6jningsmekanism f\u00f6r exakt lutningskontroll av str\u00e5len; skyddar h\u00f6jningsmekanismen fr\u00e5n v\u00e4der<\/li>\n<li>Robust, trippelprimerat och t\u00e4tat h\u00f6lje i marin aluminium<\/li>\n<li>Inkluderar fingertoppsfj\u00e4rrkontroll f\u00f6r Point Pad; upp till tre fj\u00e4rrstyrda Point Pad-enheter kan installeras i systemet; alternativ f\u00f6r ytmontering\/inf\u00e4lld montering ing\u00e5r<\/li>\n<li>Den exklusiva XRCiZ\u2122-funktionen roterar och flyttar ljusaggregatet var 30:e dag fr\u00e5n aktivering f\u00f6r att h\u00e5lla alla lagerytor fria fr\u00e5n korrosion och alla elektriska kontakter funktionella.<\/li>\n<li>Kabelh\u00e4rva p\u00e5 4,57 m<\/li>\n<\/ul>\n<p>Taggar: str\u00e5lkastare, str\u00e5lkastare, RCL -str\u00e5lkastare, RCL 100, b\u00e5tstr\u00e5lkastare, marin str\u00e5lkastare, marinstr\u00e5lkastare, acr-str\u00e5lkastare, 1930, artikelnummer 1930, 1931, artikelnummer 1931<\/p>\n","protected":false},"excerpt":{"rendered":"<p>RCL -100D:s robusta h\u00f6lje i marin aluminium \u00e4r perfekt f\u00f6r b\u00e5de medelstora sportyachter och kommersiella fartyg. Str\u00e5lkastarens saltvattenbest\u00e4ndiga design inkluderar trippelprimerad och t\u00e4tad konstruktion, nylon- och fenolbrickor samt skruvar i aluminiserat rostfritt st\u00e5l. <\/p>\n<p>&nbsp;<\/p>\n<p style=\"margin-left: 0in; margin-right: 0in;\"><span style=\"font-size: 11pt;\"><span style=\"font-family: Calibri,sans-serif;\"><a style=\"color: blue; text-decoration: underline;\" href=\"https:\/\/www.dropbox.com\/s\/ezakylsa2478sav\/Prop%2065%20-%20DINP%20and%20BPA.pdf?dl=0\"><span style=\"color: #000000;\">VARNING: F\u00d6RSLAG 65<\/span><\/a><\/span><\/span><\/p>\n<p style=\"margin-left: 0in; margin-right: 0in;\">\n","protected":false},"featured_media":152437,"template":"","meta":{"_acf_changed":false,"om_disable_all_campaigns":false},"product_brand":[],"product_cat":[5822,5826,5583,5823,7092,5825],"product_tag":[7290,7291,7112,7115,7103,7105,7093,7289,7288,7097,7114],"class_list":{"0":"post-152434","1":"product","2":"type-product","3":"status-publish","4":"has-post-thumbnail","6":"product_cat-inat-landet","7":"product_cat-kommersiell","8":"product_cat-marin","9":"product_cat-nara-stranden","10":"product_cat-stralkastare","11":"product_cat-till-havs","12":"product_tag-12v-sokljus","13":"product_tag-24v-sokljus","14":"product_tag-acr-sokljus","15":"product_tag-acr-stralkastare","16":"product_tag-batstralkastare","17":"product_tag-marin-sokljus","18":"product_tag-rcl-sv","19":"product_tag-rcl-100-sv","20":"product_tag-rcl100-sv","21":"product_tag-stralkastare","22":"product_tag-xenon-stralkastare-sv","23":"pa_product-arv","25":"first","26":"outofstock","27":"taxable","28":"shipping-taxable","29":"product-type-simple"},"acf":[],"_links":{"self":[{"href":"https:\/\/www.acrartex.com\/sv\/wp-json\/wp\/v2\/product\/152434","targetHints":{"allow":["GET"]}}],"collection":[{"href":"https:\/\/www.acrartex.com\/sv\/wp-json\/wp\/v2\/product"}],"about":[{"href":"https:\/\/www.acrartex.com\/sv\/wp-json\/wp\/v2\/types\/product"}],"wp:featuredmedia":[{"embeddable":true,"href":"https:\/\/www.acrartex.com\/sv\/wp-json\/wp\/v2\/media\/152437"}],"wp:attachment":[{"href":"https:\/\/www.acrartex.com\/sv\/wp-json\/wp\/v2\/media?parent=152434"}],"wp:term":[{"taxonomy":"product_brand","embeddable":true,"href":"https:\/\/www.acrartex.com\/sv\/wp-json\/wp\/v2\/product_brand?post=152434"},{"taxonomy":"product_cat","embeddable":true,"href":"https:\/\/www.acrartex.com\/sv\/wp-json\/wp\/v2\/product_cat?post=152434"},{"taxonomy":"product_tag","embeddable":true,"href":"https:\/\/www.acrartex.com\/sv\/wp-json\/wp\/v2\/product_tag?post=152434"}],"curies":[{"name":"wp","href":"https:\/\/api.w.org\/{rel}","templated":true}]}}