{"id":152423,"date":"2021-03-16T08:14:44","date_gmt":"2021-03-16T13:14:44","guid":{"rendered":"https:\/\/www.acrartex.com\/products\/hemilight-3-med-och-solas-flytvastlampa\/"},"modified":"2025-12-17T14:34:03","modified_gmt":"2025-12-17T19:34:03","slug":"hemilight-3-med-och-solas-flytvastlampa","status":"publish","type":"product","link":"https:\/\/www.acrartex.com\/sv\/products\/hemilight-3-med-och-solas-flytvastlampa\/","title":{"rendered":"HemiLight \u21223 MED och SOLAS flytv\u00e4stlampa"},"content":{"rendered":"<p>HemiLight3 \u00e4r mindre \u00e4n andra godk\u00e4nda SOLAS- och MED-livv\u00e4stlampor och har rundade kanter f\u00f6r att bibeh\u00e5lla uppbl\u00e5sbara flytv\u00e4stars integritet. Den l\u00e4ttinstallerade f\u00e4stkl\u00e4mman rymmer upp till 5 cm (2 tum) breda v\u00e4var, och den marint robusta designen garanterar m\u00e5nga \u00e5rs anv\u00e4ndbar anv\u00e4ndning f\u00f6r att \u00f6vertr\u00e4ffa andra SOLAS- och MED-lampor. <\/p>\n<p>Denna ultraintensiva blinkande LED-flytv\u00e4stlampa eller PFD-lampa aktiveras automatiskt i \u00f6ver 20 timmar n\u00e4r den kommer i kontakt med salt- eller s\u00f6tvatten, och kan avaktiveras genom att helt enkelt trycka p\u00e5 den r\u00f6da knappen. HemiLight kan installeras p\u00e5 n\u00e4stan alla typer av flytv\u00e4star p\u00e5 n\u00e5gra sekunder f\u00f6r att g\u00f6ra stora eftermonteringar snabba och enkla. <\/p>\n<p>Finns i tv\u00e5 konfigurationer: HemiLight \u21223 erbjuder ett grundl\u00e4ggande stroboskopl\u00e4ge som kan aktiveras antingen manuellt eller automatiskt.<\/p>\n<p><iframe loading=\"lazy\" title=\"ACR GMDSS Suite: Hemilight 3 Life Jacket Lights\" width=\"500\" height=\"281\" src=\"https:\/\/www.youtube.com\/embed\/yniYx7MjkrA?feature=oembed\" frameborder=\"0\" allow=\"accelerometer; autoplay; clipboard-write; encrypted-media; gyroscope; picture-in-picture; web-share\" referrerpolicy=\"strict-origin-when-cross-origin\" allowfullscreen><\/iframe><\/p>\n","protected":false},"excerpt":{"rendered":"<p>ACR Auto HemiLight \u21223 blinkande \u00f6verlevnadslampa f\u00e4sts p\u00e5 n\u00e4stan alla typer av flytv\u00e4star med snabb och enkel installation. HemiLight \u2122\u025c \u00e4r mindre \u00e4n andra godk\u00e4nda lampor och har rundade kanter f\u00f6r att bibeh\u00e5lla uppbl\u00e5sbara flytv\u00e4stars integritet. Den uppfyller USCG-, MED- och SOLAS-kraven. Den h\u00f6gintensiva blinkande LED-lampan aktiveras automatiskt i \u00f6ver 20 timmar n\u00e4r den kommer i kontakt med salt- eller s\u00f6tvatten och kan avaktiveras genom att helt enkelt trycka p\u00e5 den r\u00f6da knappen. F\u00e4st\u00f6glorna rymmer upp till 5 cm (2 tum) breda v\u00e4var, och den marint\u00e5liga designen garanterar m\u00e5nga \u00e5rs anv\u00e4ndbar anv\u00e4ndning.   <\/p>\n<p>&nbsp;<\/p>\n<p><span style=\"font-size: 11.0pt;\"><a style=\"color: blue; text-decoration: underline;\" href=\"https:\/\/www.dropbox.com\/s\/0ezw0kexbm120vv\/Prop%2065%20-%20Lead%20and%20Lead%20Compounds.pdf?dl=0\">VARNING: F\u00d6RSLAG 65<\/a><\/span><\/p>\n<p>&nbsp;<\/p>\n<p>&nbsp;<\/p>\n","protected":false},"featured_media":12237,"template":"","meta":{"_acf_changed":false,"om_disable_all_campaigns":false},"product_brand":[],"product_cat":[5829,5822,5826,5583,5823,5832,5830,6491,5825,5769,5827],"product_tag":[7272,7276,7273,7278,7271,7274,7270],"class_list":{"0":"post-152423","1":"product","2":"type-product","3":"status-publish","4":"has-post-thumbnail","6":"product_cat-actionsport-terrang","7":"product_cat-inat-landet","8":"product_cat-kommersiell","9":"product_cat-marin","10":"product_cat-nara-stranden","11":"product_cat-paddelsporter-fiske","12":"product_cat-reseutrustning","13":"product_cat-sakerhetstillbehor","14":"product_cat-till-havs","15":"product_cat-utomhus","16":"product_cat-vandring-klattring-camping","17":"product_tag-flytvastlampa","18":"product_tag-gmdss-sv","19":"product_tag-hemilight-sv","20":"product_tag-med-sv","21":"product_tag-overlevande-ljus","22":"product_tag-solas-sv","23":"product_tag-stroboskopljus","24":"pa_boat-size-0-20-sv","25":"pa_boat-size-21-40-sv","26":"pa_boat-size-40-80-sv","27":"pa_boat-size-80-sv","28":"pa_boat-type-bogserbat","29":"pa_boat-type-charter-yacht-sv","30":"pa_boat-type-kommersiellt-fiske","31":"pa_boat-type-lastfartyg","32":"pa_boat-type-motorbat","33":"pa_boat-type-segelbat","34":"pa_boat-type-sportcraft-sv","35":"pa_boat-type-yacht-sv","36":"pa_product-raddningsljus","37":"pa_product-sakerhetstillbehor","39":"first","40":"instock","41":"sale","42":"taxable","43":"shipping-taxable","44":"purchasable","45":"product-type-variable"},"acf":[],"_links":{"self":[{"href":"https:\/\/www.acrartex.com\/sv\/wp-json\/wp\/v2\/product\/152423","targetHints":{"allow":["GET"]}}],"collection":[{"href":"https:\/\/www.acrartex.com\/sv\/wp-json\/wp\/v2\/product"}],"about":[{"href":"https:\/\/www.acrartex.com\/sv\/wp-json\/wp\/v2\/types\/product"}],"wp:featuredmedia":[{"embeddable":true,"href":"https:\/\/www.acrartex.com\/sv\/wp-json\/wp\/v2\/media\/12237"}],"wp:attachment":[{"href":"https:\/\/www.acrartex.com\/sv\/wp-json\/wp\/v2\/media?parent=152423"}],"wp:term":[{"taxonomy":"product_brand","embeddable":true,"href":"https:\/\/www.acrartex.com\/sv\/wp-json\/wp\/v2\/product_brand?post=152423"},{"taxonomy":"product_cat","embeddable":true,"href":"https:\/\/www.acrartex.com\/sv\/wp-json\/wp\/v2\/product_cat?post=152423"},{"taxonomy":"product_tag","embeddable":true,"href":"https:\/\/www.acrartex.com\/sv\/wp-json\/wp\/v2\/product_tag?post=152423"}],"curies":[{"name":"wp","href":"https:\/\/api.w.org\/{rel}","templated":true}]}}