{"id":152361,"date":"2021-03-16T08:12:57","date_gmt":"2021-03-16T13:12:57","guid":{"rendered":"https:\/\/www.acrartex.com\/products\/sea-shelter-4-cat-i-epirb-faste\/"},"modified":"2025-07-29T14:59:08","modified_gmt":"2025-07-29T19:59:08","slug":"sea-shelter-4-cat-i-epirb-faste","status":"publish","type":"product","link":"https:\/\/www.acrartex.com\/sv\/products\/sea-shelter-4-cat-i-epirb-faste\/","title":{"rendered":"Sea Shelter \u2122 4 Cat I EPIRB -f\u00e4ste"},"content":{"rendered":"<ul>\n<li>Innovativ hydrostatisk frig\u00f6ringsmekanism med snabbv\u00e4xling<\/li>\n<li>Env\u00e4gsmontering eliminerar m\u00f6jligheten att installera EPIRB bakv\u00e4nt<\/li>\n<li>Integrerad avaktiveringsmagnet f\u00f6rhindrar att EPIRB s\u00e4nder f\u00f6rr\u00e4n den \u00e4r utl\u00f6st<\/li>\n<li>F\u00e4ller ut EPIRB n\u00e4r den \u00e4r neds\u00e4nkt i vatten p\u00e5 ett djup mellan 1,5 och 4 m (4,9\u201313,1 fot). Passar endast GlobalFix \u2122 V4 EPIRB (modell RLB-41).<\/li>\n<\/ul>\n","protected":false},"excerpt":{"rendered":"<p>Sea Shelter \u2122 4 Cat I har ingen chans. Detta EPIRB f\u00e4ste \u00e4r helt slutet, vilket ger skydd \u00e4ven under dina vildaste \u00e4ventyr. Om ditt fartyg b\u00f6rjar ta in vatten, kommer Sea Shelter automatiskt att s\u00e4tta ut din EPIRB och skicka en signal till ett v\u00e4rldsomsp\u00e4nnande n\u00e4tverk av s\u00f6k- och r\u00e4ddningssatelliter. Detta f\u00e4ste passar endast GlobalFix \u2122 V4, GlobalFix \u2122 V5 och GlobalFix \u2122 V6 EPIRB.  <\/p>\n<p>OBS! Sea Shelter \u2122-reservf\u00e4stet (art.nr 2832) inkluderar inte hydrostatisk utl\u00f6sningsenhet (HRU). HRU (art.nr 9490.1) m\u00e5ste best\u00e4llas separat. <\/p>\n","protected":false},"featured_media":152362,"template":"","meta":{"_acf_changed":false,"om_disable_all_campaigns":false},"product_brand":[],"product_cat":[5822,5826,5583,5823,6491,5825],"product_tag":[7094,7096,7113,5585,7102,7108,7111,7104,7100,7106,6497,6493,7098],"class_list":{"0":"post-152361","1":"product","2":"type-product","3":"status-publish","4":"has-post-thumbnail","6":"product_cat-inat-landet","7":"product_cat-kommersiell","8":"product_cat-marin","9":"product_cat-nara-stranden","10":"product_cat-sakerhetstillbehor","11":"product_cat-till-havs","12":"product_tag-acr-sv","13":"product_tag-artex-sv","14":"product_tag-automatisk-utplaceringsfaste","15":"product_tag-epirb-sv","16":"product_tag-epirb-faste","17":"product_tag-hav","18":"product_tag-havsskydd","19":"product_tag-kat-i-epirb-faste","20":"product_tag-kategori-1","21":"product_tag-katt-1","22":"product_tag-konsol","23":"product_tag-rlb-41-sv","24":"product_tag-sea-shelter","25":"pa_boat-size-0-20-sv","26":"pa_boat-size-21-40-sv","27":"pa_boat-size-40-80-sv","28":"pa_boat-size-80-sv","29":"pa_boat-type-bogserbat","30":"pa_boat-type-charter-yacht-sv","31":"pa_boat-type-kommersiellt-fiske","32":"pa_boat-type-lastfartyg","33":"pa_boat-type-motorbat","34":"pa_boat-type-segelbat","35":"pa_boat-type-sportcraft-sv","36":"pa_boat-type-yacht-sv","37":"pa_product-rescue-beacons-sv","38":"pa_product-rescue-beacons-vhf-sart-sv","39":"pa_product-sakerhetstillbehor","41":"first","42":"instock","43":"taxable","44":"shipping-taxable","45":"purchasable","46":"product-type-simple"},"acf":[],"_links":{"self":[{"href":"https:\/\/www.acrartex.com\/sv\/wp-json\/wp\/v2\/product\/152361","targetHints":{"allow":["GET"]}}],"collection":[{"href":"https:\/\/www.acrartex.com\/sv\/wp-json\/wp\/v2\/product"}],"about":[{"href":"https:\/\/www.acrartex.com\/sv\/wp-json\/wp\/v2\/types\/product"}],"wp:featuredmedia":[{"embeddable":true,"href":"https:\/\/www.acrartex.com\/sv\/wp-json\/wp\/v2\/media\/152362"}],"wp:attachment":[{"href":"https:\/\/www.acrartex.com\/sv\/wp-json\/wp\/v2\/media?parent=152361"}],"wp:term":[{"taxonomy":"product_brand","embeddable":true,"href":"https:\/\/www.acrartex.com\/sv\/wp-json\/wp\/v2\/product_brand?post=152361"},{"taxonomy":"product_cat","embeddable":true,"href":"https:\/\/www.acrartex.com\/sv\/wp-json\/wp\/v2\/product_cat?post=152361"},{"taxonomy":"product_tag","embeddable":true,"href":"https:\/\/www.acrartex.com\/sv\/wp-json\/wp\/v2\/product_tag?post=152361"}],"curies":[{"name":"wp","href":"https:\/\/api.w.org\/{rel}","templated":true}]}}