{"id":152357,"date":"2021-03-16T08:14:56","date_gmt":"2021-03-16T13:14:56","guid":{"rendered":"https:\/\/www.acrartex.com\/products\/rcl-600a-stralkastare\/"},"modified":"2026-02-03T14:10:15","modified_gmt":"2026-02-03T19:10:15","slug":"rcl-600a-stralkastare","status":"publish","type":"product","link":"https:\/\/www.acrartex.com\/sv\/products\/rcl-600a-stralkastare\/","title":{"rendered":"RCL -600A str\u00e5lkastare"},"content":{"rendered":"<p>Den robusta pulverlackerade aluminiumstr\u00e5lkastaren med alla interna\/skyddade motorer och h\u00f6j- och s\u00e4nkningsmekanismer kommer att st\u00e5 emot den tuffa marina milj\u00f6n i m\u00e5nga \u00e5r av anv\u00e4ndbar tj\u00e4nst.<\/p>\n<ul>\n<li>Automatisk \u00e5terg\u00e5ng \u00e5terst\u00e4ller ljuset till ett f\u00f6rinst\u00e4llt l\u00e4ge<\/li>\n<li>Xenonlampa och parabolisk reflektor ger en hyperintensiv str\u00e5lkastarstr\u00e5le p\u00e5 6 000 000 candela<\/li>\n<li>H\u00f6ljet roterar 360\u00b0 vilket m\u00f6jligg\u00f6r belysning runtom<\/li>\n<li>Nylonbrickor i axeln vid basen eliminerar den galvaniska reaktionen<\/li>\n<li>Kapsling i marin aluminium f\u00f6r m\u00e5nga \u00e5rs p\u00e5litlig och v\u00e4derbest\u00e4ndig anv\u00e4ndning<\/li>\n<li>Estetiskt utformad f\u00f6r att m\u00f6ta prestandakraven f\u00f6r stora fritidsyachter<\/li>\n<li>Intern h\u00f6jningsmekanism ger lutningskontroll av str\u00e5lkastaren samtidigt som den skyddar h\u00f6jningsmekanismen fr\u00e5n v\u00e4der<\/li>\n<\/ul>\n<p>Taggar: str\u00e5lkastare, RCL str\u00e5lkastare, RCL 600, b\u00e5tstr\u00e5lkastare, marinstr\u00e5lkastare, marinstr\u00e5lkastare, ACR str\u00e5lkastare, 1941, artikelnummer 1941<\/p>\n","protected":false},"excerpt":{"rendered":"<p>Med sina 6 miljoner candela lyser denna toppmoderna str\u00e5lkastare \u00e4ven den m\u00f6rkaste natt. Dess h\u00f6gintensiva 150-watts xenonlampa och paraboliska reflektor ger kraftfull belysning f\u00f6r kommersiella fartyg, medan dess estetiska design uppfyller alla behov hos stora fritidsyachter. V\u00e4xla enkelt fr\u00e5n str\u00e5lkastare till spotlight och sikta exakt med den inbyggda fj\u00e4rrstyrda joysticken.  <\/p>\n","protected":false},"featured_media":152364,"template":"","meta":{"_acf_changed":false,"om_disable_all_campaigns":false},"product_brand":[],"product_cat":[5826,5583,5823,7092,5825],"product_tag":[7112,7115,7103,7117,7116,7105,7107,7093,7095,7099,7110,7097,7101,7109,7114],"class_list":{"0":"post-152357","1":"product","2":"type-product","3":"status-publish","4":"has-post-thumbnail","6":"product_cat-kommersiell","7":"product_cat-marin","8":"product_cat-nara-stranden","9":"product_cat-stralkastare","10":"product_cat-till-havs","11":"product_tag-acr-sokljus","12":"product_tag-acr-stralkastare","13":"product_tag-batstralkastare","14":"product_tag-fjarrstyrd-stralkastare","15":"product_tag-jabsco-sokljus","16":"product_tag-marin-sokljus","17":"product_tag-marina-stralkastare","18":"product_tag-rcl-sv","19":"product_tag-rcl-sokljus","20":"product_tag-sokarljus","21":"product_tag-sokljusforetag","22":"product_tag-stralkastare","23":"product_tag-stralkastare-till-salu","24":"product_tag-xenon-stralkastare","25":"product_tag-xenon-stralkastare-sv","26":"pa_boat-type-charter-yacht-sv","27":"pa_boat-type-kommersiellt-fiske","28":"pa_boat-type-lastfartyg","29":"pa_boat-type-yacht-sv","30":"pa_product-sokljus","32":"first","33":"instock","34":"taxable","35":"shipping-taxable","36":"purchasable","37":"product-type-simple"},"acf":[],"_links":{"self":[{"href":"https:\/\/www.acrartex.com\/sv\/wp-json\/wp\/v2\/product\/152357","targetHints":{"allow":["GET"]}}],"collection":[{"href":"https:\/\/www.acrartex.com\/sv\/wp-json\/wp\/v2\/product"}],"about":[{"href":"https:\/\/www.acrartex.com\/sv\/wp-json\/wp\/v2\/types\/product"}],"wp:featuredmedia":[{"embeddable":true,"href":"https:\/\/www.acrartex.com\/sv\/wp-json\/wp\/v2\/media\/152364"}],"wp:attachment":[{"href":"https:\/\/www.acrartex.com\/sv\/wp-json\/wp\/v2\/media?parent=152357"}],"wp:term":[{"taxonomy":"product_brand","embeddable":true,"href":"https:\/\/www.acrartex.com\/sv\/wp-json\/wp\/v2\/product_brand?post=152357"},{"taxonomy":"product_cat","embeddable":true,"href":"https:\/\/www.acrartex.com\/sv\/wp-json\/wp\/v2\/product_cat?post=152357"},{"taxonomy":"product_tag","embeddable":true,"href":"https:\/\/www.acrartex.com\/sv\/wp-json\/wp\/v2\/product_tag?post=152357"}],"curies":[{"name":"wp","href":"https:\/\/api.w.org\/{rel}","templated":true}]}}