{"id":152311,"date":"2021-03-16T08:14:14","date_gmt":"2021-03-16T13:14:14","guid":{"rendered":"https:\/\/www.acrartex.com\/products\/fjarrbrytare-cessna\/"},"modified":"2021-03-16T08:14:14","modified_gmt":"2021-03-16T13:14:14","slug":"fjarrbrytare-cessna","status":"publish","type":"product","link":"https:\/\/www.acrartex.com\/sv\/products\/fjarrbrytare-cessna\/","title":{"rendered":"Fj\u00e4rrbrytare \u2013 Cessna"},"content":{"rendered":"","protected":false},"excerpt":{"rendered":"<p>Denna fj\u00e4rrbrytare designades f\u00f6r att uppfylla Cessnas krav p\u00e5 att matcha f\u00e4rgen p\u00e5 deras brytarh\u00f6lje med f\u00e4rgen p\u00e5 deras instrumentpanel.<\/p>\n<p>&nbsp;<\/p>\n","protected":false},"featured_media":152312,"template":"","meta":{"_acf_changed":false,"om_disable_all_campaigns":false},"product_brand":[],"product_cat":[2927],"product_tag":[6394,7005,6999,7004,7003,6892,6799,6800,6798,7000,7001,6797,7002],"class_list":{"0":"post-152311","1":"product","2":"type-product","3":"status-publish","4":"has-post-thumbnail","6":"product_cat-okategoriserad","7":"product_tag-avlagsen","8":"product_tag-boeing-elt-brytare","9":"product_tag-boeing-elt-panel-sv","10":"product_tag-cessna-elt-brytare","11":"product_tag-elt-fjarrbrytare-sv","12":"product_tag-fjarrbrytare","13":"product_tag-fjarrbrytare-cessna","14":"product_tag-fjarrbrytare-lear","15":"product_tag-fjarrbrytare-oem","16":"product_tag-lar-el-brytare","17":"product_tag-larbrytare-elt","18":"product_tag-oem-elt-fjarrbrytare","19":"product_tag-oem-elbrytare","21":"first","22":"instock","23":"taxable","24":"shipping-taxable","25":"product-type-simple"},"acf":[],"_links":{"self":[{"href":"https:\/\/www.acrartex.com\/sv\/wp-json\/wp\/v2\/product\/152311","targetHints":{"allow":["GET"]}}],"collection":[{"href":"https:\/\/www.acrartex.com\/sv\/wp-json\/wp\/v2\/product"}],"about":[{"href":"https:\/\/www.acrartex.com\/sv\/wp-json\/wp\/v2\/types\/product"}],"wp:featuredmedia":[{"embeddable":true,"href":"https:\/\/www.acrartex.com\/sv\/wp-json\/wp\/v2\/media\/152312"}],"wp:attachment":[{"href":"https:\/\/www.acrartex.com\/sv\/wp-json\/wp\/v2\/media?parent=152311"}],"wp:term":[{"taxonomy":"product_brand","embeddable":true,"href":"https:\/\/www.acrartex.com\/sv\/wp-json\/wp\/v2\/product_brand?post=152311"},{"taxonomy":"product_cat","embeddable":true,"href":"https:\/\/www.acrartex.com\/sv\/wp-json\/wp\/v2\/product_cat?post=152311"},{"taxonomy":"product_tag","embeddable":true,"href":"https:\/\/www.acrartex.com\/sv\/wp-json\/wp\/v2\/product_tag?post=152311"}],"curies":[{"name":"wp","href":"https:\/\/api.w.org\/{rel}","templated":true}]}}