{"id":152293,"date":"2021-03-16T08:14:27","date_gmt":"2021-03-16T13:14:27","guid":{"rendered":"https:\/\/www.acrartex.com\/products\/fjarrbrytare-455-9700-455-9701\/"},"modified":"2021-03-16T08:14:27","modified_gmt":"2021-03-16T13:14:27","slug":"fjarrbrytare-455-9700-455-9701","status":"publish","type":"product","link":"https:\/\/www.acrartex.com\/sv\/products\/fjarrbrytare-455-9700-455-9701\/","title":{"rendered":"Fj\u00e4rrbrytare 455-9700\/455-9701"},"content":{"rendered":"","protected":false},"excerpt":{"rendered":"<p>Fj\u00e4rrkontroll utan kompatibilitet med m\u00f6rkerkikare. Tv\u00e5 modeller tillg\u00e4ngliga: \u2013 455-9700 (svart) \u2013 455-9701 (gr\u00e5) <\/p>\n<p>&nbsp;<\/p>\n","protected":false},"featured_media":152294,"template":"","meta":{"_acf_changed":false,"om_disable_all_campaigns":false},"product_brand":[],"product_cat":[2927],"product_tag":[6964,6963,6965,6966,6394,6565,6892,6800,6807,6803,6801,6802,6805,6804,6806],"class_list":{"0":"post-152293","1":"product","2":"type-product","3":"status-publish","4":"has-post-thumbnail","6":"product_cat-okategoriserad","7":"product_tag-455-9700-sv","8":"product_tag-artikelnummer-455-9700","9":"product_tag-artikelnummer-455-9700-sv","10":"product_tag-artikelnummer-455-9700-sv-2","11":"product_tag-avlagsen","12":"product_tag-elt-fjarrbrytare","13":"product_tag-fjarrbrytare","14":"product_tag-fjarrbrytare-lear","15":"product_tag-fjarrkontroll-for-nattsyn","16":"product_tag-militar-brytare-for-elt","17":"product_tag-militar-elt-brytare","18":"product_tag-militar-fjarrbrytare","19":"product_tag-militar-fjarrkontroll","20":"product_tag-militar-test-elt-brytare","21":"product_tag-nvg-fjarrbrytare","23":"first","24":"instock","25":"taxable","26":"shipping-taxable","27":"product-type-simple"},"acf":[],"_links":{"self":[{"href":"https:\/\/www.acrartex.com\/sv\/wp-json\/wp\/v2\/product\/152293","targetHints":{"allow":["GET"]}}],"collection":[{"href":"https:\/\/www.acrartex.com\/sv\/wp-json\/wp\/v2\/product"}],"about":[{"href":"https:\/\/www.acrartex.com\/sv\/wp-json\/wp\/v2\/types\/product"}],"wp:featuredmedia":[{"embeddable":true,"href":"https:\/\/www.acrartex.com\/sv\/wp-json\/wp\/v2\/media\/152294"}],"wp:attachment":[{"href":"https:\/\/www.acrartex.com\/sv\/wp-json\/wp\/v2\/media?parent=152293"}],"wp:term":[{"taxonomy":"product_brand","embeddable":true,"href":"https:\/\/www.acrartex.com\/sv\/wp-json\/wp\/v2\/product_brand?post=152293"},{"taxonomy":"product_cat","embeddable":true,"href":"https:\/\/www.acrartex.com\/sv\/wp-json\/wp\/v2\/product_cat?post=152293"},{"taxonomy":"product_tag","embeddable":true,"href":"https:\/\/www.acrartex.com\/sv\/wp-json\/wp\/v2\/product_tag?post=152293"}],"curies":[{"name":"wp","href":"https:\/\/api.w.org\/{rel}","templated":true}]}}