{"id":152274,"date":"2021-03-16T08:14:18","date_gmt":"2021-03-16T13:14:18","guid":{"rendered":"https:\/\/www.acrartex.com\/products\/fjarrbrytare-me406-ace-455-0023\/"},"modified":"2021-03-16T08:14:18","modified_gmt":"2021-03-16T13:14:18","slug":"fjarrbrytare-me406-ace-455-0023","status":"publish","type":"product","link":"https:\/\/www.acrartex.com\/sv\/products\/fjarrbrytare-me406-ace-455-0023\/","title":{"rendered":"Fj\u00e4rrbrytare, ME406 ACE 455-0023"},"content":{"rendered":"<p>Fj\u00e4rrbrytaren inneh\u00e5ller ett litet litiumbatteri med 5 \u00e5rs livsl\u00e4ngd som driver fj\u00e4rrbrytarens lysdiod, vilket g\u00f6r att ELT systemet kan vara oberoende av flygplanets str\u00f6mf\u00f6rs\u00f6rjning. Baksidan av fj\u00e4rrbrytaren inneh\u00e5ller kontakten f\u00f6r den redan installerade och \u00e5teranv\u00e4nda &#8220;telefonkabeln&#8221; till ACK- eller Ameri-King ELT installationen. <\/p>\n","protected":false},"excerpt":{"rendered":"<p>Denna fj\u00e4rrbrytare inneh\u00e5ller ett litet 5-\u00e5rigt litiumbatteri som \u00e4r utformat f\u00f6r att driva fj\u00e4rrbrytarens lysdiod, vilket g\u00f6r att ELT systemet kan vara oberoende av flygplanets str\u00f6mf\u00f6rs\u00f6rjning. Baksidan av fj\u00e4rrbrytaren inneh\u00e5ller kontakten f\u00f6r den redan installerade och \u00e5teranv\u00e4nda &#8220;telefonkabeln&#8221; till ACK- eller Ameri-King ELT -installationen. Fj\u00e4rrbrytaren f\u00f6r ME406 ACE passar exakt i urtaget p\u00e5 ACK ELT fj\u00e4rrbrytaren p\u00e5 flygplanets instrumentpanel. F\u00f6r uppgraderingar av Ameri-King ELT -systemet m\u00e5ste dock urtaget anpassas n\u00e5got.  <\/p>\n<p>&nbsp;<\/p>\n","protected":false},"featured_media":152277,"template":"","meta":{"_acf_changed":false,"om_disable_all_campaigns":false},"product_brand":[],"product_cat":[5553],"product_tag":[6906,6905,6907,6908,6912,6394,6565,6892,6807,6903,6806,6910],"class_list":{"0":"post-152274","1":"product","2":"type-product","3":"status-publish","4":"has-post-thumbnail","6":"product_cat-flyg","7":"product_tag-453-0023-sv","8":"product_tag-artikelnummer-453-0023","9":"product_tag-artikelnummer-453-0023-sv","10":"product_tag-artikelnummer-453-0023-sv-2","11":"product_tag-artikelnummer-453-0023-sv-3","12":"product_tag-avlagsen","13":"product_tag-elt-fjarrbrytare","14":"product_tag-fjarrbrytare","15":"product_tag-fjarrkontroll-for-nattsyn","16":"product_tag-fjarrtestbrytare","17":"product_tag-nvg-fjarrbrytare","18":"product_tag-pn453-0023-sv","20":"first","21":"instock","22":"taxable","23":"shipping-taxable","24":"product-type-simple"},"acf":[],"_links":{"self":[{"href":"https:\/\/www.acrartex.com\/sv\/wp-json\/wp\/v2\/product\/152274","targetHints":{"allow":["GET"]}}],"collection":[{"href":"https:\/\/www.acrartex.com\/sv\/wp-json\/wp\/v2\/product"}],"about":[{"href":"https:\/\/www.acrartex.com\/sv\/wp-json\/wp\/v2\/types\/product"}],"wp:featuredmedia":[{"embeddable":true,"href":"https:\/\/www.acrartex.com\/sv\/wp-json\/wp\/v2\/media\/152277"}],"wp:attachment":[{"href":"https:\/\/www.acrartex.com\/sv\/wp-json\/wp\/v2\/media?parent=152274"}],"wp:term":[{"taxonomy":"product_brand","embeddable":true,"href":"https:\/\/www.acrartex.com\/sv\/wp-json\/wp\/v2\/product_brand?post=152274"},{"taxonomy":"product_cat","embeddable":true,"href":"https:\/\/www.acrartex.com\/sv\/wp-json\/wp\/v2\/product_cat?post=152274"},{"taxonomy":"product_tag","embeddable":true,"href":"https:\/\/www.acrartex.com\/sv\/wp-json\/wp\/v2\/product_tag?post=152274"}],"curies":[{"name":"wp","href":"https:\/\/api.w.org\/{rel}","templated":true}]}}