{"id":152217,"date":"2021-03-16T08:14:02","date_gmt":"2021-03-16T13:14:02","guid":{"rendered":"https:\/\/www.acrartex.com\/products\/fjarrbrytare-raytheon\/"},"modified":"2021-03-16T08:14:02","modified_gmt":"2021-03-16T13:14:02","slug":"fjarrbrytare-raytheon","status":"publish","type":"product","link":"https:\/\/www.acrartex.com\/sv\/products\/fjarrbrytare-raytheon\/","title":{"rendered":"Fj\u00e4rrbrytare \u2013 Raytheon"},"content":{"rendered":"","protected":false},"excerpt":{"rendered":"<p>Denna fj\u00e4rrbrytare utformades f\u00f6r att uppfylla kraven f\u00f6r Raytheon aff\u00e4rsjetplan.<\/p>\n<p>&nbsp;<\/p>\n","protected":false},"featured_media":152220,"template":"","meta":{"_acf_changed":false,"om_disable_all_campaigns":false},"product_brand":[],"product_cat":[2927],"product_tag":[6565,6799,6800,6798,6807,6803,6801,6802,6805,6804,6806,6797],"class_list":{"0":"post-152217","1":"product","2":"type-product","3":"status-publish","4":"has-post-thumbnail","6":"product_cat-okategoriserad","7":"product_tag-elt-fjarrbrytare","8":"product_tag-fjarrbrytare-cessna","9":"product_tag-fjarrbrytare-lear","10":"product_tag-fjarrbrytare-oem","11":"product_tag-fjarrkontroll-for-nattsyn","12":"product_tag-militar-brytare-for-elt","13":"product_tag-militar-elt-brytare","14":"product_tag-militar-fjarrbrytare","15":"product_tag-militar-fjarrkontroll","16":"product_tag-militar-test-elt-brytare","17":"product_tag-nvg-fjarrbrytare","18":"product_tag-oem-elt-fjarrbrytare","20":"first","21":"instock","22":"taxable","23":"shipping-taxable","24":"product-type-simple"},"acf":[],"_links":{"self":[{"href":"https:\/\/www.acrartex.com\/sv\/wp-json\/wp\/v2\/product\/152217","targetHints":{"allow":["GET"]}}],"collection":[{"href":"https:\/\/www.acrartex.com\/sv\/wp-json\/wp\/v2\/product"}],"about":[{"href":"https:\/\/www.acrartex.com\/sv\/wp-json\/wp\/v2\/types\/product"}],"wp:featuredmedia":[{"embeddable":true,"href":"https:\/\/www.acrartex.com\/sv\/wp-json\/wp\/v2\/media\/152220"}],"wp:attachment":[{"href":"https:\/\/www.acrartex.com\/sv\/wp-json\/wp\/v2\/media?parent=152217"}],"wp:term":[{"taxonomy":"product_brand","embeddable":true,"href":"https:\/\/www.acrartex.com\/sv\/wp-json\/wp\/v2\/product_brand?post=152217"},{"taxonomy":"product_cat","embeddable":true,"href":"https:\/\/www.acrartex.com\/sv\/wp-json\/wp\/v2\/product_cat?post=152217"},{"taxonomy":"product_tag","embeddable":true,"href":"https:\/\/www.acrartex.com\/sv\/wp-json\/wp\/v2\/product_tag?post=152217"}],"curies":[{"name":"wp","href":"https:\/\/api.w.org\/{rel}","templated":true}]}}