{"id":152171,"date":"2021-03-16T08:13:07","date_gmt":"2021-03-16T13:13:07","guid":{"rendered":"https:\/\/www.acrartex.com\/products\/sea-shelter-3-cat-i-epirb-faste\/"},"modified":"2025-07-29T15:03:27","modified_gmt":"2025-07-29T20:03:27","slug":"sea-shelter-3-cat-i-epirb-faste","status":"publish","type":"product","link":"https:\/\/www.acrartex.com\/sv\/products\/sea-shelter-3-cat-i-epirb-faste\/","title":{"rendered":"Sea Shelter \u2122 3 Cat I EPIRB -f\u00e4ste"},"content":{"rendered":"<ul>\n<li>Innovativ hydrostatisk frig\u00f6ringsmekanism med snabbv\u00e4xling<\/li>\n<li>Env\u00e4gsmontering eliminerar m\u00f6jligheten att installera EPIRB bakv\u00e4nt<\/li>\n<li>Integrerad avaktiveringsmagnet f\u00f6rhindrar att EPIRB s\u00e4nder f\u00f6rr\u00e4n den \u00e4r utl\u00f6st<\/li>\n<li>Utl\u00f6ser EPIRB n\u00e4r den \u00e4r neds\u00e4nkt i vatten p\u00e5 ett djup mellan 1,5 och 4 m (4,9\u201313,1 fot)<\/li>\n<\/ul>\n","protected":false},"excerpt":{"rendered":"<p>Sea Shelter \u2122 3 Cat I har ingen chans. Detta EPIRB f\u00e4ste \u00e4r helt slutet, vilket ger skydd \u00e4ven under dina vildaste \u00e4ventyr. Om ditt fartyg b\u00f6rjar ta in vatten, kommer Sea Shelter automatiskt att utl\u00f6sa din EPIRB och skicka en signal till ett v\u00e4rldsomsp\u00e4nnande n\u00e4tverk av s\u00f6k- och r\u00e4ddningssatelliter. <\/p>\n<p>&nbsp;<\/p>\n<p>Denna EPIRB h\u00e5llare fungerar med f\u00f6ljande produkter:<\/p>\n<ul>\n<li>GlobalFix \u2122 iPRO (RLB-36)<\/li>\n<li>GlobalFix \u2122 PRO (RLB-37)<\/li>\n<li>SATELLIT 3 406\u2122 (RLB-38)<\/li>\n<\/ul>\n<p>OBS! Reservf\u00e4stet f\u00f6r Sea Shelter \u2122 3 (art.nr 9501) inkluderar inte hydrostatisk utl\u00f6sningsenhet (HRU). HRU (art.nr 9490.1) m\u00e5ste best\u00e4llas separat. <\/p>\n<p>&nbsp;<\/p>\n<p>&nbsp;<\/p>\n","protected":false},"featured_media":152187,"template":"","meta":{"_acf_changed":false,"om_disable_all_campaigns":false},"product_brand":[],"product_cat":[5822,5826,5583,5823,5825],"product_tag":[6734,6737,6751,6750,6752,6747,6742,6749,6754,6753,6757,6758,6755,6756,6722,6745,6740],"class_list":{"0":"post-152171","1":"product","2":"type-product","3":"status-publish","4":"has-post-thumbnail","6":"product_cat-inat-landet","7":"product_cat-kommersiell","8":"product_cat-marin","9":"product_cat-nara-stranden","10":"product_cat-till-havs","11":"product_tag-406-mhz-faste","12":"product_tag-acr-faste","13":"product_tag-acr-kategori-1","14":"product_tag-acr-kategori-i","15":"product_tag-automatisk-utlosning-av-epirb","16":"product_tag-batsakerhet","17":"product_tag-cospas-sarsat-sv","18":"product_tag-epirb-kat-1","19":"product_tag-hydrostatisk-frigoringsfaste","20":"product_tag-hydrostatisk-frisattning-epirb","21":"product_tag-kategori-1-epirb","22":"product_tag-kategori-1-epirobs","23":"product_tag-kategori-1-klassificering","24":"product_tag-kategori-i-klaff","25":"product_tag-katt-i","26":"product_tag-seglingssakerhet","27":"product_tag-torr-epirb","28":"pa_boat-size-0-20-sv","29":"pa_boat-size-21-40-sv","30":"pa_boat-size-40-80-sv","31":"pa_boat-size-80-sv","32":"pa_boat-type-bogserbat","33":"pa_boat-type-charter-yacht-sv","34":"pa_boat-type-kommersiellt-fiske","35":"pa_boat-type-lastfartyg","36":"pa_boat-type-motorbat","37":"pa_boat-type-segelbat","38":"pa_boat-type-sportcraft-sv","39":"pa_boat-type-yacht-sv","40":"pa_product-rescue-beacons-sv","41":"pa_product-rescue-beacons-vhf-sart-sv","42":"pa_product-sakerhetstillbehor","44":"first","45":"outofstock","46":"taxable","47":"shipping-taxable","48":"purchasable","49":"product-type-simple"},"acf":[],"_links":{"self":[{"href":"https:\/\/www.acrartex.com\/sv\/wp-json\/wp\/v2\/product\/152171","targetHints":{"allow":["GET"]}}],"collection":[{"href":"https:\/\/www.acrartex.com\/sv\/wp-json\/wp\/v2\/product"}],"about":[{"href":"https:\/\/www.acrartex.com\/sv\/wp-json\/wp\/v2\/types\/product"}],"wp:featuredmedia":[{"embeddable":true,"href":"https:\/\/www.acrartex.com\/sv\/wp-json\/wp\/v2\/media\/152187"}],"wp:attachment":[{"href":"https:\/\/www.acrartex.com\/sv\/wp-json\/wp\/v2\/media?parent=152171"}],"wp:term":[{"taxonomy":"product_brand","embeddable":true,"href":"https:\/\/www.acrartex.com\/sv\/wp-json\/wp\/v2\/product_brand?post=152171"},{"taxonomy":"product_cat","embeddable":true,"href":"https:\/\/www.acrartex.com\/sv\/wp-json\/wp\/v2\/product_cat?post=152171"},{"taxonomy":"product_tag","embeddable":true,"href":"https:\/\/www.acrartex.com\/sv\/wp-json\/wp\/v2\/product_tag?post=152171"}],"curies":[{"name":"wp","href":"https:\/\/api.w.org\/{rel}","templated":true}]}}