{"id":152138,"date":"2021-03-16T08:13:54","date_gmt":"2021-03-16T13:13:54","guid":{"rendered":"https:\/\/www.acrartex.com\/products\/fjarrbrytare-standard-8304\/"},"modified":"2021-03-16T08:13:54","modified_gmt":"2021-03-16T13:13:54","slug":"fjarrbrytare-standard-8304","status":"publish","type":"product","link":"https:\/\/www.acrartex.com\/sv\/products\/fjarrbrytare-standard-8304\/","title":{"rendered":"Fj\u00e4rrbrytare, standard 8304"},"content":{"rendered":"","protected":false},"excerpt":{"rendered":"<p>Denna fj\u00e4rrbrytare \u00e4r utformad f\u00f6r att minska installationskostnaderna och m\u00f6jligg\u00f6ra 2-tr\u00e5dsinstallationer som anv\u00e4nds p\u00e5 de f\u00f6r\u00e5ldrade 121,5 MHz ELT:erna. \u00c4ven om 3-l\u00e4gesbrytaren alltid \u00e4r inst\u00e4lld p\u00e5 standardl\u00e4ge ARMED, kan du \u00e4ndra inst\u00e4llningarna f\u00f6r att antingen testa din ELT eller aktivera den fr\u00e5n f\u00f6rarplatsen. <\/p>\n","protected":false},"featured_media":152143,"template":"","meta":{"_acf_changed":false,"om_disable_all_campaigns":false},"product_brand":[],"product_cat":[2927],"product_tag":[6578,6581,6574,6583,6394,6395,6570,6565],"class_list":{"0":"post-152138","1":"product","2":"type-product","3":"status-publish","4":"has-post-thumbnail","6":"product_cat-okategoriserad","7":"product_tag-8304-sv","8":"product_tag-artikelnummer-345-6196","9":"product_tag-artikelnummer-8304","10":"product_tag-artikelnummer-8304-sv","11":"product_tag-avlagsen","12":"product_tag-brytare","13":"product_tag-elt-1000-fjarrbrytare","14":"product_tag-elt-fjarrbrytare","16":"first","17":"instock","18":"taxable","19":"shipping-taxable","20":"product-type-simple"},"acf":[],"_links":{"self":[{"href":"https:\/\/www.acrartex.com\/sv\/wp-json\/wp\/v2\/product\/152138","targetHints":{"allow":["GET"]}}],"collection":[{"href":"https:\/\/www.acrartex.com\/sv\/wp-json\/wp\/v2\/product"}],"about":[{"href":"https:\/\/www.acrartex.com\/sv\/wp-json\/wp\/v2\/types\/product"}],"wp:featuredmedia":[{"embeddable":true,"href":"https:\/\/www.acrartex.com\/sv\/wp-json\/wp\/v2\/media\/152143"}],"wp:attachment":[{"href":"https:\/\/www.acrartex.com\/sv\/wp-json\/wp\/v2\/media?parent=152138"}],"wp:term":[{"taxonomy":"product_brand","embeddable":true,"href":"https:\/\/www.acrartex.com\/sv\/wp-json\/wp\/v2\/product_brand?post=152138"},{"taxonomy":"product_cat","embeddable":true,"href":"https:\/\/www.acrartex.com\/sv\/wp-json\/wp\/v2\/product_cat?post=152138"},{"taxonomy":"product_tag","embeddable":true,"href":"https:\/\/www.acrartex.com\/sv\/wp-json\/wp\/v2\/product_tag?post=152138"}],"curies":[{"name":"wp","href":"https:\/\/api.w.org\/{rel}","templated":true}]}}