{"id":152123,"date":"2021-03-16T08:13:16","date_gmt":"2021-03-16T13:13:16","guid":{"rendered":"https:\/\/www.acrartex.com\/products\/globalfix-v4-manuell-frigoringsfaste\/"},"modified":"2025-07-29T14:57:01","modified_gmt":"2025-07-29T19:57:01","slug":"globalfix-v4-manuell-frigoringsfaste","status":"publish","type":"product","link":"https:\/\/www.acrartex.com\/sv\/products\/globalfix-v4-manuell-frigoringsfaste\/","title":{"rendered":"GlobalFix V4 Manuell frig\u00f6ringsf\u00e4ste"},"content":{"rendered":"<ul>\n<li>Env\u00e4gsmontering eliminerar m\u00f6jligheten att installera EPIRB bakv\u00e4nt<\/li>\n<li>Integrerad avaktiveringsmagnet f\u00f6rhindrar att EPIRB s\u00e4nder f\u00f6rr\u00e4n den \u00e4r utl\u00f6st<\/li>\n<li>Fungerar med ACR GlobalFix \u2122 V4 (RLB-41)<\/li>\n<\/ul>\n","protected":false},"excerpt":{"rendered":"<p>S\u00e4kerst\u00e4ll extra s\u00e4kerhet till sj\u00f6ss med GlobalFix V4 manuella utl\u00f6sningsf\u00e4ste. Detta EPIRB f\u00e4ste f\u00f6rvarar din EPIRB s\u00e4kert, oavsett vart dina \u00e4ventyr tar dig. Om du skulle r\u00e5ka ut f\u00f6r en n\u00f6dsituation p\u00e5 b\u00e5ten ger GlobalFix V4-f\u00e4stet en snabb utl\u00f6sning, s\u00e5 att du snabbt och enkelt kan skicka en signal till s\u00f6k- och r\u00e4ddningssatelliter. Detta f\u00e4ste passar endast GlobalFix \u2122 V4 EPIRB:er.   <\/p>\n<p>&nbsp;<\/p>\n<p>&nbsp;<\/p>\n<p>&nbsp;<\/p>\n","protected":false},"featured_media":152129,"template":"","meta":{"_acf_changed":false,"om_disable_all_campaigns":false},"product_brand":[],"product_cat":[5822,5826,5583,5823,6491,5825],"product_tag":[6508,6504,6497,6511,6493,6502,6500],"class_list":{"0":"post-152123","1":"product","2":"type-product","3":"status-publish","4":"has-post-thumbnail","6":"product_cat-inat-landet","7":"product_cat-kommersiell","8":"product_cat-marin","9":"product_cat-nara-stranden","10":"product_cat-sakerhetstillbehor","11":"product_cat-till-havs","12":"product_tag-frigoringsfaste","13":"product_tag-kategori-2","14":"product_tag-konsol","15":"product_tag-rlb-sv","16":"product_tag-rlb-41-sv","17":"product_tag-rlb-41-kategori-ii","18":"product_tag-rlb-41-kategori-ii-manuell-frigoringsfaste","19":"pa_boat-size-0-20-sv","20":"pa_boat-size-21-40-sv","21":"pa_boat-size-40-80-sv","22":"pa_boat-size-80-sv","23":"pa_boat-type-bogserbat","24":"pa_boat-type-charter-yacht-sv","25":"pa_boat-type-kommersiellt-fiske","26":"pa_boat-type-lastfartyg","27":"pa_boat-type-motorbat","28":"pa_boat-type-segelbat","29":"pa_boat-type-sportcraft-sv","30":"pa_boat-type-yacht-sv","31":"pa_product-rescue-beacons-sv","32":"pa_product-rescue-beacons-vhf-sart-sv","33":"pa_product-sakerhetstillbehor","35":"first","36":"onbackorder","37":"taxable","38":"shipping-taxable","39":"purchasable","40":"product-type-simple"},"acf":[],"_links":{"self":[{"href":"https:\/\/www.acrartex.com\/sv\/wp-json\/wp\/v2\/product\/152123","targetHints":{"allow":["GET"]}}],"collection":[{"href":"https:\/\/www.acrartex.com\/sv\/wp-json\/wp\/v2\/product"}],"about":[{"href":"https:\/\/www.acrartex.com\/sv\/wp-json\/wp\/v2\/types\/product"}],"wp:featuredmedia":[{"embeddable":true,"href":"https:\/\/www.acrartex.com\/sv\/wp-json\/wp\/v2\/media\/152129"}],"wp:attachment":[{"href":"https:\/\/www.acrartex.com\/sv\/wp-json\/wp\/v2\/media?parent=152123"}],"wp:term":[{"taxonomy":"product_brand","embeddable":true,"href":"https:\/\/www.acrartex.com\/sv\/wp-json\/wp\/v2\/product_brand?post=152123"},{"taxonomy":"product_cat","embeddable":true,"href":"https:\/\/www.acrartex.com\/sv\/wp-json\/wp\/v2\/product_cat?post=152123"},{"taxonomy":"product_tag","embeddable":true,"href":"https:\/\/www.acrartex.com\/sv\/wp-json\/wp\/v2\/product_tag?post=152123"}],"curies":[{"name":"wp","href":"https:\/\/api.w.org\/{rel}","templated":true}]}}