{"id":152109,"date":"2021-03-16T08:13:58","date_gmt":"2021-03-16T13:13:58","guid":{"rendered":"https:\/\/www.acrartex.com\/products\/fjarrkontrollpanel-b737\/"},"modified":"2021-03-16T08:13:58","modified_gmt":"2021-03-16T13:13:58","slug":"fjarrkontrollpanel-b737","status":"publish","type":"product","link":"https:\/\/www.acrartex.com\/sv\/products\/fjarrkontrollpanel-b737\/","title":{"rendered":"Fj\u00e4rrkontrollpanel \u2013 B737"},"content":{"rendered":"","protected":false},"excerpt":{"rendered":"<p>Fj\u00e4rrkontrollpanel Fj\u00e4rrbrytare f\u00f6r B406 ELT<\/p>\n","protected":false},"featured_media":152110,"template":"","meta":{"_acf_changed":false,"om_disable_all_campaigns":false},"product_brand":[],"product_cat":[2927],"product_tag":[6390,6388,6391,6389,6387,6394,6393,6395,6392,6386],"class_list":{"0":"post-152109","1":"product","2":"type-product","3":"status-publish","4":"has-post-thumbnail","6":"product_cat-okategoriserad","7":"product_tag-artex-c406-sv","8":"product_tag-artex-c406-1-sv","9":"product_tag-artex-me-406-elt-sv","10":"product_tag-artex-me406-sv","11":"product_tag-artex-mig-406","12":"product_tag-avlagsen","13":"product_tag-b737-sv","14":"product_tag-brytare","15":"product_tag-fjarrkontrollpanel","16":"product_tag-mig-406-elt","18":"first","19":"instock","20":"taxable","21":"shipping-taxable","22":"product-type-simple"},"acf":[],"_links":{"self":[{"href":"https:\/\/www.acrartex.com\/sv\/wp-json\/wp\/v2\/product\/152109","targetHints":{"allow":["GET"]}}],"collection":[{"href":"https:\/\/www.acrartex.com\/sv\/wp-json\/wp\/v2\/product"}],"about":[{"href":"https:\/\/www.acrartex.com\/sv\/wp-json\/wp\/v2\/types\/product"}],"wp:featuredmedia":[{"embeddable":true,"href":"https:\/\/www.acrartex.com\/sv\/wp-json\/wp\/v2\/media\/152110"}],"wp:attachment":[{"href":"https:\/\/www.acrartex.com\/sv\/wp-json\/wp\/v2\/media?parent=152109"}],"wp:term":[{"taxonomy":"product_brand","embeddable":true,"href":"https:\/\/www.acrartex.com\/sv\/wp-json\/wp\/v2\/product_brand?post=152109"},{"taxonomy":"product_cat","embeddable":true,"href":"https:\/\/www.acrartex.com\/sv\/wp-json\/wp\/v2\/product_cat?post=152109"},{"taxonomy":"product_tag","embeddable":true,"href":"https:\/\/www.acrartex.com\/sv\/wp-json\/wp\/v2\/product_tag?post=152109"}],"curies":[{"name":"wp","href":"https:\/\/api.w.org\/{rel}","templated":true}]}}