{"id":152027,"date":"2021-03-16T08:13:31","date_gmt":"2021-03-16T13:13:31","guid":{"rendered":"https:\/\/www.acrartex.com\/products\/resqlink-2\/"},"modified":"2021-03-16T08:13:31","modified_gmt":"2021-03-16T13:13:31","slug":"resqlink-2","status":"publish","type":"product","link":"https:\/\/www.acrartex.com\/sv\/products\/resqlink-2\/","title":{"rendered":"ResQLink \u2122+"},"content":{"rendered":"<p><a href=\"https:\/\/www.acrartex.com\/products\/resqlink-view\/\"><em><strong>Denna produkt har uppgraderats.  <\/strong><\/em><\/a><\/p>\n<p>Med en vikt p\u00e5 140 g och en tjocklek p\u00e5 bara 11,5 cm \u00e4r ResQLink + b\u00e5de en liten och flytande Personal Locator Beacon . Liten nog att b\u00e4ras i fickan, f\u00e4stas p\u00e5 en ryggs\u00e4ck eller f\u00f6rvaras i en uppbl\u00e5sbar flytv\u00e4st. <\/p>\n<p>Med tre niv\u00e5er av integrerad signalteknik \u2013 GPS positionering, en kraftfull 406 MHz-signal och 121,5 MHz-funktion f\u00f6r m\u00e5ls\u00f6kning \u2013 vidarebefordrar ResQLink +\u2122 snabbt och exakt din position till ett v\u00e4rldsomsp\u00e4nnande n\u00e4tverk av s\u00f6k- och r\u00e4ddningssatelliter. Ett inbyggt blixtljus ger god sikt under r\u00e4ddningsinsatser p\u00e5 natten. <\/p>\n<p>PLB:er har bevisats, pr\u00f6vats och fungerar p\u00e5 n\u00e5gra av v\u00e4rldens mest avl\u00e4gsna platser och under f\u00f6rr\u00e4diska f\u00f6rh\u00e5llanden. Fr\u00e5ga bara de cirka 400 piloter, b\u00e5tf\u00f6rare och vildmarksutforskare som r\u00e4ddades av en PLB under ett rigor\u00f6st testprogram i Alaska. Baserat, till stor del p\u00e5 testresultaten, godk\u00e4nde den federala regeringen anv\u00e4ndningen av PLB:er i USA \u00e5r 2003.  <\/p>\n<p>\u00c4ven i extrema f\u00f6rh\u00e5llanden och situationer aktiveras ResQLink + enkelt. F\u00e4ll bara ut antennen och tryck p\u00e5 ON-knappen. Med sin kraftfulla 66-kanaliga GPS v\u00e4gleder ResQLink +\u2122 r\u00e4ddningspersonal till inom 100 meter eller mindre fr\u00e5n din position. Och i det kontinentala USA f\u00e5r s\u00f6k- och r\u00e4ddningspersonal vanligtvis din position p\u00e5 s\u00e5 lite som fem minuter med en GPS -aktiverad PLB som ResQLink +.   <\/p>\n<p>Tv\u00e5 inbyggda tester l\u00e5ter dig rutinm\u00e4ssigt verifiera att ResQLink + fungerar och \u00e4r redo att anv\u00e4ndas \u2013 med en knapptryckning kan du enkelt testa intern elektronik och GPS funktionalitet.<\/p>\n<ul>\n<li>Flytande<\/li>\n<li>Inga prenumerationsavgifter<\/li>\n<li>Superstark LED-strobe<\/li>\n<li>Inbyggd 66-kanalig GPS<\/li>\n<li>Sj\u00e4lvtest- och GPS testfunktioner<\/li>\n<li>Typisk prestanda 30 timmar<\/li>\n<li>Icke-farligt batteri<\/li>\n<li>Tillverkad i USA<\/li>\n<li>Om du anv\u00e4nder den&#8230;ers\u00e4tter vi den <a href=\"http:\/\/www.survivorclub.com\/\">kostnadsfritt<\/a> . Skicka bara in din ber\u00e4ttelse via v\u00e5r Survivor Club l\u00e4nk, skicka tillbaka din begagnade fyr s\u00e5 att vi kan montera den p\u00e5 v\u00e5r Wall of Fame och vi skickar dig en helt ny fyr av samma eller h\u00f6gre v\u00e4rde. <\/li>\n<\/ul>\n<p>Taggar: Personal Locator Beacon , PLB , PLB:er, 406 MHz, SurvivorClub, Flytljus, Stroboskopljus, N\u00f6ds\u00e4ndare, Ingen abonnemang, Personlig EPIRB , GPS lokalisering<\/p>\n","protected":false},"excerpt":{"rendered":"<p><em><strong>Denna produkt har uppgraderats. <a href=\"https:\/\/www.acrartex.com\/products\/resqlink-view\/\">Klicka h\u00e4r<\/a> f\u00f6r tillg\u00e4ngliga uppgraderingar.<\/strong><\/em><\/p>\n<p>Den m\u00e5 vara liten, men den \u00e4r tuff. ResQLink \u2122+ Personal Locator Beacon ( PLB ) \u00e4r en flytande, GPS -aktiverad r\u00e4ddningss\u00e4ndare som passar f\u00f6r utomhus\u00e4ventyr av alla storlekar (t\u00e4nk: allt fr\u00e5n vandring och cykling till jakt och fiske). Om du st\u00f6ter p\u00e5 en ov\u00e4ntad \u00f6verlevnadssituation kommer ResQLink + PLB att vidarebefordra din plats till ett n\u00e4tverk av s\u00f6k- och r\u00e4ddningssatelliter, vilket g\u00f6r det l\u00e4ttare f\u00f6r lokala r\u00e4ddningstj\u00e4nstpersonal att f\u00e5 dig hem s\u00e4ker och s\u00e4ker.  <\/p>\n<p><strong>Var beredd p\u00e5 det of\u00f6ruts\u00e4gbara!<\/strong><\/p>\n<p>&nbsp;<\/p>\n<ul>\n<li>Flytande<\/li>\n<li>LED-stroboskopljus<\/li>\n<li>Sj\u00e4lvtest<\/li>\n<li>66-kanalig GPS<\/li>\n<li>Enkel n\u00f6daktivering<\/li>\n<li>Antennklips<\/li>\n<\/ul>\n<p style=\"margin-left: 0in; margin-right: 0in;\"><span style=\"font-size: 11pt;\"><span style=\"font-family: Calibri,sans-serif;\"><a style=\"color: blue; text-decoration: underline;\" href=\"https:\/\/www.dropbox.com\/s\/ezakylsa2478sav\/Prop%2065%20-%20DINP%20and%20BPA.pdf?dl=0\"><span style=\"color: #000000;\">VARNING: F\u00d6RSLAG 65<\/span><\/a><\/span><\/span><\/p>\n<p style=\"margin-left: 0in; margin-right: 0in;\">\n","protected":false},"featured_media":152028,"template":"","meta":{"_acf_changed":false,"om_disable_all_campaigns":false},"product_brand":[],"product_cat":[5829,5834,5553,5838,5822,5826,5583,5839,5841,5820,5823,5832,5837,5830,5825,5769,5827],"product_tag":[5560,6160,6169,6170,6175,6165,6162,6163,6176,6161,6166,6171,6174,6173,6168,6178,6177,6167,5772,5770,5853,5850,5842,6164,6172],"class_list":{"0":"post-152027","1":"product","2":"type-product","3":"status-publish","4":"has-post-thumbnail","6":"product_cat-actionsport-terrang","7":"product_cat-allmanflyg","8":"product_cat-flyg","9":"product_cat-flygpatrull","10":"product_cat-inat-landet","11":"product_cat-kommersiell","12":"product_cat-marin","13":"product_cat-marinstyrkorna","14":"product_cat-mark-specialstyrkor","15":"product_cat-militar","16":"product_cat-nara-stranden","17":"product_cat-paddelsporter-fiske","18":"product_cat-polis-kommun","19":"product_cat-reseutrustning","20":"product_cat-till-havs","21":"product_cat-utomhus","22":"product_cat-vandring-klattring-camping","23":"product_tag-406-sv","24":"product_tag-406-mhz-sv","25":"product_tag-66-kanaler","26":"product_tag-enkel-aktivering","27":"product_tag-fiske","28":"product_tag-flottorer","29":"product_tag-flytande","30":"product_tag-flytande-plb","31":"product_tag-forsta-hjalpen","32":"product_tag-fyr","33":"product_tag-gps-lokalisering","34":"product_tag-gul-fyr","35":"product_tag-jakt","36":"product_tag-klattrande","37":"product_tag-liten-fyr","38":"product_tag-livraddande-utrustning","39":"product_tag-overlevnadsfyr","40":"product_tag-personlig-epirob","41":"product_tag-personlig-lokaliseringsfyr-sv","42":"product_tag-plb-sv","43":"product_tag-plb-375-sv","44":"product_tag-plb375-sv","45":"product_tag-resqlank","46":"product_tag-resqlank-plus","47":"product_tag-vandringsfyr","48":"pa_product-arv","50":"first","51":"outofstock","52":"taxable","53":"shipping-taxable","54":"product-type-simple"},"acf":[],"_links":{"self":[{"href":"https:\/\/www.acrartex.com\/sv\/wp-json\/wp\/v2\/product\/152027","targetHints":{"allow":["GET"]}}],"collection":[{"href":"https:\/\/www.acrartex.com\/sv\/wp-json\/wp\/v2\/product"}],"about":[{"href":"https:\/\/www.acrartex.com\/sv\/wp-json\/wp\/v2\/types\/product"}],"wp:featuredmedia":[{"embeddable":true,"href":"https:\/\/www.acrartex.com\/sv\/wp-json\/wp\/v2\/media\/152028"}],"wp:attachment":[{"href":"https:\/\/www.acrartex.com\/sv\/wp-json\/wp\/v2\/media?parent=152027"}],"wp:term":[{"taxonomy":"product_brand","embeddable":true,"href":"https:\/\/www.acrartex.com\/sv\/wp-json\/wp\/v2\/product_brand?post=152027"},{"taxonomy":"product_cat","embeddable":true,"href":"https:\/\/www.acrartex.com\/sv\/wp-json\/wp\/v2\/product_cat?post=152027"},{"taxonomy":"product_tag","embeddable":true,"href":"https:\/\/www.acrartex.com\/sv\/wp-json\/wp\/v2\/product_tag?post=152027"}],"curies":[{"name":"wp","href":"https:\/\/api.w.org\/{rel}","templated":true}]}}