{"id":152003,"date":"2021-03-16T08:13:46","date_gmt":"2021-03-16T13:13:46","guid":{"rendered":"https:\/\/www.acrartex.com\/products\/aqualink\/"},"modified":"2021-03-16T08:13:46","modified_gmt":"2021-03-16T13:13:46","slug":"aqualink","status":"publish","type":"product","link":"https:\/\/www.acrartex.com\/sv\/products\/aqualink\/","title":{"rendered":"AquaLink\u2122"},"content":{"rendered":"<p><em><strong><a href=\"https:\/\/www.acrartex.com\/products\/resqlink-400\/\">Denna produkt har uppgraderats. <\/a> <\/strong><\/em><\/p>\n<p>AquaLink\u2122 s\u00e4nder ut en unik registrerad n\u00f6dsignal som inte bara talar om f\u00f6r r\u00e4ddningspersonalen var du befinner dig, utan \u00e4ven vem du \u00e4r. Den inbyggda GPS en kan fastst\u00e4lla din position inom 100 meter och anv\u00e4nder sedan en kraftfull 406 MHz-signal f\u00f6r att vidarebefordra ditt n\u00f6danrop till satelliter i omloppsbana. N\u00e4r lokal s\u00f6k- och r\u00e4ddningstj\u00e4nst s\u00e4tts in v\u00e4gleder en separat m\u00e5ls\u00f6karsignal och integrerat LED-stroboskopljus r\u00e4ddningspersonalen till din exakta plats.  <\/p>\n<p>&nbsp;<\/p>\n<p>AquaLink\u2122 \u00e4r liten nog att enkelt b\u00e4ras i en ryggs\u00e4ck eller ficka eller kan b\u00e4ras p\u00e5 d\u00e4ck, vid rodret, i b\u00e4rsele eller p\u00e5 en flytv\u00e4st och kommer att flyta om den av misstag tappas \u00f6verbord. Genom att utf\u00f6ra ett fullst\u00e4ndigt funktionstest av PLB :ns interna kretsar, batterisp\u00e4nning och effekt samt 406 MHz-s\u00e4ndning f\u00e5r du sinnesro i vetskapen om att din PLB fungerar n\u00e4r du beh\u00f6ver den som mest. <\/p>\n<p>&nbsp;<\/p>\n<p>ACR Exklusivt: Inbyggt GPS testl\u00e4ge l\u00e5ter dig testa GPS funktionen upp till 12 g\u00e5nger under batteriets livsl\u00e4ngd. Dra nytta av samma f\u00e4lttestade r\u00e4ddningsteknik som anv\u00e4nds av den amerikanska milit\u00e4ren, kustbevakningen, NATO:s specialstyrkor och arktiska uppt\u00e4cktsresande. <\/p>\n<p>&nbsp;<\/p>\n<ul>\n<li>Inga prenumerationsavgifter<\/li>\n<li>Flyter<\/li>\n<li>Superstark LED-strobe<\/li>\n<li>Inbyggd 66-kanalig GPS<\/li>\n<li>Sj\u00e4lvtest- och GPS testfunktioner<\/li>\n<li>Typisk prestanda 35 timmar<\/li>\n<li>Icke-farligt batteri<\/li>\n<li>Tillverkad i USA<\/li>\n<\/ul>\n<p>&nbsp;<\/p>\n<p>Om du anv\u00e4nder den ers\u00e4tter vi den kostnadsfritt. Skicka bara in din \u00f6verlevnadsber\u00e4ttelse, skicka tillbaka din anv\u00e4nda beacon s\u00e5 skickar vi dig den senaste versionen av din livr\u00e4ddande enhet. <\/p>\n","protected":false},"excerpt":{"rendered":"<p><em><strong>Denna produkt har uppgraderats. <a href=\"https:\/\/www.acrartex.com\/products\/resqlink-400\/\">Klicka h\u00e4r<\/a> f\u00f6r tillg\u00e4ngliga uppgraderingar.<\/strong><\/em><\/p>\n<p>#PrepLikeAPro med AquaLink\u2122 PLB . Denna r\u00e4ddningss\u00e4ndare \u00e4r liten nog att b\u00e4ra i fickan, men \u00e4nd\u00e5 tillr\u00e4ckligt stark f\u00f6r att exakt vidarebefordra din position till ett n\u00e4tverk av s\u00f6k- och r\u00e4ddningssatelliter om en n\u00f6dsituation med en b\u00e5t skulle intr\u00e4ffa. Var trygg i vetskapen om att denna personliga n\u00f6ds\u00e4ndare konsekvent tar bort &#8220;s\u00f6kningen&#8221; fr\u00e5n &#8220;s\u00f6k och r\u00e4ddning&#8221;.  <\/p>\n<p>&nbsp;<\/p>\n<p style=\"margin-left: 0in; margin-right: 0in;\"><span style=\"font-size: 11pt;\"><span style=\"font-family: Calibri,sans-serif;\"><a style=\"color: blue; text-decoration: underline;\" href=\"https:\/\/www.dropbox.com\/s\/8343nj28z0d7bxa\/Prop%2065%20-%20BPA.pdf?dl=0\"><span style=\"color: #000000;\">VARNING: F\u00d6RSLAG 65<\/span><\/a><\/span><\/span><\/p>\n<p style=\"margin-left: 0in; margin-right: 0in;\">\n","protected":false},"featured_media":152004,"template":"","meta":{"_acf_changed":false,"om_disable_all_campaigns":false},"product_brand":[],"product_cat":[5583,5769],"product_tag":[5560,5777,5779,5774,5773,6145,5772,5770,6144,6146,6147,5781],"class_list":{"0":"post-152003","1":"product","2":"type-product","3":"status-publish","4":"has-post-thumbnail","6":"product_cat-marin","7":"product_cat-utomhus","8":"product_tag-406-sv","9":"product_tag-aqua-sv","10":"product_tag-aqua-lank","11":"product_tag-aqualink-sv","12":"product_tag-gps-sv","13":"product_tag-nodsokare","14":"product_tag-personlig-lokaliseringsfyr-sv","15":"product_tag-plb-sv","16":"product_tag-plb-350-sv","17":"product_tag-plb-350b-sv","18":"product_tag-plb350b-sv","19":"product_tag-vatten","20":"pa_product-arv","22":"first","23":"outofstock","24":"taxable","25":"shipping-taxable","26":"product-type-simple"},"acf":[],"_links":{"self":[{"href":"https:\/\/www.acrartex.com\/sv\/wp-json\/wp\/v2\/product\/152003","targetHints":{"allow":["GET"]}}],"collection":[{"href":"https:\/\/www.acrartex.com\/sv\/wp-json\/wp\/v2\/product"}],"about":[{"href":"https:\/\/www.acrartex.com\/sv\/wp-json\/wp\/v2\/types\/product"}],"wp:featuredmedia":[{"embeddable":true,"href":"https:\/\/www.acrartex.com\/sv\/wp-json\/wp\/v2\/media\/152004"}],"wp:attachment":[{"href":"https:\/\/www.acrartex.com\/sv\/wp-json\/wp\/v2\/media?parent=152003"}],"wp:term":[{"taxonomy":"product_brand","embeddable":true,"href":"https:\/\/www.acrartex.com\/sv\/wp-json\/wp\/v2\/product_brand?post=152003"},{"taxonomy":"product_cat","embeddable":true,"href":"https:\/\/www.acrartex.com\/sv\/wp-json\/wp\/v2\/product_cat?post=152003"},{"taxonomy":"product_tag","embeddable":true,"href":"https:\/\/www.acrartex.com\/sv\/wp-json\/wp\/v2\/product_tag?post=152003"}],"curies":[{"name":"wp","href":"https:\/\/api.w.org\/{rel}","templated":true}]}}