{"id":151278,"date":"2021-03-16T08:07:35","date_gmt":"2021-03-16T13:07:35","guid":{"rendered":"https:\/\/www.acrartex.com\/products\/resqlink\/"},"modified":"2025-07-07T09:58:58","modified_gmt":"2025-07-07T14:58:58","slug":"resqlink","status":"publish","type":"product","link":"https:\/\/www.acrartex.com\/sv\/products\/resqlink\/","title":{"rendered":"ResQLink \u2122"},"content":{"rendered":"<p><a href=\"https:\/\/www.acrartex.com\/products\/resqlink-400\/\"><em><strong>Denna produkt har uppgraderats.<\/strong><\/em><\/a><\/p>\n<p>Med sina 113 gram v\u00e4ger ResQLink n\u00f6ds\u00e4ndaren mindre \u00e4n ett par energibarer. Och med en tjocklek p\u00e5 bara 9,5 cm \u00e4r den mindre \u00e4n mobiltelefonen i fickan. Sm\u00e5 och kraftfulla, ResQLink \u2122 PLB:er \u00e4r fulldrivna, GPS -aktiverade r\u00e4ddningss\u00e4ndare designade f\u00f6r sportfiskare, piloter och idrottare i vildmarken.  <\/p>\n<p>&nbsp;<\/p>\n<p>Med tre niv\u00e5er av integrerad signalteknik \u2013 GPS positionering, en kraftfull 406 MHz-signal och 121,5 MHz-funktion f\u00f6r m\u00e5ls\u00f6kning \u2013 vidarebefordrar ResQLink PLB snabbt och exakt din position till ett v\u00e4rldsomsp\u00e4nnande n\u00e4tverk av s\u00f6k- och r\u00e4ddningssatelliter. Ett inbyggt blixtljus ger god sikt under r\u00e4ddningsinsatser p\u00e5 natten. <\/p>\n<p>&nbsp;<\/p>\n<p>PLB:er har bevisats vara bepr\u00f6vade och effektiva p\u00e5 n\u00e5gra av v\u00e4rldens mest avl\u00e4gsna platser och under f\u00f6rr\u00e4diska f\u00f6rh\u00e5llanden. Fr\u00e5ga bara de cirka 400 piloter, b\u00e5tf\u00f6rare och vildmarksutforskare som r\u00e4ddades av en PLB under ett rigor\u00f6st testprogram i Alaska. Baserat, till stor del p\u00e5 testresultaten, godk\u00e4nde den federala regeringen anv\u00e4ndningen av PLB:er i USA \u00e5r 2003.  <\/p>\n<p>&nbsp;<\/p>\n<p>\u00c4ven i extrema f\u00f6rh\u00e5llanden och situationer aktiveras ResQLink \u2122 enkelt. F\u00e4ll bara ut antennen och tryck p\u00e5 ON-knappen. Med sin kraftfulla 66-kanals GPS v\u00e4gleder ResQLink \u2122 r\u00e4ddningspersonal till inom 100 meter eller mindre fr\u00e5n din position. Och i det kontinentala USA f\u00e5r s\u00f6k- och r\u00e4ddningspersonal vanligtvis din position p\u00e5 s\u00e5 lite som fem minuter med en GPS -aktiverad PLB som ResQLink \u2122.   <\/p>\n<p>&nbsp;<\/p>\n<p>Tv\u00e5 inbyggda tester l\u00e5ter dig rutinm\u00e4ssigt verifiera att ResQLink \u2122 fungerar och \u00e4r redo att anv\u00e4ndas \u2013 med en knapptryckning kan du enkelt testa intern elektronik och GPS funktionalitet.<\/p>\n<ul>\n<li>Inga prenumerationsavgifter kr\u00e4vs<\/li>\n<li>Superstark LED-strobe<\/li>\n<li>Inbyggd 66-kanalig GPS<\/li>\n<li>Sj\u00e4lvtest- och GPS testfunktioner<\/li>\n<li>Typisk prestanda 30 timmar<\/li>\n<li>Icke-farligt batteri<\/li>\n<li>Tillverkad i USA<\/li>\n<li>Om du anv\u00e4nder den&#8230;ers\u00e4tter vi den kostnadsfritt. Skicka bara <a href=\"http:\/\/www.survivorclub.com\/\">in<\/a> din ber\u00e4ttelse, skicka tillbaka din begagnade fyr s\u00e5 att vi kan montera den p\u00e5 v\u00e5r Wall of Fame och vi skickar dig en helt ny fyr av samma eller h\u00f6gre v\u00e4rde. <\/li>\n<\/ul>\n<p>Taggar: Personal Locator Beacon , PLB , PLB:er, 406 MHz, SurvivorClub, Flytljus, Stroboskopljus, N\u00f6ds\u00e4ndare, Ingen abonnemang, Personlig EPIRB , GPS lokaliseringss\u00e4ndare, 2880, PN 2880, PLB 375<\/p>\n","protected":false},"excerpt":{"rendered":"<p>Den m\u00e5 vara liten, men den \u00e4r tuff. ResQLink \u2122 PLB Personal Locator Beacon ( PLB ) \u00e4r en GPS -aktiverad r\u00e4ddningss\u00e4ndare som passar f\u00f6r utomhus\u00e4ventyr av alla storlekar (t\u00e4nk: allt fr\u00e5n vandring och cykling till jakt och fiske). Skulle du st\u00f6ta p\u00e5 en ov\u00e4ntad situation kommer ResQLink PLB att vidarebefordra din plats till ett n\u00e4tverk av s\u00f6k- och r\u00e4ddningssatelliter. PLB:er har hj\u00e4lpt till att r\u00e4dda tusentals m\u00e4nniskors liv.   <\/p>\n<p><em><strong>Denna produkt har uppgraderats. <a href=\"https:\/\/www.acrartex.com\/products\/resqlink-400\/\">Klicka h\u00e4r<\/a> f\u00f6r tillg\u00e4ngliga uppgraderingar.<\/strong><\/em><\/p>\n<p><span style=\"font-size: 11.0pt;\"><a style=\"color: blue; text-decoration: underline;\" href=\"https:\/\/www.dropbox.com\/s\/ezakylsa2478sav\/Prop%2065%20-%20DINP%20and%20BPA.pdf?dl=0\"><span style=\"color: #000000;\">VARNING: F\u00d6RSLAG 65<\/span><\/a><\/span><\/p>\n<p>&nbsp;<\/p>\n<p>&nbsp;<\/p>\n","protected":false},"featured_media":151295,"template":"","meta":{"_acf_changed":false,"om_disable_all_campaigns":false},"product_brand":[],"product_cat":[5829,5835,5834,5553,5838,5822,5826,5583,5839,5841,5820,5823,5832,5837,5830,5825,5769,5827],"product_tag":[5773,5772,5770,5853,5850,5844,5847,5842],"class_list":{"0":"post-151278","1":"product","2":"type-product","3":"status-publish","4":"has-post-thumbnail","6":"product_cat-actionsport-terrang","7":"product_cat-affarsjet","8":"product_cat-allmanflyg","9":"product_cat-flyg","10":"product_cat-flygpatrull","11":"product_cat-inat-landet","12":"product_cat-kommersiell","13":"product_cat-marin","14":"product_cat-marinstyrkorna","15":"product_cat-mark-specialstyrkor","16":"product_cat-militar","17":"product_cat-nara-stranden","18":"product_cat-paddelsporter-fiske","19":"product_cat-polis-kommun","20":"product_cat-reseutrustning","21":"product_cat-till-havs","22":"product_cat-utomhus","23":"product_cat-vandring-klattring-camping","24":"product_tag-gps-sv","25":"product_tag-personlig-lokaliseringsfyr-sv","26":"product_tag-plb-sv","27":"product_tag-plb-375-sv","28":"product_tag-plb375-sv","29":"product_tag-resq-sv","30":"product_tag-resq-lank","31":"product_tag-resqlank","32":"pa_product-arv","34":"first","35":"outofstock","36":"taxable","37":"shipping-taxable","38":"product-type-simple"},"acf":[],"_links":{"self":[{"href":"https:\/\/www.acrartex.com\/sv\/wp-json\/wp\/v2\/product\/151278","targetHints":{"allow":["GET"]}}],"collection":[{"href":"https:\/\/www.acrartex.com\/sv\/wp-json\/wp\/v2\/product"}],"about":[{"href":"https:\/\/www.acrartex.com\/sv\/wp-json\/wp\/v2\/types\/product"}],"wp:featuredmedia":[{"embeddable":true,"href":"https:\/\/www.acrartex.com\/sv\/wp-json\/wp\/v2\/media\/151295"}],"wp:attachment":[{"href":"https:\/\/www.acrartex.com\/sv\/wp-json\/wp\/v2\/media?parent=151278"}],"wp:term":[{"taxonomy":"product_brand","embeddable":true,"href":"https:\/\/www.acrartex.com\/sv\/wp-json\/wp\/v2\/product_brand?post=151278"},{"taxonomy":"product_cat","embeddable":true,"href":"https:\/\/www.acrartex.com\/sv\/wp-json\/wp\/v2\/product_cat?post=151278"},{"taxonomy":"product_tag","embeddable":true,"href":"https:\/\/www.acrartex.com\/sv\/wp-json\/wp\/v2\/product_tag?post=151278"}],"curies":[{"name":"wp","href":"https:\/\/api.w.org\/{rel}","templated":true}]}}