{"id":151227,"date":"2021-03-16T08:07:42","date_gmt":"2021-03-16T13:07:42","guid":{"rendered":"https:\/\/www.acrartex.com\/products\/aqualink-view\/"},"modified":"2021-03-16T08:07:42","modified_gmt":"2021-03-16T13:07:42","slug":"aqualink-view","status":"publish","type":"product","link":"https:\/\/www.acrartex.com\/sv\/products\/aqualink-view\/","title":{"rendered":"AquaLink\u2122 View"},"content":{"rendered":"<p><em><strong><a href=\"https:\/\/www.acrartex.com\/products\/resqlink-view\/\">Denna produkt har uppgraderats<\/a> .  <\/strong><\/em><\/p>\n<p>Med tre niv\u00e5er av integrerad signalteknik \u2013 GPS positionering, en kraftfull 406 MHz-signal och 121,5 MHz-positionsm\u00e4tningskapacitet \u2013 vidarebefordrar AquaLink\u2122 View snabbt och exakt din position till ett v\u00e4rldsomsp\u00e4nnande n\u00e4tverk av s\u00f6k- och r\u00e4ddningssatelliter, vilket minskar s\u00f6ktiden och \u00f6kar dina chanser att \u00f6verleva. Det \u00e4r en p\u00e5litlig signalteknik som har r\u00e4ddat mer \u00e4n 50 000 liv sedan 1982. <\/p>\n<p>&nbsp;<\/p>\n<p>AquaLink\u2122 View s\u00e4nder ut en unik registrerad n\u00f6dsignal som inte bara talar om f\u00f6r r\u00e4ddare var du befinner dig, utan \u00e4ven vem du \u00e4r. Den inbyggda GPS kan fastst\u00e4lla din position inom 100 meter och anv\u00e4nder sedan en kraftfull 406 MHz-signal f\u00f6r att vidarebefordra ditt n\u00f6danrop till satelliter i omloppsbana. N\u00e4r lokal s\u00f6k- och r\u00e4ddningstj\u00e4nst anv\u00e4nds v\u00e4gleder en separat m\u00e5ls\u00f6karsignal och integrerat LED-stroboskopljus r\u00e4ddare till din exakta plats. AquaLink\u2122 View har en digital display som l\u00e5ter dig se alla fyrens operativa aktiviteter. Sk\u00e4rmen visar GPS LAT\/LON, bruksanvisningar, anv\u00e4ndningstips, s\u00e4ndningsfrekvenser samt batteristr\u00f6m. Den digitala displayen g\u00f6r det ocks\u00e5 enkelt och l\u00e4tt att sj\u00e4lvtesta din fyr genom att visuellt guida dig genom sj\u00e4lvtestet steg f\u00f6r steg. Du beh\u00f6ver inte l\u00e4ngre f\u00f6rlita dig p\u00e5 att lyssna p\u00e5 pip och leta efter lysdioder. AquaLink\u2122 View \u00e4r tillr\u00e4ckligt liten f\u00f6r att enkelt kunna b\u00e4ras i en ryggs\u00e4ck eller ficka eller kan b\u00e4ras p\u00e5 d\u00e4ck, vid rodret, i skyddshyllan eller p\u00e5 en flytv\u00e4st och kommer att flyta om den av misstag tappas \u00f6verbord. ACR Exklusivt: Inbyggt GPS testl\u00e4ge l\u00e5ter dig testa GPS funktionen upp till 60 g\u00e5nger under batteriets livsl\u00e4ngd. Utnyttja samma f\u00e4lttestade r\u00e4ddningsteknik som anv\u00e4nds av den amerikanska milit\u00e4ren, den amerikanska kustbevakningen, NATO:s specialstyrkor och arktiska uppt\u00e4cktsresande.         <\/p>\n<p>&nbsp;<\/p>\n<ul>\n<li>Inga prenumerationsavgifter<\/li>\n<li>Flyter<\/li>\n<li>Superstark LED-strobe<\/li>\n<li>Inbyggd 66-kanalig GPS<\/li>\n<li>Sj\u00e4lvtest- och GPS testfunktioner<\/li>\n<li>Typisk prestanda 35 timmar<\/li>\n<li>Icke-farligt batteri<\/li>\n<li>Tillverkad i USA<\/li>\n<\/ul>\n<p>&nbsp;<\/p>\n<p>Om du anv\u00e4nder den&#8230;ers\u00e4tter vi den kostnadsfritt. Skicka bara <a href=\"https:\/\/www.acrartex.com\/stories\/new\">in din ber\u00e4ttelse<\/a> , skicka tillbaka din anv\u00e4nda fyr s\u00e5 att vi kan montera den p\u00e5 v\u00e5r Wall of Fame och vi skickar dig en helt ny fyr av samma eller h\u00f6gre v\u00e4rde. <\/p>\n<p>&nbsp;<\/p>\n<p>Taggar: Personal Locator Beacon , PLB , PLB:er, 406 MHz, SurvivorClub, Flytljus, Stroboskopljus, N\u00f6ds\u00e4ndare, Ingen prenumeration, Digital display, Personlig EPIRB , GPS lokaliseringss\u00e4ndare, 2884, PN 2884, PLB 350, PLB350C<\/p>\n","protected":false},"excerpt":{"rendered":"<p><b><i>Denna produkt har uppgraderats. <a href=\"https:\/\/www.acrartex.com\/products\/resqlink-view\/\">Klicka h\u00e4r<\/a> f\u00f6r att se tillg\u00e4ngliga produktuppgraderingar.<\/i><\/b><\/p>\n<p>&nbsp;<\/p>\n<p>Ge dig ut till havs med tryggheten fr\u00e5n den handh\u00e5llna AquaLink\u2122 View Personal Locator Beacon ( PLB ). Dess digitala display ger all viktig information om fyrens funktioner, inklusive GPS positionering och s\u00e4ndningsfrekvenser. Dessutom inneb\u00e4r dess flytande design att om AquaLink View av misstag faller \u00f6verbord, kommer den att flyta. Ha sinnesro i vetskapen om att om en n\u00f6dsituation med b\u00e5ten skulle intr\u00e4ffa, kommer denna personliga n\u00f6dfyr snabbt att vidarebefordra din position till satellitn\u00e4tverk och minska s\u00f6k- och r\u00e4ddningstiden.   <\/p>\n<p>&nbsp;<\/p>\n<p style=\"margin-left: 0in; margin-right: 0in;\"><span style=\"font-size: 11pt;\"><span style=\"font-family: Calibri,sans-serif;\"><a style=\"color: blue; text-decoration: underline;\" href=\"https:\/\/www.dropbox.com\/s\/8343nj28z0d7bxa\/Prop%2065%20-%20BPA.pdf?dl=0\"><span style=\"color: #000000;\">VARNING: F\u00d6RSLAG 65<\/span><\/a><\/span><\/span><\/p>\n<p>&nbsp;<\/p>\n<p>&nbsp;<\/p>\n<p>&nbsp;<\/p>\n","protected":false},"featured_media":151253,"template":"","meta":{"_acf_changed":false,"om_disable_all_campaigns":false},"product_brand":[],"product_cat":[5583,5769],"product_tag":[5560,5777,5779,5774,5793,5773,5591,5772,5770,5785,5783,5788,5781],"class_list":{"0":"post-151227","1":"product","2":"type-product","3":"status-publish","4":"has-post-thumbnail","6":"product_cat-marin","7":"product_cat-utomhus","8":"product_tag-406-sv","9":"product_tag-aqua-sv","10":"product_tag-aqua-lank","11":"product_tag-aqualink-sv","12":"product_tag-aqualink-vy","13":"product_tag-gps-sv","14":"product_tag-nodsignal","15":"product_tag-personlig-lokaliseringsfyr-sv","16":"product_tag-plb-sv","17":"product_tag-plb-350c-sv-2","18":"product_tag-plb-350c-sv","19":"product_tag-plb350-sv","20":"product_tag-vatten","21":"pa_product-arv","23":"first","24":"outofstock","25":"taxable","26":"shipping-taxable","27":"product-type-simple"},"acf":[],"_links":{"self":[{"href":"https:\/\/www.acrartex.com\/sv\/wp-json\/wp\/v2\/product\/151227","targetHints":{"allow":["GET"]}}],"collection":[{"href":"https:\/\/www.acrartex.com\/sv\/wp-json\/wp\/v2\/product"}],"about":[{"href":"https:\/\/www.acrartex.com\/sv\/wp-json\/wp\/v2\/types\/product"}],"wp:featuredmedia":[{"embeddable":true,"href":"https:\/\/www.acrartex.com\/sv\/wp-json\/wp\/v2\/media\/151253"}],"wp:attachment":[{"href":"https:\/\/www.acrartex.com\/sv\/wp-json\/wp\/v2\/media?parent=151227"}],"wp:term":[{"taxonomy":"product_brand","embeddable":true,"href":"https:\/\/www.acrartex.com\/sv\/wp-json\/wp\/v2\/product_brand?post=151227"},{"taxonomy":"product_cat","embeddable":true,"href":"https:\/\/www.acrartex.com\/sv\/wp-json\/wp\/v2\/product_cat?post=151227"},{"taxonomy":"product_tag","embeddable":true,"href":"https:\/\/www.acrartex.com\/sv\/wp-json\/wp\/v2\/product_tag?post=151227"}],"curies":[{"name":"wp","href":"https:\/\/api.w.org\/{rel}","templated":true}]}}