{"id":150978,"date":"2021-03-16T08:08:46","date_gmt":"2021-03-16T13:08:46","guid":{"rendered":"https:\/\/www.acrartex.com\/products\/elt-3000hm\/"},"modified":"2021-03-16T08:08:46","modified_gmt":"2021-03-16T13:08:46","slug":"elt-3000hm","status":"publish","type":"product","link":"https:\/\/www.acrartex.com\/sv\/products\/elt-3000hm\/","title":{"rendered":"ELT 3000HM"},"content":{"rendered":"<p>Med flygplanets NAV-Data s\u00f6ml\u00f6st integrerade s\u00e4nds latitud\/longitud automatiskt var 50:e sekund i 24 timmar p\u00e5 n\u00f6dfrekvensen 406 MHz. Detta g\u00f6r det m\u00f6jligt f\u00f6r r\u00e4ddningspersonal att exakt fastst\u00e4lla flygplanets position inom n\u00e5gra minuter efter att fyren aktiverats.  ARTEX ELT 3000 \u00e4r utformad f\u00f6r att minska ELT -systemets storlek och vikt i ett l\u00e4ttinstallerat paket. F\u00f6r att f\u00f6renkla installationen anv\u00e4nder ARTEX ELT 3000 en enda RF-utg\u00e5ng som ansluts till en trippelbandsantenn, vilket reducerar installationen till en enda koaxialkabel. <\/p>\n<p>&nbsp;<\/p>\n<p>Den enda ing\u00e5ngsantennen och elimineringen av ett externt NAV-gr\u00e4nssnitt minskar installationskostnaderna avsev\u00e4rt. ARTEX ELT 3000 \u00e4r kompatibel med ARTEX exklusiva online-satellitbekr\u00e4ftelsetestsystem, 406Test.com. Detta exklusiva system tillhandah\u00e5ller resultat fr\u00e5n beacon-testning i realtid via samma satelliter som anv\u00e4nds av s\u00f6k- och r\u00e4ddningstj\u00e4nsten, vilket s\u00e4kerst\u00e4ller att ELT systemet fungerar korrekt. Det finns en anledning till att ARTEX ELT:er \u00e4r valet f\u00f6r fler flygplanstillverkare \u00e4n n\u00e5gon annan; de litar p\u00e5 ARTEX f\u00f6r att bygga produkter av h\u00f6gsta kvalitet med vetskapen om att de anv\u00e4nds f\u00f6r att r\u00e4dda liv. Hur ARTEX ELT 3000 fungerar ARTEX ELT 3000 kan aktiveras manuellt (via fj\u00e4rrkontrollen i cockpit) eller automatiskt (G-Switch k\u00e4nner av en st\u00f6t p\u00e5 2,3 G eller h\u00f6gre) och varnar n\u00e4rmaste s\u00f6k- och r\u00e4ddningstj\u00e4nst om en n\u00f6dsituation. 406 MHz-signalen, som inneh\u00e5ller flygplanets GPS koordinater, \u00f6verf\u00f6rs till Cospas-Sarsat -satelliterna och vidarebefordras till Mission Control Center d\u00e4r den omedelbart dirigeras till n\u00e4rmaste s\u00f6k- och r\u00e4ddningstj\u00e4nst.     <\/p>\n<p>&nbsp;<\/p>\n<p>Fyren kommer att f\u00f6rse r\u00e4ddningstj\u00e4nsten med den exakta platsen inom 100 meter. Slutligen hj\u00e4lper 121,5\/243 MHz-m\u00e5ls\u00f6kande signaler s\u00f6k- och r\u00e4ddningstj\u00e4nstens markstyrkor att hitta platsen f\u00f6r n\u00f6dsituationen. Enkel installation ARTEX ELT 3000 erbjuder en snabb och enkel eftermonteringsm\u00f6jlighet med flexibla installationsalternativ, s\u00e5som en tv\u00e5- eller femtr\u00e5ds fj\u00e4rrbrytare som inte kr\u00e4ver n\u00e5gon flygplansstr\u00f6m. Eftersom det \u00e4r en ELT med en utg\u00e5ng anv\u00e4nder ELT 3000 samma RF-utg\u00e5ng och endast en koaxialkabel f\u00f6r att \u00f6verf\u00f6ra b\u00e5de 406 MHz- och 121,5\/243 MHz-signaler. Det inbyggda navigationsgr\u00e4nssnittet minskar behovet av att montera ett sekund\u00e4rt externt gr\u00e4nssnitt, vilket avsev\u00e4rt minskar installationskostnaden. Det finns tv\u00e5 monteringsbrickor tillg\u00e4ngliga. En m\u00f6jligg\u00f6r minsta m\u00f6jliga fotavtryck medan den andra matchar \u00e4ldre ARTEX B- och C-serie ELT installationer, vilket ger ytterligare minskning av tekniska kostnader.      <\/p>\n<p>&nbsp;<\/p>\n<p><u>Produktegenskaper  <\/u><\/p>\n<ul>\n<li>Den minsta 406 MHz ELT som finns och den l\u00e4ttaste transportklassade ELT med ARINC\/ GPS RS232-gr\u00e4nssnitt<\/li>\n<li>Automatisk fast Emergency Locator Transmitter<\/li>\n<li>Trippelfrekvens n\u00f6dsignal, digitala 406 MHz och analoga 121,5\/243 MHz m\u00e5ls\u00f6kande signaler<\/li>\n<li>Automatisk aktivering via intern G-brytare Tribandantenn med enkel kontakt och kabel till s\u00e4ndaren<\/li>\n<li>Enkelt underh\u00e5ll och installation<\/li>\n<li>M\u00e5nga alternativ f\u00f6r fj\u00e4rrkontroll i cockpit finns tillg\u00e4ngliga<\/li>\n<li>Kan anslutas till inbyggd GPS via integrerat ARINC429- eller RS232-gr\u00e4nssnitt<\/li>\n<li>GPS data \u00e4r inb\u00e4ddad i digital \u00f6verf\u00f6ring vilket minskar s\u00f6kradien ner till 100 meter<\/li>\n<li>V\u00e4rldsomfattande Cospas-Sarsat -t\u00e4ckning 6 \u00e5rs batteritid (utbytbart)<\/li>\n<li>Helikopterversion med 5-axlig G-switch tillg\u00e4nglig<\/li>\n<li>Kompatibel med ARTEX 406Test.com satellitbekr\u00e4ftelsetestsystem<\/li>\n<li>Uppfyller b\u00e5de FAA- och EASA-krav<\/li>\n<\/ul>\n<p>&nbsp;<\/p>\n<p>ELT -paketlista<\/p>\n<table style=\"border-collapse: collapse; width: 745pt; border: none;\" width=\"994\">\n<colgroup>\n<col style=\"width: 140pt;\" width=\"187\">\n<col style=\"width: 219pt;\" width=\"292\">\n<col style=\"width: 197pt;\" width=\"263\">\n<col style=\"width: 189pt;\" width=\"252\"> <\/colgroup>\n<tbody>\n<tr style=\"height: 20.0pt;\">\n<td class=\"xl66\" style=\"border: none; height: 20.0pt; width: 140pt; text-align: center; vertical-align: middle; padding-top: 1px; padding-right: 1px; padding-left: 1px;\" width=\"187\" height=\"27\"><\/td>\n<td class=\"xl68\" style=\"border: 0.5pt solid gray; background: #3c404a; width: 219pt; text-align: center; vertical-align: middle; padding-top: 1px; padding-right: 1px; padding-left: 1px;\" width=\"292\"><span style=\"font-size: 11pt;\"><span style=\"color: #b0e40a;\"><span style=\"font-weight: bold;\"><span style=\"font-style: normal;\"><span style=\"text-decoration: none;\"><span style=\"font-family: Calibri,sans-serif;\">Antenn<\/span><\/span><\/span><\/span><\/span><\/span><\/td>\n<td class=\"xl68\" style=\"border: 0.5pt solid gray; background: #3c404a; border-left: none; width: 197pt; text-align: center; vertical-align: middle; padding-top: 1px; padding-right: 1px; padding-left: 1px;\" width=\"263\"><span style=\"font-size: 11pt;\"><span style=\"color: #b0e40a;\"><span style=\"font-weight: bold;\"><span style=\"font-style: normal;\"><span style=\"text-decoration: none;\"><span style=\"font-family: Calibri,sans-serif;\">Fj\u00e4rrbrytare och tillbeh\u00f6r<\/span><\/span><\/span><\/span><\/span><\/span><\/td>\n<td class=\"xl67\" style=\"border: none; background: #3c404a; border-left: none; width: 189pt; text-align: center; vertical-align: middle; border-width: 0.5pt; border-style: solid; border-color: gray windowtext gray gray; padding-top: 1px; padding-right: 1px; padding-left: 1px;\" width=\"252\"><span style=\"font-size: 11pt;\"><span style=\"color: #b0e40a;\"><span style=\"font-weight: bold;\"><span style=\"font-style: normal;\"><span style=\"text-decoration: none;\"><span style=\"font-family: Calibri,sans-serif;\">Manualer\/Godk\u00e4nnanden\/Nedladdningar<\/span><\/span><\/span><\/span><\/span><\/span><\/td>\n<\/tr>\n<tr style=\"height: 20.0pt;\">\n<td class=\"xl70\" style=\"border: 0.5pt solid gray; background: #b0e40a; height: 20.0pt; text-align: center; vertical-align: middle; padding-top: 1px; padding-right: 1px; padding-left: 1px;\" height=\"27\"><span style=\"font-size: 11pt;\"><span style=\"font-weight: 400;\"><span style=\"font-style: normal;\"><span style=\"text-decoration: none;\"><span style=\"font-family: Calibri,sans-serif;\">ELT 3000HM 8231<\/span><\/span><\/span><\/span><\/span><\/td>\n<td class=\"xl69\" style=\"border: none; padding-top: 1px; padding-right: 1px; padding-left: 1px; vertical-align: bottom;\"><span style=\"font-size: 11pt;\"><span style=\"font-weight: 400;\"><span style=\"font-style: normal;\"><span style=\"text-decoration: none;\"><span style=\"font-family: Calibri,sans-serif;\"> <\/span><\/span><\/span><\/span><\/span><\/td>\n<td class=\"xl66\" style=\"border: none; text-align: center; vertical-align: middle; padding-top: 1px; padding-right: 1px; padding-left: 1px;\"><\/td>\n<td class=\"xl66\" style=\"border: none; text-align: center; vertical-align: middle; padding-top: 1px; padding-right: 1px; padding-left: 1px;\"><a href=\"https:\/\/www.dropbox.com\/s\/ba7lq6uzc9ww7t6\/8231b.pdf?dl=1\"><span style=\"font-size: 11pt;\"><span style=\"font-weight: 400;\"><span style=\"font-style: normal;\"><span style=\"text-decoration: none;\"><span style=\"font-family: Calibri,sans-serif;\">Packlista<\/span><\/span><\/span><\/span><\/span><\/a><\/td>\n<\/tr>\n<tr style=\"height: 20.0pt;\">\n<td class=\"xl70\" style=\"border: 0.5pt solid gray; background: #b0e40a; height: 20.0pt; border-top: none; text-align: center; vertical-align: middle; padding-top: 1px; padding-right: 1px; padding-left: 1px;\" height=\"27\"><span style=\"font-size: 11pt;\"><span style=\"font-weight: 400;\"><span style=\"font-style: normal;\"><span style=\"text-decoration: none;\"><span style=\"font-family: Calibri,sans-serif;\">ELT 3000HM 8232<\/span><\/span><\/span><\/span><\/span><\/td>\n<td class=\"xl66\" style=\"border: none; text-align: center; vertical-align: middle; padding-top: 1px; padding-right: 1px; padding-left: 1px;\"><\/td>\n<td class=\"xl66\" style=\"border: none; text-align: center; vertical-align: middle; padding-top: 1px; padding-right: 1px; padding-left: 1px;\"><\/td>\n<td class=\"xl66\" style=\"border: none; text-align: center; vertical-align: middle; padding-top: 1px; padding-right: 1px; padding-left: 1px;\"><a href=\"https:\/\/www.dropbox.com\/s\/ugsb53vzphp6mvo\/8232b.pdf?dl=1\"><span style=\"font-size: 11pt;\"><span style=\"font-weight: 400;\"><span style=\"font-style: normal;\"><span style=\"text-decoration: none;\"><span style=\"font-family: Calibri,sans-serif;\">Packlista<\/span><\/span><\/span><\/span><\/span><\/a><\/td>\n<\/tr>\n<tr style=\"height: 20.0pt;\">\n<td class=\"xl70\" style=\"border: 0.5pt solid gray; background: #b0e40a; height: 20.0pt; border-top: none; text-align: center; vertical-align: middle; padding-top: 1px; padding-right: 1px; padding-left: 1px;\" height=\"27\"><span style=\"font-size: 11pt;\"><span style=\"font-weight: 400;\"><span style=\"font-style: normal;\"><span style=\"text-decoration: none;\"><span style=\"font-family: Calibri,sans-serif;\">ELT 3000HM 8233<\/span><\/span><\/span><\/span><\/span><\/td>\n<td class=\"xl66\" style=\"border: none; text-align: center; vertical-align: middle; padding-top: 1px; padding-right: 1px; padding-left: 1px;\"><span style=\"font-size: 11pt;\"><span style=\"font-weight: 400;\"><span style=\"font-style: normal;\"><span style=\"text-decoration: none;\"><span style=\"font-family: Calibri,sans-serif;\">110-338 (Vit) och 110-338-01 (Svart)<\/span><\/span><\/span><\/span><\/span><\/td>\n<td class=\"xl66\" style=\"border: none; text-align: center; vertical-align: middle; padding-top: 1px; padding-right: 1px; padding-left: 1px;\"><span style=\"font-size: 11pt;\"><span style=\"font-weight: 400;\"><span style=\"font-style: normal;\"><span style=\"text-decoration: none;\"><span style=\"font-family: Calibri,sans-serif;\">8304<\/span><\/span><\/span><\/span><\/span><\/td>\n<td class=\"xl66\" style=\"border: none; text-align: center; vertical-align: middle; padding-top: 1px; padding-right: 1px; padding-left: 1px;\"><a href=\"https:\/\/www.dropbox.com\/s\/1ranamkvy04fr97\/8233b.pdf?dl=1\"><span style=\"font-size: 11pt;\"><span style=\"font-weight: 400;\"><span style=\"font-style: normal;\"><span style=\"text-decoration: none;\"><span style=\"font-family: Calibri,sans-serif;\">Packlista<\/span><\/span><\/span><\/span><\/span><\/a><\/td>\n<\/tr>\n<\/tbody>\n<\/table>\n<p>&nbsp;<\/p>\n<p>Taggar: ARTEX , ARTEX ELT , ARTEX ELT 3000, Emergency Locator Transmitter , ELT 3000, 406 MHz, N\u00f6ds\u00e4ndare f\u00f6r flygplan, ELT f\u00f6r kommersiell flygindustri, ELT f\u00f6r transport<\/p>\n","protected":false},"excerpt":{"rendered":"<p>Den helt nya ARTEX ELT 3000HM \u00e4r en verkligt integrerad Emergency Locator Transmitter ( ELT ) av transportklass f\u00f6r rotorfarkoster. Den kompakta formfaktorn \u00e4r kopplad till det integrerade NAV-gr\u00e4nssnittet (ARINC429 eller RS232) vilket eliminerar kravet och kostnaden f\u00f6r att installera en separat NAV-gr\u00e4nssnittsenhet och ger betydande minskningar av vikt och kostnad. <\/p>\n<p><span style=\"color: #3366ff;\"><strong>Denna produkt har utg\u00e5tt<\/strong><\/span><\/p>\n<p><a href=\"https:\/\/www.acrartex.com\/survival-products\/406test\"><img decoding=\"async\" style=\"width: 300px; height: 41px;\" src=\"https:\/\/dk2ztu5ooimmu.cloudfront.net\/ckeditor_assets\/pictures\/146\/406Test_with_desc_-_Tag.gif\" alt=\"\"><\/a><\/p>\n","protected":false},"featured_media":150982,"template":"","meta":{"_acf_changed":false,"om_disable_all_campaigns":false},"product_brand":[],"product_cat":[5553,5556],"product_tag":[5560,5557,5562,5564],"class_list":{"0":"post-150978","1":"product","2":"type-product","3":"status-publish","4":"has-post-thumbnail","6":"product_cat-flyg","7":"product_cat-rotocraft-sv","8":"product_tag-406-sv","9":"product_tag-elt-sv","10":"product_tag-elt-3000-sv","11":"product_tag-nodlokaliseringssandare","12":"pa_aircraft-type-rotocraft-sv","13":"pa_product-arv","15":"first","16":"instock","17":"taxable","18":"shipping-taxable","19":"product-type-simple"},"acf":[],"_links":{"self":[{"href":"https:\/\/www.acrartex.com\/sv\/wp-json\/wp\/v2\/product\/150978","targetHints":{"allow":["GET"]}}],"collection":[{"href":"https:\/\/www.acrartex.com\/sv\/wp-json\/wp\/v2\/product"}],"about":[{"href":"https:\/\/www.acrartex.com\/sv\/wp-json\/wp\/v2\/types\/product"}],"wp:featuredmedia":[{"embeddable":true,"href":"https:\/\/www.acrartex.com\/sv\/wp-json\/wp\/v2\/media\/150982"}],"wp:attachment":[{"href":"https:\/\/www.acrartex.com\/sv\/wp-json\/wp\/v2\/media?parent=150978"}],"wp:term":[{"taxonomy":"product_brand","embeddable":true,"href":"https:\/\/www.acrartex.com\/sv\/wp-json\/wp\/v2\/product_brand?post=150978"},{"taxonomy":"product_cat","embeddable":true,"href":"https:\/\/www.acrartex.com\/sv\/wp-json\/wp\/v2\/product_cat?post=150978"},{"taxonomy":"product_tag","embeddable":true,"href":"https:\/\/www.acrartex.com\/sv\/wp-json\/wp\/v2\/product_tag?post=150978"}],"curies":[{"name":"wp","href":"https:\/\/api.w.org\/{rel}","templated":true}]}}