{"id":148263,"date":"2022-02-23T14:22:43","date_gmt":"2022-02-23T19:22:43","guid":{"rendered":"https:\/\/www.acrartex.com\/hur-en-epirb-plb-eller-elt-raddning-fungerar\/"},"modified":"2025-07-07T08:24:19","modified_gmt":"2025-07-07T13:24:19","slug":"hur-en-epirb-plb-eller-elt-raddning-fungerar","status":"publish","type":"page","link":"https:\/\/www.acrartex.com\/sv\/hur-en-epirb-plb-eller-elt-raddning-fungerar\/","title":{"rendered":"Hur en EPIRB , PLB eller ELT -r\u00e4ddning fungerar"},"content":{"rendered":"\n<p>Det finns tre typer av fyrar som fungerar direkt med det internationella r\u00e4ddningssatellitsystemet <a href=\"https:\/\/www.cospas-sarsat.int\/en\/\">Cospas-Sarsat<\/a> , var och en unikt utformad f\u00f6r sin typ av till\u00e4mpning: n\u00f6ds\u00e4ndare ( <a href=\"https:\/\/www.acrartex.com\/product-category\/aviation\/\">ELT<\/a> ) som anv\u00e4nds av flygbranschen, n\u00f6dradiofyrar ( <a href=\"https:\/\/www.acrartex.com\/products\/globalfix-v4-epirb-emergency-positioning-indicading-radio-beacon\/\">EPIRB<\/a> ) som anv\u00e4nds i maritim milj\u00f6 och personliga positionsindikerande radiofyrar ( <a href=\"https:\/\/www.acrartex.com\/products\/resqlink-400\/\">PLB<\/a> ) som anv\u00e4nds av individer i flera utomhusaktiviteter.<\/p>\n\n<p>N\u00e4r de aktiveras skickar ELT:er, EPIRB:er och PLB:er en unik n\u00f6dsignal p\u00e5 406 MHz-frekvensen till s\u00f6k- och r\u00e4ddningssatelliterna. Varje fyr \u00e4r programmerad med och skickar en unik digital kod som kallas HEX-ID eller unikt ID. HEX-ID:t identifierar typen av fyr och Search and Rescue anv\u00e4nder HEX-ID:t f\u00f6r att identifiera den fyrregistreringsinformation som tillhandah\u00e5lls av fyr\u00e4garen. Denna information kan inkludera: vem fyr\u00e4garen \u00e4r, vilken typ av flygplan eller fartyg fyren \u00e4r associerad med (f\u00f6r ELT:er och EPIRB:er), n\u00f6dkontaktpunkter, f\u00e4rdplaner, flytplaner och reseplaner och mycket mer.     <\/p>\n\n<p>N\u00e4r satelliten mottagit en n\u00f6dsignal vidarebefordrar den signalen till markstationer som kallas lokala anv\u00e4ndarterminaler (LUT). LUT:n bearbetar data, ber\u00e4knar n\u00f6dsignalens plats och s\u00e4nder ett avkodat varningsmeddelande till sin tillh\u00f6rande nationella kontrollcentral (MCC). Detta sker n\u00e4stan omedelbart efter att den f\u00f6rsta n\u00f6dsignalen har mottagits.  <\/p>\n\n<p>Missionskontrollcentralen matchar och sammanfogar sedan automatiskt larmmeddelanden med andra mottagna meddelanden, sorterar informationen geografiskt och skickar ett n\u00f6dmeddelande till n\u00e4rmaste l\u00e4mpliga SAR-myndighet, s\u00e5som en nationell r\u00e4ddningscentral (RCC), en utl\u00e4ndsk SAR-kontaktpunkt (SPOC) och en annan MCC om fyren till exempel \u00e4r registrerad i ett annat land. RCC unders\u00f6ker fyrlarmet och skickar in r\u00e4ddningsresurser f\u00f6r att hitta de n\u00f6dst\u00e4llda om n\u00f6den bed\u00f6ms vara \u00e4kta. Detta kan ske mycket snabbare n\u00e4r fyren \u00e4r korrekt registrerad.  <\/p>\n\n<figure class=\"wp-block-video aligncenter\"><video height=\"1080\" style=\"aspect-ratio: 1920 \/ 1080;\" width=\"1920\" autoplay=\"\" loop=\"\" muted=\"\" src=\"https:\/\/www.acrartex.com\/wp-content\/uploads\/2022\/02\/ACR-How-Does-it-Work-15-sec.mp4\" playsinline=\"\"><\/video><\/figure>\n\n<h2 class=\"wp-block-heading\" id=\"h-rescue-overview\">\u00d6versikt \u00f6ver r\u00e4ddning<\/h2>\n\n<ol class=\"wp-block-list\"><li>406 MHz n\u00f6danrop \u00e4r aktiverat<\/li><li>S\u00f6k- och r\u00e4ddningssatelliter (SAR) vidarebefordrar n\u00f6dsignaler ner till jorden. Markstationer som kallas lokala anv\u00e4ndarterminaler (LUT).<\/li><li>Markstationer vidarebefordrar n\u00f6dmeddelanden till Mission Control Centers (MCC)<\/li><li>MCC larmar n\u00e4rmaste r\u00e4ddningscentraler (RCC)<\/li><li>RCC ringer n\u00f6dkontakter och skickar ut n\u00e4rmaste SAR-team<\/li><li>SAR-team anl\u00e4nder till platsen och r\u00e4ddar \u00f6verlevande<\/li><\/ol>\n\n<h2 class=\"wp-block-heading\" id=\"h-lives-saved-since-1982\">Liv r\u00e4ddade sedan 1982<\/h2>\n\n<ul class=\"wp-block-list\"><li>V\u00e4rlden \u00f6ver \u2013 <strong>\u00d6ver 48 000+<\/strong> m\u00e4nniskor r\u00e4ddade<\/li><li>USA \u2013 <strong>9 753<\/strong> personer r\u00e4ddades<\/li><\/ul>\n\n<figure class=\"wp-block-embed is-type-video is-provider-youtube wp-block-embed-youtube wp-embed-aspect-16-9 wp-has-aspect-ratio\"><div class=\"wp-block-embed__wrapper\">\n<iframe loading=\"lazy\" title=\"Cospas-Sarsat - How it Works\" width=\"500\" height=\"281\" src=\"https:\/\/www.youtube.com\/embed\/8jHOvWZTNjI?start=3&#038;feature=oembed\" frameborder=\"0\" allow=\"accelerometer; autoplay; clipboard-write; encrypted-media; gyroscope; picture-in-picture; web-share\" referrerpolicy=\"strict-origin-when-cross-origin\" allowfullscreen><\/iframe>\n<\/div><\/figure>\n\n<p><\/p>\n","protected":false},"excerpt":{"rendered":"<p>Det finns tre typer av fyrar som fungerar direkt med det internationella r\u00e4ddningssatellitsystemet Cospas-Sarsat , var och en unikt utformad f\u00f6r sin typ av till\u00e4mpning: n\u00f6ds\u00e4ndare ( ELT ) som anv\u00e4nds av flygbranschen, n\u00f6dradiofyrar ( EPIRB ) som anv\u00e4nds i maritim milj\u00f6 och personliga positionsindikerande radiofyrar ( PLB ) som anv\u00e4nds av individer i flera [&hellip;]<\/p>\n","protected":false},"author":5,"featured_media":0,"parent":0,"menu_order":0,"comment_status":"closed","ping_status":"closed","template":"","meta":{"_acf_changed":false,"om_disable_all_campaigns":false,"footnotes":""},"class_list":["post-148263","page","type-page","status-publish","hentry"],"acf":[],"_links":{"self":[{"href":"https:\/\/www.acrartex.com\/sv\/wp-json\/wp\/v2\/pages\/148263","targetHints":{"allow":["GET"]}}],"collection":[{"href":"https:\/\/www.acrartex.com\/sv\/wp-json\/wp\/v2\/pages"}],"about":[{"href":"https:\/\/www.acrartex.com\/sv\/wp-json\/wp\/v2\/types\/page"}],"author":[{"embeddable":true,"href":"https:\/\/www.acrartex.com\/sv\/wp-json\/wp\/v2\/users\/5"}],"replies":[{"embeddable":true,"href":"https:\/\/www.acrartex.com\/sv\/wp-json\/wp\/v2\/comments?post=148263"}],"version-history":[{"count":1,"href":"https:\/\/www.acrartex.com\/sv\/wp-json\/wp\/v2\/pages\/148263\/revisions"}],"predecessor-version":[{"id":148264,"href":"https:\/\/www.acrartex.com\/sv\/wp-json\/wp\/v2\/pages\/148263\/revisions\/148264"}],"wp:attachment":[{"href":"https:\/\/www.acrartex.com\/sv\/wp-json\/wp\/v2\/media?parent=148263"}],"curies":[{"name":"wp","href":"https:\/\/api.w.org\/{rel}","templated":true}]}}