{"id":147227,"date":"2025-04-30T15:07:49","date_gmt":"2025-04-30T20:07:49","guid":{"rendered":"https:\/\/www.acrartex.com\/acr-instrumentpanel-vanliga-fragor\/"},"modified":"2025-07-07T07:00:22","modified_gmt":"2025-07-07T12:00:22","slug":"acr-instrumentpanel-vanliga-fragor","status":"publish","type":"page","link":"https:\/\/www.acrartex.com\/sv\/acr-instrumentpanel-vanliga-fragor\/","title":{"rendered":"ACR instrumentpanel \u2013 Vanliga fr\u00e5gor"},"content":{"rendered":"\n<p><strong>F:<\/strong> Vad h\u00e4nder om jag gl\u00f6mmer mitt l\u00f6senord?<\/p>\n\n<p><strong>A:<\/strong> Skicka ett e-postmeddelande till v\u00e5rt team p\u00e5 <a href=\"mailto:cs.dashboard@acrartex.com\">cs.dashboard@acrartex.com<\/a> s\u00e5 \u00e5terkommer vi med ditt l\u00f6senord.<\/p>\n\n<div style=\"height:20px\" aria-hidden=\"true\" class=\"wp-block-spacer\"><\/div>\n\n<p><strong>F:<\/strong> Jag \u00e4r en ensam anv\u00e4ndare f\u00f6r mitt konto, men jag skulle vilja l\u00e4gga till fler personer fr\u00e5n mitt f\u00f6retag som ska ha \u00e5tkomst.<\/p>\n\n<p><strong>A:<\/strong> Vi kan skapa ett anv\u00e4ndarnamn och l\u00f6senord f\u00f6r gruppen som alla kan dela. Skicka ett e-postmeddelande till v\u00e5r kundtj\u00e4nst p\u00e5 <a href=\"mailto:cs.dashboard@acrartex.com\">cs.dashboard@acrartex.com<\/a> med din f\u00f6rfr\u00e5gan s\u00e5 \u00e5terkommer vi med din nya information. <\/p>\n\n<p>F: Vem kontaktar jag om jag har problem med kundportalen?<\/p>\n\n<p>A: Vi har ett dedikerat kundtj\u00e4nstteam som \u00e4r redo att hj\u00e4lpa dig. Skicka ett e-postmeddelande till cs.dashboard@acrartex.com med en beskrivning av ditt problem eller dina fr\u00e5gor. En av v\u00e5ra agenter kommer att svara inom 2 arbetstimmar efter att vi mottagit ditt e-postmeddelande.    <\/p>\n\n<p>F: Vem kontaktar jag om jag har n\u00e5gra fr\u00e5gor ang\u00e5ende min faktura?<\/p>\n\n<p>A: F\u00f6r fr\u00e5gor g\u00e4llande din faktura eller ditt kontoutdrag, v\u00e4nligen maila <strong><a>ar@acrartex.com<\/a><\/strong> . En medlem i v\u00e5rt ekonomiteam kommer att granska din f\u00f6rfr\u00e5gan och kontakta dig direkt. <\/p>\n\n<p>Om dina fr\u00e5gor eller funderingar g\u00e4ller kreditkortsbetalningar som g\u00f6rs via kundportalen, v\u00e4nligen kontakta <strong><a>cs.dashboard@acrartex.com<\/a><\/strong> . En kundtj\u00e4nstmedarbetare kommer att hj\u00e4lpa dig. <\/p>\n\n<p><\/p>\n","protected":false},"excerpt":{"rendered":"<p>F: Vad h\u00e4nder om jag gl\u00f6mmer mitt l\u00f6senord? A: Skicka ett e-postmeddelande till v\u00e5rt team p\u00e5 cs.dashboard@acrartex.com s\u00e5 \u00e5terkommer vi med ditt l\u00f6senord. F: Jag \u00e4r en ensam anv\u00e4ndare f\u00f6r mitt konto, men jag skulle vilja l\u00e4gga till fler personer fr\u00e5n mitt f\u00f6retag som ska ha \u00e5tkomst. A: Vi kan skapa ett anv\u00e4ndarnamn och l\u00f6senord [&hellip;]<\/p>\n","protected":false},"author":23,"featured_media":0,"parent":0,"menu_order":0,"comment_status":"closed","ping_status":"closed","template":"","meta":{"_acf_changed":false,"om_disable_all_campaigns":false,"footnotes":""},"class_list":["post-147227","page","type-page","status-publish","hentry"],"acf":[],"_links":{"self":[{"href":"https:\/\/www.acrartex.com\/sv\/wp-json\/wp\/v2\/pages\/147227","targetHints":{"allow":["GET"]}}],"collection":[{"href":"https:\/\/www.acrartex.com\/sv\/wp-json\/wp\/v2\/pages"}],"about":[{"href":"https:\/\/www.acrartex.com\/sv\/wp-json\/wp\/v2\/types\/page"}],"author":[{"embeddable":true,"href":"https:\/\/www.acrartex.com\/sv\/wp-json\/wp\/v2\/users\/23"}],"replies":[{"embeddable":true,"href":"https:\/\/www.acrartex.com\/sv\/wp-json\/wp\/v2\/comments?post=147227"}],"version-history":[{"count":1,"href":"https:\/\/www.acrartex.com\/sv\/wp-json\/wp\/v2\/pages\/147227\/revisions"}],"predecessor-version":[{"id":147228,"href":"https:\/\/www.acrartex.com\/sv\/wp-json\/wp\/v2\/pages\/147227\/revisions\/147228"}],"wp:attachment":[{"href":"https:\/\/www.acrartex.com\/sv\/wp-json\/wp\/v2\/media?parent=147227"}],"curies":[{"name":"wp","href":"https:\/\/api.w.org\/{rel}","templated":true}]}}