{"id":146889,"date":"2021-02-12T16:04:28","date_gmt":"2021-02-12T21:04:28","guid":{"rendered":"https:\/\/www.acrartex.com\/foretag\/"},"modified":"2025-07-07T06:02:59","modified_gmt":"2025-07-07T11:02:59","slug":"foretag","status":"publish","type":"page","link":"https:\/\/www.acrartex.com\/sv\/foretag\/","title":{"rendered":"F\u00f6retag"},"content":{"rendered":"\n<div class=\"wp-block-group about-us-block\"><div class=\"wp-block-group__inner-container is-layout-flow wp-block-group-is-layout-flow\">\n<h2 class=\"wp-block-heading\"><span style=\"color:#1a1818\" class=\"has-inline-color\">OM OSS<\/span><\/h2>\n\n\n\n<p><span style=\"color:#1a1818\" class=\"has-inline-color\">ACR Electronics , Inc. \u00e4r det ledande utvecklingscentret f\u00f6r n\u00f6ds\u00e4ndare som \u00e4r utformade med ett syfte: att r\u00e4dda liv. Genom v\u00e5r kombinerade tekniska expertis inom <a href=\"https:\/\/www.acrartex.com\/product-category\/marine\/\">marin<\/a> , <a href=\"http:\/\/www.artex.com\">flyg-<\/a> , <a href=\"https:\/\/www.acrartex.com\/product-category\/outdoor\/\">utomhus-<\/a> och milit\u00e4ra marknader designar och tillverkar vi banbrytande r\u00e4ddnings\u00e4ndare och \u00f6verlevnadsutrustning f\u00f6r b\u00e5t\u00e4gare, piloter, j\u00e4gare, vandrare, kl\u00e4ttrare, cyklister och stridstrupper, f\u00f6r att inte tala om m\u00e5nga av de ledande b\u00e5tbyggarna och flygplanstillverkarna i branschen. <\/span><\/p>\n\n\n\n<p><span style=\"color:#1a1818\" class=\"has-inline-color\">Sedan 1956 har ACR :s breda utbud av \u00f6verlevnadsprodukter varit NASA:s, den amerikanska milit\u00e4rens, den amerikanska kustbevakningens och vardagsresande och \u00e4ventyrares val \u00f6ver hela v\u00e4rlden. Med allt fr\u00e5n n\u00f6ds\u00e4ndare och r\u00e4ddningsfyrar till de speciella ficklamporna som anv\u00e4ndes p\u00e5 Apollo 13 efter deras explosion ombord, bygger ACR produkter som \u00e4r gjorda f\u00f6r att fungera under expeditioner av alla storlekar. <\/span><\/p>\n<\/div><\/div>\n\n<div class=\"wp-block-group links-block\"><div class=\"wp-block-group__inner-container is-layout-flow wp-block-group-is-layout-flow\">\n<div class=\"wp-block-buttons is-layout-flex wp-block-buttons-is-layout-flex\">\n<div class=\"wp-block-button\"><a class=\"wp-block-button__link\" href=\"http:\/\/www.acrartex.com\/capabilities\/\">V\u00e5ra f\u00f6rm\u00e5gor<\/a><\/div>\n\n\n\n<div class=\"wp-block-button\"><a class=\"wp-block-button__link\" href=\"http:\/\/www.acrartex.com\/quality\/\">Kvalitetsledningssystem<\/a><\/div>\n\n\n\n<div class=\"wp-block-button\"><a class=\"wp-block-button__link\" href=\"http:\/\/www.acrartex.com\/use-of-conflict-minerals\/\">Anv\u00e4ndning av konfliktmaterial<\/a><\/div>\n\n\n\n<div class=\"wp-block-button\"><a class=\"wp-block-button__link\" href=\"http:\/\/www.acrartex.com\/reach-rohs-compliance\/\">N\u00e5 ROHS-efterlevnad<\/a><\/div>\n<\/div>\n<\/div><\/div>\n\n<h2 class=\"wp-block-heading\" id=\"h-our-brands\">V\u00e5ra varum\u00e4rken<\/h2>\n\n<div class=\"wp-block-group brands-block\"><div class=\"wp-block-group__inner-container is-layout-flow wp-block-group-is-layout-flow\">\n<div class=\"wp-block-group brand-item-block\"><div class=\"wp-block-group__inner-container is-layout-flow wp-block-group-is-layout-flow\">\n<div class=\"wp-block-image is-style-default\"><figure class=\"aligncenter size-large is-resized\"><a href=\"www.artex.com\" target=\"_blank\" rel=\"noopener noreferrer\"><img loading=\"lazy\" decoding=\"async\" src=\"https:\/\/www.acrartex.com\/wp-content\/uploads\/2021\/02\/artex_logo_gray-1-1024x297.png\" alt=\"\" class=\"wp-image-356\" width=\"512\" height=\"149\" srcset=\"https:\/\/www.acrartex.com\/wp-content\/uploads\/2021\/02\/artex_logo_gray-1-1024x297.png 1024w, https:\/\/www.acrartex.com\/wp-content\/uploads\/2021\/02\/artex_logo_gray-1-300x87.png 300w, https:\/\/www.acrartex.com\/wp-content\/uploads\/2021\/02\/artex_logo_gray-1-768x223.png 768w, https:\/\/www.acrartex.com\/wp-content\/uploads\/2021\/02\/artex_logo_gray-1-1536x446.png 1536w, https:\/\/www.acrartex.com\/wp-content\/uploads\/2021\/02\/artex_logo_gray-1-2048x595.png 2048w, https:\/\/www.acrartex.com\/wp-content\/uploads\/2021\/02\/artex_logo_gray-1-600x174.png 600w\" sizes=\"auto, (max-width: 512px) 100vw, 512px\" \/><\/a><\/figure><\/div>\n\n\n\n<p>ARTEX designar och tillverkar ett brett utbud av n\u00f6dlokaliseringss\u00e4ndare (ELT) f\u00f6r allm\u00e4n, kommersiell, kommersiell och milit\u00e4r flygtill\u00e4mpningar, samt batteripaket och ELT tillbeh\u00f6r. ARTEX \u00e4r ett globalt f\u00f6retag med kunder som str\u00e4cker sig fr\u00e5n privatpiloter till v\u00e4rldens st\u00f6rsta tillverkare av flygplanskroppar, flygbolag och myndigheter. <\/p>\n\n\n\n<p>F\u00f6r mer information, bes\u00f6k <a href=\"http:\/\/www.ARTEX.com\" data-type=\"URL\" data-id=\"http:\/\/www.ARTEX.com\" target=\"_blank\" rel=\"noreferrer noopener\">ARTEX<\/a><\/p>\n<\/div><\/div>\n\n\n\n<div class=\"wp-block-group brand-item-block\"><div class=\"wp-block-group__inner-container is-layout-flow wp-block-group-is-layout-flow\">\n<div class=\"wp-block-image is-style-default\"><figure class=\"aligncenter size-large is-resized\"><a href=\"https:\/\/www.oceansignal.com\" target=\"_blank\" rel=\"noopener noreferrer\"><img loading=\"lazy\" decoding=\"async\" src=\"https:\/\/www.acrartex.com\/wp-content\/uploads\/2021\/02\/OSL_logo-gray-1024x610.png\" alt=\"\" class=\"wp-image-353\" width=\"256\" height=\"153\" srcset=\"https:\/\/www.acrartex.com\/wp-content\/uploads\/2021\/02\/OSL_logo-gray-1024x610.png 1024w, https:\/\/www.acrartex.com\/wp-content\/uploads\/2021\/02\/OSL_logo-gray-300x179.png 300w, https:\/\/www.acrartex.com\/wp-content\/uploads\/2021\/02\/OSL_logo-gray-768x457.png 768w, https:\/\/www.acrartex.com\/wp-content\/uploads\/2021\/02\/OSL_logo-gray-1536x914.png 1536w, https:\/\/www.acrartex.com\/wp-content\/uploads\/2021\/02\/OSL_logo-gray-2048x1219.png 2048w, https:\/\/www.acrartex.com\/wp-content\/uploads\/2021\/02\/OSL_logo-gray-600x357.png 600w\" sizes=\"auto, (max-width: 256px) 100vw, 256px\" \/><\/a><\/figure><\/div>\n\n\n\n<p>Ocean Signal designar och tillverkar exceptionella s\u00e4kerhets- och kommunikationsprodukter som konsekvent uppfyller eller \u00f6vertr\u00e4ffar internationella tekniska standarder och s\u00e4kerhetsstandarder. Alla Ocean Signal produkter utvecklas genom noggrann design och innovation, vilket s\u00e4kerst\u00e4ller att alla anv\u00e4ndare alltid \u00e4r redo att anv\u00e4nda deras utrustning, oavsett vilken typ av situation de kan st\u00e4llas inf\u00f6r. <\/p>\n\n\n\n<p>F\u00f6r mer information, bes\u00f6k <a href=\"http:\/\/www.oceansignal.com\" data-type=\"URL\" data-id=\"www.oceansignal.com\">www.oceansignal.com<\/a><\/p>\n<\/div><\/div>\n\n\n\n<div class=\"wp-block-group brand-item-block\"><div class=\"wp-block-group__inner-container is-layout-flow wp-block-group-is-layout-flow\">\n<div class=\"wp-block-image is-style-default\"><figure class=\"aligncenter size-large is-resized\"><a href=\"https:\/\/www.uml.co.uk\/\" target=\"_blank\" rel=\"noopener noreferrer\"><img loading=\"lazy\" decoding=\"async\" src=\"https:\/\/www.acrartex.com\/wp-content\/uploads\/2021\/02\/UML_logo_gray-1024x1024.png\" alt=\"\" class=\"wp-image-355\" width=\"256\" height=\"256\" srcset=\"https:\/\/www.acrartex.com\/wp-content\/uploads\/2021\/02\/UML_logo_gray-1024x1024.png 1024w, https:\/\/www.acrartex.com\/wp-content\/uploads\/2021\/02\/UML_logo_gray-300x300.png 300w, https:\/\/www.acrartex.com\/wp-content\/uploads\/2021\/02\/UML_logo_gray-150x150.png 150w, https:\/\/www.acrartex.com\/wp-content\/uploads\/2021\/02\/UML_logo_gray-768x768.png 768w, https:\/\/www.acrartex.com\/wp-content\/uploads\/2021\/02\/UML_logo_gray-1536x1536.png 1536w, https:\/\/www.acrartex.com\/wp-content\/uploads\/2021\/02\/UML_logo_gray-2048x2048.png 2048w, https:\/\/www.acrartex.com\/wp-content\/uploads\/2021\/02\/UML_logo_gray-600x600.png 600w, https:\/\/www.acrartex.com\/wp-content\/uploads\/2021\/02\/UML_logo_gray-100x100.png 100w\" sizes=\"auto, (max-width: 256px) 100vw, 256px\" \/><\/a><\/figure><\/div>\n\n\n\n<p>United Moulders Ltd (UML) designar och tillverkar ett komplett sortiment av ISO 12402-7-godk\u00e4nda flytv\u00e4stuppbl\u00e5sningssystem som anv\u00e4nds i stor utstr\u00e4ckning inom fritids-, kommersiella och milit\u00e4ra sektorer.  <\/p>\n\n\n\n<p>F\u00f6r mer information, bes\u00f6k <a href=\"http:\/\/www.UML.co.uk.\" data-type=\"URL\" data-id=\"www.UML.co.uk.\">www.UML.co.uk.<\/a><\/p>\n<\/div><\/div>\n<\/div><\/div>\n","protected":false},"excerpt":{"rendered":"<p>V\u00e5ra varum\u00e4rken ARTEX designar och tillverkar ett brett utbud av n\u00f6dlokaliseringss\u00e4ndare (ELT) f\u00f6r allm\u00e4n, kommersiell, kommersiell och milit\u00e4r flygtill\u00e4mpningar, samt batteripaket och ELT tillbeh\u00f6r. ARTEX \u00e4r ett globalt f\u00f6retag med kunder som str\u00e4cker sig fr\u00e5n privatpiloter till v\u00e4rldens st\u00f6rsta tillverkare av flygplanskroppar, flygbolag och myndigheter. F\u00f6r mer information, bes\u00f6k ARTEX Ocean Signal designar och tillverkar [&hellip;]<\/p>\n","protected":false},"author":1,"featured_media":0,"parent":0,"menu_order":0,"comment_status":"closed","ping_status":"closed","template":"pagetemplate-company.php","meta":{"_acf_changed":false,"om_disable_all_campaigns":false,"footnotes":""},"class_list":["post-146889","page","type-page","status-publish","hentry"],"acf":[],"_links":{"self":[{"href":"https:\/\/www.acrartex.com\/sv\/wp-json\/wp\/v2\/pages\/146889","targetHints":{"allow":["GET"]}}],"collection":[{"href":"https:\/\/www.acrartex.com\/sv\/wp-json\/wp\/v2\/pages"}],"about":[{"href":"https:\/\/www.acrartex.com\/sv\/wp-json\/wp\/v2\/types\/page"}],"author":[{"embeddable":true,"href":"https:\/\/www.acrartex.com\/sv\/wp-json\/wp\/v2\/users\/1"}],"replies":[{"embeddable":true,"href":"https:\/\/www.acrartex.com\/sv\/wp-json\/wp\/v2\/comments?post=146889"}],"version-history":[{"count":1,"href":"https:\/\/www.acrartex.com\/sv\/wp-json\/wp\/v2\/pages\/146889\/revisions"}],"predecessor-version":[{"id":146893,"href":"https:\/\/www.acrartex.com\/sv\/wp-json\/wp\/v2\/pages\/146889\/revisions\/146893"}],"wp:attachment":[{"href":"https:\/\/www.acrartex.com\/sv\/wp-json\/wp\/v2\/media?parent=146889"}],"curies":[{"name":"wp","href":"https:\/\/api.w.org\/{rel}","templated":true}]}}