{"id":146856,"date":"2021-02-26T09:20:08","date_gmt":"2021-02-26T14:20:08","guid":{"rendered":"https:\/\/www.acrartex.com\/kvalitet\/"},"modified":"2025-07-07T06:01:02","modified_gmt":"2025-07-07T11:01:02","slug":"kvalitet","status":"publish","type":"page","link":"https:\/\/www.acrartex.com\/sv\/kvalitet\/","title":{"rendered":"Kvalitet"},"content":{"rendered":"\n<p>P\u00e5 ACR \/Artex bygger vi kvalitetsprodukter med vetskapen om att de anv\u00e4nds f\u00f6r att r\u00e4dda liv. I v\u00e5r verksamhet \u00e4r vetenskap allt: den tillhandah\u00e5ller lagar, processer och tillf\u00f6rlitliga resultat som vi anv\u00e4nder f\u00f6r att framg\u00e5ngsrikt \u00f6verlista det of\u00f6ruts\u00e4gbara. V\u00e5rt f\u00f6retags existens bygger p\u00e5 principen om kontinuerlig f\u00f6rb\u00e4ttring. Vi \u00e4r kr\u00e4vande, detaljerade och noggranna. Du kommer aldrig att h\u00f6ra oss be om urs\u00e4kt f\u00f6r att vi \u00e4r alltf\u00f6r noggranna och besatta av kvalitet. Vi l\u00e4gger enorma m\u00e4ngder tid p\u00e5 att hitta nya s\u00e4tt att utmana v\u00e5ra produkter, eftersom vi tror att v\u00e5ra kunder f\u00f6rtj\u00e4nar inget annat \u00e4n det absolut b\u00e4sta. Vi designar produkter f\u00f6r att \u00f6vertr\u00e4ffa alla regler som myndigheter s\u00e4tter f\u00f6r oss. Med andra ord b\u00f6rjar v\u00e5ra testinsatser ofta d\u00e4r myndighetsstandarder slutar. F\u00f6r oss inneb\u00e4r kvalitet att k\u00e4nna till den exakta kemiska och metalliska sammans\u00e4ttningen av varje komponent i var och en av v\u00e5ra produkter. Det inneb\u00e4r att utveckla tester f\u00f6r att validera varje p\u00e5st\u00e5ende vi g\u00f6r. Det inneb\u00e4r att vi blankt avvisar alla felkvot som v\u00e5ra konkurrenter anser vara acceptabel. Enkelt uttryckt, om det inte \u00e4r b\u00e4st, s\u00e5 \u00e4r det inte ACR \/Artex. KVALITETSLEDNINGSSYSTEM All verksamhet inom ACR Electronics , Inc ( ACR \/Artex) \u00e4r f\u00f6rem\u00e5l f\u00f6r tillsyn av Federal Aviation Administration (FAA) och regelbundna revisioner enligt Federal Aviation Regulations (FAR). ACR kvalitetsledningssystem (QMS) \u00e4r dokumenterat i en kvalitetsmanual och procedurer som \u00e4r godk\u00e4nda av FAA. Artex ELT produkter \u00e4r godk\u00e4nda av FAA enligt Technical Standard Orders (TSO), motsvarande europeiska kvalifikationer \u2013 ETSO, och andra regionala godk\u00e4nnandeorgan. F\u00f6r att b\u00e4ttre betj\u00e4na v\u00e5ra kunder har ACR \/Artex en kontrakterad FAR-145-godk\u00e4nd reparationsstation, som \u00e4r f\u00f6rem\u00e5l f\u00f6r separat FAA-godk\u00e4nnande och tillsyn. F\u00f6r att uppfylla kraven fr\u00e5n v\u00e5ra OEM-kunder har ACR \/Artex registrerat sitt QMS enligt de internationella kvalitetssystemstandarderna AS9100D (Aerospace) och ISO-9001: 2015. ACR :s registrator \u00e4r TUV USA, Inc. och \u00e4r listad i Online Aerospace Supplier Information System (IAQG-OASIS) databas.                 <\/p>\n\n<figure class=\"wp-block-image size-large\"><a href=\"https:\/\/www.acrartex.com\/wp-content\/uploads\/2022\/03\/image.png\"><img loading=\"lazy\" decoding=\"async\" width=\"1024\" height=\"111\" src=\"https:\/\/www.acrartex.com\/wp-content\/uploads\/2022\/03\/image-1024x111.png\" alt=\"\" class=\"wp-image-28338\" srcset=\"https:\/\/www.acrartex.com\/wp-content\/uploads\/2022\/03\/image-1024x111.png 1024w, https:\/\/www.acrartex.com\/wp-content\/uploads\/2022\/03\/image-300x32.png 300w, https:\/\/www.acrartex.com\/wp-content\/uploads\/2022\/03\/image-768x83.png 768w, https:\/\/www.acrartex.com\/wp-content\/uploads\/2022\/03\/image-600x65.png 600w, https:\/\/www.acrartex.com\/wp-content\/uploads\/2022\/03\/image.png 1339w\" sizes=\"auto, (max-width: 1024px) 100vw, 1024px\" \/><\/a><\/figure>\n\n<p><strong>Kvalitetscertifieringar:<\/strong><\/p>\n\n<p class=\"has-vivid-cyan-blue-color has-text-color\"><a href=\"https:\/\/www.dropbox.com\/scl\/fi\/v5ydoa395w61i3hb47e8e\/ISO-9001-and-AS9100D-Certification.pdf?rlkey=rigwfe1zbfejlavr32ovnocfi&amp;st=8vv015y7&amp;dl=1\">ISO 9001- och AS9100D-certifiering<\/a><\/p>\n\n<p class=\"has-vivid-cyan-blue-color has-text-color\"><a href=\"https:\/\/www.dropbox.com\/scl\/fi\/bj7464lwwz577bvvvuzfo\/FAA-Air-Agency-Certificate_Manufacturer-Maintenance-Facility.pdf?rlkey=ncqrwf5xvba8eystumuox5iqd&amp;dl=1\">FAA Air Agency-certifikat (tillverkarens underh\u00e5llsanl\u00e4ggning)<\/a><\/p>\n\n<p class=\"has-vivid-cyan-blue-color has-text-color\"><a href=\"https:\/\/www.dropbox.com\/scl\/fi\/m1mtjkp8v5tdgi4oh2fbn\/FAA-Air-Agency-Certificate_Repair-Station.pdf?rlkey=jblwgu85vrjp3xhp8590ssb17&amp;dl=1\">FAA Air Agency-certifikat (reparationsstation)<\/a><\/p>\n\n<p class=\"has-vivid-cyan-blue-color has-text-color\"><a href=\"https:\/\/www.dropbox.com\/scl\/fi\/dh8quhkwvbp0tetyiudah\/FAA_Operations-Specifications.pdf?rlkey=odkhobvjvzjzu6ddwne4xmhyo&amp;dl=1\">FAA:s driftsspecifikationer<\/a><\/p>\n\n<p class=\"has-vivid-cyan-blue-color has-text-color\"><a href=\"https:\/\/www.dropbox.com\/scl\/fi\/ssjmpyvgrgushnbb1diln\/EASA-Part-145__Approval-Renewal__pg-1-2___Expires-_01-June-2026.pdf?rlkey=v92tqo9evrpwgujiq6rbk9shy&amp;st=kg2trlrv&amp;dl=1\">EASA Del 145 Godk\u00e4nnandeintyg<\/a><\/p>\n","protected":false},"excerpt":{"rendered":"<p>P\u00e5 ACR \/Artex bygger vi kvalitetsprodukter med vetskapen om att de anv\u00e4nds f\u00f6r att r\u00e4dda liv. I v\u00e5r verksamhet \u00e4r vetenskap allt: den tillhandah\u00e5ller lagar, processer och tillf\u00f6rlitliga resultat som vi anv\u00e4nder f\u00f6r att framg\u00e5ngsrikt \u00f6verlista det of\u00f6ruts\u00e4gbara. V\u00e5rt f\u00f6retags existens bygger p\u00e5 principen om kontinuerlig f\u00f6rb\u00e4ttring. Vi \u00e4r kr\u00e4vande, detaljerade och noggranna. Du kommer [&hellip;]<\/p>\n","protected":false},"author":2,"featured_media":0,"parent":0,"menu_order":0,"comment_status":"closed","ping_status":"closed","template":"","meta":{"_acf_changed":false,"om_disable_all_campaigns":false,"footnotes":""},"class_list":["post-146856","page","type-page","status-publish","hentry"],"acf":[],"_links":{"self":[{"href":"https:\/\/www.acrartex.com\/sv\/wp-json\/wp\/v2\/pages\/146856","targetHints":{"allow":["GET"]}}],"collection":[{"href":"https:\/\/www.acrartex.com\/sv\/wp-json\/wp\/v2\/pages"}],"about":[{"href":"https:\/\/www.acrartex.com\/sv\/wp-json\/wp\/v2\/types\/page"}],"author":[{"embeddable":true,"href":"https:\/\/www.acrartex.com\/sv\/wp-json\/wp\/v2\/users\/2"}],"replies":[{"embeddable":true,"href":"https:\/\/www.acrartex.com\/sv\/wp-json\/wp\/v2\/comments?post=146856"}],"version-history":[{"count":1,"href":"https:\/\/www.acrartex.com\/sv\/wp-json\/wp\/v2\/pages\/146856\/revisions"}],"predecessor-version":[{"id":146861,"href":"https:\/\/www.acrartex.com\/sv\/wp-json\/wp\/v2\/pages\/146856\/revisions\/146861"}],"wp:attachment":[{"href":"https:\/\/www.acrartex.com\/sv\/wp-json\/wp\/v2\/media?parent=146856"}],"curies":[{"name":"wp","href":"https:\/\/api.w.org\/{rel}","templated":true}]}}