{"id":146790,"date":"2021-02-26T09:20:49","date_gmt":"2021-02-26T14:20:49","guid":{"rendered":"https:\/\/www.acrartex.com\/anvandning-av-konfliktmineraler\/"},"modified":"2025-07-07T05:53:56","modified_gmt":"2025-07-07T10:53:56","slug":"anvandning-av-konfliktmineraler","status":"publish","type":"page","link":"https:\/\/www.acrartex.com\/sv\/anvandning-av-konfliktmineraler\/","title":{"rendered":"Anv\u00e4ndning av konfliktmineraler"},"content":{"rendered":"\n<p>Securities and Exchange Commission (\u201dSEC\u201d) har antagit en ny regel och ett nytt formul\u00e4r, i enlighet med paragraf 1502 i Dodd-Frank Wall Street Reform and Consumer Protection Act (\u201dDodd-Frank Act\u201d), f\u00f6r att kr\u00e4va att f\u00f6retag offentligt redovisar sin anv\u00e4ndning av konfliktmineraler som har sitt ursprung i Demokratiska republiken Kongo (\u201dDRC\u201d) eller ett angr\u00e4nsande land (tillsammans med DRC, \u201dT\u00e4ckta l\u00e4nder\u201d). Paragraf 1502 i Dodd-Frank Act \u00e4ndrar Securities Exchange Act fr\u00e5n 1934 f\u00f6r att \u00e5l\u00e4gga kommissionen att utf\u00e4rda regler som kr\u00e4ver att vissa f\u00f6retag redovisar sin anv\u00e4ndning av \u201dkonfliktmineraler\u201d om dessa mineraler \u00e4r \u201dn\u00f6dv\u00e4ndiga f\u00f6r funktionaliteten eller produktionen av en produkt\u201d som tillverkas av dessa f\u00f6retag eller som dessa f\u00f6retag har anlitat f\u00f6r att tillverka. Enligt paragraf 1502 inkluderar termen \u201dkonfliktmineraler\u201d tantal, tenn, guld eller volfram. Kongressen antog paragraf 1502 p\u00e5 grund av oro f\u00f6r att v\u00e4pnade gruppers utnyttjande av och handel med konfliktmineraler bidrar till att finansiera konflikter i DRC-regionen och bidrar till en humanit\u00e4r kris. \u00c4ven om ACR Electronics , Inc. ( ACR ), ett privat\u00e4gt f\u00f6retag, inte omfattas av reglerna och rapporteringskraven f\u00f6r konfliktmineraler, f\u00f6rst\u00e5r vi att vissa av v\u00e5ra kunder kan vara det. ACR har \u00e5tagit sig att st\u00f6dja v\u00e5ra kunders efterlevnadsarbete med deras rapporteringskrav f\u00f6r konfliktmineraler. F\u00f6r att uppfylla syftet med kraven f\u00f6r konfliktmineraler, k\u00f6per ACR in material fr\u00e5n leverant\u00f6rer som har utf\u00f6rt sin due diligence (tillb\u00f6rlig aktsamhet) med sina produkter och tillh\u00f6rande leveranskedjor. ACR k\u00f6per in elektroniskt material fr\u00e5n OEM-franchisetagare eller licensierade distribut\u00f6rer, som inte samarbetar direkt med sm\u00e4ltverk. ACR kr\u00e4ver rimlig tillb\u00f6rlig aktsamhet i enlighet med Responsible Minerals Initiative (RMI), tidigare Conflict-Free Sourcing Initiative (CFSI), fr\u00e5n godk\u00e4nda leverant\u00f6rer av material till v\u00e5ra produkter. ACR kan d\u00e4rf\u00f6r f\u00f6rs\u00e4kra att v\u00e5ra produkter, s\u00e5vitt vi vet, inte inneh\u00e5ller konfliktmineraler. Vi kommer att forts\u00e4tta att arbeta med v\u00e5ra leverant\u00f6rer f\u00f6r att s\u00e4kerst\u00e4lla att vi kan identifiera f\u00f6rekomsten av konfliktmineraler i v\u00e5r leveranskedja, och att de uppgifter som g\u00f6rs i denna efterlevnadspolicy f\u00f6r konfliktmineraler f\u00f6rblir korrekta. Om ert f\u00f6retag har n\u00e5gra fr\u00e5gor g\u00e4llande denna efterlevnadspolicy f\u00f6r konfliktmineraler, v\u00e4nligen kontakta ACR :s kvalitetsavdelning.           <\/p>\n","protected":false},"excerpt":{"rendered":"<p>Securities and Exchange Commission (\u201dSEC\u201d) har antagit en ny regel och ett nytt formul\u00e4r, i enlighet med paragraf 1502 i Dodd-Frank Wall Street Reform and Consumer Protection Act (\u201dDodd-Frank Act\u201d), f\u00f6r att kr\u00e4va att f\u00f6retag offentligt redovisar sin anv\u00e4ndning av konfliktmineraler som har sitt ursprung i Demokratiska republiken Kongo (\u201dDRC\u201d) eller ett angr\u00e4nsande land (tillsammans [&hellip;]<\/p>\n","protected":false},"author":2,"featured_media":0,"parent":0,"menu_order":0,"comment_status":"closed","ping_status":"closed","template":"","meta":{"_acf_changed":false,"om_disable_all_campaigns":false,"footnotes":""},"class_list":["post-146790","page","type-page","status-publish","hentry"],"acf":[],"_links":{"self":[{"href":"https:\/\/www.acrartex.com\/sv\/wp-json\/wp\/v2\/pages\/146790","targetHints":{"allow":["GET"]}}],"collection":[{"href":"https:\/\/www.acrartex.com\/sv\/wp-json\/wp\/v2\/pages"}],"about":[{"href":"https:\/\/www.acrartex.com\/sv\/wp-json\/wp\/v2\/types\/page"}],"author":[{"embeddable":true,"href":"https:\/\/www.acrartex.com\/sv\/wp-json\/wp\/v2\/users\/2"}],"replies":[{"embeddable":true,"href":"https:\/\/www.acrartex.com\/sv\/wp-json\/wp\/v2\/comments?post=146790"}],"version-history":[{"count":1,"href":"https:\/\/www.acrartex.com\/sv\/wp-json\/wp\/v2\/pages\/146790\/revisions"}],"predecessor-version":[{"id":146795,"href":"https:\/\/www.acrartex.com\/sv\/wp-json\/wp\/v2\/pages\/146790\/revisions\/146795"}],"wp:attachment":[{"href":"https:\/\/www.acrartex.com\/sv\/wp-json\/wp\/v2\/media?parent=146790"}],"curies":[{"name":"wp","href":"https:\/\/api.w.org\/{rel}","templated":true}]}}