{"id":146682,"date":"2021-03-12T13:11:05","date_gmt":"2021-03-12T18:11:05","guid":{"rendered":"https:\/\/www.acrartex.com\/flyg\/"},"modified":"2025-07-07T05:55:34","modified_gmt":"2025-07-07T10:55:34","slug":"flyg","status":"publish","type":"page","link":"https:\/\/www.acrartex.com\/sv\/flyg\/","title":{"rendered":"Flyg"},"content":{"rendered":"\n<div class=\"wp-block-group hero-block js-hero\"><div class=\"wp-block-group__inner-container is-layout-flow wp-block-group-is-layout-flow\">\n<div class=\"wp-block-cover is-light hero-block__slide js-hero-block-slide\"><span aria-hidden=\"true\" class=\"wp-block-cover__background has-background-dim\"><\/span><video class=\"wp-block-cover__video-background intrinsic-ignore\" autoplay muted loop playsinline src=\"https:\/\/www.acrartex.com\/wp-content\/uploads\/2023\/12\/ARTEX-Video-Montage.mp4\" data-object-fit=\"cover\"><\/video><div class=\"wp-block-cover__inner-container is-layout-flow wp-block-cover-is-layout-flow\">\n<h2 class=\"wp-block-heading\" id=\"h-the-future-is-here\">FRAMTIDEN \u00c4R H\u00c4R<\/h2>\n\n\n\n<p>AVANCERAD N\u00d6DSPO\u00c4RNING FINNS H\u00c4R MED NYA ELT 5000<\/p>\n\n\n\n<div class=\"wp-block-buttons is-layout-flex wp-block-buttons-is-layout-flex\">\n<div class=\"wp-block-button\"><a class=\"wp-block-button__link wp-element-button\" href=\"https:\/\/www.acrartex.com\/products\/elt-5000-distress-tracking-dt-for-gadss-compliance\/\">UPPT\u00c4CK ELT 5000<\/a><\/div>\n<\/div>\n<\/div><\/div>\n\n\n\n<div class=\"wp-block-cover is-light hero-block__slide js-hero-block-slide\"><span aria-hidden=\"true\" class=\"wp-block-cover__background has-background-dim\"><\/span><img loading=\"lazy\" decoding=\"async\" width=\"1600\" height=\"1000\" class=\"wp-block-cover__image-background wp-image-83675\" alt=\"\" src=\"https:\/\/www.acrartex.com\/wp-content\/uploads\/2023\/11\/ACR_slider-ELT-4000S-2.jpg\" style=\"object-position:53% 69%\" data-object-fit=\"cover\" data-object-position=\"53% 69%\" srcset=\"https:\/\/www.acrartex.com\/wp-content\/uploads\/2023\/11\/ACR_slider-ELT-4000S-2.jpg 1600w, https:\/\/www.acrartex.com\/wp-content\/uploads\/2023\/11\/ACR_slider-ELT-4000S-2-300x188.jpg 300w, https:\/\/www.acrartex.com\/wp-content\/uploads\/2023\/11\/ACR_slider-ELT-4000S-2-1024x640.jpg 1024w, https:\/\/www.acrartex.com\/wp-content\/uploads\/2023\/11\/ACR_slider-ELT-4000S-2-768x480.jpg 768w, https:\/\/www.acrartex.com\/wp-content\/uploads\/2023\/11\/ACR_slider-ELT-4000S-2-1536x960.jpg 1536w, https:\/\/www.acrartex.com\/wp-content\/uploads\/2023\/11\/ACR_slider-ELT-4000S-2-600x375.jpg 600w\" sizes=\"auto, (max-width: 1600px) 100vw, 1600px\" \/><div class=\"wp-block-cover__inner-container is-layout-flow wp-block-cover-is-layout-flow\">\n<h2 class=\"wp-block-heading\" id=\"h-built-for-survival\">BYGGD F\u00d6R \u00d6VERLEVNAD<\/h2>\n\n\n\n<p>V\u00c5R LITIUMFRIA ELT 4000S ERBJUDER INBYGGD FLYTKRAFT, GPS SP\u00c5RNING OCH MER<\/p>\n\n\n\n<div class=\"wp-block-buttons is-layout-flex wp-block-buttons-is-layout-flex\">\n<div class=\"wp-block-button\"><a class=\"wp-block-button__link wp-element-button\" href=\"https:\/\/www.acrartex.com\/product-tag\/elt-4000s\/\">L\u00c4R DIG MER<\/a><\/div>\n<\/div>\n<\/div><\/div>\n\n\n\n<div class=\"wp-block-cover is-light hero-block__slide js-hero-block-slide\"><span aria-hidden=\"true\" class=\"wp-block-cover__background has-background-dim\"><\/span><video class=\"wp-block-cover__video-background intrinsic-ignore\" autoplay muted loop playsinline src=\"https:\/\/www.acrartex.com\/wp-content\/uploads\/2023\/11\/da3b360b-9bfd-4360-9951-785f7a6fab94.mp4\" style=\"object-position:37% 30%\" data-object-fit=\"cover\" data-object-position=\"37% 30%\"><\/video><div class=\"wp-block-cover__inner-container is-layout-flow wp-block-cover-is-layout-flow\">\n<h2 class=\"wp-block-heading\" id=\"h-fly-with-confidence\">FLYG MED SJ\u00c4LVF\u00d6RTROENDE<\/h2>\n\n\n\n<p>SE V\u00c5R N\u00d6DL\u00d6SNING F\u00d6R ALLM\u00c4N FLYGET.<\/p>\n\n\n\n<div class=\"wp-block-buttons is-layout-flex wp-block-buttons-is-layout-flex\">\n<div class=\"wp-block-button\"><a class=\"wp-block-button__link wp-element-button\" href=\"https:\/\/www.acrartex.com\/product-category\/aviation\/\">HANDLA ALLM\u00c4N FLYG<\/a><\/div>\n<\/div>\n<\/div><\/div>\n\n\n\n<div class=\"wp-block-cover is-light hero-block__slide js-hero-block-slide\"><span aria-hidden=\"true\" class=\"wp-block-cover__background has-background-dim\"><\/span><img loading=\"lazy\" decoding=\"async\" width=\"1920\" height=\"1282\" class=\"wp-block-cover__image-background wp-image-170\" alt=\"\" src=\"https:\/\/www.acrartex.com\/wp-content\/uploads\/2020\/12\/shutterstock_1447177895.jpg\" data-object-fit=\"cover\" srcset=\"https:\/\/www.acrartex.com\/wp-content\/uploads\/2020\/12\/shutterstock_1447177895.jpg 1920w, https:\/\/www.acrartex.com\/wp-content\/uploads\/2020\/12\/shutterstock_1447177895-600x401.jpg 600w, https:\/\/www.acrartex.com\/wp-content\/uploads\/2020\/12\/shutterstock_1447177895-300x200.jpg 300w, https:\/\/www.acrartex.com\/wp-content\/uploads\/2020\/12\/shutterstock_1447177895-1024x684.jpg 1024w, https:\/\/www.acrartex.com\/wp-content\/uploads\/2020\/12\/shutterstock_1447177895-768x513.jpg 768w, https:\/\/www.acrartex.com\/wp-content\/uploads\/2020\/12\/shutterstock_1447177895-1536x1026.jpg 1536w\" sizes=\"auto, (max-width: 1920px) 100vw, 1920px\" \/><div class=\"wp-block-cover__inner-container is-layout-flow wp-block-cover-is-layout-flow\">\n<h2 class=\"wp-block-heading\" id=\"h-explore-the-unexplored\">UTFORSKA DET OUTFORSKT<\/h2>\n\n\n\n<p>LYFT TILL HIMLEN OCH GARANTERA S\u00c4KERHETEN MED EN ACR S\u00d6K- OCH R\u00c4DDNINGSS\u00c4NDARE.<\/p>\n\n\n\n<div class=\"wp-block-buttons is-layout-flex wp-block-buttons-is-layout-flex\">\n<div class=\"wp-block-button\"><a class=\"wp-block-button__link wp-element-button\" href=\"https:\/\/www.acrartex.com\/product-category\/aviation\/\">HANDLA FLYGET VARNINGAR<\/a><\/div>\n<\/div>\n<\/div><\/div>\n<\/div><\/div>\n\n<div class=\"wp-block-group new-product-block\"><div class=\"wp-block-group__inner-container is-layout-flow wp-block-group-is-layout-flow\">\n<div class=\"wp-block-cover is-light new-product-block__left\"><span aria-hidden=\"true\" class=\"wp-block-cover__background has-background-dim-0 has-background-dim\"><\/span><img loading=\"lazy\" decoding=\"async\" width=\"779\" height=\"712\" class=\"wp-block-cover__image-background wp-image-175\" alt=\"\" src=\"https:\/\/www.acrartex.com\/wp-content\/uploads\/2020\/12\/yellow-arrow.png\" data-object-fit=\"cover\" srcset=\"https:\/\/www.acrartex.com\/wp-content\/uploads\/2020\/12\/yellow-arrow.png 779w, https:\/\/www.acrartex.com\/wp-content\/uploads\/2020\/12\/yellow-arrow-600x548.png 600w, https:\/\/www.acrartex.com\/wp-content\/uploads\/2020\/12\/yellow-arrow-300x274.png 300w, https:\/\/www.acrartex.com\/wp-content\/uploads\/2020\/12\/yellow-arrow-768x702.png 768w\" sizes=\"auto, (max-width: 779px) 100vw, 779px\" \/><div class=\"wp-block-cover__inner-container is-layout-flow wp-block-cover-is-layout-flow\">\n<figure class=\"wp-block-image size-full is-style-default\"><img loading=\"lazy\" decoding=\"async\" width=\"750\" height=\"750\" src=\"https:\/\/www.acrartex.com\/wp-content\/uploads\/2023\/11\/ARTEX-ELT-5000-Right-Angle-1.png\" alt=\"\" class=\"wp-image-83657\" srcset=\"https:\/\/www.acrartex.com\/wp-content\/uploads\/2023\/11\/ARTEX-ELT-5000-Right-Angle-1.png 750w, https:\/\/www.acrartex.com\/wp-content\/uploads\/2023\/11\/ARTEX-ELT-5000-Right-Angle-1-300x300.png 300w, https:\/\/www.acrartex.com\/wp-content\/uploads\/2023\/11\/ARTEX-ELT-5000-Right-Angle-1-150x150.png 150w, https:\/\/www.acrartex.com\/wp-content\/uploads\/2023\/11\/ARTEX-ELT-5000-Right-Angle-1-600x600.png 600w, https:\/\/www.acrartex.com\/wp-content\/uploads\/2023\/11\/ARTEX-ELT-5000-Right-Angle-1-100x100.png 100w\" sizes=\"auto, (max-width: 750px) 100vw, 750px\" \/><\/figure>\n<\/div><\/div>\n\n\n\n<div class=\"wp-block-group new-product-block__right\"><div class=\"wp-block-group__inner-container is-layout-flow wp-block-group-is-layout-flow\">\n<h3 class=\"wp-block-heading\" id=\"h-new\">NY<\/h3>\n\n\n\n<h2 class=\"wp-block-heading\" id=\"h-elt-5000\">ELT 5000<\/h2>\n\n\n\n<p>ARTEX ELT 5000 erbjuder n\u00e4sta utveckling av ELT Distress Tracking , och tillhandah\u00e5ller b\u00e5de sp\u00e5rning under flygning och lokalisering efter flygning i en enda kraschs\u00e4ker enhet.<\/p>\n\n\n\n<div class=\"wp-block-group new-product-block__right__icons\"><div class=\"wp-block-group__inner-container is-layout-flow wp-block-group-is-layout-flow\">\n<figure class=\"wp-block-image size-full is-resized is-style-default\"><img loading=\"lazy\" decoding=\"async\" width=\"100\" height=\"100\" src=\"https:\/\/www.acrartex.com\/wp-content\/uploads\/2023\/11\/Artboard-1-copy.png\" alt=\"\" class=\"wp-image-83659\"\/><figcaption class=\"wp-element-caption\">Litiumkompatibel<\/figcaption><\/figure>\n\n\n\n<figure class=\"wp-block-image size-full is-resized is-style-default\"><img loading=\"lazy\" decoding=\"async\" width=\"100\" height=\"100\" src=\"https:\/\/www.acrartex.com\/wp-content\/uploads\/2023\/11\/Artboard-1.png\" alt=\"\" class=\"wp-image-83658\"\/><figcaption class=\"wp-element-caption\">GADSS-aktiverad<\/figcaption><\/figure>\n\n\n\n<figure class=\"wp-block-image size-full is-resized is-style-default\"><img loading=\"lazy\" decoding=\"async\" width=\"100\" height=\"100\" src=\"https:\/\/www.acrartex.com\/wp-content\/uploads\/2023\/11\/Artboard-1-copy-2.png\" alt=\"\" class=\"wp-image-83660\"\/><figcaption class=\"wp-element-caption\">GNSS-plats aktiverad<\/figcaption><\/figure>\n\n\n\n<figure class=\"wp-block-image size-full is-resized is-style-default\"><img loading=\"lazy\" decoding=\"async\" width=\"100\" height=\"100\" src=\"https:\/\/www.acrartex.com\/wp-content\/uploads\/2023\/11\/Artboard-1-copy-3.png\" alt=\"\" class=\"wp-image-83661\"\/><figcaption class=\"wp-element-caption\">Flera frekvenser<\/figcaption><\/figure>\n<\/div><\/div>\n\n\n\n<div class=\"wp-block-buttons is-layout-flex wp-block-buttons-is-layout-flex\">\n<div class=\"wp-block-button\"><a class=\"wp-block-button__link wp-element-button\" href=\"https:\/\/www.acrartex.com\/products\/elt-5000-distress-tracking-dt-for-gadss-compliance\/\">HANDLA NU<\/a><\/div>\n<\/div>\n<\/div><\/div>\n<\/div><\/div>\n\n<div class=\"wp-block-group categories-block\"><div class=\"wp-block-group__inner-container is-layout-flow wp-block-group-is-layout-flow\">\n<div class=\"wp-block-cover is-light categories-block__left\"><span aria-hidden=\"true\" class=\"wp-block-cover__background has-background-dim\"><\/span><img loading=\"lazy\" decoding=\"async\" width=\"1270\" height=\"460\" class=\"wp-block-cover__image-background wp-image-22264\" alt=\"\" src=\"https:\/\/www.acrartex.com\/wp-content\/uploads\/2021\/05\/ARTEX_general-aviation-1.png\" data-object-fit=\"cover\" srcset=\"https:\/\/www.acrartex.com\/wp-content\/uploads\/2021\/05\/ARTEX_general-aviation-1.png 1270w, https:\/\/www.acrartex.com\/wp-content\/uploads\/2021\/05\/ARTEX_general-aviation-1-300x109.png 300w, https:\/\/www.acrartex.com\/wp-content\/uploads\/2021\/05\/ARTEX_general-aviation-1-1024x371.png 1024w, https:\/\/www.acrartex.com\/wp-content\/uploads\/2021\/05\/ARTEX_general-aviation-1-768x278.png 768w, https:\/\/www.acrartex.com\/wp-content\/uploads\/2021\/05\/ARTEX_general-aviation-1-600x217.png 600w\" sizes=\"auto, (max-width: 1270px) 100vw, 1270px\" \/><div class=\"wp-block-cover__inner-container is-layout-flow wp-block-cover-is-layout-flow\">\n<div class=\"wp-block-buttons is-layout-flex wp-block-buttons-is-layout-flex\">\n<div class=\"wp-block-button\"><a class=\"wp-block-button__link wp-element-button\" href=\"https:\/\/www.acrartex.com\/product-category\/aviation\/\">ALLM\u00c4N FLYG<\/a><\/div>\n<\/div>\n<\/div><\/div>\n\n\n\n<div class=\"wp-block-cover is-light categories-block__right\"><span aria-hidden=\"true\" class=\"wp-block-cover__background has-background-dim\"><\/span><img loading=\"lazy\" decoding=\"async\" width=\"1270\" height=\"460\" class=\"wp-block-cover__image-background wp-image-22265\" alt=\"\" src=\"https:\/\/www.acrartex.com\/wp-content\/uploads\/2021\/05\/ARTEX_commercial-aviation-1.png\" data-object-fit=\"cover\" srcset=\"https:\/\/www.acrartex.com\/wp-content\/uploads\/2021\/05\/ARTEX_commercial-aviation-1.png 1270w, https:\/\/www.acrartex.com\/wp-content\/uploads\/2021\/05\/ARTEX_commercial-aviation-1-300x109.png 300w, https:\/\/www.acrartex.com\/wp-content\/uploads\/2021\/05\/ARTEX_commercial-aviation-1-1024x371.png 1024w, https:\/\/www.acrartex.com\/wp-content\/uploads\/2021\/05\/ARTEX_commercial-aviation-1-768x278.png 768w, https:\/\/www.acrartex.com\/wp-content\/uploads\/2021\/05\/ARTEX_commercial-aviation-1-600x217.png 600w\" sizes=\"auto, (max-width: 1270px) 100vw, 1270px\" \/><div class=\"wp-block-cover__inner-container is-layout-flow wp-block-cover-is-layout-flow\">\n<div class=\"wp-block-buttons is-layout-flex wp-block-buttons-is-layout-flex\">\n<div class=\"wp-block-button\"><a class=\"wp-block-button__link wp-element-button\" href=\"https:\/\/www.acrartex.com\/product-category\/aviation\/\">KOMMERSIELL FLYG<\/a><\/div>\n<\/div>\n<\/div><\/div>\n<\/div><\/div>\n<div class=\"latest-news-block\">\n\t<div class=\"c-container\">\n\n\t\t\t\t<h2>Senaste nyheterna<\/h2>\n\n\t\t<div class=\"latest-news-block__divider\"><\/div>\n\n\t\t\t\t<div class=\"latest-news-block__posts\">\n\t\t\t\t\t\t\t<div class=\"latest-news-block__item\">\n\n\t\t<a href=\"https:\/\/www.acrartex.com\/sv\/news\/acr-electronics-over-manen-med-angel-personlig-lokaliseringssignal-pa-artemis-uppdrag\/\">\n\t\t<div class=\"latest-news-block__item__image\"\n\t\t\t style=\"background-image: url('https:\/\/www.acrartex.com\/wp-content\/uploads\/2026\/03\/ACR-Electronics-designed-the-ANGEL-Personal-Locator-Beacon-specifically-for-NASA-768x546.jpg')\">\n\t\t<\/div>\n\t<\/a>\n\n\t\t<div class=\"latest-news-block__item__content\">\n\n\t\t\t\t<a href=\"https:\/\/www.acrartex.com\/sv\/news\/acr-electronics-over-manen-med-angel-personlig-lokaliseringssignal-pa-artemis-uppdrag\/\">\n\t\t\t<h3>ACR Electronics \u00f6ver m\u00e5nen med ANGEL personlig lokaliseringssignal p\u00e5 Artemis-uppdrag<\/h3>\n\t\t<\/a>\n\n\t\t\t\t<p><\/p>\n\n\t<\/div>\n\n<\/div>\n\t\t\t\t\t\t\t<div class=\"latest-news-block__item\">\n\n\t\t<a href=\"https:\/\/www.acrartex.com\/sv\/news\/rattsliga-krav-for-elektroniska-batfacklor\/\">\n\t\t<div class=\"latest-news-block__item__image\"\n\t\t\t style=\"background-image: url('https:\/\/www.acrartex.com\/wp-content\/uploads\/2026\/03\/Word-Press-Banner-Blog-M-1200x628-8-768x402.jpg')\">\n\t\t<\/div>\n\t<\/a>\n\n\t\t<div class=\"latest-news-block__item__content\">\n\n\t\t\t\t<a href=\"https:\/\/www.acrartex.com\/sv\/news\/rattsliga-krav-for-elektroniska-batfacklor\/\">\n\t\t\t<h3>R\u00e4ttsliga krav f\u00f6r elektroniska b\u00e5tfacklor<\/h3>\n\t\t<\/a>\n\n\t\t\t\t<p>N\u00e4r det g\u00e4ller att uppfylla lagstadgade standarder erbjuder elektroniska b\u00e5tfacklor tydliga f\u00f6rdelar j\u00e4mf\u00f6rt med traditionella pyrotekniska facklor. Till skillnad fr\u00e5n sina pyrotekniska motsvarigheter har elektroniska facklor inget utg\u00e5ngsdatum, vilket s\u00e4kerst\u00e4ller beredskap n\u00e4r det beh\u00f6vs som mest. <\/p>\n\n\t<\/div>\n\n<\/div>\n\t\t\t\t\t\t\t<div class=\"latest-news-block__item\">\n\n\t\t<a href=\"https:\/\/www.acrartex.com\/sv\/news\/viktig-sakerhetsutrustning-som-varje-batagare-bor-ha\/\">\n\t\t<div class=\"latest-news-block__item__image\"\n\t\t\t style=\"background-image: url('https:\/\/www.acrartex.com\/wp-content\/uploads\/2026\/02\/Word-Press-Banner-Blog-M-1200x628-7-768x402.jpg')\">\n\t\t<\/div>\n\t<\/a>\n\n\t\t<div class=\"latest-news-block__item__content\">\n\n\t\t\t\t<a href=\"https:\/\/www.acrartex.com\/sv\/news\/viktig-sakerhetsutrustning-som-varje-batagare-bor-ha\/\">\n\t\t\t<h3>Viktig s\u00e4kerhetsutrustning som varje b\u00e5t\u00e4gare b\u00f6r ha<\/h3>\n\t\t<\/a>\n\n\t\t\t\t<p>\nI den ultimata guiden till viktiga s\u00e4kerhetsutrustningar f\u00f6r b\u00e5tar beskriver ACR Artex viktig utrustning som varje b\u00e5t\u00e4gare b\u00f6r ha ombord, fr\u00e5n signalanordningar till f\u00f6rsta hj\u00e4lpen-utrustning, f\u00f6r att s\u00e4kerst\u00e4lla beredskap f\u00f6r alla n\u00f6dsituationer. Med fokus p\u00e5 s\u00e4kerhet och f\u00f6rberedelser ger denna omfattande resurs b\u00e5t\u00e4gare m\u00f6jlighet att navigera i vattnen med tillf\u00f6rsikt och sinnesro. <\/p>\n\n\t<\/div>\n\n<\/div>\n\t\t\t\t\t<\/div>\n\n\t<\/div>\n<\/div>\n<div class=\"dealer-locator-block\">\n\n\t\t<div class=\"dealer-locator-block__left\">\n\t\t<div class=\"dealer-locator-block__left__container\">\n\n\t\t\t\t\t\t<h2>\u00c5terf\u00f6rs\u00e4ljars\u00f6kare<\/h2>\n\n\t\t\t\t\t\t<p>\n\t\t\t\tVar i v\u00e4rlden \u00e4r du?\n\t\t\t\t<br>\n\t\t\t\tL\u00e5t oss veta s\u00e5 att vi kan rekommendera lokala ACR \u00e5terf\u00f6rs\u00e4ljare.\n\t\t\t<\/p>\n\n\t\t\t\t\t\t<form action=\"\/support\/dealer-locator\" id=\"dealer-locator\" class=\"dealer-locator-block__left__container__input\">\n\t\t\t\t<input type=\"text\" id=\"pac-input\" name=\"address\" placeholder=\"Ange plats\">\n\t\t\t\t<input type=\"hidden\" name=\"lat\">\n\t\t\t\t<input type=\"hidden\" name=\"lng\">\n\t\t\t\t\t\t\t\t\t<input type=\"hidden\" name=\"dealer\" value=\"artex\">\n\t\t\t\t\t\t\t\t<div class=\"dealer-locator-block__left__container__input__compass\"><\/div>\n\t\t\t<\/form>\n\t\t\t<button type=\"submit\" class=\"c-button\" form=\"dealer-locator\">Hitta en \u00e5terf\u00f6rs\u00e4ljare<\/button>\n\n\t\t\t\t\t\t<a class=\"js-dealer-locator-block-current\" href=\"#\">Anv\u00e4nd min nuvarande plats<\/a>\n\n\t\t<\/div>\n\t<\/div>\n\n\t\t<div class=\"dealer-locator-block__right\"><\/div>\n\n<\/div>\n\n<div class=\"wp-block-cover is-light preplikeapro-block\"><span aria-hidden=\"true\" class=\"wp-block-cover__background has-background-dim-10 has-background-dim\"><\/span><img loading=\"lazy\" decoding=\"async\" width=\"1921\" height=\"720\" class=\"wp-block-cover__image-background wp-image-22263\" alt=\"\" src=\"https:\/\/www.acrartex.com\/wp-content\/uploads\/2021\/05\/ARTEX_prep-like-a-pro-1.png\" data-object-fit=\"cover\" srcset=\"https:\/\/www.acrartex.com\/wp-content\/uploads\/2021\/05\/ARTEX_prep-like-a-pro-1.png 1921w, https:\/\/www.acrartex.com\/wp-content\/uploads\/2021\/05\/ARTEX_prep-like-a-pro-1-300x112.png 300w, https:\/\/www.acrartex.com\/wp-content\/uploads\/2021\/05\/ARTEX_prep-like-a-pro-1-1024x384.png 1024w, https:\/\/www.acrartex.com\/wp-content\/uploads\/2021\/05\/ARTEX_prep-like-a-pro-1-768x288.png 768w, https:\/\/www.acrartex.com\/wp-content\/uploads\/2021\/05\/ARTEX_prep-like-a-pro-1-1536x576.png 1536w, https:\/\/www.acrartex.com\/wp-content\/uploads\/2021\/05\/ARTEX_prep-like-a-pro-1-600x225.png 600w\" sizes=\"auto, (max-width: 1921px) 100vw, 1921px\" \/><div class=\"wp-block-cover__inner-container is-layout-flow wp-block-cover-is-layout-flow\"><div class=\"wp-block-image preplikeapro-block__top is-style-default\">\n<figure class=\"aligncenter size-large\"><img loading=\"lazy\" decoding=\"async\" width=\"58\" height=\"58\" src=\"https:\/\/www.acrartex.com\/wp-content\/uploads\/2020\/12\/IG.png\" alt=\"\" class=\"wp-image-158\"\/><figcaption class=\"wp-element-caption\"><span style=\"background-color:rgba(0, 0, 0, 0)\" class=\"has-inline-color has-white-color\">#PREPLIKEAPRO<\/span><\/figcaption><\/figure>\n<\/div>\n\n\n<div class=\"wp-block-group preplikeapro-block__bottom\"><div class=\"wp-block-group__inner-container is-layout-flow wp-block-group-is-layout-flow\">\n<p>Dela dina \u00e4ventyr @ACRARTEX med #PrepLikeAPro #StaySafeOutThere #HowDoYouRoam<\/p>\n\n\n\n<div class=\"wp-block-buttons is-horizontal is-content-justification-center is-layout-flex wp-container-core-buttons-is-layout-499968f5 wp-block-buttons-is-layout-flex\">\n<div class=\"wp-block-button social-yt\"><a class=\"wp-block-button__link wp-element-button\" href=\"https:\/\/www.youtube.com\/user\/ACR406\" target=\"_blank\" rel=\"noreferrer noopener\">YouTube<\/a><\/div>\n\n\n\n<div class=\"wp-block-button social-tw\"><a class=\"wp-block-button__link wp-element-button\" href=\"https:\/\/twitter.com\/acrartex\" target=\"_blank\" rel=\"noreferrer noopener\">TW<\/a><\/div>\n\n\n\n<div class=\"wp-block-button social-ig\"><a class=\"wp-block-button__link wp-element-button\" href=\"https:\/\/www.instagram.com\/acrartex\/\" target=\"_blank\" rel=\"noreferrer noopener\">IG<\/a><\/div>\n\n\n\n<div class=\"wp-block-button social-fb\"><a class=\"wp-block-button__link wp-element-button\" href=\"https:\/\/www.facebook.com\/ACRARTEX\" target=\"_blank\" rel=\"noreferrer noopener\">FB<\/a><\/div>\n<\/div>\n<\/div><\/div>\n<\/div><\/div>\n","protected":false},"excerpt":{"rendered":"<p>NY ELT 5000 ARTEX ELT 5000 erbjuder n\u00e4sta utveckling av ELT Distress Tracking , och tillhandah\u00e5ller b\u00e5de sp\u00e5rning under flygning och lokalisering efter flygning i en enda kraschs\u00e4ker enhet.<\/p>\n","protected":false},"author":1,"featured_media":0,"parent":0,"menu_order":0,"comment_status":"closed","ping_status":"closed","template":"","meta":{"_acf_changed":false,"om_disable_all_campaigns":false,"footnotes":""},"class_list":["post-146682","page","type-page","status-publish","hentry"],"acf":[],"_links":{"self":[{"href":"https:\/\/www.acrartex.com\/sv\/wp-json\/wp\/v2\/pages\/146682","targetHints":{"allow":["GET"]}}],"collection":[{"href":"https:\/\/www.acrartex.com\/sv\/wp-json\/wp\/v2\/pages"}],"about":[{"href":"https:\/\/www.acrartex.com\/sv\/wp-json\/wp\/v2\/types\/page"}],"author":[{"embeddable":true,"href":"https:\/\/www.acrartex.com\/sv\/wp-json\/wp\/v2\/users\/1"}],"replies":[{"embeddable":true,"href":"https:\/\/www.acrartex.com\/sv\/wp-json\/wp\/v2\/comments?post=146682"}],"version-history":[{"count":1,"href":"https:\/\/www.acrartex.com\/sv\/wp-json\/wp\/v2\/pages\/146682\/revisions"}],"predecessor-version":[{"id":146707,"href":"https:\/\/www.acrartex.com\/sv\/wp-json\/wp\/v2\/pages\/146682\/revisions\/146707"}],"wp:attachment":[{"href":"https:\/\/www.acrartex.com\/sv\/wp-json\/wp\/v2\/media?parent=146682"}],"curies":[{"name":"wp","href":"https:\/\/api.w.org\/{rel}","templated":true}]}}