{"id":146674,"date":"2021-06-08T23:12:50","date_gmt":"2021-06-09T04:12:50","guid":{"rendered":"https:\/\/www.acrartex.com\/registrera-beacon\/"},"modified":"2025-07-07T05:50:55","modified_gmt":"2025-07-07T10:50:55","slug":"registrera-beacon","status":"publish","type":"page","link":"https:\/\/www.acrartex.com\/sv\/registrera-beacon\/","title":{"rendered":"Registrera beacon"},"content":{"rendered":"\n<p>Att registrera din 406 MHz EPIRB , Personal Locator Beacon ( PLB ) och Emergency Locator Transmitter ( ELT ) \u00e4r avg\u00f6rande f\u00f6r att maximera deras effektivitet i n\u00f6dsituationer. Registrering s\u00e4kerst\u00e4ller att viktig information om dig och ditt fartyg, eller personuppgifter, \u00e4r l\u00e4ttillg\u00e4nglig f\u00f6r s\u00f6k- och r\u00e4ddningsmyndigheter i h\u00e4ndelse av en n\u00f6dsituation. Detta inkluderar kontaktinformation, fartygets egenskaper och n\u00f6dkontakter, vilket m\u00f6jligg\u00f6r en snabbare och mer exakt respons. Dessutom hj\u00e4lper registreringen till att f\u00f6rhindra falsklarm genom att ge myndigheterna m\u00f6jlighet att snabbt verifiera n\u00f6dsignaler och prioritera insatser. Genom att ta det enkla steget att registrera din n\u00f6ds\u00e4ndare \u00f6kar du avsev\u00e4rt sannolikheten f\u00f6r en lyckad r\u00e4ddningsinsats och bidrar till sj\u00f6s\u00e4kerheten \u00f6verlag.    <\/p>\n","protected":false},"excerpt":{"rendered":"<p>Att registrera din 406 MHz EPIRB , Personal Locator Beacon ( PLB ) och Emergency Locator Transmitter ( ELT ) \u00e4r avg\u00f6rande f\u00f6r att maximera deras effektivitet i n\u00f6dsituationer. Registrering s\u00e4kerst\u00e4ller att viktig information om dig och ditt fartyg, eller personuppgifter, \u00e4r l\u00e4ttillg\u00e4nglig f\u00f6r s\u00f6k- och r\u00e4ddningsmyndigheter i h\u00e4ndelse av en n\u00f6dsituation. Detta inkluderar kontaktinformation, [&hellip;]<\/p>\n","protected":false},"author":8,"featured_media":0,"parent":0,"menu_order":0,"comment_status":"closed","ping_status":"closed","template":"","meta":{"_acf_changed":false,"om_disable_all_campaigns":false,"footnotes":""},"class_list":["post-146674","page","type-page","status-publish","hentry"],"acf":[],"_links":{"self":[{"href":"https:\/\/www.acrartex.com\/sv\/wp-json\/wp\/v2\/pages\/146674","targetHints":{"allow":["GET"]}}],"collection":[{"href":"https:\/\/www.acrartex.com\/sv\/wp-json\/wp\/v2\/pages"}],"about":[{"href":"https:\/\/www.acrartex.com\/sv\/wp-json\/wp\/v2\/types\/page"}],"author":[{"embeddable":true,"href":"https:\/\/www.acrartex.com\/sv\/wp-json\/wp\/v2\/users\/8"}],"replies":[{"embeddable":true,"href":"https:\/\/www.acrartex.com\/sv\/wp-json\/wp\/v2\/comments?post=146674"}],"version-history":[{"count":1,"href":"https:\/\/www.acrartex.com\/sv\/wp-json\/wp\/v2\/pages\/146674\/revisions"}],"predecessor-version":[{"id":146675,"href":"https:\/\/www.acrartex.com\/sv\/wp-json\/wp\/v2\/pages\/146674\/revisions\/146675"}],"wp:attachment":[{"href":"https:\/\/www.acrartex.com\/sv\/wp-json\/wp\/v2\/media?parent=146674"}],"curies":[{"name":"wp","href":"https:\/\/api.w.org\/{rel}","templated":true}]}}