{"id":146433,"date":"2021-11-11T11:07:00","date_gmt":"2021-11-11T16:07:00","guid":{"rendered":"https:\/\/www.acrartex.com\/aislink-mob-programmering\/"},"modified":"2025-07-07T05:44:58","modified_gmt":"2025-07-07T10:44:58","slug":"aislink-mob-programmering","status":"publish","type":"page","link":"https:\/\/www.acrartex.com\/sv\/aislink-mob-programmering\/","title":{"rendered":"AISLink MOB -programmering"},"content":{"rendered":"\n<p>Den h\u00e4r sidan visar tillg\u00e4ngliga nedladdningar.<\/p>\n\n<p><\/p>\n\n<p>Anv\u00e4nd nedladdningsl\u00e4nken nedan f\u00f6r att installera programmet p\u00e5 din Windows-dator, eller anv\u00e4nd startl\u00e4nken nedan f\u00f6r att k\u00f6ra programmet som en webbsida p\u00e5 dina datorer, surfplattor eller telefoner.<\/p>\n\n<p>OBS! Om du har problem med att programmera din AISLink MOB , v\u00e4nligen se fels\u00f6kningsguiden, som du hittar p\u00e5 programmets startsida genom att trycka p\u00e5 F1-tangenten i den nedladdningsbara programvaran eller genom att klicka p\u00e5 &#8220;Hj\u00e4lp mig&#8221; i den webbaserade programvaran. Den vanligaste orsaken till att AISLink MOB inte programmeras \u00e4r sk\u00e4rmens ljusstyrka. Se till att sk\u00e4rmen \u00e4r inst\u00e4lld p\u00e5 maximal ljusstyrka med hj\u00e4lp av tangenterna p\u00e5 din b\u00e4rbara dators tangentbord eller din bildsk\u00e4rm.  <\/p>\n\n<p>Den nedladdningsbara eller webbaserade programvaruversionen som finns tillg\u00e4nglig nedan \u00e4r specifik f\u00f6r de till\u00e5tna DSC-funktionerna i det land d\u00e4r du bes\u00f6ker den h\u00e4r webbsidan fr\u00e5n.<\/p>\n\n<p><\/p>\n\n<h3 class=\"wp-block-heading\" id=\"h-downloadable-pc-software\">NEDLADDNINGSBAR PC-PROGRAMVARA<a href=\"https:\/\/www.acrartex.com\/zone1-pc-software.zip\"><\/a><\/h3>\n\n<div class=\"wp-block-buttons is-layout-flex wp-block-buttons-is-layout-flex\">\n<div class=\"wp-block-button\"><a class=\"wp-block-button__link has-black-color has-text-color has-background\" href=\"https:\/\/www.dropbox.com\/s\/fo2qcyw0rx2l7ss\/zone1-pc-software.zip?dl=1\" style=\"background-color:#defa00\">Ladda ner programmeringsprogramvara (zon 1)<\/a><\/div>\n<\/div>\n\n<h3 class=\"wp-block-heading\">LANSERA WEBBPROGRAMMERINGSPROGRAMVARA<\/h3>\n\n<div class=\"wp-block-buttons is-layout-flex wp-block-buttons-is-layout-flex\">\n<div class=\"wp-block-button\"><a class=\"wp-block-button__link has-black-color has-text-color has-background\" href=\"https:\/\/old.acrartex.com\/support\/configure-aislink-mob\/program\" style=\"background-color:#defa00\">Starta webbprogrammeringsprogramvara (zon 1)<\/a><\/div>\n<\/div>\n\n<p><a href=\"https:\/\/www.acrartex.com\/support\/configure-aislink-mob\/program\"><\/a><\/p>\n","protected":false},"excerpt":{"rendered":"<p>Den h\u00e4r sidan visar tillg\u00e4ngliga nedladdningar. Anv\u00e4nd nedladdningsl\u00e4nken nedan f\u00f6r att installera programmet p\u00e5 din Windows-dator, eller anv\u00e4nd startl\u00e4nken nedan f\u00f6r att k\u00f6ra programmet som en webbsida p\u00e5 dina datorer, surfplattor eller telefoner. OBS! Om du har problem med att programmera din AISLink MOB , v\u00e4nligen se fels\u00f6kningsguiden, som du hittar p\u00e5 programmets startsida genom [&hellip;]<\/p>\n","protected":false},"author":22,"featured_media":0,"parent":0,"menu_order":0,"comment_status":"closed","ping_status":"closed","template":"","meta":{"_acf_changed":false,"om_disable_all_campaigns":false,"footnotes":""},"class_list":["post-146433","page","type-page","status-publish","hentry"],"acf":[],"_links":{"self":[{"href":"https:\/\/www.acrartex.com\/sv\/wp-json\/wp\/v2\/pages\/146433","targetHints":{"allow":["GET"]}}],"collection":[{"href":"https:\/\/www.acrartex.com\/sv\/wp-json\/wp\/v2\/pages"}],"about":[{"href":"https:\/\/www.acrartex.com\/sv\/wp-json\/wp\/v2\/types\/page"}],"author":[{"embeddable":true,"href":"https:\/\/www.acrartex.com\/sv\/wp-json\/wp\/v2\/users\/22"}],"replies":[{"embeddable":true,"href":"https:\/\/www.acrartex.com\/sv\/wp-json\/wp\/v2\/comments?post=146433"}],"version-history":[{"count":1,"href":"https:\/\/www.acrartex.com\/sv\/wp-json\/wp\/v2\/pages\/146433\/revisions"}],"predecessor-version":[{"id":146435,"href":"https:\/\/www.acrartex.com\/sv\/wp-json\/wp\/v2\/pages\/146433\/revisions\/146435"}],"wp:attachment":[{"href":"https:\/\/www.acrartex.com\/sv\/wp-json\/wp\/v2\/media?parent=146433"}],"curies":[{"name":"wp","href":"https:\/\/api.w.org\/{rel}","templated":true}]}}