{"id":145342,"date":"2022-02-23T12:58:04","date_gmt":"2022-02-23T17:58:04","guid":{"rendered":"https:\/\/www.acrartex.com\/villkor-for-safe-boating-sweepstakes\/"},"modified":"2025-07-07T05:37:56","modified_gmt":"2025-07-07T10:37:56","slug":"villkor-for-safe-boating-sweepstakes","status":"publish","type":"page","link":"https:\/\/www.acrartex.com\/sv\/villkor-for-safe-boating-sweepstakes\/","title":{"rendered":"Villkor f\u00f6r Safe Boating Sweepstakes"},"content":{"rendered":"\n<p>INGET K\u00d6P KR\u00c4VS F\u00d6R ATT DELTA ELLER VINNA. ETT K\u00d6P \u00d6KAR INTE CHANSEN ATT VINNA.<br\/> 1. Beh\u00f6righet: T\u00e4vlingen (&#8220;T\u00e4vlingen&#8221;) \u00e4r endast \u00f6ppen f\u00f6r de som registrerar sig p\u00e5 t\u00e4vlingssidan online och som \u00e4r minst 18 \u00e5r gamla vid tidpunkten f\u00f6r deltagande. T\u00e4vlingen \u00e4r \u00f6ppen f\u00f6r lagligt bosatta i USA och \u00e4r ogiltig d\u00e4r det \u00e4r f\u00f6rbjudet enligt lag. Anst\u00e4llda hos ACR Electronics (&#8220;Sponsorn&#8221;), deras respektive dotterbolag, reklam- och marknadsf\u00f6ringsbyr\u00e5er, leverant\u00f6rer och deras n\u00e4rmaste familjemedlemmar och\/eller de som bor i samma hush\u00e5ll som var och en \u00e4r inte ber\u00e4ttigade att delta i t\u00e4vlingen. T\u00e4vlingen omfattas av alla till\u00e4mpliga federala, statliga och lokala lagar och f\u00f6rordningar. Ogiltig d\u00e4r det \u00e4r f\u00f6rbjudet.     <\/p>\n\n<p><br\/>2. Godk\u00e4nnande av regler: Genom att delta samtycker du till att vara helt och ovillkorligt bunden av dessa regler, och du f\u00f6rs\u00e4krar och garanterar att du uppfyller beh\u00f6righetskraven som anges h\u00e4ri. Dessutom samtycker du till att acceptera ACR Electronics beslut som slutgiltiga och bindande vad g\u00e4ller inneh\u00e5llet. T\u00e4vlingen omfattas av alla till\u00e4mpliga federala, statliga och lokala lagar.  <\/p>\n\n<p><br\/>3. T\u00e4vlingsperiod: Bidrag tas emot online fr\u00e5n och med omkring den 15 maj 2025 kl. 00:00 och slutar den 26 maj 2025 kl. 23:59. Alla onlinebidrag m\u00e5ste vara mottagna senast den 26 maj 2025 kl. 23:59. Alla tider \u00e4r (GMT-05:00) Eastern Time (USA och Kanada).  <\/p>\n\n<p><br\/>4. S\u00e5 h\u00e4r deltar du: Du m\u00e5ste delta i t\u00e4vlingen genom att skicka in ett bidrag med hj\u00e4lp av onlineformul\u00e4ret som finns p\u00e5 denna webbplats. Bidraget m\u00e5ste uppfylla alla t\u00e4vlingskrav, enligt anvisningarna, f\u00f6r att vara ber\u00e4ttigat att vinna ett pris. Bidrag som inte \u00e4r fullst\u00e4ndiga eller inte f\u00f6ljer reglerna eller specifikationerna kan diskvalificeras efter ACR Electronics eget gottfinnande. Du f\u00e5r endast delta en g\u00e5ng och du m\u00e5ste fylla i den information som beg\u00e4rs. Du f\u00e5r inte delta fler g\u00e5nger \u00e4n vad som anges genom att anv\u00e4nda flera e-postadresser, identiteter eller enheter i ett f\u00f6rs\u00f6k att kringg\u00e5 reglerna. Om du anv\u00e4nder bedr\u00e4gliga metoder eller p\u00e5 annat s\u00e4tt f\u00f6rs\u00f6ker kringg\u00e5 reglerna kan ditt bidrag tas bort fr\u00e5n beh\u00f6righet efter ACR Electronics eget gottfinnande.     <\/p>\n\n<p><br\/>5. Priser: Det ungef\u00e4rliga v\u00e4rdet f\u00f6r alla priser \u00e4r 475,95 USD. Priserna \u00e4r: ResQLink View Personal Locator Beacon Safety Kits. Du \u00e4r inte garanterad att vinna ett pris och din chans att vinna beror p\u00e5 det totala antalet mottagna kvalificerade bidrag. Det faktiska\/uppskattade v\u00e4rdet kan variera vid tidpunkten f\u00f6r prisutdelningen. Prisets detaljer ska best\u00e4mmas enbart av sponsorn. Ingen kontanters\u00e4ttning eller annan prisers\u00e4ttning \u00e4r till\u00e5ten f\u00f6rutom efter sponsorns gottfinnande. Priset kan inte \u00f6verf\u00f6ras. Alla prisrelaterade utgifter, inklusive men inte begr\u00e4nsat till alla federala, statliga och lokala skatter, ska vara vinnarens eget ansvar. Ingen ers\u00e4ttning av priset eller \u00f6verf\u00f6ring\/tilldelning av priset till andra eller beg\u00e4ran om kontantekvivalent av vinnare \u00e4r till\u00e5ten. Acceptans av priset inneb\u00e4r tillst\u00e5nd f\u00f6r ACR Electronics att anv\u00e4nda vinnarens namn, avbild och bidrag f\u00f6r reklam och handel utan ytterligare ers\u00e4ttning, s\u00e5vida det inte \u00e4r f\u00f6rbjudet enligt lag.         <\/p>\n\n<p><br\/>6. Odds: Oddsen f\u00f6r att vinna beror p\u00e5 antalet giltiga bidrag som mottagits.<\/p>\n\n<p><br\/>7. Val och meddelande av vinnare: Vinnare av t\u00e4vlingen kommer att v\u00e4ljas ut genom en slumpm\u00e4ssig dragning under sponsorns \u00f6verinseende. Vinnarna kommer att meddelas via e-post till den e-postadress de anv\u00e4nde f\u00f6r att delta i t\u00e4vlingen inom fem (5) dagar efter att vinnaren valts. ACR Electronics ansvarar inte f\u00f6r att en vinnare inte f\u00e5r meddelanden p\u00e5 grund av vinnarnas spam, skr\u00e4ppost eller andra s\u00e4kerhetsinst\u00e4llningar eller f\u00f6r att vinnarna l\u00e4mnar felaktig eller p\u00e5 annat s\u00e4tt icke-fungerande kontaktinformation. Om den valda vinnaren inte kan kontaktas, inte \u00e4r ber\u00e4ttigad, inte h\u00e4mtar ut priset inom 15 dagar fr\u00e5n det att meddelandet om priset skickades, eller inte returnerar en ifylld och undertecknad deklaration i tid och frig\u00f6r enligt g\u00e4llande best\u00e4mmelser, kan priset f\u00f6rverkas och en alternativ vinnare v\u00e4ljas. Vinnarens mottagande av priset som erbjuds i detta lotteri \u00e4r villkorat av att alla federala och statliga lagar och f\u00f6rordningar f\u00f6ljs. ALLA \u00d6VERTR\u00c4DELSER MOT DESSA OFFICIELLA REGLER AV EN VINNARE (EFTER SPONSORNS EGET GOTTE) KOMMER ATT RESULTERA I ATT VINNARE DISKVALIFICERING KOMMER ATT VARA VINNARE AV LOTTTERIET OCH ALLA F\u00d6RM\u00c5NER SOM VINNARE KOMMER OMEDELBART ATT UPPH\u00d6RAS.     <\/p>\n\n<p><br\/>8. R\u00e4ttigheter som beviljas av dig: Genom att delta i detta inneh\u00e5ll f\u00f6rst\u00e5r du att ACR Electronics , alla som agerar p\u00e5 uppdrag av ACR Electronics , eller dess respektive licenstagare, eftertr\u00e4dare och \u00f6vertagare har r\u00e4tt, d\u00e4r det \u00e4r till\u00e5tet enligt lag, utan ytterligare meddelande, granska eller samtycke till att trycka, publicera, s\u00e4nda, distribuera och anv\u00e4nda, v\u00e4rlden \u00f6ver i alla medier som nu \u00e4r k\u00e4nda eller h\u00e4danefter f\u00f6r all framtid och \u00f6ver hela v\u00e4rlden, ditt bidrag, inklusive, utan begr\u00e4nsning, bidraget och vinnarens namn, portr\u00e4tt, bild, r\u00f6st, avbild, bild eller uttalanden om t\u00e4vlingen, och biografisk information som nyheter, publicitet eller information och f\u00f6r handels-, reklam-, PR- och marknadsf\u00f6rings\u00e4ndam\u00e5l utan ytterligare ers\u00e4ttning.<\/p>\n\n<p><br\/>9. Villkor: ACR Electronics f\u00f6rbeh\u00e5ller sig r\u00e4tten att, efter eget gottfinnande, avbryta, avsluta, \u00e4ndra eller avbryta t\u00e4vlingen om (efter eget gottfinnande) ett virus, buggar, obeh\u00f6rig m\u00e4nsklig intervention, bedr\u00e4geri eller andra orsaker utanf\u00f6r dess kontroll korrumperar eller p\u00e5verkar t\u00e4vlingens administration, s\u00e4kerhet, r\u00e4ttvisa eller korrekta genomf\u00f6rande. I s\u00e5dana fall kan ACR Electronics v\u00e4lja mottagare fr\u00e5n alla ber\u00e4ttigade bidrag som mottagits f\u00f6re och\/eller efter (i f\u00f6rekommande fall) den \u00e5tg\u00e4rd som vidtagits av ACR Electronics . ACR Electronics f\u00f6rbeh\u00e5ller sig r\u00e4tten att, efter eget gottfinnande, diskvalificera alla personer som manipulerar eller f\u00f6rs\u00f6ker manipulera deltagandeprocessen eller t\u00e4vlingens eller webbplatsens drift eller bryter mot dessa villkor.  <br\/>ACR Electronics har r\u00e4tt att, efter eget gottfinnande, uppr\u00e4tth\u00e5lla t\u00e4vlingens integritet, att ogiltigf\u00f6rklara r\u00f6ster av vilken anledning som helst, inklusive, men inte begr\u00e4nsat till; flera bidrag fr\u00e5n samma anv\u00e4ndare fr\u00e5n olika IP-adresser; flera bidrag fr\u00e5n samma dator ut\u00f6ver vad som \u00e4r till\u00e5tet enligt t\u00e4vlingsreglerna; eller anv\u00e4ndning av bottar, makron eller skript eller andra tekniska medel f\u00f6r deltagande. Varje f\u00f6rs\u00f6k fr\u00e5n en deltagare att avsiktligt skada n\u00e5gon webbplats eller undergr\u00e4va t\u00e4vlingens legitima drift kan vara ett brott mot straffr\u00e4ttsliga och civilr\u00e4ttsliga lagar och om ett s\u00e5dant f\u00f6rs\u00f6k g\u00f6rs f\u00f6rbeh\u00e5ller sig ACR Electronics r\u00e4tten att kr\u00e4va skadest\u00e5nd fr\u00e5n s\u00e5dan person i den utstr\u00e4ckning som lagen till\u00e5ter.<br\/> Genom att delta i t\u00e4vlingen samtycker du till att regelbundet f\u00e5 nyhetsbrev via e-post fr\u00e5n ACR Electronics . Du kan n\u00e4r som helst v\u00e4lja bort att ta emot denna kommunikation genom att klicka p\u00e5 l\u00e4nken f\u00f6r att avsluta prenumerationen i nyhetsbrevet.  <\/p>\n\n<p><br\/>10. Ansvarsbegr\u00e4nsning: Genom att delta samtycker du till att friskriva och h\u00e5lla ACR Electronics och dess dotterbolag, n\u00e4rst\u00e5ende bolag, reklam- och marknadsf\u00f6ringsbyr\u00e5er, partners, representanter, agenter, eftertr\u00e4dare, \u00f6vertagare, anst\u00e4llda, tj\u00e4nstem\u00e4n och styrelseledam\u00f6ter skadesl\u00f6sa fr\u00e5n allt ansvar, sjukdom, skada, d\u00f6dsfall, f\u00f6rlust, tvister, anspr\u00e5k eller skador som kan uppst\u00e5, direkt eller indirekt, oavsett om de orsakas av v\u00e5rdsl\u00f6shet eller inte, fr\u00e5n (i) deltagarens deltagande i t\u00e4vlingen och\/eller dennes godk\u00e4nnande, innehav, anv\u00e4ndning eller missbruk av n\u00e5got pris eller n\u00e5gon del d\u00e4rav, (ii) tekniska fel av n\u00e5got slag, inklusive men inte begr\u00e4nsat till fel p\u00e5 dator, kabel, n\u00e4tverk, h\u00e5rdvara eller programvara; (iii) otillg\u00e4nglighet eller o\u00e5tkomlighet av \u00f6verf\u00f6ringar eller telefon- eller internettj\u00e4nster; (iv) obeh\u00f6rig m\u00e4nsklig intervention i n\u00e5gon del av deltagandeprocessen eller kampanjen; (v) elektroniska eller m\u00e4nskliga fel som kan uppst\u00e5 vid administrationen av kampanjen eller behandlingen av bidrag.     <\/p>\n\n<p><br\/>11. Tvister: DENNA T\u00c4VLING REGLERAS AV LAGAR I USA OCH FLORIDAS, UTAN BEAKTA LAGKONFLIKTDOKTRINER. Som ett villkor f\u00f6r att delta i denna t\u00e4vling samtycker deltagaren till att alla tvister som inte kan l\u00f6sas mellan parterna, och orsaker till talan som uppst\u00e5r p\u00e5 grund av eller i samband med denna t\u00e4vling, ska l\u00f6sas individuellt, utan n\u00e5gon form av grupptalan, exklusivt inf\u00f6r en domstol i Florida som har jurisdiktion. Vidare, i en s\u00e5dan tvist, kommer deltagaren under inga omst\u00e4ndigheter att till\u00e5tas att erh\u00e5lla utm\u00e4rkelser f\u00f6r, och avst\u00e5r h\u00e4rmed fr\u00e5n alla r\u00e4ttigheter att kr\u00e4va straffskadest\u00e5nd, of\u00f6rutsedda skadest\u00e5nd eller f\u00f6ljdskadest\u00e5nd, inklusive rimliga advokatarvoden, ut\u00f6ver deltagarens faktiska utgifter (dvs. kostnader i samband med deltagande i denna t\u00e4vling), och deltagaren avst\u00e5r vidare fr\u00e5n alla r\u00e4ttigheter att f\u00e5 skadest\u00e5ndet m\u00e5ngfaldigat eller \u00f6kat.  <\/p>\n\n<p><br\/>12. Integritetspolicy: Information som skickas in med ett bidrag omfattas av den integritetspolicy som anges p\u00e5 ACR Electronics webbplats. L\u00e4s integritetspolicyn h\u00e4r: <a href=\"https:\/\/www.acrartex.com\/sv\/villkor-for-safe-boating-sweepstakes\/\" target=\"_blank\" rel=\"noreferrer noopener\">https:\/\/www.acrartex.com\/sweepstakes_terms\/<\/a> . <\/p>\n\n<p><br\/>13. Vinnarlista: F\u00f6r att f\u00e5 namnen p\u00e5 vinnarna, v\u00e4nligen kontakta oss p\u00e5 och skriv &#8220;V\u00e4nligen skicka mig vinnarlistan f\u00f6r ACR Electronics Sweepstakes&#8221; i e-postmeddelandet.<\/p>\n\n<p><br\/>14. Sponsor: T\u00e4vlingens sponsor \u00e4r ACR Electronics , 5757 Ravenswood Rd, Fort Lauderdale, Florida, 33312, USA.<\/p>\n\n<p><br\/>15. Denna kampanj \u00e4r inte p\u00e5 n\u00e5got s\u00e4tt sponsrad, godk\u00e4nd eller administrerad av, eller associerad med Facebook, Twitter, Youtube, Pinterest, LinkedIn eller Google. Du f\u00f6rst\u00e5r att du l\u00e4mnar din information till \u00e4garen av denna t\u00e4vling och inte till Facebook, Twitter, Youtube, Pinterest, LinkedIn eller Google. <\/p>\n","protected":false},"excerpt":{"rendered":"<p>INGET K\u00d6P KR\u00c4VS F\u00d6R ATT DELTA ELLER VINNA. ETT K\u00d6P \u00d6KAR INTE CHANSEN ATT VINNA. 1. Beh\u00f6righet: T\u00e4vlingen (&#8220;T\u00e4vlingen&#8221;) \u00e4r endast \u00f6ppen f\u00f6r de som registrerar sig p\u00e5 t\u00e4vlingssidan online och som \u00e4r minst 18 \u00e5r gamla vid tidpunkten f\u00f6r deltagande. T\u00e4vlingen \u00e4r \u00f6ppen f\u00f6r lagligt bosatta i USA och \u00e4r ogiltig d\u00e4r det \u00e4r [&hellip;]<\/p>\n","protected":false},"author":5,"featured_media":0,"parent":0,"menu_order":0,"comment_status":"closed","ping_status":"closed","template":"","meta":{"_acf_changed":false,"om_disable_all_campaigns":false,"footnotes":""},"class_list":["post-145342","page","type-page","status-publish","hentry"],"acf":[],"_links":{"self":[{"href":"https:\/\/www.acrartex.com\/sv\/wp-json\/wp\/v2\/pages\/145342","targetHints":{"allow":["GET"]}}],"collection":[{"href":"https:\/\/www.acrartex.com\/sv\/wp-json\/wp\/v2\/pages"}],"about":[{"href":"https:\/\/www.acrartex.com\/sv\/wp-json\/wp\/v2\/types\/page"}],"author":[{"embeddable":true,"href":"https:\/\/www.acrartex.com\/sv\/wp-json\/wp\/v2\/users\/5"}],"replies":[{"embeddable":true,"href":"https:\/\/www.acrartex.com\/sv\/wp-json\/wp\/v2\/comments?post=145342"}],"version-history":[{"count":1,"href":"https:\/\/www.acrartex.com\/sv\/wp-json\/wp\/v2\/pages\/145342\/revisions"}],"predecessor-version":[{"id":145343,"href":"https:\/\/www.acrartex.com\/sv\/wp-json\/wp\/v2\/pages\/145342\/revisions\/145343"}],"wp:attachment":[{"href":"https:\/\/www.acrartex.com\/sv\/wp-json\/wp\/v2\/media?parent=145342"}],"curies":[{"name":"wp","href":"https:\/\/api.w.org\/{rel}","templated":true}]}}