{"id":144381,"date":"2023-02-06T17:04:50","date_gmt":"2023-02-06T22:04:50","guid":{"rendered":"https:\/\/www.acrartex.com\/den-nya-resqlink-ais\/"},"modified":"2025-09-08T15:56:31","modified_gmt":"2025-09-08T20:56:31","slug":"den-nya-resqlink-ais","status":"publish","type":"page","link":"https:\/\/www.acrartex.com\/sv\/den-nya-resqlink-ais\/","title":{"rendered":"Den nya ResQLink AIS PLB:n"},"content":{"rendered":"\n<p class=\"has-text-align-left\"><span style=\"box-sizing: border-box; margin: 0px; padding: 0px;\">Den helt nya <a href=\"https:\/\/www.acrartex.com\/cs\/products\/personal-locator-beacon-resqlink-ais\/\"><strong>ACR ResQLink AIS<\/strong> PLB<\/a> , eller Personal Locator Beacon, \u00e4r v\u00e4rldens mest tekniskt avancerade fyr, eftersom den har<\/span> teknik f\u00f6r att varna global s\u00f6k- och r\u00e4ddningstj\u00e4nst via satelliter och lokal r\u00e4ddning fr\u00e5n n\u00e4rliggande b\u00e5tar med AIS. Med introduktionen av AIS-funktionalitet (Automatic Identification System), RLS-teknik (Return Link Service) och NFC-kapacitet (Near Field Communication) i en 406 MHz-fyr representerar ResQLink AIS ett avg\u00f6rande framsteg i utvecklingen av PLB-teknik. <\/p>\n<div class=\"wp-block-image\">\n<figure class=\"aligncenter size-large\"><a href=\"https:\/\/www.acrartex.com\/wp-content\/uploads\/2022\/11\/ACR-ResQLink-AIS-Header-Images.jpg\"><img loading=\"lazy\" decoding=\"async\" width=\"1024\" height=\"871\" src=\"https:\/\/www.acrartex.com\/wp-content\/uploads\/2022\/11\/ACR-ResQLink-AIS-Header-Images-1024x871.jpg\" alt=\"\" class=\"wp-image-33664\" srcset=\"https:\/\/www.acrartex.com\/wp-content\/uploads\/2022\/11\/ACR-ResQLink-AIS-Header-Images-1024x871.jpg 1024w, https:\/\/www.acrartex.com\/wp-content\/uploads\/2022\/11\/ACR-ResQLink-AIS-Header-Images-300x255.jpg 300w, https:\/\/www.acrartex.com\/wp-content\/uploads\/2022\/11\/ACR-ResQLink-AIS-Header-Images-768x654.jpg 768w, https:\/\/www.acrartex.com\/wp-content\/uploads\/2022\/11\/ACR-ResQLink-AIS-Header-Images-1536x1307.jpg 1536w, https:\/\/www.acrartex.com\/wp-content\/uploads\/2022\/11\/ACR-ResQLink-AIS-Header-Images-600x511.jpg 600w, https:\/\/www.acrartex.com\/wp-content\/uploads\/2022\/11\/ACR-ResQLink-AIS-Header-Images.jpg 2000w\" sizes=\"auto, (max-width: 1024px) 100vw, 1024px\" \/><\/a><\/figure>\n<\/div>\n<figure class=\"wp-block-embed is-type-video is-provider-youtube wp-block-embed-youtube wp-embed-aspect-16-9 wp-has-aspect-ratio\"><div class=\"wp-block-embed__wrapper\">\n<iframe loading=\"lazy\" title=\"ResQLink AIS PLB with Mobile App | ACR Electronics\" width=\"500\" height=\"281\" src=\"https:\/\/www.youtube.com\/embed\/GaoRXslmcH8?feature=oembed\" frameborder=\"0\" allow=\"accelerometer; autoplay; clipboard-write; encrypted-media; gyroscope; picture-in-picture; web-share\" referrerpolicy=\"strict-origin-when-cross-origin\" allowfullscreen><\/iframe>\n<\/div><\/figure>\n\n<div class=\"wp-block-columns is-layout-flex wp-container-core-columns-is-layout-9d6595d7 wp-block-columns-is-layout-flex\">\n<div class=\"wp-block-column is-layout-flow wp-block-column-is-layout-flow\">\n<figure class=\"wp-block-video\"><video height=\"650\" style=\"aspect-ratio: 650 \/ 650;\" width=\"650\" autoplay=\"\" loop=\"\" muted=\"\" src=\"https:\/\/www.acrartex.com\/wp-content\/uploads\/2022\/11\/ACR_PLB4503_360.mp4\"><\/video><\/figure>\n<\/div>\n\n\n\n<div class=\"wp-block-column is-layout-flow wp-block-column-is-layout-flow\">\n<p class=\"has-large-font-size\"><meta charset=\"utf-8\"\/><strong>ACR ResQLink AIS<\/strong><\/p>\n\n\n\n<p class=\"has-text-color has-medium-font-size\" style=\"color:#899198\">Kombinationen av 406 MHz och AIS -n\u00f6dmeddelanden kopplar ihop b\u00e5de global och lokal r\u00e4ddningstj\u00e4nst i en enda PLB f\u00f6r f\u00f6rsta g\u00e5ngen, vilket ut\u00f6kar \u00e5tkomsten till kustbevakningen och s\u00f6k- och r\u00e4ddningstj\u00e4nsten samt kommersiella och fritidsb\u00e5tar i omr\u00e5det. Genom att varna lokala AIS utrustade b\u00e5tar i din n\u00e4rhet kan ytterligare fartyg reagera direkt p\u00e5 det digitala n\u00f6dl\u00e4get med din exakta position. <\/p>\n\n\n\n<p class=\"has-text-color has-medium-font-size\" style=\"color:#899198\">Dessutom ger NFC -funktionen anv\u00e4ndarna v\u00e4rldens f\u00f6rsta smartphone-anslutna PLB , och den nya Return Link Service funktionen ger anv\u00e4ndarna sinnesro i vetskapen om att deras n\u00f6dmeddelande har mottagits och deras plats har uppt\u00e4ckts.<\/p>\n<\/div>\n<\/div>\n\n<div class=\"wp-block-buttons is-horizontal is-content-justification-center is-layout-flex wp-container-core-buttons-is-layout-499968f5 wp-block-buttons-is-layout-flex\">\n<div class=\"wp-block-button\"><a class=\"wp-block-button__link has-vivid-green-cyan-background-color has-background wp-element-button\" href=\"https:\/\/www.acrartex.com\/el\/products\/personal-locator-beacon-resqlink-ais\/\">Klicka h\u00e4r f\u00f6r att l\u00e4ra dig mer<\/a><\/div>\n<\/div>\n\n<div class=\"wp-block-columns is-layout-flex wp-container-core-columns-is-layout-9d6595d7 wp-block-columns-is-layout-flex\">\n<div class=\"wp-block-column is-layout-flow wp-block-column-is-layout-flow\">\n<figure class=\"wp-block-image size-full\"><img loading=\"lazy\" decoding=\"async\" width=\"379\" height=\"578\" src=\"https:\/\/www.acrartex.com\/wp-content\/uploads\/2022\/11\/Medium-Vertical-L-1.png\" alt=\"\" class=\"wp-image-33667\" srcset=\"https:\/\/www.acrartex.com\/wp-content\/uploads\/2022\/11\/Medium-Vertical-L-1.png 379w, https:\/\/www.acrartex.com\/wp-content\/uploads\/2022\/11\/Medium-Vertical-L-1-197x300.png 197w\" sizes=\"auto, (max-width: 379px) 100vw, 379px\" \/><\/figure>\n<\/div>\n\n\n\n<div class=\"wp-block-column is-layout-flow wp-block-column-is-layout-flow\">\n<p class=\"has-large-font-size\"><meta charset=\"utf-8\"\/><strong>Parning av global och lokal r\u00e4ddning<\/strong><\/p>\n\n\n\n<p class=\"has-text-color has-medium-font-size\" style=\"color:#899198\">AIS-utrustade fartyg inom VHF-r\u00e4ckvidd fr\u00e5n PLB kommer att se ett s\u00e4kerhetsmeddelande p\u00e5 sina sk\u00e4rmar, inklusive MMSI-fartygsidentifiering.  <\/p>\n\n\n\n<p class=\"has-text-color has-medium-font-size\" style=\"color:#899198\">Fartyg i omr\u00e5det d\u00e4r PLB:n har aktiverats kan sedan omedelbart initiera r\u00e4ddnings- och b\u00e4rgningsinsatser, utan att beh\u00f6va v\u00e4nta p\u00e5 en n\u00f6dinsats. AIS g\u00f6r det ocks\u00e5 m\u00f6jligt f\u00f6r lokala r\u00e4ddningstj\u00e4nster att enkelt lokalisera PLB:ns position, som visas som ett AIS-m\u00e5l p\u00e5 deras inbyggda sk\u00e4rm. N\u00e4rliggande fartyg med inbyggd AIS kan navigera direkt till PLB:n genom att v\u00e4lja AIS-m\u00e5let.  <\/p>\n\n\n\n<p class=\"has-medium-font-size\"><strong>Denna otroliga tekniska utveckling kommer att p\u00e5skynda \u00e5terh\u00e4mtningstiden, vilket garanterat kommer att r\u00e4dda liv.<\/strong><\/p>\n<\/div>\n<\/div>\n\n<div class=\"wp-block-columns is-layout-flex wp-container-core-columns-is-layout-9d6595d7 wp-block-columns-is-layout-flex\">\n<div class=\"wp-block-column is-layout-flow wp-block-column-is-layout-flow\">\n<p class=\"has-large-font-size\"><meta charset=\"utf-8\"\/><strong>Return Link Service ( RLS ) aktiverad<\/strong><\/p>\n\n\n\n<p class=\"has-text-color has-medium-font-size\" style=\"color:#899198\">RLS-funktionen fungerar genom att skicka en signal tillbaka via Galileos <a href=\"https:\/\/www.cospas-sarsat.int\/en\/\">satellitn\u00e4tverk<\/a> f\u00f6r att bekr\u00e4fta till beacon-anv\u00e4ndaren att deras n\u00f6dmeddelande har mottagits och deras plats har detekterats. Ett blinkande bl\u00e5tt ljus p\u00e5 PLB:n indikerar tydligt ett bekr\u00e4ftelsemeddelande. Liksom andra ACR-beacons som inkluderar den kritiska RLS-funktionen, ger ResQLink AIS tryggheten i att veta att ett n\u00f6dmeddelande har levererats.    <\/p>\n\n\n\n<p class=\"has-text-color has-medium-font-size\" style=\"color:#899198\">Att r\u00e4ddningspersonal \u00e4r medvetna om fyrsignalernas s\u00e4ndning och plats minskar stressen som ofta \u00e4r f\u00f6rknippad med man \u00f6verbord-incidenter.<\/p>\n<\/div>\n\n\n\n<div class=\"wp-block-column is-layout-flow wp-block-column-is-layout-flow\"><div class=\"wp-block-image\">\n<figure class=\"aligncenter size-full\"><img loading=\"lazy\" decoding=\"async\" width=\"379\" height=\"578\" src=\"https:\/\/www.acrartex.com\/wp-content\/uploads\/2022\/11\/Medium-Vertical-R-1.png\" alt=\"\" class=\"wp-image-33668\" srcset=\"https:\/\/www.acrartex.com\/wp-content\/uploads\/2022\/11\/Medium-Vertical-R-1.png 379w, https:\/\/www.acrartex.com\/wp-content\/uploads\/2022\/11\/Medium-Vertical-R-1-197x300.png 197w\" sizes=\"auto, (max-width: 379px) 100vw, 379px\" \/><\/figure>\n<\/div><\/div>\n<\/div>\n\n<figure class=\"wp-block-image size-large\"><img loading=\"lazy\" decoding=\"async\" width=\"1024\" height=\"844\" src=\"https:\/\/www.acrartex.com\/wp-content\/uploads\/2023\/02\/PLB450-Mobile-App-Large-Box-1024x844.png\" alt=\"\" class=\"wp-image-34642\" srcset=\"https:\/\/www.acrartex.com\/wp-content\/uploads\/2023\/02\/PLB450-Mobile-App-Large-Box-1024x844.png 1024w, https:\/\/www.acrartex.com\/wp-content\/uploads\/2023\/02\/PLB450-Mobile-App-Large-Box-300x247.png 300w, https:\/\/www.acrartex.com\/wp-content\/uploads\/2023\/02\/PLB450-Mobile-App-Large-Box-768x633.png 768w, https:\/\/www.acrartex.com\/wp-content\/uploads\/2023\/02\/PLB450-Mobile-App-Large-Box-600x495.png 600w, https:\/\/www.acrartex.com\/wp-content\/uploads\/2023\/02\/PLB450-Mobile-App-Large-Box.png 1048w\" sizes=\"auto, (max-width: 1024px) 100vw, 1024px\" \/><\/figure>\n\n<div class=\"wp-block-media-text alignwide is-stacked-on-mobile is-vertically-aligned-center\" style=\"grid-template-columns:39% auto\"><figure class=\"wp-block-media-text__media\"><img loading=\"lazy\" decoding=\"async\" width=\"379\" height=\"578\" src=\"https:\/\/www.acrartex.com\/wp-content\/uploads\/2023\/02\/GlobalFix-V5-Mobile-App-2.png\" alt=\"\" class=\"wp-image-34607 size-full\" srcset=\"https:\/\/www.acrartex.com\/wp-content\/uploads\/2023\/02\/GlobalFix-V5-Mobile-App-2.png 379w, https:\/\/www.acrartex.com\/wp-content\/uploads\/2023\/02\/GlobalFix-V5-Mobile-App-2-197x300.png 197w\" sizes=\"auto, (max-width: 379px) 100vw, 379px\" \/><\/figure><div class=\"wp-block-media-text__content\">\n<p class=\"has-large-font-size\"><strong>Smartphone-anslutning med hj\u00e4lp av Near Field Communication ( NFC )<\/strong><\/p>\n\n\n\n<p>Integreringen av NFC-teknik g\u00f6r det m\u00f6jligt f\u00f6r anv\u00e4ndare att enkelt komma \u00e5t beacon-data fr\u00e5n sina mobiltelefoner. Genom att placera en telefon n\u00e4ra beacon \u00f6ppnas automatiskt ACR Product App, vilket ger tillg\u00e5ng till en m\u00e4ngd anv\u00e4ndningsdata, inklusive aktuell batteritid, antalet slutf\u00f6rda sj\u00e4lvtester, antalet slutf\u00f6rda GNSS-tester och, om till\u00e4mpligt, hur l\u00e4nge beaconen har varit aktiverad.   <\/p>\n\n\n\n<p>Detaljerad information om varje sj\u00e4lvtest och GNSS-test som utf\u00f6rs av fyren finns ocks\u00e5 tillg\u00e4nglig om s\u00e5 \u00f6nskas. F\u00f6r varje lyckat GNSS-test kan anv\u00e4ndare se en karta som visar exakt var testet utf\u00f6rdes, datum och tid f\u00f6r testet, den tid det tog f\u00f6r fyren att f\u00e5 en positionsbekr\u00e4ftelse p\u00e5 sina GNSS-koordinater, antalet satelliter som fyren anv\u00e4nde f\u00f6r att f\u00e5 den positionsbekr\u00e4ftelsen och platsens noggrannhet. <\/p>\n<\/div><\/div>\n\n<hr class=\"wp-block-separator has-css-opacity\"\/>\n\n<p class=\"has-text-align-center has-large-font-size\"><strong>ResQLink AIS levereras som standard med<\/strong><\/p>\n<figure class=\"wp-block-image aligncenter size-full is-resized\"><img loading=\"lazy\" decoding=\"async\" width=\"800\" height=\"232\" class=\"wp-image-33676\" style=\"width: 837px; height: 243px;\" src=\"https:\/\/www.acrartex.com\/wp-content\/uploads\/2022\/11\/Wide-Banner.png\" alt=\"\" srcset=\"https:\/\/www.acrartex.com\/wp-content\/uploads\/2022\/11\/Wide-Banner.png 800w, https:\/\/www.acrartex.com\/wp-content\/uploads\/2022\/11\/Wide-Banner-300x87.png 300w, https:\/\/www.acrartex.com\/wp-content\/uploads\/2022\/11\/Wide-Banner-768x223.png 768w, https:\/\/www.acrartex.com\/wp-content\/uploads\/2022\/11\/Wide-Banner-600x174.png 600w\" sizes=\"auto, (max-width: 800px) 100vw, 800px\" \/><\/figure>\n\n<figure class=\"wp-block-image size-large\"><img loading=\"lazy\" decoding=\"async\" width=\"1024\" height=\"422\" src=\"https:\/\/www.acrartex.com\/wp-content\/uploads\/2022\/11\/Large-Medium-Banner-1024x422.png\" alt=\"\" class=\"wp-image-33677\" srcset=\"https:\/\/www.acrartex.com\/wp-content\/uploads\/2022\/11\/Large-Medium-Banner-1024x422.png 1024w, https:\/\/www.acrartex.com\/wp-content\/uploads\/2022\/11\/Large-Medium-Banner-300x124.png 300w, https:\/\/www.acrartex.com\/wp-content\/uploads\/2022\/11\/Large-Medium-Banner-768x317.png 768w, https:\/\/www.acrartex.com\/wp-content\/uploads\/2022\/11\/Large-Medium-Banner-600x247.png 600w, https:\/\/www.acrartex.com\/wp-content\/uploads\/2022\/11\/Large-Medium-Banner.png 1048w\" sizes=\"auto, (max-width: 1024px) 100vw, 1024px\" \/><\/figure>\n\n<figure class=\"wp-block-image size-large\"><img loading=\"lazy\" decoding=\"async\" width=\"1024\" height=\"422\" src=\"https:\/\/www.acrartex.com\/wp-content\/uploads\/2022\/11\/Large-Medium-Banner-2-1-1024x422.png\" alt=\"\" class=\"wp-image-33678\" srcset=\"https:\/\/www.acrartex.com\/wp-content\/uploads\/2022\/11\/Large-Medium-Banner-2-1-1024x422.png 1024w, https:\/\/www.acrartex.com\/wp-content\/uploads\/2022\/11\/Large-Medium-Banner-2-1-300x124.png 300w, https:\/\/www.acrartex.com\/wp-content\/uploads\/2022\/11\/Large-Medium-Banner-2-1-768x317.png 768w, https:\/\/www.acrartex.com\/wp-content\/uploads\/2022\/11\/Large-Medium-Banner-2-1-600x247.png 600w, https:\/\/www.acrartex.com\/wp-content\/uploads\/2022\/11\/Large-Medium-Banner-2-1.png 1048w\" sizes=\"auto, (max-width: 1024px) 100vw, 1024px\" \/><\/figure>\n\n<div class=\"wp-block-columns is-layout-flex wp-container-core-columns-is-layout-9d6595d7 wp-block-columns-is-layout-flex\">\n<div class=\"wp-block-column is-layout-flow wp-block-column-is-layout-flow\">\n<figure class=\"wp-block-image size-full\"><img loading=\"lazy\" decoding=\"async\" width=\"400\" height=\"400\" src=\"https:\/\/www.acrartex.com\/wp-content\/uploads\/2022\/11\/Small-Box-copy-2.png\" alt=\"\" class=\"wp-image-33672\" srcset=\"https:\/\/www.acrartex.com\/wp-content\/uploads\/2022\/11\/Small-Box-copy-2.png 400w, https:\/\/www.acrartex.com\/wp-content\/uploads\/2022\/11\/Small-Box-copy-2-300x300.png 300w, https:\/\/www.acrartex.com\/wp-content\/uploads\/2022\/11\/Small-Box-copy-2-150x150.png 150w, https:\/\/www.acrartex.com\/wp-content\/uploads\/2022\/11\/Small-Box-copy-2-100x100.png 100w\" sizes=\"auto, (max-width: 400px) 100vw, 400px\" \/><\/figure>\n<\/div>\n\n\n\n<div class=\"wp-block-column is-layout-flow wp-block-column-is-layout-flow\">\n<figure class=\"wp-block-image size-full\"><img loading=\"lazy\" decoding=\"async\" width=\"400\" height=\"400\" src=\"https:\/\/www.acrartex.com\/wp-content\/uploads\/2022\/11\/Small-Box-copy-3.png\" alt=\"\" class=\"wp-image-33673\" srcset=\"https:\/\/www.acrartex.com\/wp-content\/uploads\/2022\/11\/Small-Box-copy-3.png 400w, https:\/\/www.acrartex.com\/wp-content\/uploads\/2022\/11\/Small-Box-copy-3-300x300.png 300w, https:\/\/www.acrartex.com\/wp-content\/uploads\/2022\/11\/Small-Box-copy-3-150x150.png 150w, https:\/\/www.acrartex.com\/wp-content\/uploads\/2022\/11\/Small-Box-copy-3-100x100.png 100w\" sizes=\"auto, (max-width: 400px) 100vw, 400px\" \/><\/figure>\n<\/div>\n\n\n\n<div class=\"wp-block-column is-layout-flow wp-block-column-is-layout-flow\">\n<figure class=\"wp-block-image size-full\"><img loading=\"lazy\" decoding=\"async\" width=\"400\" height=\"400\" src=\"https:\/\/www.acrartex.com\/wp-content\/uploads\/2022\/11\/Small-Box.png\" alt=\"\" class=\"wp-image-33674\" srcset=\"https:\/\/www.acrartex.com\/wp-content\/uploads\/2022\/11\/Small-Box.png 400w, https:\/\/www.acrartex.com\/wp-content\/uploads\/2022\/11\/Small-Box-300x300.png 300w, https:\/\/www.acrartex.com\/wp-content\/uploads\/2022\/11\/Small-Box-150x150.png 150w, https:\/\/www.acrartex.com\/wp-content\/uploads\/2022\/11\/Small-Box-100x100.png 100w\" sizes=\"auto, (max-width: 400px) 100vw, 400px\" \/><\/figure>\n<\/div>\n\n\n\n<div class=\"wp-block-column is-layout-flow wp-block-column-is-layout-flow\">\n<figure class=\"wp-block-image size-full\"><img loading=\"lazy\" decoding=\"async\" width=\"400\" height=\"400\" src=\"https:\/\/www.acrartex.com\/wp-content\/uploads\/2022\/11\/Small-Box-copy.png\" alt=\"\" class=\"wp-image-33675\" srcset=\"https:\/\/www.acrartex.com\/wp-content\/uploads\/2022\/11\/Small-Box-copy.png 400w, https:\/\/www.acrartex.com\/wp-content\/uploads\/2022\/11\/Small-Box-copy-300x300.png 300w, https:\/\/www.acrartex.com\/wp-content\/uploads\/2022\/11\/Small-Box-copy-150x150.png 150w, https:\/\/www.acrartex.com\/wp-content\/uploads\/2022\/11\/Small-Box-copy-100x100.png 100w\" sizes=\"auto, (max-width: 400px) 100vw, 400px\" \/><\/figure>\n<\/div>\n<\/div>\n\n<div style=\"height:44px\" aria-hidden=\"true\" class=\"wp-block-spacer\"><\/div>\n\n<p><\/p>\n","protected":false},"excerpt":{"rendered":"<p>Den helt nya ACR ResQLink AIS PLB , eller Personal Locator Beacon, \u00e4r v\u00e4rldens mest tekniskt avancerade fyr, eftersom den har teknik f\u00f6r att varna global s\u00f6k- och r\u00e4ddningstj\u00e4nst via satelliter och lokal r\u00e4ddning fr\u00e5n n\u00e4rliggande b\u00e5tar med AIS. Med introduktionen av AIS-funktionalitet (Automatic Identification System), RLS-teknik (Return Link Service) och NFC-kapacitet (Near Field Communication) [&hellip;]<\/p>\n","protected":false},"author":5,"featured_media":0,"parent":0,"menu_order":0,"comment_status":"closed","ping_status":"closed","template":"","meta":{"_acf_changed":false,"om_disable_all_campaigns":false,"footnotes":""},"class_list":["post-144381","page","type-page","status-publish","hentry"],"acf":[],"_links":{"self":[{"href":"https:\/\/www.acrartex.com\/sv\/wp-json\/wp\/v2\/pages\/144381","targetHints":{"allow":["GET"]}}],"collection":[{"href":"https:\/\/www.acrartex.com\/sv\/wp-json\/wp\/v2\/pages"}],"about":[{"href":"https:\/\/www.acrartex.com\/sv\/wp-json\/wp\/v2\/types\/page"}],"author":[{"embeddable":true,"href":"https:\/\/www.acrartex.com\/sv\/wp-json\/wp\/v2\/users\/5"}],"replies":[{"embeddable":true,"href":"https:\/\/www.acrartex.com\/sv\/wp-json\/wp\/v2\/comments?post=144381"}],"version-history":[{"count":5,"href":"https:\/\/www.acrartex.com\/sv\/wp-json\/wp\/v2\/pages\/144381\/revisions"}],"predecessor-version":[{"id":162436,"href":"https:\/\/www.acrartex.com\/sv\/wp-json\/wp\/v2\/pages\/144381\/revisions\/162436"}],"wp:attachment":[{"href":"https:\/\/www.acrartex.com\/sv\/wp-json\/wp\/v2\/media?parent=144381"}],"curies":[{"name":"wp","href":"https:\/\/api.w.org\/{rel}","templated":true}]}}