{"id":144342,"date":"2025-04-30T14:03:40","date_gmt":"2025-04-30T19:03:40","guid":{"rendered":"https:\/\/www.acrartex.com\/acr-instrumentpanel-artex-programmering\/"},"modified":"2025-07-07T05:28:48","modified_gmt":"2025-07-07T10:28:48","slug":"acr-instrumentpanel-artex-programmering","status":"publish","type":"page","link":"https:\/\/www.acrartex.com\/sv\/acr-instrumentpanel-artex-programmering\/","title":{"rendered":"ACR instrumentpanel \u2013 ARTEX -programmering"},"content":{"rendered":"\n<p><strong>Best\u00e4llningsinstruktioner f\u00f6r ELT och programmeringsadaptrar<\/strong><\/p>\n\n<p>N\u00e4r du best\u00e4ller ELT eller programmeringsadaptrar, v\u00e4nligen se till att r\u00e4tt formul\u00e4r \u00e4r ifyllt och bifogat din best\u00e4llning. Om du till exempel best\u00e4ller artikelnummer <strong>453-5060<\/strong> m\u00e5ste du v\u00e4lja <strong>programmeringsformul\u00e4ret C406-2<\/strong> . Programmeringsformul\u00e4ren kan n\u00e5s via l\u00e4nkarna nedan.  <\/p>\n\n<p>Om standardprogrammering redan finns registrerad f\u00f6r ditt konto kr\u00e4vs inga ytterligare formul\u00e4r.<\/p>\n\n<p>Om du beh\u00f6ver hj\u00e4lp med att v\u00e4lja eller fylla i r\u00e4tt formul\u00e4r \u00e4r du v\u00e4lkommen att kontakta oss p\u00e5 cs.dashboard@acrartex.com s\u00e5 kommer en kundtj\u00e4nstmedarbetare att kontakta dig snarast.<\/p>\n\n<div style=\"height:12px\" aria-hidden=\"true\" class=\"wp-block-spacer\"><\/div>\n\n<p><strong><span style=\"text-decoration: underline;\">Programmeringsformul\u00e4r:<\/span><\/strong><\/p>\n\n<p><a href=\"https:\/\/www.dropbox.com\/scl\/fi\/ent1bonmu5lbfvy9iyd1o\/ELT-345_1000-Programming-Form.pdf?rlkey=zncahtzfirgzgdzufeikshxfd&amp;st=d2jo7qjh&amp;dl=1\">ELT 345 och ELT 1000 programmeringsformul\u00e4r<\/a><\/p>\n\n<p><a href=\"https:\/\/www.dropbox.com\/scl\/fi\/7kk6htykwdiisum80pvob\/ELT-3000-Programming-Form.pdf?rlkey=niqik450asxqiyvju8aqjmjg0&amp;st=hqukv37c&amp;dl=1\">ELT 3000 Programmeringsformul\u00e4r<\/a><\/p>\n\n<p><a href=\"https:\/\/www.dropbox.com\/scl\/fi\/fiks709fo911kf1ru2r1d\/ELT-4000-Programming-Form.pdf?rlkey=h6o41gfmq9pnc2pap8o8qwyhq&amp;st=fro5jgbo&amp;dl=1\">ELT 4000 Programmeringsformul\u00e4r<\/a><\/p>\n\n<p><a href=\"https:\/\/www.dropbox.com\/scl\/fi\/it6fj1dgskpi5t9qb7o44\/ELT-4000S-Programming-Form.pdf?rlkey=n4kpw75bwlqpm4z8pfdi0j4p8&amp;st=v56waiyk&amp;dl=1\">ELT 4000S programmeringsformul\u00e4r<\/a><\/p>\n\n<p><a href=\"https:\/\/www.dropbox.com\/scl\/fi\/re9wwfh5a6sl41d57769z\/ACR-Electronics-ELT-DT-ELT-5000-Programming-Form-September-2024-v6-1.docx?rlkey=gxk3hm6hu4txa0aipuq8npmcx&amp;st=kavbv6v9&amp;dl=1\">ELT 5000 (DT) Programmeringsformul\u00e4r<\/a><\/p>\n\n<p><a href=\"https:\/\/www.dropbox.com\/scl\/fi\/31tegowx8wvu1vch6sbi4\/C-B-G-Programming-Updated-Feb-2023.pdf?rlkey=bjdiis6ipcp7mc9taxh733ywx&amp;st=39q8nphm&amp;dl=1\">Programmeringsformul\u00e4r f\u00f6r serie C, B och G<\/a><\/p>\n\n<p><a href=\"https:\/\/www.dropbox.com\/scl\/fi\/7spagfm1n5ultgczctfgx\/C406-N-Programming-Adapter-Form.pdf?rlkey=4ng3amibu26x7x3abx7b3cyyt&amp;st=tvvya2jg&amp;dl=1\">C406-N programmeringsadapterformul\u00e4r<\/a><\/p>\n\n<p><a href=\"https:\/\/www.dropbox.com\/scl\/fi\/tu6w28yx6j95bdxvo7k36\/C406-N-Programming-Form.pdf?rlkey=bofn7e4b2k31jm9chj8tfx406&amp;st=i3to1w3m&amp;dl=1\">C406-N Programmeringsformul\u00e4r<\/a><\/p>\n\n<p><a href=\"https:\/\/www.dropbox.com\/scl\/fi\/utlfrppyrko9y3kwpbuel\/ME-406-Programming-Form.pdf?rlkey=pc5wgyzo653azjkxu3qsa6z0l&amp;st=f9o9295z&amp;dl=1\">ME 406 Programmeringsformul\u00e4r<\/a><\/p>\n","protected":false},"excerpt":{"rendered":"<p>Best\u00e4llningsinstruktioner f\u00f6r ELT och programmeringsadaptrar N\u00e4r du best\u00e4ller ELT eller programmeringsadaptrar, v\u00e4nligen se till att r\u00e4tt formul\u00e4r \u00e4r ifyllt och bifogat din best\u00e4llning. Om du till exempel best\u00e4ller artikelnummer 453-5060 m\u00e5ste du v\u00e4lja programmeringsformul\u00e4ret C406-2 . Programmeringsformul\u00e4ren kan n\u00e5s via l\u00e4nkarna nedan. Om standardprogrammering redan finns registrerad f\u00f6r ditt konto kr\u00e4vs inga ytterligare formul\u00e4r. Om [&hellip;]<\/p>\n","protected":false},"author":23,"featured_media":0,"parent":0,"menu_order":0,"comment_status":"closed","ping_status":"closed","template":"","meta":{"_acf_changed":false,"om_disable_all_campaigns":false,"footnotes":""},"class_list":["post-144342","page","type-page","status-publish","hentry"],"acf":[],"_links":{"self":[{"href":"https:\/\/www.acrartex.com\/sv\/wp-json\/wp\/v2\/pages\/144342","targetHints":{"allow":["GET"]}}],"collection":[{"href":"https:\/\/www.acrartex.com\/sv\/wp-json\/wp\/v2\/pages"}],"about":[{"href":"https:\/\/www.acrartex.com\/sv\/wp-json\/wp\/v2\/types\/page"}],"author":[{"embeddable":true,"href":"https:\/\/www.acrartex.com\/sv\/wp-json\/wp\/v2\/users\/23"}],"replies":[{"embeddable":true,"href":"https:\/\/www.acrartex.com\/sv\/wp-json\/wp\/v2\/comments?post=144342"}],"version-history":[{"count":1,"href":"https:\/\/www.acrartex.com\/sv\/wp-json\/wp\/v2\/pages\/144342\/revisions"}],"predecessor-version":[{"id":144343,"href":"https:\/\/www.acrartex.com\/sv\/wp-json\/wp\/v2\/pages\/144342\/revisions\/144343"}],"wp:attachment":[{"href":"https:\/\/www.acrartex.com\/sv\/wp-json\/wp\/v2\/media?parent=144342"}],"curies":[{"name":"wp","href":"https:\/\/api.w.org\/{rel}","templated":true}]}}