{"id":144118,"date":"2021-02-10T17:05:04","date_gmt":"2021-02-10T22:05:04","guid":{"rendered":"https:\/\/www.acrartex.com\/stod\/forsakran-om-overensstammelse\/"},"modified":"2025-07-07T05:00:11","modified_gmt":"2025-07-07T10:00:11","slug":"forsakran-om-overensstammelse","status":"publish","type":"page","link":"https:\/\/www.acrartex.com\/sv\/stod\/forsakran-om-overensstammelse\/","title":{"rendered":"F\u00f6rs\u00e4kran om \u00f6verensst\u00e4mmelse"},"content":{"rendered":"<div class=\"faq-type-category-block\" data-category=\"AISLINK\">\n\t<h2>AISLINK<\/h2>\n\t\n<div class=\"faq-type-question-block\">\n\t<div class=\"faq-type-question-block__question\">\n\t\t<h3>AISLink MOB<\/h3>\n\t\t<button type=\"button\">Show<\/button>\n\t<\/div>\n\t<p class=\"faq-type-question-block__answer closed\">Please click on your corresponding flag to view the Declaration of Conformity for that given nation.<br><br><a href=\"https:\/\/www.dropbox.com\/s\/k3jb2ujbg0l2hs6\/AISLinkMOB1-001_English.pdf?dl=1\">UK<\/a><br><a href=\"https:\/\/www.dropbox.com\/s\/jzo7y8xi0xie6fh\/AISLinkMOB1-001_French.pdf?dl=1\">FRANCE<\/a><br><a href=\"https:\/\/www.dropbox.com\/s\/4he429kzi16bxif\/AISLinkMOB1-001_Spanish.pdf?dl=1\">SPAIN<\/a><br><a href=\"https:\/\/www.dropbox.com\/s\/j1b8dmz9cliy056\/AISLinkMOB1-001_Greek.pdf?dl=1\">GREECE<\/a><br><a href=\"https:\/\/www.dropbox.com\/s\/ukaafty7skdtx1a\/AISLinkMOB1-001_German.pdf?dl=1\">GERMANY<\/a><br><a href=\"https:\/\/www.dropbox.com\/s\/c1w437e8nwmfkkk\/AISLinkMOB1-001_Italian.pdf?dl=1\">ITALY<\/a><br><a href=\"https:\/\/www.dropbox.com\/s\/m241gho8h8wlxya\/AISLinkMOB1-001_Dutch.pdf?dl=1\">NETHERLANDS<\/a><br><a href=\"https:\/\/www.dropbox.com\/s\/0unr6gz157gs0ox\/AISLinkMOB1-001_European%20Portuguese.pdf?dl=1\">PORTUGAL<\/a><br><a href=\"https:\/\/www.dropbox.com\/s\/ajbpbd7geh0loqv\/AISLinkMOB1-001_Romanian.pdf?dl=1\">ROMANIA<\/a><br><a href=\"https:\/\/www.dropbox.com\/s\/88cgcsfmcec3nnw\/AISLinkMOB1-001_Norwegian.pdf?dl=1\">NORWAY<\/a><br><a href=\"https:\/\/www.dropbox.com\/s\/fr38cekyn7xqlvn\/AISLinkMOB1-001_Croatian.pdf?dl=0\">CROATIA<\/a><br><a href=\"https:\/\/www.dropbox.com\/s\/rh6e337894qgp8i\/AISLinkMOB1-001_Swedish.pdf?dl=1\">SWEDEN<\/a><br><br><\/p>\n<\/div>\n\n\n<\/div>\n\n\n<div class=\"faq-type-category-block\" data-category=\"PERSONAL LOCATOR BEACONS\">\n\t<h2>PERSONAL LOCATOR BEACONS<\/h2>\n\t\n<div class=\"faq-type-question-block\">\n\t<div class=\"faq-type-question-block__question\">\n\t\t<h3>PLB-350B<\/h3>\n\t\t<button type=\"button\">Show<\/button>\n\t<\/div>\n\t<p class=\"faq-type-question-block__answer closed\">Please click on your corresponding nation to view the Declaration of Conformity.<br><a href=\"https:\/\/www.dropbox.com\/s\/fyde1w6s85vi1bj\/PLB-350_English.pdf?dl=1\">UK<\/a><br><a href=\"http:\/\/www.dropbox.com\/s\/zf3lycx17kh2293\/plb-350b-005-french.pdf?dl=1\">FRANCE<\/a><br><a href=\"http:\/\/www.dropbox.com\/s\/agpcpozmv68lvu4\/plb-350b-005-spanish.pdf?dl=1\">SPAIN<\/a><br><a href=\"http:\/\/www.dropbox.com\/s\/hmrnkgr9dszve64\/plb-350b-00-greek.pdf?dl=1\">GREECE<\/a><br><a href=\"http:\/\/www.dropbox.com\/s\/lkyxqch2ls2ky6f\/plb-350b-005_german.pdf?dl=1\">GERMANY<\/a><br><a href=\"https:\/\/www.dropbox.com\/s\/ekaz5lzg79vvh12\/plb-350b-005-italian.pdf?dl=1\">ITALY<\/a><br><a href=\"http:\/\/www.dropbox.com\/s\/wvo9w57oo31iox6\/plb-350b-005_dutch_.pdf?dl=1\">NETHERLANDS<\/a><br><a href=\"http:\/\/www.dropbox.com\/s\/bu73u04arsg2cd8\/plb-350b-005-european-portuguese.pdf?dl=1\">PORTUGAL<\/a><br><a href=\"http:\/\/www.dropbox.com\/s\/m7xmfeqz3duial6\/plb-350b-005-romanian.pdf?dl=1\">ROMANIA<\/a><br><a href=\"http:\/\/www.dropbox.com\/s\/wyqouvk17m0kmol\/plb-350b-005-norwegian.pdf?dl=1\">NORWAY<\/a><br><a href=\"http:\/\/www.dropbox.com\/s\/2mdlzmmfvlux4v1\/plb-350b-005_croatian.pdf?dl=1\">CROATIA<\/a><br><a href=\"http:\/\/www.dropbox.com\/s\/q835ne28dv4h1xb\/plb-350b-005-swedish.pdf?dl=1\">SWEDEND<\/a><br><br><\/p>\n<\/div>\n\n\n<div class=\"faq-type-question-block\">\n\t<div class=\"faq-type-question-block__question\">\n\t\t<h3>PLB-350C<\/h3>\n\t\t<button type=\"button\">Show<\/button>\n\t<\/div>\n\t<p class=\"faq-type-question-block__answer closed\">Please click on your corresponding nation to view the Declaration of Conformity.<br><br><a href=\"https:\/\/www.dropbox.com\/s\/fyde1w6s85vi1bj\/PLB-350_English.pdf?dl=1\">UK<\/a><br><a href=\"http:\/\/www.dropbox.com\/s\/72dq6ioyyh1sley\/plb-350c-005-french.pdf?dl=1\">FRANCE<\/a><br><a href=\"http:\/\/www.dropbox.com\/s\/je22zd6e3ajx1k2\/plb-350c-005-spanish.pdf?dl=1\">SPAIN<\/a><br><a href=\"http:\/\/www.dropbox.com\/s\/rge9ik64sh6g0ga\/plb-350c-00-greek.pdf?dl=1\">GREECE<\/a><br><a href=\"http:\/\/www.dropbox.com\/s\/17nmi9um7r109z4\/plb-350c-005_german.pdf?dl=1\">GERMANY<\/a><br><a href=\"https:\/\/www.dropbox.com\/s\/ba80werzimh1qcz\/plb-350c-005-italian.pdf?dl=1\">ITALY<\/a><br><a href=\"http:\/\/www.dropbox.com\/s\/v00smuenre5g0u7\/plb-350c-005_dutch_.pdf?dl=1\">NETHERLANDS<\/a><br><a href=\"http:\/\/www.dropbox.com\/s\/dou333rrwrtz3bl\/plb-350c-005-european-portuguese.pdf?dl=1\">PORTUGAL<\/a><br><a href=\"http:\/\/www.dropbox.com\/s\/ifzu3i637dn9q5v\/plb-350c-005-romanian.pdf?dl=1\">ROMANIA<\/a><br><a href=\"http:\/\/www.dropbox.com\/s\/nlaxdewtm40kp6c\/plb-350c-005-norwegian.pdf?dl=1\">NORWAY<\/a><br><a href=\"http:\/\/www.dropbox.com\/s\/hxdnzla4joghqos\/plb-350c-005_croatian.pdf?dl=1\">CROATIA<\/a><br><a href=\"http:\/\/www.dropbox.com\/s\/910yi4l44lh75fb\/plb-350c-005-swedish.pdf?dl=1\">SWEDEND<\/a><br><br><\/p>\n<\/div>\n\n\n<div class=\"faq-type-question-block\">\n\t<div class=\"faq-type-question-block__question\">\n\t\t<h3>PLB-375<\/h3>\n\t\t<button type=\"button\">Show<\/button>\n\t<\/div>\n\t<p class=\"faq-type-question-block__answer closed\">Please click on your corresponding nation to view the Declaration of Conformity.<br><br><a href=\"https:\/\/www.dropbox.com\/s\/am1jg7x0gwg5olx\/PLB-375_English.pdf?dl=1\">UK<\/a><br><a href=\"https:\/\/www.dropbox.com\/s\/kz53rfia1aw7a62\/plb-375-006-french.pdf?dl=1\">FRANCE<\/a><br><a href=\"https:\/\/www.dropbox.com\/s\/6uat95zmouxa7ug\/plb-375-006-spanish.pdf?dl=1\">SPAIN<\/a><br><a href=\"https:\/\/www.dropbox.com\/s\/qfeepmrk054r6jp\/plb-375-00-greek.pdf?dl=1\">GREECE<\/a><br><a href=\"https:\/\/www.dropbox.com\/s\/tefjmwczt1847k0\/plb-375-006_german.pdf?dl=1\">GERMANY<\/a><br><a href=\"https:\/\/www.dropbox.com\/s\/hgmm5668wgw101i\/plb-375-006-italian.pdf?dl=1\">ITALY<\/a><br><a href=\"https:\/\/www.dropbox.com\/s\/pn96k1rzol1xd9n\/plb-375-006_dutch_.pdf?dl=1\">NETHERLANDS<\/a><br><a href=\"https:\/\/www.dropbox.com\/s\/z2uwdpzmyok1a3d\/plb-375-006-european-portuguese.pdf?dl=1\">PORTUGAL<\/a><br><a href=\"https:\/\/www.dropbox.com\/s\/d636j16ikidsm9k\/plb-375-006-romanian.pdf?dl=1\">ROMANIA<\/a><br><a href=\"https:\/\/www.dropbox.com\/s\/0ot2io3jyzykew9\/plb-375-006-norwegian.pdf?dl=1\">NORWAY<\/a><br><a href=\"https:\/\/www.dropbox.com\/s\/gk5kmu0wpxz2ok4\/plb-375-006_croatian.pdf?dl=1\">CROATIA<\/a><br><a href=\"https:\/\/www.dropbox.com\/s\/1n6ifn2kdwiyq2l\/plb-375-006-swedish.pdf?dl=1\">SWEDEN<\/a><br><br><\/p>\n<\/div>\n\n\n<div class=\"faq-type-question-block\">\n\t<div class=\"faq-type-question-block__question\">\n\t\t<h3>PLB-400 &amp; PLB-425<\/h3>\n\t\t<button type=\"button\">Show<\/button>\n\t<\/div>\n\t<p class=\"faq-type-question-block__answer closed\"><a href=\"https:\/\/www.dropbox.com\/s\/790xudmaddi6bb4\/DoC_English.pdf?dl=1\">UK<\/a><br>FRANCE<br>SPAIN<br>GREECE<br>GERMANY<br>ITALY<br>NETHERLANDS<br>PORTUGAL<br>ROMANIA<br>NORWAY<br>CROATIA<br>SWEDEN<br><br><\/p>\n<\/div>\n\n\n<\/div>\n\n\n<div class=\"faq-type-category-block\" data-category=\"SEARCHLIGHTS\">\n\t<h2>SEARCHLIGHTS<\/h2>\n\t\n<div class=\"faq-type-question-block\">\n\t<div class=\"faq-type-question-block__question\">\n\t\t<h3>RCL-100LED<\/h3>\n\t\t<button type=\"button\">Show<\/button>\n\t<\/div>\n\t<p class=\"faq-type-question-block__answer closed\">Please click on your corresponding nation to view the Declaration of Conformity.<br><br><a href=\"https:\/\/www.dropbox.com\/s\/v2dh9f593gqmrnf\/rcl-100led_001_english.pdf?dl=1\">UK<\/a><br><a href=\"https:\/\/www.dropbox.com\/s\/792nvvzzshddl6e\/french_rcl-100led-001.pdf?dl=1\">FRANCE<\/a><br><a href=\"https:\/\/www.dropbox.com\/s\/apkw6e31ndfa73l\/spanish_rcl-100led-001.pdf?dl=1\">SPAIN<\/a><br><a href=\"https:\/\/www.dropbox.com\/s\/k9r2fkn565f7d6p\/greek_rcl-100led-001.pdf?dl=1\">GREECE<\/a><br><a href=\"https:\/\/www.dropbox.com\/s\/leyyybmfi39nxaz\/german_rcl-100led-001.pdf?dl=1\">GERMANY<\/a><br><a href=\"https:\/\/www.dropbox.com\/s\/6053iuqgbe4kcao\/italian_rcl-100led-001_it_rev.pdf?dl=1\">ITALY<\/a><br><a href=\"https:\/\/www.dropbox.com\/s\/ou3btatg2uvv1q6\/dutch-100led-001.pdf?dl=1\">NETHERLANDS<\/a><br><a href=\"https:\/\/www.dropbox.com\/s\/w2qfsunqspbu8w5\/portuguese_rcl-100led-001doc_en-us_pt-pt.pdf?dl=1\">PORTUGAL<\/a><br><a href=\"https:\/\/www.dropbox.com\/s\/igpa719puf62fnf\/romanian_rcl-100led-001-proofed.pdf?dl=1\">ROMANIA<\/a><br><a href=\"https:\/\/www.dropbox.com\/s\/wyzjwwiidtqr35n\/norwegian_rcl-100led-001.pdf?dl=1\">NORWAY<\/a><br><a href=\"https:\/\/www.dropbox.com\/s\/3oct4fa27qjx0ya\/croatian_rcl-100led-001.pdf?dl=1\">CROATIA<\/a><br><a href=\"https:\/\/www.dropbox.com\/s\/keskp9x4k0dkp4y\/swedish_rcl-100led-001.pdf?dl=1\">SWEDEN<\/a><br><br><\/p>\n<\/div>\n\n\n<div class=\"faq-type-question-block\">\n\t<div class=\"faq-type-question-block__question\">\n\t\t<h3>RCL-50<\/h3>\n\t\t<button type=\"button\">Show<\/button>\n\t<\/div>\n\t<p class=\"faq-type-question-block__answer closed\">Please click on your corresponding nation to view the Declaration of Conformity.<br><br><a href=\"https:\/\/www.dropbox.com\/s\/3jj3b29ku8ng8c3\/rcl-50-004_english.pdf?dl=1\">UK<\/a><br><a href=\"https:\/\/www.dropbox.com\/s\/3bsc2vssd02r5m1\/french_rcl-50-003.pdf?dl=1\">FRANCE<\/a><br><a href=\"https:\/\/www.dropbox.com\/s\/40tjdvyp5kyaiw2\/spanish_rcl-50-003.pdf?dl=1\">SPAIN<\/a><br><a href=\"https:\/\/www.dropbox.com\/s\/ejnemxv1he2i2kx\/greek_rcl-50-003el.pdf?dl=1\">GREECE<\/a><br><a href=\"https:\/\/www.dropbox.com\/s\/duy1ehd9okv7332\/german_rcl-50-003.pdf?dl=1\">GERMANY<\/a><br><a href=\"https:\/\/www.dropbox.com\/s\/juk6wjezt2n4549\/italian_rcl-50-003_it_rev.pdf?dl=1\">ITALY<\/a><br><a href=\"https:\/\/www.dropbox.com\/s\/bxuuba81409zdxt\/dutch-50-003.pdf?dl=1\">NETHERLANDS<\/a><br><a href=\"https:\/\/www.dropbox.com\/s\/ymw0i6knqriy2z9\/portuguese_rcl-50-003doc_en-us_pt-pt.pdf?dl=1\">PORTUGAL<\/a><br><a href=\"https:\/\/www.dropbox.com\/s\/n4onpj6kmjwhwb1\/romanian_rcl-50-003-proofed.pdf?dl=1\">ROMANIA<\/a><br><a href=\"https:\/\/www.dropbox.com\/s\/pdk9orfhxgp1lxd\/norwegian_rcl-50-003.pdf?dl=1\">NORWAY<\/a><br><a href=\"https:\/\/www.dropbox.com\/s\/opy2csy8jfti49n\/croatian_rcl-50-003.pdf?dl=0\">CROATIA<\/a><br><a href=\"https:\/\/www.dropbox.com\/s\/exzx0q6ie04l8js\/swedish_rcl-50-003.pdf?dl=1\">SWEDEN<\/a><br><br><\/p>\n<\/div>\n\n\n<div class=\"faq-type-question-block\">\n\t<div class=\"faq-type-question-block__question\">\n\t\t<h3>RCL-100D<\/h3>\n\t\t<button type=\"button\">Show<\/button>\n\t<\/div>\n\t<p class=\"faq-type-question-block__answer closed\">Please click on your corresponding nation to view the Declaration of Conformity.<br><br><a href=\"http:\/\/www.dropbox.com\/s\/3g0y9qr2g05ry3k\/rcl-100d-005_english.pdf?dl=1\">UK<\/a><br><a href=\"http:\/\/www.dropbox.com\/s\/f2ykz7lix97b2l3\/french_rcl-100d-004.pdf?dl=1\">FRANCE<\/a><br><a href=\"http:\/\/www.dropbox.com\/s\/8txq4pwdfpbax5z\/spanish_rcl-100d-004.pdf?dl=1\">SPAIN<\/a><br><a href=\"http:\/\/www.dropbox.com\/s\/hsq8872cu123tcr\/greek_rcl-100d-004el.pdf?dl=1\">GREECE<\/a><br><a href=\"http:\/\/www.dropbox.com\/s\/nlda3v32gjjfr1l\/german_rcl-100d-004.pdf?dl=1\">GERMANY<\/a><br><a href=\"https:\/\/www.dropbox.com\/s\/c1w437e8nwmfkkk\/AISLinkMOB1-001_Italian.pdf?dl=0\">ITALY<\/a><br><a href=\"http:\/\/www.dropbox.com\/s\/mqoiefon8sdllyv\/dutch-100d-004.pdf?dl=1\">NETHERLANDS<\/a><br><a href=\"http:\/\/www.dropbox.com\/s\/kz8tp5naxyqignf\/rcl-100d-004_portuguese.pdf?dl=1\">PORTUGAL<\/a><br><a href=\"http:\/\/www.dropbox.com\/s\/vlt2j4v8d018hho\/romanian_rcl-100d-004-proofed.pdf?dl=1\">ROMANIA<\/a><br><a href=\"http:\/\/www.dropbox.com\/s\/e5918p0gr7x6ys8\/norwegian_rcl-100d-004.pdf?dl=1\">NORWAY<\/a><br><a href=\"http:\/\/www.dropbox.com\/s\/khko653gyz9tpde\/croatian_rcl-100d-004.pdf?dl=1\">CROATIA<\/a><br><a href=\"http:\/\/www.dropbox.com\/s\/1fc6tjsjkjw2p9c\/swedish_rcl-100d-004.pdf?dl=1\">SWEDEND<\/a><br><br><\/p>\n<\/div>\n\n\n<div class=\"faq-type-question-block\">\n\t<div class=\"faq-type-question-block__question\">\n\t\t<h3>RCL-75<\/h3>\n\t\t<button type=\"button\">Show<\/button>\n\t<\/div>\n\t<p class=\"faq-type-question-block__answer closed\">Please click on your corresponding nation to view the Declaration of Conformity.<br><br><a href=\"https:\/\/www.dropbox.com\/s\/flhznegrr01dvsk\/rcl-75-004_english.pdf?dl=1\">UK<\/a><br><a href=\"https:\/\/www.dropbox.com\/s\/773l85e145m378t\/french_rcl-75-003.pdf?dl=1\">FRANCE<\/a><br><a href=\"https:\/\/www.dropbox.com\/s\/epkis7n7yxwq2d8\/spanish_rcl-75-003.pdf?dl=1\">SPAIN<\/a><br><a href=\"https:\/\/www.dropbox.com\/s\/8tjvcdvowl4hwg5\/greek_rcl-75-003el.pdf?dl=1\">GREECE<\/a><br><a href=\"https:\/\/www.dropbox.com\/s\/dvdi4x674hm9baz\/german_rcl-75-003.pdf?dl=1\">GERMANY<\/a><br><a href=\"https:\/\/www.dropbox.com\/s\/o2d8783d2ja3kjn\/italian_rcl-75-003_it_rev.pdf?dl=1\">ITALY<\/a><br><a href=\"https:\/\/www.dropbox.com\/s\/37cwgc65xf5izod\/dutch-75-003.pdf?dl=1\">NETHERLAND<\/a><br><a href=\"https:\/\/www.dropbox.com\/s\/z40u18ir72kpp6m\/portuguese_rcl-75-003doc_en-us_pt-pt.pdf?dl=1\">PORTUGAL<\/a><br><a href=\"https:\/\/www.dropbox.com\/s\/j5k78993fj4hi85\/romanian_rcl-75-003-proofed.pdf?dl=1\">ROMANIA<\/a><br><a href=\"https:\/\/www.dropbox.com\/s\/qntk1j7d321cr3k\/norwegian_rcl-75-003.pdf?dl=1\">NORWAY<\/a><br><a href=\"https:\/\/www.dropbox.com\/s\/xxehwp01bhd8g6s\/croatian_rcl-75-003.pdf?dl=1\">CROATIA<\/a><br><a href=\"https:\/\/www.dropbox.com\/s\/xxehwp01bhd8g6s\/croatian_rcl-75-003.pdf?dl=1\">SWEDEN<\/a><br><br><\/p>\n<\/div>\n\n\n<div class=\"faq-type-question-block\">\n\t<div class=\"faq-type-question-block__question\">\n\t\t<h3>RCL-300<\/h3>\n\t\t<button type=\"button\">Show<\/button>\n\t<\/div>\n\t<p class=\"faq-type-question-block__answer closed\">Please click on your corresponding nation to view the Declaration of Conformity.<br><a href=\"https:\/\/www.dropbox.com\/s\/syhvlpl255ms60o\/rcl-300-004_english.pdf?dl=1\">UK<\/a><br><a href=\"https:\/\/www.dropbox.com\/s\/l0uqoruofaba61f\/french_rcl-300-004.pdf?dl=1\">FRANCE<\/a><br><a href=\"https:\/\/www.dropbox.com\/s\/ieyn9smy5p94uv3\/spanish_rcl-300-004.pdf?dl=1\">SPAIN<\/a><br><a href=\"https:\/\/www.dropbox.com\/s\/3oocc9f7y8fajhq\/greek_rcl-300-004el.pdf?dl=1\">GREECE<\/a><br><a href=\"https:\/\/www.dropbox.com\/s\/d3ncpom7vj5muj8\/german_rcl-300-004.pdf?dl=1\">GERMANY<\/a><br><a href=\"https:\/\/www.dropbox.com\/s\/j5nhzyc53a1qlmc\/italian_rcl-300-004_it_rev.pdf?dl=1\">ITALY<\/a><br><a href=\"https:\/\/www.dropbox.com\/s\/lfkp4snd41r4otp\/dutch-300-004.pdf?dl=1\">NETHERLANDS<\/a><br><a href=\"https:\/\/www.dropbox.com\/s\/2on7dy5eu6p422l\/portuguese_rcl-300-004doc_en-us_pt-pt.pdf?dl=1\">PORTUGAL<\/a><br><a href=\"https:\/\/www.dropbox.com\/s\/j736t2oywudhodf\/romanian_rcl-300-004-proofed.pdf?dl=1\">ROMANIA<\/a><br><a href=\"https:\/\/www.dropbox.com\/s\/dh608n3rnjm8ms1\/norwegian_rcl-300-004.pdf?dl=0\">NORWAY<\/a><br><a href=\"https:\/\/www.dropbox.com\/s\/eg6e2io2ypfx8mm\/croatian_rcl-300-004.pdf?dl=1\">CROATIA<\/a><br><a href=\"https:\/\/www.dropbox.com\/s\/au6uee4sgy7tg7v\/swedish_rcl-300-004.pdf?dl=1\">SWEDEN<\/a><br><br><\/p>\n<\/div>\n\n\n<\/div>\n","protected":false},"excerpt":{"rendered":"","protected":false},"author":1,"featured_media":0,"parent":143992,"menu_order":0,"comment_status":"closed","ping_status":"closed","template":"pagetemplate-faq-type.php","meta":{"_acf_changed":false,"om_disable_all_campaigns":false,"footnotes":""},"class_list":["post-144118","page","type-page","status-publish","hentry"],"acf":[],"_links":{"self":[{"href":"https:\/\/www.acrartex.com\/sv\/wp-json\/wp\/v2\/pages\/144118","targetHints":{"allow":["GET"]}}],"collection":[{"href":"https:\/\/www.acrartex.com\/sv\/wp-json\/wp\/v2\/pages"}],"about":[{"href":"https:\/\/www.acrartex.com\/sv\/wp-json\/wp\/v2\/types\/page"}],"author":[{"embeddable":true,"href":"https:\/\/www.acrartex.com\/sv\/wp-json\/wp\/v2\/users\/1"}],"replies":[{"embeddable":true,"href":"https:\/\/www.acrartex.com\/sv\/wp-json\/wp\/v2\/comments?post=144118"}],"version-history":[{"count":1,"href":"https:\/\/www.acrartex.com\/sv\/wp-json\/wp\/v2\/pages\/144118\/revisions"}],"predecessor-version":[{"id":144119,"href":"https:\/\/www.acrartex.com\/sv\/wp-json\/wp\/v2\/pages\/144118\/revisions\/144119"}],"up":[{"embeddable":true,"href":"https:\/\/www.acrartex.com\/sv\/wp-json\/wp\/v2\/pages\/143992"}],"wp:attachment":[{"href":"https:\/\/www.acrartex.com\/sv\/wp-json\/wp\/v2\/media?parent=144118"}],"curies":[{"name":"wp","href":"https:\/\/api.w.org\/{rel}","templated":true}]}}