{"id":144087,"date":"2024-03-23T12:33:11","date_gmt":"2024-03-23T17:33:11","guid":{"rendered":"https:\/\/www.acrartex.com\/batteribyte-for-din-epirb-personal-locator-beacon-eller-elt\/"},"modified":"2025-07-07T04:57:15","modified_gmt":"2025-07-07T09:57:15","slug":"batteribyte-for-din-epirb-personal-locator-beacon-eller-elt","status":"publish","type":"page","link":"https:\/\/www.acrartex.com\/sv\/batteribyte-for-din-epirb-personal-locator-beacon-eller-elt\/","title":{"rendered":"Batteribyte f\u00f6r din EPIRB , Personal Locator Beacon eller ELT"},"content":{"rendered":"\n<p>En EPIRB , eller Personal Locator Beacon \u00e4r en viktig s\u00e4kerhetsanordning som anv\u00e4nds f\u00f6r att s\u00e4nda n\u00f6dsignaler till r\u00e4ddningsmyndigheter i h\u00e4ndelse av en n\u00f6dsituation. Det \u00e4r viktigt att notera att batterierna i s\u00e4ndars\u00e4ndaren har en begr\u00e4nsad livsl\u00e4ngd p\u00e5 cirka 5\u201310 \u00e5r och m\u00e5ste bytas ut regelbundet f\u00f6r att s\u00e4kerst\u00e4lla att enheten fungerar korrekt vid behov. Utbytesintervallet kan variera beroende p\u00e5 s\u00e4ndarens typ och modell samt tillverkarens rekommendationer.  <\/p>\n\n<figure class=\"wp-block-embed is-type-video is-provider-youtube wp-block-embed-youtube wp-embed-aspect-16-9 wp-has-aspect-ratio\"><div class=\"wp-block-embed__wrapper\">\n<iframe loading=\"lazy\" title=\"Battery Replacement | ACR ARTEX\" width=\"500\" height=\"281\" src=\"https:\/\/www.youtube.com\/embed\/fcXReqeFNSo?feature=oembed\" frameborder=\"0\" allow=\"accelerometer; autoplay; clipboard-write; encrypted-media; gyroscope; picture-in-picture; web-share\" referrerpolicy=\"strict-origin-when-cross-origin\" allowfullscreen><\/iframe>\n<\/div><\/figure>\n\n<p>Byte av ett EPIRB eller PLB -batteri b\u00f6r endast utf\u00f6ras av en certifierad tekniker eller auktoriserad serviceverkstad f\u00f6r att s\u00e4kerst\u00e4lla att enheten \u00e4r korrekt servad och testad efter batteribytet. Batteribytet \u00e4r inte som att byta batterier i din TV-fj\u00e4rrkontroll, den h\u00e4r produkten har ett syfte och det \u00e4r att r\u00e4dda ditt liv, s\u00e5 vi har ett fullt utbildat n\u00e4tverk av batteribytesverkst\u00e4der runt om i v\u00e4rlden som har genomg\u00e5tt all ACR -utbildning och \u00e4r fullt f\u00f6rs\u00e4krade och kan hj\u00e4lpa dig med dessa batteribyten. <\/p>\n\n<p>De kommer att kontrollera din fyrljus h\u00f6lje och antenn f\u00f6r sprickor eller slitage. De kommer inte bara att byta ut batteripaketet mot ett nytt batteri tillverkat av ACR , utan de kommer sedan att montera ihop fyrljuset med helt nya O-ringar, packningar och h\u00e5rdvara och uts\u00e4tta din fyr f\u00f6r en serie tester f\u00f6r att s\u00e4kerst\u00e4lla att den s\u00e4nder korrekt, \u00e4r vattent\u00e4t och redo f\u00f6r anv\u00e4ndning innan de returnerar den till dig. <\/p>\n\n<p>S\u00e5 vad beh\u00f6ver du g\u00f6ra?<\/p>\n\n<p>G\u00e5 till v\u00e5r webbplats och <a href=\"https:\/\/www.acrartex.com\/support\/dealer-locator\/\">klicka p\u00e5 l\u00e4nken f\u00f6r att hitta v\u00e5r \u00e5terf\u00f6rs\u00e4ljare<\/a> . Anv\u00e4nd filtret f\u00f6r batteribyte och ange ditt postnummer f\u00f6r att hitta n\u00e4rmaste auktoriserade batteribytescenter.   <\/p>\n\n<div class=\"wp-block-buttons is-horizontal is-content-justification-center is-layout-flex wp-container-core-buttons-is-layout-499968f5 wp-block-buttons-is-layout-flex\">\n<div class=\"wp-block-button is-style-outline is-style-outline--1\"><a class=\"wp-block-button__link wp-element-button\" href=\"https:\/\/www.acrartex.com\/support\/dealer-locator\/\">Hitta din lokala batteribytesverkstad<\/a><\/div>\n<\/div>\n\n<p>Om du har en lokalt borde du kunna l\u00e4mna in din EPIRB och f\u00e5 servicen utf\u00f6rd inom n\u00e5gra dagar.<\/p>\n\n<p>Tyv\u00e4rr kan det h\u00e4nda att vissa av er beh\u00f6ver skicka er fyr till dem f\u00f6r att f\u00e5 servicen utf\u00f6rd, men b\u00f6rja med att ringa dem och f\u00e5 en offert. V\u00e5rt n\u00e4tverk f\u00f6r batteribyten hj\u00e4lper er med hur ni skickar fyren till dem.   <\/p>\n\n<p>P\u00e5 grund av h\u00f6g efterfr\u00e5gan p\u00e5 nya produkter erbjuder ACR Electronics huvudkontor i Fort Lauderdale f\u00f6r n\u00e4rvarande inte batteribytestj\u00e4nster. Alla batteribyten m\u00e5ste schemal\u00e4ggas och utf\u00f6ras av en av v\u00e5ra h\u00f6gkvalificerade och utbildade batteribytespartners.   <\/p>\n\n<div class=\"wp-block-buttons is-horizontal is-content-justification-center is-layout-flex wp-container-core-buttons-is-layout-499968f5 wp-block-buttons-is-layout-flex\">\n<div class=\"wp-block-button is-style-outline is-style-outline--2\"><a class=\"wp-block-button__link wp-element-button\" href=\"https:\/\/www.acrartex.com\/support\/dealer-locator\/\">Hitta din lokala batteribytesverkstad<\/a><\/div>\n<\/div>\n","protected":false},"excerpt":{"rendered":"<p>En EPIRB , eller Personal Locator Beacon \u00e4r en viktig s\u00e4kerhetsanordning som anv\u00e4nds f\u00f6r att s\u00e4nda n\u00f6dsignaler till r\u00e4ddningsmyndigheter i h\u00e4ndelse av en n\u00f6dsituation. Det \u00e4r viktigt att notera att batterierna i s\u00e4ndars\u00e4ndaren har en begr\u00e4nsad livsl\u00e4ngd p\u00e5 cirka 5\u201310 \u00e5r och m\u00e5ste bytas ut regelbundet f\u00f6r att s\u00e4kerst\u00e4lla att enheten fungerar korrekt vid behov. [&hellip;]<\/p>\n","protected":false},"author":5,"featured_media":144088,"parent":0,"menu_order":0,"comment_status":"closed","ping_status":"closed","template":"","meta":{"_acf_changed":false,"om_disable_all_campaigns":false,"footnotes":""},"class_list":["post-144087","page","type-page","status-publish","has-post-thumbnail","hentry"],"acf":[],"_links":{"self":[{"href":"https:\/\/www.acrartex.com\/sv\/wp-json\/wp\/v2\/pages\/144087","targetHints":{"allow":["GET"]}}],"collection":[{"href":"https:\/\/www.acrartex.com\/sv\/wp-json\/wp\/v2\/pages"}],"about":[{"href":"https:\/\/www.acrartex.com\/sv\/wp-json\/wp\/v2\/types\/page"}],"author":[{"embeddable":true,"href":"https:\/\/www.acrartex.com\/sv\/wp-json\/wp\/v2\/users\/5"}],"replies":[{"embeddable":true,"href":"https:\/\/www.acrartex.com\/sv\/wp-json\/wp\/v2\/comments?post=144087"}],"version-history":[{"count":1,"href":"https:\/\/www.acrartex.com\/sv\/wp-json\/wp\/v2\/pages\/144087\/revisions"}],"predecessor-version":[{"id":144089,"href":"https:\/\/www.acrartex.com\/sv\/wp-json\/wp\/v2\/pages\/144087\/revisions\/144089"}],"wp:featuredmedia":[{"embeddable":true,"href":"https:\/\/www.acrartex.com\/sv\/wp-json\/wp\/v2\/media\/144088"}],"wp:attachment":[{"href":"https:\/\/www.acrartex.com\/sv\/wp-json\/wp\/v2\/media?parent=144087"}],"curies":[{"name":"wp","href":"https:\/\/api.w.org\/{rel}","templated":true}]}}