{"id":144059,"date":"2023-01-04T17:34:34","date_gmt":"2023-01-04T22:34:34","guid":{"rendered":"https:\/\/www.acrartex.com\/gadss-elt-dt-konsultationsbegaran\/"},"modified":"2025-07-07T04:55:27","modified_gmt":"2025-07-07T09:55:27","slug":"gadss-elt-dt-konsultationsbegaran","status":"publish","type":"page","link":"https:\/\/www.acrartex.com\/sv\/gadss-elt-dt-konsultationsbegaran\/","title":{"rendered":"GADSS ELT DT-KONSULTATIONSBEG\u00c4RAN"},"content":{"rendered":"\n<p>Beh\u00f6ver du veta mer om GADSS och hur detta kommer att p\u00e5verka dina framtida flygplansbest\u00e4llningar? V\u00e5ra GADSS-experter finns tillg\u00e4ngliga f\u00f6r att hj\u00e4lpa dig.<\/p>\n\n<p>ARTEX kontaktinformation:<\/p>\n\n<p>F\u00f6rs\u00e4ljningskontakt: <a href=\"Jeff.Geraci@acrartex.com\">Jeff Geraci<\/a> p\u00e5 +1 954-612-9592 eller <a href=\"mailto:Jeff.Geraci@acrartex.com\">Jeff.Geraci@acrartex.com<\/a><\/p>\n\n<p>Marknadsf\u00f6ringskontakt: Mikele D&#8217;Arcangelo p\u00e5 +1 954-614-6703 eller <a href=\"mailto:mikele.darcangelo@acrartex.com\" target=\"_blank\" rel=\"noreferrer noopener\">mikele.darcangelo@acrartex.com<\/a><\/p>\n\n<p><\/p>\n\n<iframe loading=\"lazy\" src=\"https:\/\/forms.monday.com\/forms\/embed\/bb05362e9314db80adc186100ed2cb7b?r=use1\" width=\"650\" height=\"500\" style=\"border: 0; box-shadow: 5px 5px 56px 0px rgba(0,0,0,0.25);\"><\/iframe>\n\n<p><\/p>\n","protected":false},"excerpt":{"rendered":"<p>Beh\u00f6ver du veta mer om GADSS och hur detta kommer att p\u00e5verka dina framtida flygplansbest\u00e4llningar? V\u00e5ra GADSS-experter finns tillg\u00e4ngliga f\u00f6r att hj\u00e4lpa dig. ARTEX kontaktinformation: F\u00f6rs\u00e4ljningskontakt: Jeff Geraci p\u00e5 +1 954-612-9592 eller Jeff.Geraci@acrartex.com Marknadsf\u00f6ringskontakt: Mikele D&#8217;Arcangelo p\u00e5 +1 954-614-6703 eller mikele.darcangelo@acrartex.com<\/p>\n","protected":false},"author":5,"featured_media":0,"parent":0,"menu_order":0,"comment_status":"closed","ping_status":"closed","template":"","meta":{"_acf_changed":false,"om_disable_all_campaigns":false,"footnotes":""},"class_list":["post-144059","page","type-page","status-publish","hentry"],"acf":[],"_links":{"self":[{"href":"https:\/\/www.acrartex.com\/sv\/wp-json\/wp\/v2\/pages\/144059","targetHints":{"allow":["GET"]}}],"collection":[{"href":"https:\/\/www.acrartex.com\/sv\/wp-json\/wp\/v2\/pages"}],"about":[{"href":"https:\/\/www.acrartex.com\/sv\/wp-json\/wp\/v2\/types\/page"}],"author":[{"embeddable":true,"href":"https:\/\/www.acrartex.com\/sv\/wp-json\/wp\/v2\/users\/5"}],"replies":[{"embeddable":true,"href":"https:\/\/www.acrartex.com\/sv\/wp-json\/wp\/v2\/comments?post=144059"}],"version-history":[{"count":1,"href":"https:\/\/www.acrartex.com\/sv\/wp-json\/wp\/v2\/pages\/144059\/revisions"}],"predecessor-version":[{"id":144061,"href":"https:\/\/www.acrartex.com\/sv\/wp-json\/wp\/v2\/pages\/144059\/revisions\/144061"}],"wp:attachment":[{"href":"https:\/\/www.acrartex.com\/sv\/wp-json\/wp\/v2\/media?parent=144059"}],"curies":[{"name":"wp","href":"https:\/\/api.w.org\/{rel}","templated":true}]}}