{"id":144031,"date":"2020-12-03T12:41:26","date_gmt":"2020-12-03T17:41:26","guid":{"rendered":"https:\/\/www.acrartex.com\/stod\/returer-byten-och-kampanjer\/"},"modified":"2025-07-08T10:41:16","modified_gmt":"2025-07-08T15:41:16","slug":"returer-byten-och-kampanjer","status":"publish","type":"page","link":"https:\/\/www.acrartex.com\/sv\/stod\/returer-byten-och-kampanjer\/","title":{"rendered":"Returer, byten och kampanjer"},"content":{"rendered":"\n<h2 class=\"wp-block-heading\" id=\"h-return-policy\">Returpolicy  <\/h2>\n\n<h4 class=\"wp-block-heading\" id=\"h-purchases-made-online-at-www-acrartex-com\">K\u00f6p gjorda online p\u00e5 www.ACRARTEX.com<\/h4>\n\n<p>Vi st\u00e5r bakom v\u00e5ra produkter. Om ditt k\u00f6p fr\u00e5n www.ACRARTEX.com inte uppfyller dina f\u00f6rv\u00e4ntningar kan du returnera det f\u00f6r \u00e5terbetalning (exklusive fraktkostnader och en eventuell \u00e5terf\u00f6rs\u00e4ljningsavgift p\u00e5 20 %) inom 30 dagar fr\u00e5n ink\u00f6psdatumet, f\u00f6rutom enligt vad som anges nedan. Ladda ner en kopia av ditt ink\u00f6pskvitto och bifoga det med den returnerade varan med hj\u00e4lp av v\u00e5rt returgodk\u00e4nnandeformul\u00e4r f\u00f6r e-handels-RMA.  <\/p>\n\n<p>N\u00f6dpositionsindikerande radiofyrar (EPIRB), personliga positionsindikerande fyrfyrar (PLB) och n\u00f6dlokaliseringsanordningar<br\/> S\u00e4ndare (ELT) kan endast returneras f\u00f6r full \u00e5terbetalning inom 30 dagar fr\u00e5n ink\u00f6psdatum om f\u00f6rseglingen inte har<br\/> trasig p\u00e5 l\u00e5dan. Dessutom f\u00e5r den inte ha registrerats hos den nationella registreringsmyndigheten. Alla produkter<br\/> ber\u00e4ttigad till ett kampanjerbjudande (kontantabatter eller gratisvaror) som har l\u00f6sts in \u00e4r inte ber\u00e4ttigad.  <\/p>\n\n<p>Returinstruktioner:<\/p>\n\n<p>Efter att du har f\u00e5tt ett returnummer f\u00f6r e-handels-RMA, packa om varan i originalf\u00f6rpackningen och skicka tillbaka varorna till oss med ditt RMA-nummer tydligt skrivet p\u00e5 utsidan av f\u00f6rpackningen till adressen som anges p\u00e5 RMA-formul\u00e4ret. Artiklar som inneh\u00e5ller farligt material f\u00e5r endast returneras till ACR via marktransporter och m\u00e5ste vara m\u00e4rkta med korrekt fraktdokumentation f\u00f6r farligt material (bes\u00f6k produktsidan f\u00f6r att se om din produkt uppfyller kraven). <\/p>\n\n<p>F\u00f6rutom i de fall d\u00e4r returen \u00e4r resultatet av ett fel fr\u00e5n ACR eller om varan anl\u00e4nder skadad eller defekt, \u00e5terbetalas inte den ursprungliga fraktkostnaden och du ansvarar f\u00f6r alla returfraktkostnader. ACR ansvarar inte f\u00f6r returer som f\u00f6rloras under transport eller returneras till fel adress; v\u00e4nligen beh\u00e5ll din retursp\u00e5rningsinformation. <\/p>\n\n<p><\/p>\n\n<p class=\"has-vivid-cyan-blue-color has-text-color\"><strong><a href=\"https:\/\/www.dropbox.com\/s\/lpd25ezounpckok\/2023%20RMA%20Policy.pdf?dl=1\">View v\u00e5r fullst\u00e4ndiga policy f\u00f6r godk\u00e4nnande av returmaterial h\u00e4r<\/a><\/strong><\/p>\n\n<h4 class=\"wp-block-heading\" id=\"h-purchases-not-made-acrartex-com\">Inga k\u00f6p gjorda ACRARTEX.com<\/h4>\n\n<p>K\u00f6p som inte gjorts p\u00e5 denna webbplats (www.acrartex.com) kan endast returneras till den \u00e5terf\u00f6rs\u00e4ljare som du k\u00f6pte fr\u00e5n.<br\/> k\u00f6pte produkten och inte till ACR .  <\/p>\n\n<p>Om produkten beh\u00f6ver returneras f\u00f6r garantireparation, anv\u00e4nd l\u00e4nken nedan f\u00f6r att ladda ner RMA-f\u00f6rfr\u00e5gningsformul\u00e4ret. Ifyllda formul\u00e4r ska skickas till <a href=\"mailto:returns@acrartex.com\">returns@acrartex.com<\/a>   <br\/><\/p>\n\n<p>Fyll inte i RMA-formul\u00e4ret f\u00f6r ACR batteribytesservice (EPIRB och PLB) \u2013 <a href=\"https:\/\/www.acrartex.com\/sv\/stod\/aterforsaljarsokare\/\">hitta ett lokalt servicecenter h\u00e4r<\/a> .  <\/p>\n\n<p><br\/><strong><a href=\"https:\/\/www.dropbox.com\/s\/rrz1jhjz55p1bjz\/RMA%20Form%202020.pdf?dl=1\"><span class=\"has-inline-color has-vivid-cyan-blue-color\">Formul\u00e4r f\u00f6r beg\u00e4ran om godk\u00e4nnande av returmaterial<\/span><\/a><\/strong> <\/p>\n\n<p><strong>Du beh\u00f6ver f\u00f6ljande information f\u00f6r att slutf\u00f6ra din RMA-beg\u00e4ran;<\/strong><br\/> 1. Produktmodellnummer<br\/> 2. Produktens artikelnummer<br\/> 3. Produktens serienummer<br\/> 4. Tillverkningsdatum<\/p>\n\n<p>Genom att returnera eller skicka tillbaka produkter till ACR Electronics , Inc. g\u00f6r du det i enlighet med v\u00e5r policy f\u00f6r godk\u00e4nnande av returmaterial.<\/p>\n\n<p><strong>F\u00f6r hj\u00e4lp med din RMA-f\u00f6rfr\u00e5gan,<\/strong> kontakta oss p\u00e5 954-981-3333 alternativ 4 eller maila oss p\u00e5 <a href=\"mailto:returns@acrartex.com\" target=\"_blank\" rel=\"noreferrer noopener\">returns@acrartex.com<\/a><\/p>\n\n<p><\/p>\n\n<h2 class=\"wp-block-heading\" id=\"h-refund-methods\">\u00c5terbetalningsmetoder<\/h2>\n\n<p>Returer som g\u00f6rs inom 30 dagar efter k\u00f6pet \u00e5terbetalas med den betalningsmetod som anv\u00e4ndes vid den ursprungliga f\u00f6rs\u00e4ljningen. Det kan ta upp till 14 arbetsdagar innan en \u00e5terbetalning bokf\u00f6rs p\u00e5 ditt kreditkortskonto fr\u00e5n det datum d\u00e5 \u00e5terbetalningen behandlades. <\/p>\n\n<h2 class=\"wp-block-heading\" id=\"h-order-status\">Orderstatus<\/h2>\n\n<p>Du kommer att kunna bekr\u00e4fta din best\u00e4llning innan du skickar den. N\u00e4r du har skickat din best\u00e4llning f\u00e5r du en bekr\u00e4ftelse via e-post. Om n\u00e5gon av varorna inte kan skickas kommer du att meddelas av v\u00e5r kundtj\u00e4nst om hur du ska g\u00e5 vidare. F\u00f6r att kontrollera statusen f\u00f6r din best\u00e4llning loggar du in p\u00e5 ditt konto p\u00e5 webbplatsen, g\u00e5r till Orderhistorik och klickar p\u00e5 den specifika best\u00e4llningen.   <\/p>\n\n<h2 class=\"wp-block-heading\" id=\"h-chargeback-policy\">\u00c5terkravspolicy<\/h2>\n\n<p>ACR Electronics kommer att g\u00f6ra allt f\u00f6r att l\u00f6sa eventuella bedr\u00e4gliga k\u00f6p med v\u00e5ra v\u00e4rderade kunder. F\u00f6r alla beacon-k\u00f6p som bestrids med en chargeback som inte antingen: (1) l\u00f6ses genom att din bank meddelar att chargebacken avslutas; eller (2) varorna returneras till ACR i enlighet med v\u00e5r returpolicy, kommer ACR att rapportera den\/de omtvistade produkten\/produkternas unika identifieringsnummer och serienummer som stulna till National Authority Registration-databasen tills chargebacken \u00e4r l\u00f6st. <\/p>\n\n<h2 class=\"wp-block-heading\" id=\"h-\"><\/h2>\n\n<p><\/p>\n\n<h2 class=\"wp-block-heading\" id=\"h-\"><\/h2>\n","protected":false},"excerpt":{"rendered":"<p>Returpolicy K\u00f6p gjorda online p\u00e5 www.ACRARTEX.com Vi st\u00e5r bakom v\u00e5ra produkter. Om ditt k\u00f6p fr\u00e5n www.ACRARTEX.com inte uppfyller dina f\u00f6rv\u00e4ntningar kan du returnera det f\u00f6r \u00e5terbetalning (exklusive fraktkostnader och en eventuell \u00e5terf\u00f6rs\u00e4ljningsavgift p\u00e5 20 %) inom 30 dagar fr\u00e5n ink\u00f6psdatumet, f\u00f6rutom enligt vad som anges nedan. Ladda ner en kopia av ditt ink\u00f6pskvitto och bifoga [&hellip;]<\/p>\n","protected":false},"author":1,"featured_media":0,"parent":143992,"menu_order":0,"comment_status":"closed","ping_status":"closed","template":"","meta":{"_acf_changed":false,"om_disable_all_campaigns":false,"footnotes":""},"class_list":["post-144031","page","type-page","status-publish","hentry"],"acf":[],"_links":{"self":[{"href":"https:\/\/www.acrartex.com\/sv\/wp-json\/wp\/v2\/pages\/144031","targetHints":{"allow":["GET"]}}],"collection":[{"href":"https:\/\/www.acrartex.com\/sv\/wp-json\/wp\/v2\/pages"}],"about":[{"href":"https:\/\/www.acrartex.com\/sv\/wp-json\/wp\/v2\/types\/page"}],"author":[{"embeddable":true,"href":"https:\/\/www.acrartex.com\/sv\/wp-json\/wp\/v2\/users\/1"}],"replies":[{"embeddable":true,"href":"https:\/\/www.acrartex.com\/sv\/wp-json\/wp\/v2\/comments?post=144031"}],"version-history":[{"count":3,"href":"https:\/\/www.acrartex.com\/sv\/wp-json\/wp\/v2\/pages\/144031\/revisions"}],"predecessor-version":[{"id":160910,"href":"https:\/\/www.acrartex.com\/sv\/wp-json\/wp\/v2\/pages\/144031\/revisions\/160910"}],"up":[{"embeddable":true,"href":"https:\/\/www.acrartex.com\/sv\/wp-json\/wp\/v2\/pages\/143992"}],"wp:attachment":[{"href":"https:\/\/www.acrartex.com\/sv\/wp-json\/wp\/v2\/media?parent=144031"}],"curies":[{"name":"wp","href":"https:\/\/api.w.org\/{rel}","templated":true}]}}