{"id":143941,"date":"2020-12-21T19:18:06","date_gmt":"2020-12-22T00:18:06","guid":{"rendered":"https:\/\/www.acrartex.com\/formaga\/"},"modified":"2025-07-07T04:44:29","modified_gmt":"2025-07-07T09:44:29","slug":"formaga","status":"publish","type":"page","link":"https:\/\/www.acrartex.com\/sv\/formaga\/","title":{"rendered":"F\u00f6rm\u00e5ga"},"content":{"rendered":"\n<p>ACR \/Artex har \u00f6ver 60 \u00e5rs erfarenhet av att utveckla, tillverka och ge support f\u00f6r livr\u00e4ddande produkter, inklusive EPIRB-s\u00e4ndare, n\u00f6ds\u00e4ndare (ELT), personliga pejledon, s\u00f6k- och r\u00e4ddningstranspondrar (SART), r\u00e4ddningsblixtar med mera.<\/p>\n\n<p>Med v\u00e5r kundfokuserade ledningsfilosofi f\u00f6ljer v\u00e5ra anst\u00e4llda AS9100 \/ ISO 9001-registrerade procedurer f\u00f6r att tillhandah\u00e5lla l\u00f6sningar f\u00f6r v\u00e5ra kunders behov.<\/p>\n\n<p>Ett starkt engagemang f\u00f6r implementering av lean-principer f\u00f6r tillverkning, kommunikation och andra aff\u00e4rssystem inleddes sommaren 2004 f\u00f6r att l\u00e4gga en grund f\u00f6r f\u00f6rb\u00e4ttrad prestanda med m\u00e5let att leverera perfekta produkter till 100 % i tid. V\u00e5r lean-transformation \u00e4r en integrerad del av det kontinuerliga f\u00f6rb\u00e4ttringsprogrammet, en st\u00e4ndig granskning av v\u00e5ra processer f\u00f6r att f\u00f6rb\u00e4ttra v\u00e5ra viktiga balanserade styrkortsm\u00e5tt, eliminera sl\u00f6seri och f\u00f6rb\u00e4ttra kundn\u00f6jdheten. <\/p>\n\n<p>Genom att ut\u00f6ka v\u00e5ra k\u00e4rnkompetenser genom kontinuerliga utbildningsprogram kan vi utvecklas fr\u00e5n att vara en tillverkare av livr\u00e4ddande utrustning till en v\u00e4rdefull partner med flexibiliteten att expandera sitt varum\u00e4rke till nya aff\u00e4rsomr\u00e5den.<\/p>\n\n<p>Nuvarande funktioner inkluderar:<\/p>\n\n<p>3D-modellering f\u00f6r att designa och specificera v\u00e5ra plast- (formsprutgjutningar) och metallh\u00f6ljen<br\/> Finita elementanalys f\u00f6r att analysera v\u00e5ra konstruktioner mot milj\u00f6kriterier enligt FAA och RTCO<br\/> Intern PCB- och PCA-design med den senaste CAD-programvaran<br\/> EMI-probleml\u00f6sning i RF-design<br\/> Design av anpassade batteripaket f\u00f6r tuffa milj\u00f6till\u00e4mpningar (milit\u00e4r, medicinsk,&#8230;)<br\/> Anpassade fj\u00e4rrbrytardesigner med eller utan kompatibilitet med m\u00f6rkerseendeglas\u00f6gon f\u00f6r kommersiella, aff\u00e4rs- och milit\u00e4ra plattformstillverkare<br\/> Konform bel\u00e4ggning av kretskort f\u00f6r att f\u00f6rhindra EMI, f\u00f6rl\u00e4nga produktens livsl\u00e4ngd och skydda kortet fr\u00e5n vatten och\/eller smuts om h\u00f6ljet skulle skadas.<\/p>\n","protected":false},"excerpt":{"rendered":"<p>ACR \/Artex har \u00f6ver 60 \u00e5rs erfarenhet av att utveckla, tillverka och ge support f\u00f6r livr\u00e4ddande produkter, inklusive EPIRB-s\u00e4ndare, n\u00f6ds\u00e4ndare (ELT), personliga pejledon, s\u00f6k- och r\u00e4ddningstranspondrar (SART), r\u00e4ddningsblixtar med mera. Med v\u00e5r kundfokuserade ledningsfilosofi f\u00f6ljer v\u00e5ra anst\u00e4llda AS9100 \/ ISO 9001-registrerade procedurer f\u00f6r att tillhandah\u00e5lla l\u00f6sningar f\u00f6r v\u00e5ra kunders behov. Ett starkt engagemang f\u00f6r implementering [&hellip;]<\/p>\n","protected":false},"author":2,"featured_media":0,"parent":0,"menu_order":0,"comment_status":"closed","ping_status":"closed","template":"","meta":{"_acf_changed":false,"om_disable_all_campaigns":false,"footnotes":""},"class_list":["post-143941","page","type-page","status-publish","hentry"],"acf":[],"_links":{"self":[{"href":"https:\/\/www.acrartex.com\/sv\/wp-json\/wp\/v2\/pages\/143941","targetHints":{"allow":["GET"]}}],"collection":[{"href":"https:\/\/www.acrartex.com\/sv\/wp-json\/wp\/v2\/pages"}],"about":[{"href":"https:\/\/www.acrartex.com\/sv\/wp-json\/wp\/v2\/types\/page"}],"author":[{"embeddable":true,"href":"https:\/\/www.acrartex.com\/sv\/wp-json\/wp\/v2\/users\/2"}],"replies":[{"embeddable":true,"href":"https:\/\/www.acrartex.com\/sv\/wp-json\/wp\/v2\/comments?post=143941"}],"version-history":[{"count":1,"href":"https:\/\/www.acrartex.com\/sv\/wp-json\/wp\/v2\/pages\/143941\/revisions"}],"predecessor-version":[{"id":143943,"href":"https:\/\/www.acrartex.com\/sv\/wp-json\/wp\/v2\/pages\/143941\/revisions\/143943"}],"wp:attachment":[{"href":"https:\/\/www.acrartex.com\/sv\/wp-json\/wp\/v2\/media?parent=143941"}],"curies":[{"name":"wp","href":"https:\/\/api.w.org\/{rel}","templated":true}]}}