{"id":143926,"date":"2020-12-21T19:25:44","date_gmt":"2020-12-22T00:25:44","guid":{"rendered":"https:\/\/www.acrartex.com\/reparationer\/"},"modified":"2025-07-07T04:51:02","modified_gmt":"2025-07-07T09:51:02","slug":"reparationer","status":"publish","type":"page","link":"https:\/\/www.acrartex.com\/sv\/stod\/reparationer\/","title":{"rendered":"Reparationer"},"content":{"rendered":"\n<h3 class=\"wp-block-heading\" id=\"h-repairs-and-battery-replacement\">REPARATIONER OCH BATTERIBYTE<\/h3>\n\n<p>Om du har produkter som beh\u00f6ver repareras finns vi h\u00e4r f\u00f6r att hj\u00e4lpa dig. Batterier kan bytas ut p\u00e5 n\u00e5gon av v\u00e5ra batteribytescenter (BRC) n\u00e4ra dig eller s\u00e5 kan du kontakta oss p\u00e5 numret nedan.   <\/p>\n\n<figure class=\"wp-block-embed is-type-video is-provider-youtube wp-block-embed-youtube wp-embed-aspect-16-9 wp-has-aspect-ratio\"><div class=\"wp-block-embed__wrapper\">\n<iframe loading=\"lazy\" title=\"Battery Replacement | ACR ARTEX\" width=\"500\" height=\"281\" src=\"https:\/\/www.youtube.com\/embed\/fcXReqeFNSo?feature=oembed\" frameborder=\"0\" allow=\"accelerometer; autoplay; clipboard-write; encrypted-media; gyroscope; picture-in-picture; web-share\" referrerpolicy=\"strict-origin-when-cross-origin\" allowfullscreen><\/iframe>\n<\/div><\/figure>\n\n<p>L\u00e4s mer om <a href=\"https:\/\/www.acrartex.com\/battery\/\">ACR EPRIB- och PLB batteribyten h\u00e4r<\/a><\/p>\n\n<p>(954) 981-3333<\/p>\n\n<p>F\u00f6r service av G-Switch, se v\u00e5r <a href=\"https:\/\/www.dropbox.com\/s\/ap48w250ar7c3xz\/AUTHORIZED%20SERVICE%20CENTER%20LIST%202022.pdf?dl=1\">lista \u00f6ver auktoriserade ARTEX servicecenter<\/a> .<\/p>\n\n<h2 class=\"wp-block-heading\" id=\"h-rmas-return-material-authorization\">RMA (Returgodk\u00e4nnande f\u00f6r material):<\/h2>\n\n<p>Bes\u00f6k f\u00f6ljande sida:<span class=\"has-inline-color has-pale-cyan-blue-color\"> <\/span><a href=\"https:\/\/www.acrartex.com\/support\/return-and-exchanges\/\">Returer \/ RMA \/ Byten<\/a><\/p>\n\n<p>L\u00e4s mer om batteribyte i v\u00e5ra <a href=\"https:\/\/stg.acrelectronics.com\/support\/faqs\/\">vanliga fr\u00e5gor<\/a> .<\/p>\n\n<h2 class=\"wp-block-heading\" id=\"h-hours\">Timmar<\/h2>\n\n<p>M\u00e5ndag \u2013 fredag<br\/> 07:30\u201316:30 (EST)<\/p>\n","protected":false},"excerpt":{"rendered":"<p>REPARATIONER OCH BATTERIBYTE Om du har produkter som beh\u00f6ver repareras finns vi h\u00e4r f\u00f6r att hj\u00e4lpa dig. Batterier kan bytas ut p\u00e5 n\u00e5gon av v\u00e5ra batteribytescenter (BRC) n\u00e4ra dig eller s\u00e5 kan du kontakta oss p\u00e5 numret nedan. L\u00e4s mer om ACR EPRIB- och PLB batteribyten h\u00e4r (954) 981-3333 F\u00f6r service av G-Switch, se v\u00e5r [&hellip;]<\/p>\n","protected":false},"author":5,"featured_media":0,"parent":143992,"menu_order":0,"comment_status":"closed","ping_status":"closed","template":"","meta":{"_acf_changed":false,"om_disable_all_campaigns":false,"footnotes":""},"class_list":["post-143926","page","type-page","status-publish","hentry"],"acf":[],"_links":{"self":[{"href":"https:\/\/www.acrartex.com\/sv\/wp-json\/wp\/v2\/pages\/143926","targetHints":{"allow":["GET"]}}],"collection":[{"href":"https:\/\/www.acrartex.com\/sv\/wp-json\/wp\/v2\/pages"}],"about":[{"href":"https:\/\/www.acrartex.com\/sv\/wp-json\/wp\/v2\/types\/page"}],"author":[{"embeddable":true,"href":"https:\/\/www.acrartex.com\/sv\/wp-json\/wp\/v2\/users\/5"}],"replies":[{"embeddable":true,"href":"https:\/\/www.acrartex.com\/sv\/wp-json\/wp\/v2\/comments?post=143926"}],"version-history":[{"count":1,"href":"https:\/\/www.acrartex.com\/sv\/wp-json\/wp\/v2\/pages\/143926\/revisions"}],"predecessor-version":[{"id":143927,"href":"https:\/\/www.acrartex.com\/sv\/wp-json\/wp\/v2\/pages\/143926\/revisions\/143927"}],"up":[{"embeddable":true,"href":"https:\/\/www.acrartex.com\/sv\/wp-json\/wp\/v2\/pages\/143992"}],"wp:attachment":[{"href":"https:\/\/www.acrartex.com\/sv\/wp-json\/wp\/v2\/media?parent=143926"}],"curies":[{"name":"wp","href":"https:\/\/api.w.org\/{rel}","templated":true}]}}