{"id":167872,"date":"2026-04-30T12:38:23","date_gmt":"2026-04-30T17:38:23","guid":{"rendered":"https:\/\/www.acrartex.com\/products\/rcl-200-sokelys\/"},"modified":"2026-04-30T13:06:14","modified_gmt":"2026-04-30T18:06:14","slug":"rcl-200-sokelys","status":"publish","type":"product","link":"https:\/\/www.acrartex.com\/no\/products\/rcl-200-sokelys\/","title":{"rendered":"RCL-200 S\u00f8kelys"},"content":{"rendered":"<p class=\"ai-optimize-57 ai-optimize-introduction\"><strong>Stilig kraft. Uovertruffen ytelse. <\/strong><\/p>\n<p class=\"ai-optimize-58\"><span data-olk-copy-source=\"MessageBody\">RCL-200 LED-s\u00f8kelykten for b\u00e5ter kombinerer elegant design med kompromissl\u00f8s holdbarhet for \u00e5 m\u00f8te kravene til dagens b\u00e5tfolk. Denne s\u00f8kelykten er konstruert med et robust hus i st\u00f8pt aluminium, og er bygget for \u00e5 t\u00e5le t\u00f8ffe maritime milj\u00f8er, samtidig som den opprettholder et stilig og moderne utseende som komplementerer ethvert fart\u00f8y. <\/span><\/p>\n<p class=\"ai-optimize-59\"><span data-olk-copy-source=\"MessageBody\">RCL-200 LED drives av 12 h\u00f8yintensitets-LED-er og produserer en str\u00e5lende lysstr\u00e5le p\u00e5 720 000 candela, noe som sikrer maksimal sikt og sikkerhet under nattnavigasjon eller s\u00f8k- og redningsoperasjoner. Med st\u00f8tte for flere spenninger (DC 12V\u201324V) tilbyr den installasjonsfleksibilitet p\u00e5 tvers av et bredt spekter av b\u00e5ter. <\/span><\/p>\n<p class=\"ai-optimize-60\"><span data-olk-copy-source=\"MessageBody\">RCL-200 LED er designet med tanke p\u00e5 bekvemmelighet og allsidighet, og har avanserte kontrollfunksjoner, inkludert muligheten til \u00e5 g\u00e5 tilbake til hjemposisjon p\u00e5 kommando og betjene to s\u00f8kelys fra \u00e9n stasjon \u2013 eller to s\u00f8kelys fra to stasjoner. Enten du oppgraderer et eksisterende system eller utstyrer et nytt fart\u00f8y, leverer denne s\u00f8kelysen p\u00e5liteligheten, ytelsen og stilen du forventer p\u00e5 vannet. <\/span><\/p>\n<p>&nbsp;<\/p>\n<p class=\"ai-optimize-61\"><strong>Funksjoner:<\/strong><\/p>\n<ul>\n<li class=\"ai-optimize-62\"><strong>Lyssterk belysning<\/strong> \u2013 <span data-olk-copy-source=\"MessageBody\">12 h\u00f8yintensitets-LED-er produserer en kraftig str\u00e5le p\u00e5 720 000 candela for maksimal synlighet.<\/span><\/li>\n<li class=\"ai-optimize-63\"><strong>Robust og stilig design<\/strong> \u2013 <span data-olk-copy-source=\"MessageBody\">Slitesterkt hus i st\u00f8pt aluminium, bygget for \u00e5 t\u00e5le t\u00f8ffe maritime milj\u00f8er med et elegant og moderne utseende.<\/span><\/li>\n<li class=\"ai-optimize-64\"><strong>Smarte kontrollalternativer<\/strong> \u2013 <span data-olk-copy-source=\"MessageBody\">G\u00e5 tilbake til hjem-posisjonering med et knappetrykk.<\/span><\/li>\n<li class=\"ai-optimize-65\"><strong>Fleksibel drift<\/strong> \u2013 <span data-olk-copy-source=\"MessageBody\">Styr to s\u00f8kelys fra \u00e9n stasjon eller to s\u00f8kelys fra to stasjoner.<\/span><\/li>\n<li class=\"ai-optimize-66\"><strong>Bred spenningskompatibilitet<\/strong> \u2013 <span data-olk-copy-source=\"MessageBody\">St\u00f8tter DC 12V\u201324V-systemer for allsidig installasjon p\u00e5 tvers av en rekke fart\u00f8y.<\/span><\/li>\n<\/ul>\n<p>&nbsp;<\/p>\n","protected":false},"excerpt":{"rendered":"<p><span style=\"color: #ff0000;\"><strong>KOMMER H\u00d8STEN 2026<\/strong><\/span><\/p>\n<p><span data-olk-copy-source=\"MessageBody\">RCL-200 LED er en stilig og slitesterk marin s\u00f8kelykt bygget for ytelse. Med et st\u00f8pt aluminiumshus, 12 h\u00f8yintensitets-LED-er og en imponerende lysstr\u00e5le p\u00e5 720 000 candela, gir den kraftig sikt n\u00e5r du trenger det som mest. Med st\u00f8tte for flere spenninger (DC 12V\u201324V) og avanserte kontrollalternativer er den den perfekte oppgraderingen for mellomstore til store fritidsfart\u00f8y samt kommersielle fart\u00f8y.  <\/span><\/p>\n","protected":false},"featured_media":167768,"template":"","meta":{"_acf_changed":false,"om_disable_all_campaigns":false},"product_brand":[],"product_cat":[5858,5865,5635,5860,5862,7122],"product_tag":[16255,16257,16259,16261,7140,7133,7725,12030,7729,7135,7129],"class_list":{"0":"post-167872","1":"product","2":"type-product","3":"status-publish","4":"has-post-thumbnail","6":"product_cat-inn-i-landet-no","7":"product_cat-kommersiell-no-2","8":"product_cat-marine-no","9":"product_cat-naer-kysten","10":"product_cat-offshore-no","11":"product_cat-sokelys","12":"product_tag-16255","13":"product_tag-16257","14":"product_tag-acr-rcl-200","15":"product_tag-acr-rcl-200-led","16":"product_tag-acr-sokelys","17":"product_tag-batsokelys","18":"product_tag-led-sokelys","19":"product_tag-led-sokelys-for-bater-no","20":"product_tag-marin-led-sokelys","21":"product_tag-marin-sokelys","22":"product_tag-sokelys-no","24":"first","25":"outofstock","26":"taxable","27":"shipping-taxable","28":"product-type-variable"},"acf":[],"_links":{"self":[{"href":"https:\/\/www.acrartex.com\/no\/wp-json\/wp\/v2\/product\/167872","targetHints":{"allow":["GET"]}}],"collection":[{"href":"https:\/\/www.acrartex.com\/no\/wp-json\/wp\/v2\/product"}],"about":[{"href":"https:\/\/www.acrartex.com\/no\/wp-json\/wp\/v2\/types\/product"}],"wp:featuredmedia":[{"embeddable":true,"href":"https:\/\/www.acrartex.com\/no\/wp-json\/wp\/v2\/media\/167768"}],"wp:attachment":[{"href":"https:\/\/www.acrartex.com\/no\/wp-json\/wp\/v2\/media?parent=167872"}],"wp:term":[{"taxonomy":"product_brand","embeddable":true,"href":"https:\/\/www.acrartex.com\/no\/wp-json\/wp\/v2\/product_brand?post=167872"},{"taxonomy":"product_cat","embeddable":true,"href":"https:\/\/www.acrartex.com\/no\/wp-json\/wp\/v2\/product_cat?post=167872"},{"taxonomy":"product_tag","embeddable":true,"href":"https:\/\/www.acrartex.com\/no\/wp-json\/wp\/v2\/product_tag?post=167872"}],"curies":[{"name":"wp","href":"https:\/\/api.w.org\/{rel}","templated":true}]}}