{"id":166561,"date":"2025-11-12T18:18:59","date_gmt":"2025-11-12T23:18:59","guid":{"rendered":"https:\/\/www.acrartex.com\/products\/sr303-vhf-radio\/"},"modified":"2026-03-24T10:37:03","modified_gmt":"2026-03-24T15:37:03","slug":"sr303-vhf-radio","status":"publish","type":"product","link":"https:\/\/www.acrartex.com\/no\/products\/sr303-vhf-radio\/","title":{"rendered":"SR303 VHF-radio"},"content":{"rendered":"<p>ACR Electronics SR303-radioen tilbys i to praktiske formater, som utelukkende en GMDSS-n\u00f8d-VHF for n\u00f8dstilfeller eller som et komplett sett for generell daglig bruk og\/eller n\u00f8dstilfeller, og fungerer som en altomfattende l\u00f8sning for alle dine maritime kommunikasjonsbehov.<\/p>\n<p>GMDSS-n\u00f8d-VHF-en leveres med et prim\u00e6rt litiumbatteri, som inkluderer en batterivitnesetikett, slik at det aldri er noen tvil om hvorvidt hovedbatteriet har blitt brukt eller ikke. N\u00e5r vitnesetiketten er fjernet, vil radioen sl\u00e5 seg p\u00e5 automatisk n\u00e5r batteriet er koblet til, og enheten vil ogs\u00e5 automatisk g\u00e5 inn i GMDSS-driftsmodus med f\u00f8lgende forh\u00e5ndsinnstilte innstillinger: kanal 16, volumniv\u00e5 8 og squelch satt til 2. <\/p>\n<p>Det komplette settet inkluderer det prim\u00e6re litiumbatteriet som beskrevet, og leveres ogs\u00e5 med et oppladbart litiumionbatteri og en ladebase. Standardtilbeh\u00f8r som leveres med b\u00e5de det frittst\u00e5ende GMDSS-n\u00f8d-VHF-alternativet eller det komplette settet inkluderer en fleksibel gummiantenne, belteklips og h\u00e5ndleddssnor. <\/p>\n<p>SR303 er bygget med brukervennlighet som en designprioritet, og er egnet for bruk med overlevelsesdrakthansker, og har et lettlest digitalt display. B\u00e5de displayet og tastaturet er bakgrunnsbelyst, noe som gj\u00f8r betjeningen enkel i omgivelser med lite lys. SR303 inkluderer ogs\u00e5 NFC (Near Field Communication), som gir tilgang til batteribyttedato og produktinformasjon p\u00e5 en mobilenhet.  <\/p>\n<p>Det slitesterke designet til SR303 gj\u00f8r den egnet for alle maritime applikasjoner og et ideelt valg for obligatorisk og frivillig medbringelse. Med betydelig erfaring innen maritim sikkerhetsteknologi og en kontinuerlig forpliktelse til kvalitet og innovasjon, leverer ACR Electronics SR303 Marine GMDSS VHF-radio den typen enest\u00e5ende ytelse som sj\u00f8folk over hele verden har blitt vant til fra alle produkter produsert av ACR Electronics. <\/p>\n","protected":false},"excerpt":{"rendered":"<p>ACR Electronics SR303 Marine GMDSS VHF-radioen er bygget med tanke p\u00e5 fleksibilitet, og tilbyr brukerne praktiske alternativer for \u00e5 forenkle kommunikasjon til sj\u00f8s uansett omstendigheter. Denne vanntette VHF-radioen er designet som et GMDSS-produkt (Global Maritime Distress and Safety System), er fullt sertifisert for \u00e5 oppfylle IMO- og SOLAS-forskrifter og gir s\u00f8ml\u00f8st viktig kommunikasjonsst\u00f8tte i b\u00e5de kritiske situasjoner og under daglige maritime operasjoner. <\/p>\n","protected":false},"featured_media":166562,"template":"","meta":{"_acf_changed":false,"om_disable_all_campaigns":false},"product_brand":[],"product_cat":[5865,5635,5862],"product_tag":[14090,14149,14139,14158,14128,14101,14028,14081,14046,14115,14036,14058,14167],"class_list":{"0":"post-166561","1":"product","2":"type-product","3":"status-publish","4":"has-post-thumbnail","6":"product_cat-kommersiell-no-2","7":"product_cat-marine-no","8":"product_cat-offshore-no","9":"product_tag-anmeldelser-av-marin-vhf-radio","10":"product_tag-gmdss-overlevelsesradio-no","11":"product_tag-gmdss-vhf-radio-no","12":"product_tag-gmdss-godkjent-radio","13":"product_tag-handholdt-marin-vhf-radio-no","14":"product_tag-handholdt-vhf-radio-no","15":"product_tag-marin-vhf-radio-no","16":"product_tag-marin-vhf-radioantenne","17":"product_tag-marine-vhf-radioer-no","18":"product_tag-marine-vhf-radioer-til-salgs","19":"product_tag-vhf-marinradio-no","20":"product_tag-vhf-radio-no","21":"product_tag-vhf-radio-gmdss-no","23":"first","24":"outofstock","25":"taxable","26":"shipping-taxable","27":"product-type-simple"},"acf":[],"_links":{"self":[{"href":"https:\/\/www.acrartex.com\/no\/wp-json\/wp\/v2\/product\/166561","targetHints":{"allow":["GET"]}}],"collection":[{"href":"https:\/\/www.acrartex.com\/no\/wp-json\/wp\/v2\/product"}],"about":[{"href":"https:\/\/www.acrartex.com\/no\/wp-json\/wp\/v2\/types\/product"}],"wp:featuredmedia":[{"embeddable":true,"href":"https:\/\/www.acrartex.com\/no\/wp-json\/wp\/v2\/media\/166562"}],"wp:attachment":[{"href":"https:\/\/www.acrartex.com\/no\/wp-json\/wp\/v2\/media?parent=166561"}],"wp:term":[{"taxonomy":"product_brand","embeddable":true,"href":"https:\/\/www.acrartex.com\/no\/wp-json\/wp\/v2\/product_brand?post=166561"},{"taxonomy":"product_cat","embeddable":true,"href":"https:\/\/www.acrartex.com\/no\/wp-json\/wp\/v2\/product_cat?post=166561"},{"taxonomy":"product_tag","embeddable":true,"href":"https:\/\/www.acrartex.com\/no\/wp-json\/wp\/v2\/product_tag?post=166561"}],"curies":[{"name":"wp","href":"https:\/\/api.w.org\/{rel}","templated":true}]}}