{"id":166516,"date":"2025-11-06T04:45:51","date_gmt":"2025-11-06T09:45:51","guid":{"rendered":"https:\/\/www.acrartex.com\/products\/bivy-go-abonnement-bivy-stick-mesh-ubegrenset-data\/"},"modified":"2025-11-06T04:45:51","modified_gmt":"2025-11-06T09:45:51","slug":"bivy-go-abonnement-bivy-stick-mesh-ubegrenset-data","status":"publish","type":"product","link":"https:\/\/www.acrartex.com\/no\/products\/bivy-go-abonnement-bivy-stick-mesh-ubegrenset-data\/","title":{"rendered":"Bivy Go-abonnement \u2013 \u200b\u200bBivy Stick MESH + Ubegrenset data"},"content":{"rendered":"<p>Bivy Stick MESH er ikke bare en enhet \u2013 det er et banebrytende fremskritt innen bedriftskommunikasjon for fjerndrift. Den er designet for \u00e5 holde team tilkoblet selv i de mest utfordrende milj\u00f8ene, og leverer s\u00f8ml\u00f8s dual-mode-tilkobling, og veksler intelligent mellom Global Iridium\u00ae-satellittnettverket og LoRa\u00ae-aktivert mesh-nettverk for uovertruffen p\u00e5litelighet og dekning. <\/p>\n<p>&nbsp;<\/p>\n<p>Styrker fjernkommunikasjonen din:<\/p>\n<ul>\n<li><strong>Global Iridium-satellittdekning:<\/strong> Operer med trygghet hvor som helst p\u00e5 jorden, og utnytt Iridiums uovertrufne satellittkonstellasjon for urokkelig kommunikasjon.<\/li>\n<li><strong>LoRa\u00ae-aktivert mesh-nettverk:<\/strong> Selvdannende mesh-nettverk, som muliggj\u00f8r meldinger i sanntid og GPS posisjonsoppdateringer for forbedret teamkoordinering.<\/li>\n<\/ul>\n<p><strong> <\/strong><\/p>\n<p>ACR Bivy har konsekvent ledet bransjen, og introduserte f\u00f8rst satellittaktivert gruppekommunikasjon og sporing for opptil 12 Bivy Stick-er. N\u00e5, med LoRa\u00ae-aktivert MESH-integrasjon, hever Bivy standarden igjen og befester sin posisjon som den fremste kommunikasjonsl\u00f8sningen for team som opererer p\u00e5 steder utenfor str\u00f8mnettet. <\/p>\n<h2>Bivy Stick MESH-funksjoner:<\/h2>\n<ul>\n<li><strong>Doble kommunikasjonsmoduser<\/strong> : Kombinerer LoRa\u00ae-aktivert mesh-nettverk p\u00e5 en unik m\u00e5te med robust global satellittkommunikasjon, og tilbyr enest\u00e5ende tilkoblingsmuligheter i ulike milj\u00f8er, og setter en ny standard innen utend\u00f8rs kommunikasjonsteknologi.\n<ul>\n<li><strong>Global satellittkommunikasjon<\/strong> :<br \/>\n Stol p\u00e5 Iridium-nettverket for konsistent, global tilkobling, selv p\u00e5 de mest isolerte stedene.<\/li>\n<li><strong>LoRa\u00ae-aktivert mesh-nettverk:<br \/>\n<\/strong> Forbedre teamkoordineringen med mesh-nettverk for direkte enhetstilkoblinger opptil en kilometer fra hverandre, med st\u00f8tte for opptil 12 enheter.<\/li>\n<\/ul>\n<\/li>\n<li><strong>LoRa\u00ae-aktivert meldingsoverf\u00f8ring:<\/strong> Meldingsoverf\u00f8ring fra enhet til enhet i l\u00f8pet av sekunder, noe som er betydelig raskere enn tradisjonell satellittkommunikasjon som kan ta minutter mellom enheter.<\/li>\n<\/ul>\n<ul>\n<li><strong>Tilpasningsdyktig til t\u00f8ffe milj\u00f8er:<\/strong> Utviklet for \u00e5 fungere s\u00f8ml\u00f8st i ekstreme omgivelser, fra tett skog med tykke baldakiner til omr\u00e5der med betongkonstruksjoner, og etablerer seg som en viktig ressurs for team og f\u00f8rstehjelpere i soner med signalkompromitterte omr\u00e5der.<\/li>\n<li><strong>Gruppemeldinger:<\/strong> Brukere kan enkelt opprette og bli med i gruppechatter i mesh-nettverket, noe som muliggj\u00f8r effektiv koordinering og kommunikasjon mellom team eller grupper av mennesker.<\/li>\n<li aria-level=\"1\"><b>Deling av posisjon i sanntid:<\/b> Enheter lar brukere dele sin sanntidsposisjon med andre i mesh-nettverket, noe som forbedrer sikkerheten og muliggj\u00f8r effektiv koordinering under utend\u00f8rsaktiviteter og n\u00f8dsituasjoner.<\/li>\n<li><strong>MESH-nettverksintelligens:<\/strong> Overv\u00e5ker mobil- og satellittsignalstyrken til hver enhet i nettverket, og ruter meldinger intelligent gjennom enheter med bedre tilkoblinger for \u00e5 optimalisere kommunikasjonseffektiviteten.<\/li>\n<li><strong>Intelligent meldingsoverf\u00f8ring<\/strong> : Bivy Stick MESH kan fungere som en kommunikasjonsnode for s\u00f8ml\u00f8st \u00e5 videresende meldinger, enten mellom enheter eller via satellitt, noe som maksimerer kommunikasjonseffektiviteten.<\/li>\n<li><strong>SOS-n\u00f8dbatteri:<\/strong> Utstyrt med et dedikert 24-timers SOS-batterireservebatteri, som sikrer at kritisk SOS-signal opprettholdes i n\u00f8dsituasjoner.<\/li>\n<li><strong>Robust og vanntett:<\/strong> Bivy Stick MESH er bygget for krevende milj\u00f8er og har en slitesterk konstruksjon som oppfyller IP67-standardene for vanntetthet. Den er konstruert for \u00e5 fungere i all slags v\u00e6r, og sikrer p\u00e5litelig drift uansett hvor oppdraget ditt tar deg. <\/li>\n<li><strong>Integreringsklar:<\/strong> Utviklet for kompatibilitet med eksisterende arbeidsflyter i bedriften for s\u00f8ml\u00f8s integrering.<\/li>\n<\/ul>\n<p>N\u00f8d-SOS Aktiveres i appen eller p\u00e5 enhetens knapp. Leveres av GlobalRescue\u2122 <\/p>\n","protected":false},"excerpt":{"rendered":"<p><span class=\"TextRun SCXW184998696 BCX0\" lang=\"EN-US\" data-contrast=\"none\" xml:lang=\"EN-US\"><span class=\"NormalTextRun SCXW184998696 BCX0\">Med Bivy Stick MESH kan du nyte<\/span> <span class=\"NormalTextRun SCXW184998696 BCX0\">p\u00e5litelig<\/span> <\/span><span class=\"TextRun SCXW184998696 BCX0\" lang=\"EN-US\" data-contrast=\"none\"><span class=\"NormalTextRun SCXW184998696 BCX0\">2-<\/span><\/span> <span class=\"TextRun SCXW184998696 BCX0\" lang=\"EN-US\" data-contrast=\"auto\"><span class=\"NormalTextRun SCXW184998696 BCX0\">veis<\/span> <span class=\"NormalTextRun SCXW184998696 BCX0\">satellittkommunikasjon<\/span><\/span><span class=\"TextRun SCXW184998696 BCX0\" lang=\"EN-US\" data-contrast=\"none\" xml:lang=\"EN-US\"><span class=\"NormalTextRun SCXW184998696 BCX0\">,  <\/span><\/span><span class=\"TextRun SCXW184998696 BCX0\" lang=\"EN-US\" data-contrast=\"none\" xml:lang=\"EN-US\"><span class=\"NormalTextRun SCXW184998696 BCX0\">gruppemeldinger<\/span><\/span><span class=\"TextRun SCXW184998696 BCX0\" lang=\"EN-US\" data-contrast=\"none\" xml:lang=\"EN-US\"><span class=\"NormalTextRun SCXW184998696 BCX0\">,  <\/span><\/span><span class=\"TextRun SCXW184998696 BCX0\" lang=\"EN-US\" data-contrast=\"none\" xml:lang=\"EN-US\"><span class=\"NormalTextRun SCXW184998696 BCX0\">SOS-st\u00f8tte d\u00f8gnet rundt<\/span><\/span><span class=\"TextRun SCXW184998696 BCX0\" lang=\"EN-US\" data-contrast=\"none\" xml:lang=\"EN-US\"><span class=\"NormalTextRun SCXW184998696 BCX0\">,  <\/span><\/span><span class=\"TextRun SCXW184998696 BCX0\" lang=\"EN-US\" data-contrast=\"none\" xml:lang=\"EN-US\"><span class=\"NormalTextRun SCXW184998696 BCX0\">GPS -sporing<\/span><\/span><span class=\"TextRun SCXW184998696 BCX0\" lang=\"EN-US\" data-contrast=\"none\" xml:lang=\"EN-US\"><span class=\"NormalTextRun SCXW184998696 BCX0\">, og  <\/span><\/span><span class=\"TextRun SCXW184998696 BCX0\" lang=\"EN-US\" data-contrast=\"none\" xml:lang=\"EN-US\"><span class=\"NormalTextRun SCXW184998696 BCX0\">posisjonsdeling  <\/span><\/span><span class=\"TextRun SCXW184998696 BCX0\" lang=\"EN-US\" data-contrast=\"none\" xml:lang=\"EN-US\"><span class=\"NormalTextRun SCXW184998696 BCX0\">alt i ett  <\/span><\/span><span class=\"TextRun SCXW184998696 BCX0\" lang=\"EN-US\" data-contrast=\"none\" xml:lang=\"EN-US\"><span class=\"NormalTextRun SCXW184998696 BCX0\">kompakt<\/span><\/span><span class=\"TextRun SCXW184998696 BCX0\" lang=\"EN-US\" data-contrast=\"none\" xml:lang=\"EN-US\"><span class=\"NormalTextRun SCXW184998696 BCX0\">  og  <\/span><\/span><span class=\"TextRun SCXW184998696 BCX0\" lang=\"EN-US\" data-contrast=\"none\" xml:lang=\"EN-US\"><span class=\"NormalTextRun SCXW184998696 BCX0\">lettvekt<\/span><\/span><span class=\"TextRun SCXW184998696 BCX0\" lang=\"EN-US\" data-contrast=\"none\" xml:lang=\"EN-US\"><span class=\"NormalTextRun SCXW184998696 BCX0\">  enhet. Den gir deg   <\/span><\/span><span class=\"TextRun SCXW184998696 BCX0\" lang=\"EN-US\" data-contrast=\"none\"><span class=\"NormalTextRun SCXW184998696 BCX0\">Frihet til off-grid-kommunikasjon<\/span><\/span> <span class=\"TextRun SCXW184998696 BCX0\" lang=\"EN-US\" data-contrast=\"none\"><span class=\"NormalTextRun SCXW184998696 BCX0\">til den<\/span><\/span> <span class=\"TextRun SCXW184998696 BCX0\" lang=\"EN-US\" data-contrast=\"none\"><span class=\"NormalTextRun SCXW184998696 BCX0\">rimeligste prisen p\u00e5 markedet<\/span><\/span><span class=\"TextRun SCXW184998696 BCX0\" lang=\"EN-US\" data-contrast=\"none\" xml:lang=\"EN-US\"><span class=\"NormalTextRun SCXW184998696 BCX0\">. Hold deg tilkoblet, selv utenfor mobildekning.<\/span><\/span><\/p>\n<h4><\/h4>\n<h4><strong>Stolt laget i USA!<\/strong><\/h4>\n<p>&nbsp;<\/p>\n","protected":false},"featured_media":163295,"template":"","meta":{"_acf_changed":false,"om_disable_all_campaigns":false},"product_brand":[],"product_cat":[5635,5686],"product_tag":[],"class_list":{"0":"post-166516","1":"product","2":"type-product","3":"status-publish","4":"has-post-thumbnail","6":"product_cat-marine-no","7":"product_cat-utendors","9":"first","10":"instock","11":"taxable","12":"shipping-taxable","13":"purchasable","14":"product-type-subscription"},"acf":[],"_links":{"self":[{"href":"https:\/\/www.acrartex.com\/no\/wp-json\/wp\/v2\/product\/166516","targetHints":{"allow":["GET"]}}],"collection":[{"href":"https:\/\/www.acrartex.com\/no\/wp-json\/wp\/v2\/product"}],"about":[{"href":"https:\/\/www.acrartex.com\/no\/wp-json\/wp\/v2\/types\/product"}],"wp:featuredmedia":[{"embeddable":true,"href":"https:\/\/www.acrartex.com\/no\/wp-json\/wp\/v2\/media\/163295"}],"wp:attachment":[{"href":"https:\/\/www.acrartex.com\/no\/wp-json\/wp\/v2\/media?parent=166516"}],"wp:term":[{"taxonomy":"product_brand","embeddable":true,"href":"https:\/\/www.acrartex.com\/no\/wp-json\/wp\/v2\/product_brand?post=166516"},{"taxonomy":"product_cat","embeddable":true,"href":"https:\/\/www.acrartex.com\/no\/wp-json\/wp\/v2\/product_cat?post=166516"},{"taxonomy":"product_tag","embeddable":true,"href":"https:\/\/www.acrartex.com\/no\/wp-json\/wp\/v2\/product_tag?post=166516"}],"curies":[{"name":"wp","href":"https:\/\/api.w.org\/{rel}","templated":true}]}}