{"id":166514,"date":"2025-11-06T04:46:44","date_gmt":"2025-11-06T09:46:44","guid":{"rendered":"https:\/\/www.acrartex.com\/products\/bivy-go-abonnement-bivy-stick-ubegrenset-data\/"},"modified":"2025-11-06T04:46:44","modified_gmt":"2025-11-06T09:46:44","slug":"bivy-go-abonnement-bivy-stick-ubegrenset-data","status":"publish","type":"product","link":"https:\/\/www.acrartex.com\/no\/products\/bivy-go-abonnement-bivy-stick-ubegrenset-data\/","title":{"rendered":"Bivy Go-abonnement \u2013 \u200b\u200bBivy Stick + Ubegrenset data"},"content":{"rendered":"<p>Hold deg tilkoblet og trygg hvor som helst p\u00e5 jorden med Bivy Stick \u2013 en kompakt og kraftig enhet som forvandler smarttelefonen din til en global satellittkommunikator. Drevet av Iridium-satellittnettverket sikrer Bivy Stick 100 % global dekning, selv i de mest avsidesliggende og t\u00f8ffe milj\u00f8ene. <\/p>\n<p>Bivy Stick er designet for eventyrere, oppdagelsesreisende og beredskapspersonell, og muliggj\u00f8r toveis satellittmeldinger, deling av GPS-posisjon og v\u00e6roppdateringer \u2013 alt tilgjengelig via Bivy-appen p\u00e5 iOS eller Android. Den unike GroupTrack\u2122-funksjonen lar deg sende meldinger til og spore opptil 12 Bivy Stick-brukere samtidig, noe som gj\u00f8r det enkelt for team, guider og familier \u00e5 holde kontakten og v\u00e6re synlige p\u00e5 et delt gruppekart. <\/p>\n<p>I en n\u00f8dsituasjon trykker du bare p\u00e5 den dedikerte SOS-knappen for \u00e5 varsle Global Rescue umiddelbart, slik at du har tilgang til n\u00f8dtjenester d\u00f8gnet rundt \u2013 hvor som helst i verden. Enten du laster ned offline kart, navigerer p\u00e5 ukjente stier eller sjekker innom med dine kj\u00e6re, gir Bivy Stick trygghet og viktig kommunikasjon n\u00e5r det gjelder som mest. <\/p>\n<p><b>Bivy -appens rolle<\/b><\/p>\n<p>Oppdag over 50 000 utend\u00f8rseventyr med Bivy-appen \u2013 ditt alt-i-ett-verkt\u00f8y for \u00e5 utforske naturen. Enten du liker fotturer, sykling, padling, klatring eller noen av appens 20 st\u00f8ttede eventyrtyper, hjelper Bivy deg med \u00e5 finne det perfekte stedet og navigere det med selvtillit. <\/p>\n<p>Spor tempo, kj\u00f8relengde, h\u00f8yde og mer mens du utforsker, og loggf\u00f8r hver reise for \u00e5 holde oversikt over eventyrene dine. Med tilgang til detaljerte globale offline-kart vet du alltid n\u00f8yaktig hvor du er, selv uten mobildekning. <\/p>\n<p>Sammen med ACRs Bivy Stick kombinerer Bivy-appen navigasjon, tursporing og p\u00e5litelig satellittkommunikasjon, noe som gir rimelig sikkerhet og trygghet for alle, fra helgeutforskere til erfarne profesjonelle.<\/p>\n<p><b>Funksjoner og fordeler:<\/b><\/p>\n<ul>\n<li><b>P\u00e5litelig toveismeldinger<\/b> : Hold kontakten utover mobildekning med toveis tekstmeldinger via det globale Iridium\u00ae-satellittnettverket.<\/li>\n<li><b>Dedikert telefonnummer og e-post<\/b> : Send melding med ditt eget telefonnummer og e-post for s\u00f8ml\u00f8s kommunikasjon.<\/li>\n<li><b>Gruppemeldinger og sporing med GroupTrack\u2122<\/b> : Kommuniser og del posisjoner med opptil 12 Bivy Stick-brukere. Venner og familie kan overv\u00e5ke reisen din og bli med i gruppechatter via en delt nettside. <\/li>\n<li><b>Ubegrensede tilpassede innsjekkinger<\/b> : Send GPS-innsjekkingsmeldinger med din n\u00f8yaktige posisjon. Ubegrensede innsjekkinger er inkludert i et abonnement.* <\/li>\n<li><b>Sporing og posisjonsdeling i sanntid<\/b> : Nettsiden for posisjonsdeling viser innsjekkingssporet ditt, meldingshistorikk med svar og delte spor \u2013 alt p\u00e5 ett sted.<\/li>\n<li><b>D\u00f8gn\u00e5pen SOS-overv\u00e5king fra Global Rescue\u2122<\/b> : Aktiver n\u00f8dvarsler via appen eller enhetens SOS-knapp. Kommuniser direkte med n\u00f8detatene, og SOS-varsler kan avbrytes via enheten eller telefonen. <\/li>\n<li><b>Avanserte navigasjons- og eventyrverkt\u00f8y<\/b> : Last ned offline-kart og utforsk tusenvis av eventyr innsendt av fellesskapet, inkludert turstier, klatringer og vannveier.<\/li>\n<li><b>Robust og vanntett design<\/b> : Med en IPX7-vurdering<\/li>\n<li><b>GoPro-kompatibel<\/b> : Fullt kompatibel med GoPro-fester og inkluderer en GoPro-tilbeh\u00f8rsadapter for enkel integrering.<\/li>\n<li><b>Komplett sett inkludert \u2013<\/b> Leveres med USB-C-ladekabel, karabinkrok, snor, hurtigstartveiledning og GoPro-adapter \u2013 alt du trenger for \u00e5 komme i gang.<\/li>\n<li><b>Laget i USA \u2013<\/b> Dekket av 1 \u00e5rs produsentgaranti for trygghet.<\/li>\n<li>* <a href=\"https:\/\/bivystick.com\/plans\/\" data-cke-saved-href=\"https:\/\/www.bivy.com\/data-plans\">M\u00e5nedlig abonnement kreves<\/a> . Se produsentens nettsted for mer informasjon. <\/li>\n<\/ul>\n<p>&nbsp;<\/p>\n<p>N\u00f8d-SOS Aktiveres i appen eller p\u00e5 enhetens knapp. Leveres av GlobalRescue\u2122 <\/p>\n<p><a href=\"https:\/\/www.acrartex.com\/wp-content\/uploads\/2021\/06\/ProductOverview.png\"><img loading=\"lazy\" decoding=\"async\" class=\"alignnone size-medium wp-image-37736\" src=\"https:\/\/www.acrartex.com\/wp-content\/uploads\/2021\/06\/ProductOverview-300x300.png\" alt=\"\" width=\"300\" height=\"300\" srcset=\"https:\/\/www.acrartex.com\/wp-content\/uploads\/2021\/06\/ProductOverview-300x300.png 300w, https:\/\/www.acrartex.com\/wp-content\/uploads\/2021\/06\/ProductOverview-1024x1024.png 1024w, https:\/\/www.acrartex.com\/wp-content\/uploads\/2021\/06\/ProductOverview-150x150.png 150w, https:\/\/www.acrartex.com\/wp-content\/uploads\/2021\/06\/ProductOverview-768x768.png 768w, https:\/\/www.acrartex.com\/wp-content\/uploads\/2021\/06\/ProductOverview-1536x1536.png 1536w, https:\/\/www.acrartex.com\/wp-content\/uploads\/2021\/06\/ProductOverview-600x600.png 600w, https:\/\/www.acrartex.com\/wp-content\/uploads\/2021\/06\/ProductOverview-100x100.png 100w, https:\/\/www.acrartex.com\/wp-content\/uploads\/2021\/06\/ProductOverview.png 1601w\" sizes=\"auto, (max-width: 300px) 100vw, 300px\" \/><\/a> <a href=\"https:\/\/www.acrartex.com\/wp-content\/uploads\/2021\/06\/2_ProductOverview-04.png\"><img loading=\"lazy\" decoding=\"async\" class=\"alignnone size-medium wp-image-37732\" src=\"https:\/\/www.acrartex.com\/wp-content\/uploads\/2021\/06\/2_ProductOverview-04-300x300.png\" alt=\"\" width=\"300\" height=\"300\" srcset=\"https:\/\/www.acrartex.com\/wp-content\/uploads\/2021\/06\/2_ProductOverview-04-300x300.png 300w, https:\/\/www.acrartex.com\/wp-content\/uploads\/2021\/06\/2_ProductOverview-04-1024x1024.png 1024w, https:\/\/www.acrartex.com\/wp-content\/uploads\/2021\/06\/2_ProductOverview-04-150x150.png 150w, https:\/\/www.acrartex.com\/wp-content\/uploads\/2021\/06\/2_ProductOverview-04-768x768.png 768w, https:\/\/www.acrartex.com\/wp-content\/uploads\/2021\/06\/2_ProductOverview-04-1536x1536.png 1536w, https:\/\/www.acrartex.com\/wp-content\/uploads\/2021\/06\/2_ProductOverview-04-2048x2048.png 2048w, https:\/\/www.acrartex.com\/wp-content\/uploads\/2021\/06\/2_ProductOverview-04-600x600.png 600w, https:\/\/www.acrartex.com\/wp-content\/uploads\/2021\/06\/2_ProductOverview-04-100x100.png 100w\" sizes=\"auto, (max-width: 300px) 100vw, 300px\" \/><\/a> <a href=\"https:\/\/www.acrartex.com\/wp-content\/uploads\/2021\/06\/SOS.png\"><img loading=\"lazy\" decoding=\"async\" class=\"alignnone size-medium wp-image-37734\" src=\"https:\/\/www.acrartex.com\/wp-content\/uploads\/2021\/06\/SOS-300x300.png\" alt=\"\" width=\"300\" height=\"300\" srcset=\"https:\/\/www.acrartex.com\/wp-content\/uploads\/2021\/06\/SOS-300x300.png 300w, https:\/\/www.acrartex.com\/wp-content\/uploads\/2021\/06\/SOS-1024x1024.png 1024w, https:\/\/www.acrartex.com\/wp-content\/uploads\/2021\/06\/SOS-150x150.png 150w, https:\/\/www.acrartex.com\/wp-content\/uploads\/2021\/06\/SOS-768x768.png 768w, https:\/\/www.acrartex.com\/wp-content\/uploads\/2021\/06\/SOS-1536x1536.png 1536w, https:\/\/www.acrartex.com\/wp-content\/uploads\/2021\/06\/SOS-600x600.png 600w, https:\/\/www.acrartex.com\/wp-content\/uploads\/2021\/06\/SOS-100x100.png 100w, https:\/\/www.acrartex.com\/wp-content\/uploads\/2021\/06\/SOS.png 1601w\" sizes=\"auto, (max-width: 300px) 100vw, 300px\" \/><\/a><a href=\"https:\/\/www.acrartex.com\/wp-content\/uploads\/2021\/06\/2_ProductOverview-06.png\"><img loading=\"lazy\" decoding=\"async\" class=\"alignnone size-medium wp-image-37733\" src=\"https:\/\/www.acrartex.com\/wp-content\/uploads\/2021\/06\/2_ProductOverview-06-300x300.png\" alt=\"\" width=\"300\" height=\"300\" srcset=\"https:\/\/www.acrartex.com\/wp-content\/uploads\/2021\/06\/2_ProductOverview-06-300x300.png 300w, https:\/\/www.acrartex.com\/wp-content\/uploads\/2021\/06\/2_ProductOverview-06-1024x1024.png 1024w, https:\/\/www.acrartex.com\/wp-content\/uploads\/2021\/06\/2_ProductOverview-06-150x150.png 150w, https:\/\/www.acrartex.com\/wp-content\/uploads\/2021\/06\/2_ProductOverview-06-768x768.png 768w, https:\/\/www.acrartex.com\/wp-content\/uploads\/2021\/06\/2_ProductOverview-06-1536x1536.png 1536w, https:\/\/www.acrartex.com\/wp-content\/uploads\/2021\/06\/2_ProductOverview-06-2048x2048.png 2048w, https:\/\/www.acrartex.com\/wp-content\/uploads\/2021\/06\/2_ProductOverview-06-600x600.png 600w, https:\/\/www.acrartex.com\/wp-content\/uploads\/2021\/06\/2_ProductOverview-06-100x100.png 100w\" sizes=\"auto, (max-width: 300px) 100vw, 300px\" \/><\/a><\/p>\n","protected":false},"excerpt":{"rendered":"<p><span class=\"TextRun SCXW244057555 BCX0\" lang=\"EN-US\" data-contrast=\"none\" xml:lang=\"EN-US\"><span class=\"NormalTextRun SCXW244057555 BCX0\">Med Bivy Stick, nyt<\/span><span class=\"NormalTextRun SCXW244057555 BCX0\"> <\/span><span class=\"NormalTextRun SCXW244057555 BCX0\">p\u00e5litelig<\/span><span class=\"NormalTextRun SCXW244057555 BCX0\"> <\/span><\/span><span class=\"TextRun SCXW244057555 BCX0\" lang=\"EN-US\" data-contrast=\"none\"><span class=\"NormalTextRun SCXW244057555 BCX0\">2-<\/span><\/span> <span class=\"TextRun SCXW244057555 BCX0\" lang=\"EN-US\" data-contrast=\"auto\"><span class=\"NormalTextRun SCXW244057555 BCX0\">veis<\/span> <span class=\"NormalTextRun SCXW244057555 BCX0\">satellittkommunikasjon<\/span><\/span><span class=\"TextRun SCXW244057555 BCX0\" lang=\"EN-US\" data-contrast=\"none\" xml:lang=\"EN-US\"><span class=\"NormalTextRun SCXW244057555 BCX0\">,  <\/span><\/span><span class=\"TextRun SCXW244057555 BCX0\" lang=\"EN-US\" data-contrast=\"none\" xml:lang=\"EN-US\"><span class=\"NormalTextRun SCXW244057555 BCX0\">gruppemeldinger<\/span><\/span><span class=\"TextRun SCXW244057555 BCX0\" lang=\"EN-US\" data-contrast=\"none\" xml:lang=\"EN-US\"><span class=\"NormalTextRun SCXW244057555 BCX0\">,  <\/span><\/span><span class=\"TextRun SCXW244057555 BCX0\" lang=\"EN-US\" data-contrast=\"none\" xml:lang=\"EN-US\"><span class=\"NormalTextRun SCXW244057555 BCX0\">SOS-st\u00f8tte d\u00f8gnet rundt<\/span><\/span><span class=\"TextRun SCXW244057555 BCX0\" lang=\"EN-US\" data-contrast=\"none\" xml:lang=\"EN-US\"><span class=\"NormalTextRun SCXW244057555 BCX0\">,  <\/span><\/span><span class=\"TextRun SCXW244057555 BCX0\" lang=\"EN-US\" data-contrast=\"none\" xml:lang=\"EN-US\"><span class=\"NormalTextRun SCXW244057555 BCX0\">GPS -sporing<\/span><\/span><span class=\"TextRun SCXW244057555 BCX0\" lang=\"EN-US\" data-contrast=\"none\" xml:lang=\"EN-US\"><span class=\"NormalTextRun SCXW244057555 BCX0\">, og  <\/span><\/span><span class=\"TextRun SCXW244057555 BCX0\" lang=\"EN-US\" data-contrast=\"none\" xml:lang=\"EN-US\"><span class=\"NormalTextRun SCXW244057555 BCX0\">posisjonsdeling  <\/span><\/span><span class=\"TextRun SCXW244057555 BCX0\" lang=\"EN-US\" data-contrast=\"none\" xml:lang=\"EN-US\"><span class=\"NormalTextRun SCXW244057555 BCX0\">alt i ett  <\/span><\/span><span class=\"TextRun SCXW244057555 BCX0\" lang=\"EN-US\" data-contrast=\"none\" xml:lang=\"EN-US\"><span class=\"NormalTextRun SCXW244057555 BCX0\">kompakt<\/span><\/span><span class=\"TextRun SCXW244057555 BCX0\" lang=\"EN-US\" data-contrast=\"none\" xml:lang=\"EN-US\"><span class=\"NormalTextRun SCXW244057555 BCX0\">  og  <\/span><\/span><span class=\"TextRun SCXW244057555 BCX0\" lang=\"EN-US\" data-contrast=\"none\" xml:lang=\"EN-US\"><span class=\"NormalTextRun SCXW244057555 BCX0\">lettvekt<\/span><\/span><span class=\"TextRun SCXW244057555 BCX0\" lang=\"EN-US\" data-contrast=\"none\" xml:lang=\"EN-US\"><span class=\"NormalTextRun SCXW244057555 BCX0\">  enhet. Den gir deg   <\/span><\/span><span class=\"TextRun SCXW244057555 BCX0\" lang=\"EN-US\" data-contrast=\"none\"><span class=\"NormalTextRun SCXW244057555 BCX0\">Frihet til off-grid-kommunikasjon<\/span><\/span> <span class=\"TextRun SCXW244057555 BCX0\" lang=\"EN-US\" data-contrast=\"none\"><span class=\"NormalTextRun SCXW244057555 BCX0\">til den<\/span><\/span> <span class=\"TextRun SCXW244057555 BCX0\" lang=\"EN-US\" data-contrast=\"none\"><span class=\"NormalTextRun SCXW244057555 BCX0\">rimeligste prisen p\u00e5 markedet<\/span><\/span> <span class=\"TextRun SCXW244057555 BCX0\" lang=\"EN-US\" data-contrast=\"none\"><span class=\"NormalTextRun SCXW244057555 BCX0\">.<\/span><\/span><\/p>\n","protected":false},"featured_media":163282,"template":"","meta":{"_acf_changed":false,"om_disable_all_campaigns":false},"product_brand":[],"product_cat":[5635,5686],"product_tag":[13087,13105,13089,13078,13091],"class_list":{"0":"post-166514","1":"product","2":"type-product","3":"status-publish","4":"has-post-thumbnail","6":"product_cat-marine-no","7":"product_cat-utendors","8":"product_tag-2-veis-kommunikasjon","9":"product_tag-4601-no","10":"product_tag-acr-bivy-no","11":"product_tag-bivy-no","12":"product_tag-bivy-appen-no","14":"first","15":"instock","16":"taxable","17":"shipping-taxable","18":"purchasable","19":"product-type-subscription"},"acf":[],"_links":{"self":[{"href":"https:\/\/www.acrartex.com\/no\/wp-json\/wp\/v2\/product\/166514","targetHints":{"allow":["GET"]}}],"collection":[{"href":"https:\/\/www.acrartex.com\/no\/wp-json\/wp\/v2\/product"}],"about":[{"href":"https:\/\/www.acrartex.com\/no\/wp-json\/wp\/v2\/types\/product"}],"wp:featuredmedia":[{"embeddable":true,"href":"https:\/\/www.acrartex.com\/no\/wp-json\/wp\/v2\/media\/163282"}],"wp:attachment":[{"href":"https:\/\/www.acrartex.com\/no\/wp-json\/wp\/v2\/media?parent=166514"}],"wp:term":[{"taxonomy":"product_brand","embeddable":true,"href":"https:\/\/www.acrartex.com\/no\/wp-json\/wp\/v2\/product_brand?post=166514"},{"taxonomy":"product_cat","embeddable":true,"href":"https:\/\/www.acrartex.com\/no\/wp-json\/wp\/v2\/product_cat?post=166514"},{"taxonomy":"product_tag","embeddable":true,"href":"https:\/\/www.acrartex.com\/no\/wp-json\/wp\/v2\/product_tag?post=166514"}],"curies":[{"name":"wp","href":"https:\/\/api.w.org\/{rel}","templated":true}]}}