{"id":166497,"date":"2024-06-11T08:30:35","date_gmt":"2024-06-11T13:30:35","guid":{"rendered":"https:\/\/www.acrartex.com\/products\/eksponering-olas-tag\/"},"modified":"2026-03-06T08:57:21","modified_gmt":"2026-03-06T13:57:21","slug":"eksponering-olas-tag","status":"publish","type":"product","link":"https:\/\/www.acrartex.com\/no\/products\/eksponering-olas-tag\/","title":{"rendered":"EKSPONERING OLAS-TAG"},"content":{"rendered":"<h3>Hva den gj\u00f8r<\/h3>\n<p><strong>Spor med OLAS-mobilapplikasjonen<\/strong><\/p>\n<p>Innen \u00e5tte sekunder etter at en mann-over-bord-hendelse har inntruffet, oppdager OLAS-mobilapplikasjonsteknologien et brudd i den \u00abvirtuelle tilkoblingen\u00bb til brikken. Mobiltelefonen(e) avgir deretter en h\u00f8y alarm som varsler mannskapet om at noen er over bord. OLAS hjelper deretter mannskapet med \u00e5 berge noen over bord, og dirigerer dem tydelig til GPS-posisjonen der mann-over-bord-hendelsen inntraff, med tydelige visuelle signaler og peiledata. OLAS lagrer alle posisjonsdata og tidspunktet for hendelsen som redningstjenestene trenger.   <\/p>\n<p><strong>Spor med OLAS Guardian og Core (fart\u00f8y opptil 50 fot)<\/strong><\/p>\n<p>Koble opptil 15 OLAS-sendere (OLAS-brikke eller OLAS Float-On) til en hvilken som helst OLAS-mottaker. Innen 2 sekunder etter at forbindelsen brytes, vil MOB-alarmen aktiveres og varsle mannskapet om hendelsen. <\/p>\n<h3>Fordeler med OLAS-taggen<\/h3>\n<ul>\n<li>Lang batterilevetid (opptil 4 m\u00e5neder)<\/li>\n<li>Den mest allsidige festel\u00f8sningen \u2013 h\u00e5ndledd, redningsvest, MOB-enhet med 1 stropp<\/li>\n<li>Gratis iOS- og Android-app<\/li>\n<li>Koble flere tagger til \u00e9n telefon eller et nettbrett<\/li>\n<li>Koble 1 tagg til flere telefoner\/nettbrett<\/li>\n<li>Koble til en hvilken som helst OLAS-mottaker Batteritilbakemelding (i OLAS-mobilappen)<\/li>\n<li>Hver merkelapp leveres med en universell silikonrem med spenne i rustfritt st\u00e5l og et forh\u00e5ndsinstallert CR2477-batteri (kan byttes av brukeren)<\/li>\n<li>Kompatibel med <a href=\"https:\/\/www.acrartex.com\/sv\/products\/acr-olas-guardian\/\">OLAS Guardian motoravstengningssystem<\/a> ( <a href=\"https:\/\/uscgboating.org\/recreational-boaters\/engine-cut-off-devices.php\">nye USCG-forskrifter<\/a> )<\/li>\n<\/ul>\n<h3><\/h3>\n<h3>Mobilappfunksjoner<\/h3>\n<p>Guardian betjenes enkelt via OLAS-appen, som kan lastes ned gratis fra App Store for iOS og Google Play Store for Android. OLAS-appen krever en enhet som kj\u00f8rer minimum IOS11 eller Android 5.1 for \u00e5 fungere. OLAS-appen er et kraftig verkt\u00f8y for \u00e5 kontrollere Guardian-funksjonene og for \u00e5 hjelpe til med rask redning.  <\/p>\n<p><strong>F\u00f8lge<\/strong><\/p>\n<ul>\n<li>Overv\u00e5k alle OLAS-sendere som spores<\/li>\n<li>Tilpass navn p\u00e5 OLAS-sendere slik at de er enkle \u00e5 tildele<\/li>\n<li>Sjekk batteristatusen for OLAS-brikker<\/li>\n<\/ul>\n<p><strong>Vergekontroll<\/strong><\/p>\n<ul>\n<li>Legg til nye OLAS-sendere i Guardian-systemet<\/li>\n<li>Sett Guardian-systemet p\u00e5 pause hvis senderne forlater omr\u00e5det i en kort periode.<\/li>\n<li>Juster tiden f\u00f8r Guardian reagerer p\u00e5 en sender over bord mellom 2 og 15 sekunder, noe som gir mer frihet rundt st\u00f8rre fart\u00f8y.<\/li>\n<li>Juster mellom avstengningsbryter og ekstern alarmmodus<\/li>\n<\/ul>\n<ul>\n<li>Kill switch-modus aktiverer den innebygde bryteren i 5 sekunder, og sl\u00e5r av motoren, men lar brukerne starte motoren p\u00e5 nytt etter 5 sekunder.<\/li>\n<li>Ekstern alarmmodus aktiverer den innebygde bryteren inntil den avbrytes manuelt. Dette gj\u00f8r det mulig \u00e5 seriekoble eksterne alarmer med h\u00f8y effekt. <\/li>\n<li>Sett alarmtilstanden p\u00e5 pause<\/li>\n<\/ul>\n<p><strong>Senderkontroll<\/strong><\/p>\n<ul>\n<li>Juster enkelt individuelle sendere mellom motoravstengning (for skipperen), kun alarm (for passasjerer) og pause (for passasjerer som forlater fart\u00f8yet midlertidig)<\/li>\n<li>utl\u00f8se den eksterne alarmen hvis en Tag-bruker er utenfor rekkevidde p\u00e5 b\u00e5de Guardian og mobilenheten din.<\/li>\n<li>Juster tiden f\u00f8r avstengningsbryteren eller alarmen utl\u00f8ses \u2013 gir st\u00f8rre frihet<\/li>\n<\/ul>\n<p><strong>Ekstern alarm og redningshjelp<\/strong><\/p>\n<ul>\n<li>Maksimal volumalarm og vibrasjon p\u00e5 mobiltelefonen din, synkronisert med Guardian.<\/li>\n<li>Indikasjon p\u00e5 hvilken sender som har utl\u00f8st alarmen.<\/li>\n<li>Registrer GPS posisjonen der alarmen ble utl\u00f8st \u2022 Tydelig veivisning tilbake til GPS posisjonen der alarmen ble utl\u00f8st.<\/li>\n<li>Tydelig visning av tidspunkt og GPS posisjon for hvor alarmen ble utl\u00f8st og brukerens n\u00e5v\u00e6rende posisjon. \u2022 VHF-n\u00f8dskript med automatisk inntasting av GPS-koordinater og tilpasset fart\u00f8yinformasjon Solo-modus.<\/li>\n<li>Utviklet for b\u00e5tturer p\u00e5 egenh\u00e5nd innenfor 2G-mobildekning eller offshore Wi-Fi. Solomodus sender en automatisk tekstmelding til et tilpasset nummer med posisjon og tidspunkt for hendelsen. Hvis en selvredningsaksjon h\u00e5ndteres, sendes en automatisk tekstmelding som avbryter varselet.  <\/li>\n<\/ul>\n","protected":false},"excerpt":{"rendered":"<p>OLAS-brikken er en kompakt OLAS-sender som enkelt festes til voksne, barn, kj\u00e6ledyr og gjenstander som flyteutstyr. Brikkene spores av OLAS-applikasjonen p\u00e5 en mobil enhet eller via Core, Guardian og Extender. <\/p>\n<p>Sekunder etter at brikken bryter forbindelsen med en OLAS-mottaker, blir mannskapet varslet av OLAS-alarmen og -lyset, mens OLAS MOB-redningsskjermen aktiveres p\u00e5 OLAS-mobilapplikasjonen.<\/p>\n<p>Hver merkelapp leveres med en universal silikonrem med spenne i rustfritt st\u00e5l og et forh\u00e5ndsinstallert CR2477-batteri (kan byttes av brukeren).<\/p>\n<p>&nbsp;<\/p>\n<p>&nbsp;<\/p>\n","protected":false},"featured_media":163780,"template":"","meta":{"_acf_changed":false,"om_disable_all_campaigns":false},"product_brand":[],"product_cat":[5858,5865,5635,5860,5862],"product_tag":[12556,14825,11833,12568,11173,11823,12543,11165,16146,14811,14820,9418,16143],"class_list":{"0":"post-166497","1":"product","2":"type-product","3":"status-publish","4":"has-post-thumbnail","6":"product_cat-inn-i-landet-no","7":"product_cat-kommersiell-no-2","8":"product_cat-marine-no","9":"product_cat-naer-kysten","10":"product_cat-offshore-no","11":"product_tag-barnesikkerhet-i-bat","12":"product_tag-bluetooth-mann-over-bord","13":"product_tag-gps-sporing","14":"product_tag-hund-over-bord","15":"product_tag-mann-over-bord","16":"product_tag-mann-over-bord-system","17":"product_tag-mannskapssporer","18":"product_tag-mob-no","19":"product_tag-mob-sender","20":"product_tag-olas-tagg-no","21":"product_tag-olas-sender","22":"product_tag-sender-no","23":"product_tag-tagg","24":"pa_activity-fiske","25":"pa_boat-size-0-20-no","26":"pa_boat-size-21-40-no","27":"pa_boat-size-40-80-no","28":"pa_boat-size-80-no","29":"pa_boat-type-charteryacht","30":"pa_boat-type-kommersielt-fiske","31":"pa_boat-type-lasteskip","32":"pa_boat-type-motorbat-no","33":"pa_boat-type-seilbat","34":"pa_boat-type-slepebat","35":"pa_boat-type-sportcraft-no","36":"pa_boat-type-yacht-no","38":"first","39":"instock","40":"taxable","41":"shipping-taxable","42":"purchasable","43":"product-type-variable"},"acf":[],"_links":{"self":[{"href":"https:\/\/www.acrartex.com\/no\/wp-json\/wp\/v2\/product\/166497","targetHints":{"allow":["GET"]}}],"collection":[{"href":"https:\/\/www.acrartex.com\/no\/wp-json\/wp\/v2\/product"}],"about":[{"href":"https:\/\/www.acrartex.com\/no\/wp-json\/wp\/v2\/types\/product"}],"wp:featuredmedia":[{"embeddable":true,"href":"https:\/\/www.acrartex.com\/no\/wp-json\/wp\/v2\/media\/163780"}],"wp:attachment":[{"href":"https:\/\/www.acrartex.com\/no\/wp-json\/wp\/v2\/media?parent=166497"}],"wp:term":[{"taxonomy":"product_brand","embeddable":true,"href":"https:\/\/www.acrartex.com\/no\/wp-json\/wp\/v2\/product_brand?post=166497"},{"taxonomy":"product_cat","embeddable":true,"href":"https:\/\/www.acrartex.com\/no\/wp-json\/wp\/v2\/product_cat?post=166497"},{"taxonomy":"product_tag","embeddable":true,"href":"https:\/\/www.acrartex.com\/no\/wp-json\/wp\/v2\/product_tag?post=166497"}],"curies":[{"name":"wp","href":"https:\/\/api.w.org\/{rel}","templated":true}]}}