{"id":166483,"date":"2024-06-11T10:31:17","date_gmt":"2024-06-11T15:31:17","guid":{"rendered":"https:\/\/www.acrartex.com\/products\/exposure-flytende-brenner-ikke-olas\/"},"modified":"2026-03-06T08:55:22","modified_gmt":"2026-03-06T13:55:22","slug":"exposure-flytende-brenner-ikke-olas","status":"publish","type":"product","link":"https:\/\/www.acrartex.com\/no\/products\/exposure-flytende-brenner-ikke-olas\/","title":{"rendered":"EXPOSURE Flytende brenner (ikke-OLAS)"},"content":{"rendered":"<p data-sleek-node-id=\"NyjVtB\">Float-On er en vanntett, flytende lommelykt som unikt integrerer Exposures MOB-teknologi. En multifunksjonell sikkerhetshjelpemiddel og lommelykt for b\u00e5de nybegynnere og erfarne b\u00e5tfolk. <br data-sleek-node-id=\"ehDiFc\"><br data-sleek-node-id=\"323HQV\">N\u00e5r den kastes over bord, eller b\u00e6res av en person som g\u00e5r over bord, vil den flyte. MOB-teknologi registrerer 6 sekunders vanntilkobling og aktiverer strobelyset, som blinker \u00e9n gang i sekundet i opptil 24 timer, synlig opptil 3 nautiske mil unna. Separate og nedsenkede vanntilkoblingsterminaler sikrer at MOB-teknologien bare er aktiv n\u00e5r den er nedsenket i vann.  <\/p>\n<p>En funksjonsknapp passer i h\u00e5ndflaten og gir enkel plassering i m\u00f8rket. Linsen er effektiv som en avstandslommelykt, samtidig som den sender ut sidelys for \u00e5 sikre full sikt rundt n\u00e5r den fungerer som posisjonsindikeringslys eller strobelys. Float-On kan enkelt oppbevares i eksisterende sikkerhetsutstyr eller i en redningsvestlomme.  <\/p>\n<p><strong>V\u00e6r oppmerksom p\u00e5 at OLAS-teknologi IKKE er integrert i dette produktet. Klikk her for OLAS Float-On. <\/strong><\/p>\n<p style=\"margin: 0in 0in 0.0001pt;\"><span style=\"font-size: 16px;\"><span style=\"line-height: 150%;\"><strong>I esken:<\/strong> Flytende feste, mikro-USB-ladekabel, reflekterende halssnor, brukerh\u00e5ndbok.<\/span><\/span><\/p>\n<p>&nbsp;<\/p>\n<p style=\"margin: 0in 0in 0.0001pt;\"><span style=\"font-size: 16px;\"><span style=\"line-height: 150%;\"> <strong>Funksjoner:<\/strong><\/span><\/span><\/p>\n<ul>\n<li style=\"margin: 0in 0in 0.0001pt;\"><span style=\"font-size: 16px;\">Vanntett<\/span><\/li>\n<li style=\"margin: 0in 0in 0.0001pt;\"><span style=\"font-size: 16px;\">Oppdrift<\/span><\/li>\n<li style=\"margin: 0in 0in 0.0001pt;\"><span style=\"font-size: 16px;\">Vannaktivert strobe<\/span><\/li>\n<li style=\"margin: 0in 0in 0.0001pt;\"><span style=\"font-size: 16px;\">LED-lommelykt<\/span><\/li>\n<li style=\"margin: 0in 0in 0.0001pt;\"><span style=\"font-size: 16px;\">Indikator for batterilevetid<\/span><\/li>\n<li style=\"margin: 0in 0in 0.0001pt;\"><span style=\"font-size: 16px;\">Hurtiglading<\/span><\/li>\n<li style=\"margin: 0in 0in 0.0001pt;\"><span style=\"font-size: 16px;\">USB-oppladbar<\/span><\/li>\n<\/ul>\n","protected":false},"excerpt":{"rendered":"<p>Float-On er en vanntett, flytende lommelykt som unikt integrerer Exposures MOB-teknologi. En multifunksjonell sikkerhetshjelpemiddel og lommelykt for b\u00e5de nybegynnere og erfarne b\u00e5tfolk. <\/p>\n<p>N\u00e5r den kastes over bord, eller b\u00e6res av en person som g\u00e5r over bord, vil den flyte. MOB-teknologi registrerer 6 sekunders vanntilkobling og aktiverer strobelyset, som blinker \u00e9n gang i sekundet i opptil 24 timer, synlig opptil 3 nautiske mil unna. Separate og nedsenkede vanntilkoblingsterminaler sikrer at MOB-teknologien bare er aktiv n\u00e5r den er nedsenket i vann.  <\/p>\n<p style=\"margin: 0in 0in 0.0001pt;\"><a href=\"https:\/\/www.dropbox.com\/s\/fk04stqsp2hgk5f\/Prop%2065%20-%20DEHP.pdf?dl=0\">ADVARSEL: FORSLAG 65<\/a><\/p>\n<p>&nbsp;<\/p>\n<p>&nbsp;<\/p>\n","protected":false},"featured_media":163907,"template":"","meta":{"_acf_changed":false,"om_disable_all_campaigns":false},"product_brand":[],"product_cat":[5869,5867,5858,5865,5635,5860,5862,5873,5686],"product_tag":[16107,16104,16105,16109,16114,16111],"class_list":{"0":"post-166483","1":"product","2":"type-product","3":"status-publish","4":"has-post-thumbnail","6":"product_cat-actionsport-offroad-no","7":"product_cat-fotturer-klatring-leir-no","8":"product_cat-inn-i-landet-no","9":"product_cat-kommersiell-no-2","10":"product_cat-marine-no","11":"product_cat-naer-kysten","12":"product_cat-offshore-no","13":"product_cat-padlesport-fiske","14":"product_cat-utendors","15":"product_tag-eksponering-flytende","16":"product_tag-eksponeringsbrenner","17":"product_tag-exposure-flytebrenner","18":"product_tag-flytende-strobe","19":"product_tag-oppdriftsvannaktivert-strobe","20":"product_tag-vannaktivert-strobe","21":"pa_boat-type-sportcraft-no","22":"pa_product-sikkerhetstilbehor","23":"pa_terrain-elver-vatmarker-innsjoer","25":"first","26":"instock","27":"taxable","28":"shipping-taxable","29":"purchasable","30":"product-type-simple"},"acf":[],"_links":{"self":[{"href":"https:\/\/www.acrartex.com\/no\/wp-json\/wp\/v2\/product\/166483","targetHints":{"allow":["GET"]}}],"collection":[{"href":"https:\/\/www.acrartex.com\/no\/wp-json\/wp\/v2\/product"}],"about":[{"href":"https:\/\/www.acrartex.com\/no\/wp-json\/wp\/v2\/types\/product"}],"wp:featuredmedia":[{"embeddable":true,"href":"https:\/\/www.acrartex.com\/no\/wp-json\/wp\/v2\/media\/163907"}],"wp:attachment":[{"href":"https:\/\/www.acrartex.com\/no\/wp-json\/wp\/v2\/media?parent=166483"}],"wp:term":[{"taxonomy":"product_brand","embeddable":true,"href":"https:\/\/www.acrartex.com\/no\/wp-json\/wp\/v2\/product_brand?post=166483"},{"taxonomy":"product_cat","embeddable":true,"href":"https:\/\/www.acrartex.com\/no\/wp-json\/wp\/v2\/product_cat?post=166483"},{"taxonomy":"product_tag","embeddable":true,"href":"https:\/\/www.acrartex.com\/no\/wp-json\/wp\/v2\/product_tag?post=166483"}],"curies":[{"name":"wp","href":"https:\/\/api.w.org\/{rel}","templated":true}]}}