{"id":166463,"date":"2024-06-11T14:10:58","date_gmt":"2024-06-11T19:10:58","guid":{"rendered":"https:\/\/www.acrartex.com\/products\/eksponering-olas-forlengelse\/"},"modified":"2026-03-06T08:46:49","modified_gmt":"2026-03-06T13:46:49","slug":"eksponering-olas-forlengelse","status":"publish","type":"product","link":"https:\/\/www.acrartex.com\/no\/products\/eksponering-olas-forlengelse\/","title":{"rendered":"EKSPONERING OLAS FORLENGELSE"},"content":{"rendered":"<h3>Fordeler med forlengere<\/h3>\n<h3 class=\"title\"><strong>Raskt og enkelt oppsett uten behov for hard kabling<\/strong><\/h3>\n<ul>\n<li>Sett N2K, Guardian eller Core i paringsmodus, s\u00e5 kobler Extenderen seg automatisk til og forblir paret.<\/li>\n<li>Bruk LED-indikatoren p\u00e5 bryteren til \u00e5 plassere forlengeren i optimal posisjon p\u00e5 fart\u00f8yet. Ved \u00e5 bruke det oppladbare batteriet kan forlengeren g\u00e5s rundt i fart\u00f8yet, og n\u00e5r LED-indikatoren p\u00e5 bryteren lyser konstant r\u00f8dt, er forbindelsen brutt. G\u00e5 tilbake til en posisjon der forlengeren er koblet til igjen, og fest den p\u00e5 dette stedet.  <\/li>\n<\/ul>\n<h3 class=\"title\"><strong>B\u00e6rbar og med lavt str\u00f8mforbruk (5V USB)<\/strong><\/h3>\n<ul>\n<li>Forlengeren kan operere med sitt interne oppladbare batteri i opptil 80 timer, eller for en permanent l\u00f8sning kan den kobles til en 5V str\u00f8mforsyning med USB-ledningen.<\/li>\n<\/ul>\n<h3 class=\"title\"><strong>Automatisk sendertilkobling<\/strong><\/h3>\n<ul>\n<li>Sett N2K, Guardian eller Core i paringsmodus, s\u00e5 kobler Extenderen seg automatisk til og forblir paret.<\/li>\n<\/ul>\n<h3 class=\"title\"><strong>Utvider OLAS-systemet<\/strong><\/h3>\n<ul>\n<li>Legger til opptil 15 meter ekstra rekkevidde til N2K-, Guardian- og Core-basissystemene. Merk: \u00c9n forlenger utvider rekkevidden med 7,6 meter, og totalt to forlengere kan brukes til \u00e5 utvide systemets rekkevidde med totalt 15 meter. <\/li>\n<\/ul>\n<p>&nbsp;<\/p>\n<p>&nbsp;<\/p>\n","protected":false},"excerpt":{"rendered":"<p>OLAS Extender er en kompakt, b\u00e6rbar, tr\u00e5dl\u00f8s repeater for OLAS N2K NMEA 2000 MOB-alarm og tr\u00e5dl\u00f8s drepebryter, OLAS Guardian MOB-alarm og tr\u00e5dl\u00f8s drepebryter og OLAS Core MOB-alarmsystemet. Mens OLAS Tag, T2 og OLAS Float-On brukt alene med mobilappen gir dekning p\u00e5 fart\u00f8y opptil 40 fot, gir N2K, Guardian og Core dekning p\u00e5 fart\u00f8y opptil 50 fot. Extender kan brukes med Core, Guardian eller N2K for \u00e5 \u00f8ke dekningen for fart\u00f8y opptil 100 fot lange. <\/p>\n<p>&nbsp;<\/p>\n","protected":false},"featured_media":163635,"template":"","meta":{"_acf_changed":false,"om_disable_all_campaigns":false},"product_brand":[],"product_cat":[5858,5865,5635,5860,5862],"product_tag":[16071,11833,11173,11823,11165,16070,16073,16072],"class_list":{"0":"post-166463","1":"product","2":"type-product","3":"status-publish","4":"has-post-thumbnail","6":"product_cat-inn-i-landet-no","7":"product_cat-kommersiell-no-2","8":"product_cat-marine-no","9":"product_cat-naer-kysten","10":"product_cat-offshore-no","11":"product_tag-forlenger","12":"product_tag-gps-sporing","13":"product_tag-mann-over-bord","14":"product_tag-mann-over-bord-system","15":"product_tag-mob-no","16":"product_tag-repeater","17":"product_tag-tradlos-forlenger","18":"product_tag-tradlos-repeater","19":"pa_boat-type-motorbat-no","20":"pa_terrain-elver-vatmarker-innsjoer","22":"first","23":"instock","24":"taxable","25":"shipping-taxable","26":"purchasable","27":"product-type-simple"},"acf":[],"_links":{"self":[{"href":"https:\/\/www.acrartex.com\/no\/wp-json\/wp\/v2\/product\/166463","targetHints":{"allow":["GET"]}}],"collection":[{"href":"https:\/\/www.acrartex.com\/no\/wp-json\/wp\/v2\/product"}],"about":[{"href":"https:\/\/www.acrartex.com\/no\/wp-json\/wp\/v2\/types\/product"}],"wp:featuredmedia":[{"embeddable":true,"href":"https:\/\/www.acrartex.com\/no\/wp-json\/wp\/v2\/media\/163635"}],"wp:attachment":[{"href":"https:\/\/www.acrartex.com\/no\/wp-json\/wp\/v2\/media?parent=166463"}],"wp:term":[{"taxonomy":"product_brand","embeddable":true,"href":"https:\/\/www.acrartex.com\/no\/wp-json\/wp\/v2\/product_brand?post=166463"},{"taxonomy":"product_cat","embeddable":true,"href":"https:\/\/www.acrartex.com\/no\/wp-json\/wp\/v2\/product_cat?post=166463"},{"taxonomy":"product_tag","embeddable":true,"href":"https:\/\/www.acrartex.com\/no\/wp-json\/wp\/v2\/product_tag?post=166463"}],"curies":[{"name":"wp","href":"https:\/\/api.w.org\/{rel}","templated":true}]}}