{"id":166429,"date":"2024-06-11T14:20:02","date_gmt":"2024-06-11T19:20:02","guid":{"rendered":"https:\/\/www.acrartex.com\/products\/eksponering-olas-guardian\/"},"modified":"2024-06-11T14:20:02","modified_gmt":"2024-06-11T19:20:02","slug":"eksponering-olas-guardian","status":"publish","type":"product","link":"https:\/\/www.acrartex.com\/no\/products\/eksponering-olas-guardian\/","title":{"rendered":"EKSPONERING OLAS GUARDIAN"},"content":{"rendered":"<h3>Hva den gj\u00f8r<\/h3>\n<p>OLAS Guardian s\u00f8rger for at f\u00f8rere av motorb\u00e5ter og RIB-b\u00e5ter kan stoppe b\u00e5ten umiddelbart hvis skipperen eller mannskapet blir skilt fra hverandre, noe som forhindrer ulykker fra ubemannede, ukontrollerte fart\u00f8y. De kan bevege seg fritt rundt i b\u00e5ten uten \u00e5 stadig m\u00e5tte huske \u00e5 feste, l\u00f8sne og feste en fysisk kablet n\u00f8dstoppsnor. <\/p>\n<h3>Tilpassbare tagmoduser for fleksibilitet<\/h3>\n<p>OLAS Guardian tilbyr tre brukervalgbare tagmoduser, slik at du kan skreddersy enheten til dine spesifikke behov. Du kan enkelt bytte mellom modusene ved hjelp av OLAS-mobilappen. Her er en oversikt over tagmodusene:  <\/p>\n<ul>\n<li><strong>Motorstopp<\/strong> \u2013 den fungerer som en stoppsnor og stopper fart\u00f8yet n\u00e5r merket er utenfor rekkevidde, uten \u00e5 utl\u00f8se MOB-varsler.<\/li>\n<\/ul>\n<ul>\n<li><strong>MOB-alarm<\/strong> \u2013 varsler fart\u00f8yet uten \u00e5 sl\u00e5 av motoren.<\/li>\n<\/ul>\n<ul>\n<li><strong>Motorstopp + MOB-alarm<\/strong> \u2013 denne modusen utl\u00f8ser mannskapsvarsler og sl\u00e5r av motoren.<\/li>\n<\/ul>\n<h3>Hvordan det fungerer<\/h3>\n<ul>\n<li>Opptil 25 OLAS-sendere (OLAS T2\/OLAS Tag\/OLAS Float-On) innenfor rekkevidde kan spores rundt fart\u00f8yet av Guardian. Dette gir mannskapet og skipperen frihet til \u00e5 bevege seg rundt fart\u00f8yet i trygg forvissning om at hvis noen faller over bord, vil enten motoren bli sl\u00e5tt av og\/eller en alarm vil utl\u00f8ses, og rask berging kan iverksettes. <\/li>\n<li>Guardian kobles til fart\u00f8yets 12\/24V str\u00f8mforsyning og eksisterende n\u00f8dstoppbryter ved hjelp av de medf\u00f8lgende kontaktene, noe som gj\u00f8r den rask og enkel \u00e5 installere med umiddelbar brukbarhet.<\/li>\n<li>Et 21 mm hull er n\u00f8dvendig i n\u00e6rheten av den eksisterende n\u00f8dbryteren for \u00e5 installere den 20 mm LED-kontrollbryteren i rustfritt st\u00e5l.<\/li>\n<\/ul>\n<p><em>Profesjonell installasjon er ikke n\u00f8dvendig, men anbefales, da ACR Electronics ikke p\u00e5tar seg noe ansvar for feil installasjon.<\/em><\/p>\n<div class=\"row\">\n<div class=\"col-xs-12 col-sm-12\">\n<h3>Hvem er det for<\/h3>\n<p>OLAS Guardian er for f\u00f8rere av motorb\u00e5ter, og alle skippere og b\u00e5teiere som er opptatt av sikkerheten om bord. Den kobler tr\u00e5dl\u00f8st til opptil 25 besetningsmedlemmer via b\u00e6rbare OLAS-sendere (T2, Tag eller OLAS Float On Light) og skaper en virtuell n\u00f8dsnor. <\/p>\n<\/div>\n<\/div>\n<div>\n<div class=\"row\">\n<div class=\"col-sm-12 col-xs-12\">\n<h3>Kjernefordeler<\/h3>\n<\/div>\n<\/div>\n<div class=\"row\">\n<div class=\"col-xs-12 col-sm-6\">\n<ul>\n<li><strong>Kj\u00f8r ved siden av eksisterende drepebryter<\/strong> \u2013 Guardian kan brukes i stedet for eller ved siden av en eksisterende drepebryter, og vil fungere hvis den fysiske drepebryteren ikke er festet til f\u00f8reren. \u2013 P\u00e5 de fleste motorer vil en enkel parallellkobling til den eksisterende drepebryteren muliggj\u00f8re full tr\u00e5dl\u00f8s avstengningsfunksjon. <\/li>\n<li><strong>Automatisk omstart<\/strong> \u2013 Etter 5 sekunder deaktiveres n\u00f8dstoppbryteren, slik at motoren kan startes p\u00e5 nytt.<\/li>\n<li><strong>Innebygd alarm<\/strong> \u2013 En 85 dB-alarm vil lyde for \u00e5 indikere at en OLAS-sender har kommet utenfor rekkevidde.<\/li>\n<li><strong>Innebygd n\u00f8dlys (hvis eksternt montert)<\/strong> \u2013 Et kraftig r\u00f8dt n\u00f8dlys vil lyse og gi tydelig visuell indikasjon p\u00e5 et varsel, samtidig som det fungerer som et lys for \u00e5 belyse omr\u00e5det rundt.<\/li>\n<li><strong>Rel\u00e9valg<\/strong> \u2013 OLAS-appen tillater individuelt rel\u00e9valg for enkel justering av om OLAS-senderen utl\u00f8ser motorstopp\/rel\u00e9, eller bare utl\u00f8ser Guardians innebygde MOB-alarm.<\/li>\n<li><strong>Automatisk tilkobling<\/strong> \u2013 N\u00e5r du g\u00e5r om bord i fart\u00f8yet og sl\u00e5r p\u00e5 str\u00f8mmen, vil The Guardian automatisk koble seg til alle p\u00e5sl\u00e5tte OLAS-sendere innenfor en radius p\u00e5 2 meter.<\/li>\n<\/ul>\n<\/div>\n<div class=\"col-xs-12 col-sm-6\">\n<ul>\n<li><strong>Varsel og overstyring av ingen tilkobling<\/strong> \u2013 Hvis du g\u00e5r om bord i fart\u00f8yet og ingen sendere er sl\u00e5tt p\u00e5, vil Guardian utl\u00f8se et varsel. Dette varselet kan stoppes enten ved \u00e5 koble OLAS-senderen til Guardian, eller Guardian kan sl\u00e5s av manuelt. Deretter kan fart\u00f8yet kj\u00f8res som vanlig ved hjelp av den eksisterende fysiske sikkerhetsavstengningssnoren.  <\/li>\n<li><strong>Pausemodus<\/strong> \u2013 Systemet kan settes i pausemodus. Dette brukes n\u00e5r du m\u00e5 forlate b\u00e5ten med motoren p\u00e5 tomgang, for eksempel n\u00e5r du g\u00e5r ned en pontong, vel vitende om at OLAS-senderen vil v\u00e6re utenfor rekkevidde. <\/li>\n<li><strong>Kobler opptil 25 OLAS-sendere (OLAS T2, OLAS Tag eller OLAS Float-On)<\/strong> \u2013 Opptil 25 sendere lar st\u00f8rre fart\u00f8y koble mannskap og gjenstander til Guardian. Ved \u00e5 koble en sender til en gjenstand, for eksempel en MOB-flyteanordning eller en yacht-tender, kan du alltid v\u00e6re oppmerksom p\u00e5 om noe har forsvunnet. <\/li>\n<li><strong>Kompatibel med forlenger<\/strong> \u00c9n eller to OLAS-forlengere kan brukes til \u00e5 dekke omr\u00e5der der sendersignalet kan v\u00e6re blokkert. Dette tillater bruk p\u00e5 st\u00f8rre fart\u00f8y opptil 100 fot. <\/li>\n<\/ul>\n<h3>Mobilappfunksjoner<\/h3>\n<p>Guardian betjenes enkelt via OLAS-appen, som kan lastes ned gratis fra App Store for iOS og Google Play Store for Android. OLAS-appen krever en enhet som kj\u00f8rer minimum IOS11 eller Android 5.1 for \u00e5 fungere. OLAS-appen er et kraftig verkt\u00f8y for \u00e5 kontrollere Guardians-funksjonene og for \u00e5 hjelpe til med rask redning. Appen tilbyr f\u00f8lgende funksjonalitet:   <\/p>\n<ul>\n<li>Overv\u00e5k alle OLAS-sendere som spores<\/li>\n<li>Tilpass navn p\u00e5 OLAS-sendere slik at de er enkle \u00e5 tildele<\/li>\n<li>Sjekk batteristatusen til OLAS -sendere<\/li>\n<li>Legg til nye OLAS-sendere i Guardian-systemet.<\/li>\n<li>Sett Guardian-systemet p\u00e5 pause hvis sendere forlater omr\u00e5det i en kort periode.<\/li>\n<li>Juster tiden f\u00f8r Guardian reagerer p\u00e5 en sender som g\u00e5r over bord mellom 2 og 15 sekunder, noe som gir mer frihet rundt st\u00f8rre fart\u00f8y.<\/li>\n<li>Juster mellom avstengningsbryter og ekstern alarmmodus.<\/li>\n<li>Kill switch-modus aktiverer den innebygde bryteren i 5 sekunder, og sl\u00e5r av motoren, men lar brukerne starte motoren p\u00e5 nytt etter 5 sekunder.<\/li>\n<li>Ekstern alarmmodus aktiverer den innebygde bryteren inntil den avbrytes manuelt. Dette gj\u00f8r det mulig \u00e5 seriekoble eksterne alarmer med h\u00f8y effekt. <\/li>\n<li>Sett alarmtilstanden p\u00e5 pause.<\/li>\n<li>Juster enkelt individuelle sendere mellom motoravstengning (for skipperen), kun alarm (for passasjerer) og pause (for passasjerer som forlater fart\u00f8yet midlertidig).<\/li>\n<li>utl\u00f8se den eksterne alarmen hvis en Tag-bruker er utenfor rekkevidde p\u00e5 b\u00e5de Guardian og mobilenheten din.<\/li>\n<li>Juster tiden f\u00f8r avstengningsbryteren eller alarmen utl\u00f8ses \u2013 noe som gir st\u00f8rre frihet.<\/li>\n<li>Maksimal volumalarm og vibrasjon p\u00e5 mobiltelefonen din, synkronisert med Guardian.<\/li>\n<li>Indikasjon p\u00e5 hvilken sender som har utl\u00f8st alarmen.<\/li>\n<li>Registrer GPS-posisjonen der alarmen ble utl\u00f8st<\/li>\n<li>Tydelig veiledning tilbake til GPS-posisjonen der alarmen ble utl\u00f8st.<\/li>\n<li>Tydelig visning av tidspunkt og GPS posisjon for hvor alarmen ble utl\u00f8st og brukerens n\u00e5v\u00e6rende posisjon. \u2022 VHF-n\u00f8dskript med automatisk inntasting av GPS-koordinater og tilpasset fart\u00f8yinformasjon Solo-modus.<\/li>\n<li>Utviklet for b\u00e5tturer p\u00e5 egenh\u00e5nd innenfor 2G-mobildekning eller offshore Wi-Fi. Solomodus sender en automatisk tekstmelding til et tilpasset nummer med posisjon og tidspunkt for hendelsen. Hvis en selvredningsaksjon h\u00e5ndteres, sendes en automatisk tekstmelding som avbryter varselet.  <\/li>\n<\/ul>\n<h3>Oppsett og montering<\/h3>\n<p><strong>12\/24V kablet<\/strong><\/p>\n<p>Guardian-modulen kan kobles til b\u00e5tens str\u00f8mforsyning for \u00e5 sikre at den alltid er tilkoblet n\u00e5r str\u00f8mmen er p\u00e5. Str\u00f8mledningene kan enkelt skj\u00f8tes inn i en eksisterende str\u00f8mforsyning fra b\u00e5tens batteri. <\/p>\n<p><strong>Montering gjennom panel<\/strong><\/p>\n<p>Den kompakte bryteren i rustfritt st\u00e5l krever minimal justering av den eksisterende midtkonsollen, slik at den kan monteres gjennom et 21 mm hull.<\/p>\n<p><strong>Fargekodet kontrollbryter<\/strong><\/p>\n<p>Den fargekodede kontrollbryteren gj\u00f8r systemet enkelt \u00e5 kontrollere og sette opp, uten behov for OLAS-appen. Under oppsettprosessen vil den indikere de automatiske oppsettstrinnene med en r\u00f8d indikatorlampe. N\u00e5r systemet kj\u00f8rer, viser det et gr\u00f8nt lys, og bytter tilbake til r\u00f8dt i en alarmsituasjon.  <\/p>\n<p><strong>Systemtilbakemelding<\/strong><\/p>\n<p>GUARDIAN indikerer tydelig hvor mange OLAS-sendere som er tilkoblet under oppsettprosessen.<\/p>\n<p>Sendere kan legges til systemet enten ved hjelp av mobilapplikasjonen eller gjennom en enkel innebygd bytteprosess.<\/p>\n<\/div>\n<\/div>\n<\/div>\n<div class=\"row\"><\/div>\n","protected":false},"excerpt":{"rendered":"<p>OLAS Guardian er en tr\u00e5dl\u00f8s motorstoppbryter som aktiveres innen to sekunder etter at en person faller over bord. Den har den doble funksjonen \u00e5 ogs\u00e5 fungere som et \u00f8yeblikkelig mann-over-bord-alarmsystem. Guardian kobles enkelt til opptil 25 OLAS-sendere og kan dekke et fart\u00f8y opptil 15 meter.  <\/p>\n<p><strong>I esken:<\/strong> Guardian, OLAS-tag + batteri, str\u00f8mtilkoblingskabler, tilkoblingskabler for n\u00f8dstr\u00f8msledning, bryter i rustfritt st\u00e5l, brukerh\u00e5ndbok, 5 x marinekontakter.<\/p>\n<p>&nbsp;<\/p>\n<p><a href=\"https:\/\/www.dropbox.com\/s\/fk04stqsp2hgk5f\/Prop%2065%20-%20DEHP.pdf?dl=0\">ADVARSEL: FORSLAG 65<\/a><\/p>\n","protected":false},"featured_media":163375,"template":"","meta":{"_acf_changed":false,"om_disable_all_campaigns":false},"product_brand":[],"product_cat":[5858,5865,5635,5860,5862],"product_tag":[11895,11833,11173,11823,11165,11876,11885,11865,11844,11905,11916,11927],"class_list":{"0":"post-166429","1":"product","2":"type-product","3":"status-publish","4":"has-post-thumbnail","6":"product_cat-inn-i-landet-no","7":"product_cat-kommersiell-no-2","8":"product_cat-marine-no","9":"product_cat-naer-kysten","10":"product_cat-offshore-no","11":"product_tag-esos-no","12":"product_tag-gps-sporing","13":"product_tag-mann-over-bord","14":"product_tag-mann-over-bord-system","15":"product_tag-mob-no","16":"product_tag-motoren-er-avstengt","17":"product_tag-motoren-slas-av","18":"product_tag-motorens-dodmannsbryter","19":"product_tag-olas-no","20":"product_tag-oko","21":"product_tag-uscg-motoravstengning","22":"product_tag-uscg-motorens-drepebryter","23":"pa_boat-size-0-20-no","24":"pa_boat-size-21-40-no","25":"pa_boat-size-40-80-no","26":"pa_boat-size-80-no","27":"pa_boat-type-charteryacht","28":"pa_boat-type-kommersielt-fiske","29":"pa_boat-type-lasteskip","30":"pa_boat-type-motorbat-no","31":"pa_boat-type-seilbat","32":"pa_boat-type-slepebat","33":"pa_boat-type-sportcraft-no","34":"pa_boat-type-yacht-no","35":"pa_product-signaleringsprodukter","37":"first","38":"instock","39":"taxable","40":"shipping-taxable","41":"purchasable","42":"product-type-variable"},"acf":[],"_links":{"self":[{"href":"https:\/\/www.acrartex.com\/no\/wp-json\/wp\/v2\/product\/166429","targetHints":{"allow":["GET"]}}],"collection":[{"href":"https:\/\/www.acrartex.com\/no\/wp-json\/wp\/v2\/product"}],"about":[{"href":"https:\/\/www.acrartex.com\/no\/wp-json\/wp\/v2\/types\/product"}],"wp:featuredmedia":[{"embeddable":true,"href":"https:\/\/www.acrartex.com\/no\/wp-json\/wp\/v2\/media\/163375"}],"wp:attachment":[{"href":"https:\/\/www.acrartex.com\/no\/wp-json\/wp\/v2\/media?parent=166429"}],"wp:term":[{"taxonomy":"product_brand","embeddable":true,"href":"https:\/\/www.acrartex.com\/no\/wp-json\/wp\/v2\/product_brand?post=166429"},{"taxonomy":"product_cat","embeddable":true,"href":"https:\/\/www.acrartex.com\/no\/wp-json\/wp\/v2\/product_cat?post=166429"},{"taxonomy":"product_tag","embeddable":true,"href":"https:\/\/www.acrartex.com\/no\/wp-json\/wp\/v2\/product_tag?post=166429"}],"curies":[{"name":"wp","href":"https:\/\/api.w.org\/{rel}","templated":true}]}}