{"id":162669,"date":"2025-09-18T08:34:05","date_gmt":"2025-09-18T13:34:05","guid":{"rendered":"https:\/\/www.acrartex.com\/products\/pathfinder-ais\/"},"modified":"2026-03-06T10:19:19","modified_gmt":"2026-03-06T15:19:19","slug":"pathfinder-ais","status":"publish","type":"product","link":"https:\/\/www.acrartex.com\/no\/products\/pathfinder-ais\/","title":{"rendered":"Pathfinder AIS SART"},"content":{"rendered":"<p>Pathfinder AIS bruker den velpr\u00f8vde og robuste designen og den praktiske formfaktoren til Pathfinder Pro SART, og har automatisk identifikasjonssystem (AIS) n\u00f8dvarsling i stedet for et tradisjonelt radarbasert system. Den nye, toppmoderne Pathfinder AIS-en sender GNSS\/GPS-satellittkoordinater til alle AIS-utstyrte fart\u00f8y innenfor VHF-rekkevidde, og varsler dem om at n\u00f8dhjelp er n\u00f8dvendig. <\/p>\n<p>Pathfinder AIS har en gjennomsnittlig deteksjonsrekkevidde p\u00e5 5 nautiske mil, har NFC-teknologi (Near Field Communication) som hjelper med produktregistrering og gir testdata, og bruker et litiumbatteri som gir 96 timers driftstid. Andre fordeler inkluderer presis GNSS\/GPS-posisjonering, sporing i sanntid, og i motsetning til radar-SART-er er AIS-SART-er mindre utsatt for ugunstige v\u00e6rforhold som kraftig regn eller t\u00e5ke. <\/p>\n<p>Pathfinder AIS leveres med et elegant veggfeste for \u00e5 holde den unna, men likevel lett tilgjengelig i n\u00f8dstilfeller. Den valgfrie teleskopstangen kobles praktisk til bunnen av SART-en og gir maksimal h\u00f8yde (forlenges 1 m) og sikt ut av en redningsfart\u00f8y. SART-en kan ogs\u00e5 henges opp inne i fart\u00f8yet for h\u00e5ndfri bruk.  <\/p>\n<p>Pathfinder AIS er konstruert for \u00e5 t\u00e5le de t\u00f8ffeste maritime milj\u00f8ene, og er klar til \u00e5 fungere i enhver n\u00f8dsituasjon, og sikrer at n\u00f8dsignalet ditt oppdages av ethvert AIS-utstyrt fart\u00f8y innen rekkevidde. Den robuste designen sikrer at den forblir operativ n\u00e5r du trenger den som mest. <\/p>\n<p><strong><em><u>Krav til transport<\/u><\/em><\/strong><\/p>\n<ul>\n<li>Alle IMO SOLAS-fart\u00f8y p\u00e5 internasjonale reiser er p\u00e5lagt \u00e5 ha med seg en SART-n\u00f8kkel.<\/li>\n<li>Bruttoregistertonn (BRT) p\u00e5 300\u2013500 m\u00e5 ha minst \u00e9n SART<\/li>\n<li>Over 500 BRT bruttoregistertonn (BRT) m\u00e5 det v\u00e6re minst 2 SART-er<\/li>\n<li>1 SART for hver fjerde redningsfl\u00e5te p\u00e5 Ro-Ro-passasjerskip<\/li>\n<li>Passasjerskip av alle st\u00f8rrelser m\u00e5 ha minst to SART-er uavhengig av tonnasje.<\/li>\n<li>Livb\u00e5ter: SOLAS krever at minst \u00e9n SART skal v\u00e6re tilgjengelig for bruk i hver redningsfarkost.<\/li>\n<li>Redningsfl\u00e5ter: For passasjerskip, hvis det er mer enn to redningsfl\u00e5ter, b\u00f8r det finnes ekstra SART-er, slik at minst \u00e9n SART er tilgjengelig for hver andre redningsfl\u00e5ter.<\/li>\n<\/ul>\n","protected":false},"excerpt":{"rendered":"<p style=\"margin: 0in; line-height: 16.05pt;\"><span style=\"font-family: 'Tahoma',sans-serif; color: black;\">Pathfinder AIS SART er en fullt godkjent AIS-s\u00f8k- og redningssender som overholder IMO SOLAS-forskriftene og tillater fart\u00f8y som m\u00e5 overholde GMDSS \u00e5 oppfylle det obligatoriske SART-kravet. Ved \u00e5 bruke AIS klasse A-posisjonsrapporter sender Pathfinder AIS SART totalt \u00e5tte posisjonsrapportmeldinger \u00e9n gang per minutt for \u00e5 muliggj\u00f8re sporing i sanntid. <\/span><\/p>\n<p><strong><span style=\"font-family: 'Tahoma',sans-serif; color: black;\">Denne enheten er ikke autorisert i henhold til forskriftene fra FCC (Federal Communications Commission).<br \/>\nDenne enheten er ikke, og kan ikke tilbys for salg eller leasing, eller selges eller leases, i USA f\u00f8r autorisasjon er innhentet.<\/span><\/strong><\/p>\n<p><a href=\"https:\/\/www.dropbox.com\/s\/fk04stqsp2hgk5f\/Prop%2065%20-%20DEHP.pdf?dl=0\">ADVARSEL: FORSLAG 65<\/a><\/p>\n","protected":false},"featured_media":162677,"template":"","meta":{"_acf_changed":false,"om_disable_all_campaigns":false},"product_brand":[],"product_cat":[5865,5635],"product_tag":[9758,9774,9778,9776,9764,9770,9768,9754,9762,9788,9761,9757,9792,9790,9772,9780,9755,9784,9782,9786,9766],"class_list":{"0":"post-162669","1":"product","2":"type-product","3":"status-publish","4":"has-post-thumbnail","6":"product_cat-kommersiell-no-2","7":"product_cat-marine-no","8":"product_tag-acr-sart-no","9":"product_tag-beste-sart","10":"product_tag-epirb-sart-no","11":"product_tag-gmdss-sart-no","12":"product_tag-jotron-sart-no","13":"product_tag-jotron-tron-sart-no","14":"product_tag-mcmurdo-sart-no","15":"product_tag-sart-no","16":"product_tag-sart-fall-no","17":"product_tag-sart-gmdss-no","18":"product_tag-sart-ivf-no","19":"product_tag-sart-batteri-no","20":"product_tag-sart-godkjenninger","21":"product_tag-sart-krav-no","22":"product_tag-sart-test-no","23":"product_tag-sart-tester-no","24":"product_tag-sart-transponder-no","25":"product_tag-sjomannsart","26":"product_tag-testing-sart-no","27":"product_tag-tron-sart-20-no","28":"product_tag-tronsart-no","30":"first","31":"outofstock","32":"taxable","33":"shipping-taxable","34":"product-type-simple"},"acf":[],"_links":{"self":[{"href":"https:\/\/www.acrartex.com\/no\/wp-json\/wp\/v2\/product\/162669","targetHints":{"allow":["GET"]}}],"collection":[{"href":"https:\/\/www.acrartex.com\/no\/wp-json\/wp\/v2\/product"}],"about":[{"href":"https:\/\/www.acrartex.com\/no\/wp-json\/wp\/v2\/types\/product"}],"wp:featuredmedia":[{"embeddable":true,"href":"https:\/\/www.acrartex.com\/no\/wp-json\/wp\/v2\/media\/162677"}],"wp:attachment":[{"href":"https:\/\/www.acrartex.com\/no\/wp-json\/wp\/v2\/media?parent=162669"}],"wp:term":[{"taxonomy":"product_brand","embeddable":true,"href":"https:\/\/www.acrartex.com\/no\/wp-json\/wp\/v2\/product_brand?post=162669"},{"taxonomy":"product_cat","embeddable":true,"href":"https:\/\/www.acrartex.com\/no\/wp-json\/wp\/v2\/product_cat?post=162669"},{"taxonomy":"product_tag","embeddable":true,"href":"https:\/\/www.acrartex.com\/no\/wp-json\/wp\/v2\/product_tag?post=162669"}],"curies":[{"name":"wp","href":"https:\/\/api.w.org\/{rel}","templated":true}]}}