{"id":162596,"date":"2023-04-10T16:14:00","date_gmt":"2023-04-10T21:14:00","guid":{"rendered":"https:\/\/www.acrartex.com\/products\/elt-4000m\/"},"modified":"2023-04-10T16:14:00","modified_gmt":"2023-04-10T21:14:00","slug":"elt-4000m","status":"publish","type":"product","link":"https:\/\/www.acrartex.com\/no\/products\/elt-4000m\/","title":{"rendered":"ELT 4000M"},"content":{"rendered":"<p><strong>Produktoversikt<\/strong><\/p>\n<p>Den <a href=\"https:\/\/www.acrartex.com\/no\/news\/acr-electronics-lanserer-artex-elt-4000m-en-innovativ-emergency-locator-transmitter-i-transportklassen-drevet-av-alkalisk-batteri\/\">helt nye ARTEX ELT 4000M<\/a> er en trippelfrekvens n\u00f8dsender (ELT) i transportklasse som bruker alkaliske batterier. Denne innovative str\u00f8mkilden betyr at ELT 4000M er fullstendig fritatt fra FAAs spesielle tilstandskrav. Fordelene med ARTEX ELT 4000M inkluderer lavere batterikostnader per syklus, ingen frakt av farlig gods og enkel avhending. Et integrert NAV-grensesnitt (ARINC429) eliminerer kravet og kostnadene ved \u00e5 installere en separat NAV-grensesnittenhet.   <\/p>\n<p><strong>Hvordan ARTEX ELT 4000M fungerer<\/strong><\/p>\n<p>ARTEX ELT 4000M kan aktiveres manuelt (via cockpitfjernkontrollbryter) eller automatisk (G-bryteren registrerer et 2,3G eller st\u00f8rre st\u00f8t), og varsler n\u00e6rmeste redningstjeneste om en n\u00f8dsituasjon. 406 MHz-signalet, som inneholder flyets GPS-koordinater, sendes til Cospas-Sarsat-satellittene og videresendes til kontrollsenteret, hvor det umiddelbart rutes til n\u00e6rmeste redningstjeneste. Fyret vil gi f\u00f8rstehjelpere den n\u00f8yaktige plasseringen innenfor 100 meter. Til slutt hjelper 121,5 MHz-m\u00e5ls\u00f8kingssignalet redningstjenestens bakkestyrker med \u00e5 finne stedet for n\u00f8dsituasjonen.   <\/p>\n<p><strong>Enkel installasjon og ettermontering<\/strong><\/p>\n<p>ARTEX ELT 4000M gir en rask og enkel ettermonteringsmulighet med fleksible installasjonsalternativer, som en to-tr\u00e5ds fjernbryter som ikke krever flystr\u00f8m. ELT 4000M er TSO-godkjent med Legacy Switch and Antenna Systems for \u00e5 forenkle ettermontering. Fordi det er en ELT med \u00e9n utgang, bruker ARTEX ELT 4000M samme RF-utgang og bare \u00e9n koaksialkabel for \u00e5 overf\u00f8re signalene 406 MHz, 121,5 og 243,0 MHz. Det innebygde navigasjonsgrensesnittet reduserer behovet for \u00e5 montere et sekund\u00e6rt eksternt grensesnitt, noe som reduserer installasjonskostnadene betraktelig. Monteringsbrettenheten matcher den eldre ARTEX C- og B-serien ELT-installasjonen og reduserer dermed ytterligere ingeni\u00f8rkostnadene.    <\/p>\n<p>&nbsp;<\/p>\n<p><strong>Produktfunksjoner<\/strong><\/p>\n<ul>\n<li>Automatisk fast Emergency Locator Transmitter<\/li>\n<li>Trippelfrekvens n\u00f8dsignal, digitale 406 MHz og analoge 121,5 MHz og 243,0 MHz m\u00e5ls\u00f8kende signaler<\/li>\n<li>Automatisk aktivering via intern G-bryter<\/li>\n<li>Dobbeltb\u00e5ndsantenne med enkeltkontakt og kabel til sender \u2013 Blade og Whip tilgjengelig<\/li>\n<li>Kompatibel med eldre antenner<\/li>\n<li>Enkel vedlikehold og installasjon<\/li>\n<li>Mange fjernkontrollbrytere i cockpiten tilgjengelig<\/li>\n<li>Kan kobles til innebygd GPS via integrert ARINC429-grensesnitt<\/li>\n<li>GPS data er innebygd i digital overf\u00f8ring, noe som reduserer s\u00f8keradiusen ned til 100 meter. Godkjent av Cospas-Sarsat .<\/li>\n<li>Kompatibel med ARTEX 406Test.com satellittbekreftelsestestingssystem<\/li>\n<li><a href=\"https:\/\/www.acrartex.com\/sv\/products\/elt-4000m-hm\/\">ARTEX ELT 4000M HM<\/a> helikopterversjon med 5-akset G-bryter tilgjengelig<\/li>\n<li>5 \u00e5rs batterilevetid (kan byttes ut). Sendes uten fare <\/li>\n<\/ul>\n<p>&nbsp;<\/p>\n<p><strong>Pakkeliste<\/strong><\/p>\n<p><a href=\"https:\/\/www.dropbox.com\/scl\/fi\/23o6bmhfh4yfhkkm99yad\/8265A.pdf?rlkey=j9pb5q8p6uc7pmvwnyd2ehg7s&amp;dl=1\">8265 ELT 4000M basispakke<\/a><\/p>\n<p><a href=\"https:\/\/www.dropbox.com\/scl\/fi\/gmfobp9uap4dljd95gezz\/8266A.pdf?rlkey=orfkkzr6hoe1m106tkv8pudfq&amp;dl=1\">8266 ELT 4000M Basisstang 1 IN<\/a><\/p>\n<p>&nbsp;<\/p>\n","protected":false},"excerpt":{"rendered":"<p>Den helt nye ARTEX ELT 4000M er en 3-frekvens n\u00f8dsender (ELT) i transportklasse som bruker alkaliske batterier. Denne innovative str\u00f8mkilden betyr at ELT 4000M er fullstendig unntatt fra FAAs spesielle tilstandskrav. I tilfelle en n\u00f8dsituasjon kan ELT 4000M aktiveres manuelt eller automatisk for raskt \u00e5 varsle lokale s\u00f8k- og redningsteam om situasjonen din. V\u00e6r forberedt p\u00e5 det uforutsigbare: \u2013 Lavere batterikostnader per syklus \u2013 Ingen frakt av farlig gods \u2013 Enkel avhending \u2013 Integrert NAV-grensesnitt (ARINC429)   <\/p>\n<p><a href=\"https:\/\/www.acrartex.com\/news\/acr-electronics-launches-artex-elt-4000m-an-innovative-transport-grade-emergency-locator-transmitter-powered-by-alkaline-battery\/\">Les pressemeldingen<\/a><\/p>\n<p><a href=\"https:\/\/www.acrartex.com\/products\/406test-elt-self-testing-service\/\"><img loading=\"lazy\" decoding=\"async\" class=\"alignnone\" style=\"width: 250px; height: 34px;\" src=\"https:\/\/dk2ztu5ooimmu.cloudfront.net\/ckeditor_assets\/pictures\/146\/406Test_with_desc_-_Tag.gif\" alt=\"\" width=\"641\" height=\"88\"><\/a><\/p>\n<p><a href=\"mailto:ArtexSales@acrartex.com?emne= ELT %204000% 20Salg%20Sp\u00f8rsm\u00e5l\"><img decoding=\"async\" style=\"width: 250px; height: 210px;\" src=\"\/\/dk2ztu5ooimmu.cloudfront.net\/ckeditor_assets\/pictures\/148\/ARTEX_-_ELT_4000_Ad_Bubble.gif\" alt=\"\"><\/a><\/p>\n","protected":false},"featured_media":12176,"template":"","meta":{"_acf_changed":false,"om_disable_all_campaigns":false},"product_brand":[],"product_cat":[5879,8433,5571],"product_tag":[15579,15580,15582,15578,8311,8910,8913,7119,5575,8903,8896,15583,8904,5581,8911,15581,8912,8908],"class_list":{"0":"post-162596","1":"product","2":"type-product","3":"status-publish","4":"has-post-thumbnail","6":"product_cat-forretningsjet-no","7":"product_cat-kommersielle-fly","8":"product_cat-luftfart","9":"product_tag-243-mhz-no","10":"product_tag-2430-mhz-no","11":"product_tag-3-frekvenser-no","12":"product_tag-4000-meter","13":"product_tag-406-mhz-elt-no","14":"product_tag-8260-no","15":"product_tag-alkalisk-elt-no","16":"product_tag-artex-no","17":"product_tag-elt-no","18":"product_tag-elt-oppgradering","19":"product_tag-elt-4000-no","20":"product_tag-elt-4000m-no","21":"product_tag-elt4000-no","22":"product_tag-nodlokaliseringssender","23":"product_tag-spesielle-forhold-for-litium","24":"product_tag-tri-frekvens-no","25":"product_tag-unntatt-litium-elt","26":"product_tag-varenummer-8260","28":"first","29":"instock","30":"taxable","31":"shipping-taxable","32":"product-type-simple"},"acf":[],"_links":{"self":[{"href":"https:\/\/www.acrartex.com\/no\/wp-json\/wp\/v2\/product\/162596","targetHints":{"allow":["GET"]}}],"collection":[{"href":"https:\/\/www.acrartex.com\/no\/wp-json\/wp\/v2\/product"}],"about":[{"href":"https:\/\/www.acrartex.com\/no\/wp-json\/wp\/v2\/types\/product"}],"wp:featuredmedia":[{"embeddable":true,"href":"https:\/\/www.acrartex.com\/no\/wp-json\/wp\/v2\/media\/12176"}],"wp:attachment":[{"href":"https:\/\/www.acrartex.com\/no\/wp-json\/wp\/v2\/media?parent=162596"}],"wp:term":[{"taxonomy":"product_brand","embeddable":true,"href":"https:\/\/www.acrartex.com\/no\/wp-json\/wp\/v2\/product_brand?post=162596"},{"taxonomy":"product_cat","embeddable":true,"href":"https:\/\/www.acrartex.com\/no\/wp-json\/wp\/v2\/product_cat?post=162596"},{"taxonomy":"product_tag","embeddable":true,"href":"https:\/\/www.acrartex.com\/no\/wp-json\/wp\/v2\/product_tag?post=162596"}],"curies":[{"name":"wp","href":"https:\/\/api.w.org\/{rel}","templated":true}]}}