{"id":161998,"date":"2025-08-20T09:58:30","date_gmt":"2025-08-20T14:58:30","guid":{"rendered":"https:\/\/www.acrartex.com\/products\/tilbehor-til-rcl-100-led-og-rcl-50-led-sokelys\/"},"modified":"2026-03-06T08:57:19","modified_gmt":"2026-03-06T13:57:19","slug":"tilbehor-til-rcl-100-led-og-rcl-50-led-sokelys","status":"publish","type":"product","link":"https:\/\/www.acrartex.com\/no\/products\/tilbehor-til-rcl-100-led-og-rcl-50-led-sokelys\/","title":{"rendered":"Tilbeh\u00f8r til RCL-100 LED og RCL-50 LED s\u00f8kelys"},"content":{"rendered":"<p><strong><em>Moderne kontroll. Klassisk p\u00e5litelighet. <\/em><\/strong><\/p>\n<p>&nbsp;<\/p>\n<p><strong><em>URP-103 Punktpute:<\/em><\/strong><\/p>\n<p>&nbsp;<\/p>\n<p>URP-103-punktputen er designet med tanke p\u00e5 moderne b\u00e5tfolk og har oppdatert styling og en elegant, moderne estetikk som passer s\u00f8ml\u00f8st inn i dagens marine dashbord og kontrollpaneler \u2013 perfekt for ombygging eller nye installasjoner. Enten du oppgraderer et eksisterende oppsett eller utstyrer et nytt fart\u00f8y, bringer ACRs neste generasjons s\u00f8kelyspunktpute et nytt niv\u00e5 av stil, funksjon og fleksibilitet. <\/p>\n<p>&nbsp;<\/p>\n<ul>\n<li><strong>Stil \u2013<\/strong> Et mer moderne utseende og preg med stilisert ikonografi for funksjonsknapper og en elegant ring i rustfritt st\u00e5l som omslutter de prim\u00e6re retningsknappene. En bakgrunnsbelyst ACR-logo tilf\u00f8rer enda et element av moderne stil og fungerer ogs\u00e5 som et siste touch som fullf\u00f8rer Point Pad, og forbedrer b\u00e5de stilen og funksjonaliteten. <\/li>\n<\/ul>\n<p>&nbsp;<\/p>\n<ul>\n<li><strong>Funksjon \u2013<\/strong> Alle knapper, inkludert den sentraliserte ACR-logoen, er bakgrunnsbelyst med flere farger for indikasjon av forskjellige moduser og\/eller funksjoner. Med muligheten til \u00e5 kontrollere ett eller to s\u00f8kelys uavhengig eller samtidig, kan brukerne enkelt veksle mellom lysene eller kontrollere begge for koordinert belysning. URP-103 inkluderer en retur-til-hjem-funksjon som returnerer s\u00f8kelyset(ene) til en fremovervendt retning, og takket v\u00e6re ACRs eksklusive XRCiZ\u2122-teknologi holder s\u00f8kelyset ditt klart n\u00e5r du trenger det mest. Denne selvvedlikeholdsfunksjonen roterer automatisk lyset hver 30. dag for \u00e5 forhindre korrosjon og holde alle bevegelige deler og elektriske komponenter i drift feilfritt.   <\/li>\n<\/ul>\n<p>&nbsp;<\/p>\n<ul>\n<li><strong>Fleksibilitet \u2013<\/strong> Leveres med selvklebende frontplater i svart og hvitt. Velg frontplaten som passer best til konsollen din, og fest den ganske enkelt til pekeplaten for \u00e5 opprettholde et enhetlig og konsistent utseende p\u00e5 fart\u00f8yet ditt. <\/li>\n<\/ul>\n<p>&nbsp;<\/p>\n<p><strong><em>URH-103 h\u00e5ndholdt tr\u00e5dl\u00f8s fjernkontroll:<\/em><\/strong><\/p>\n<p><em> <\/em><\/p>\n<p>URH-103 h\u00e5ndholdt tr\u00e5dl\u00f8s fjernkontroll gir deg uovertruffen bekvemmelighet og kontroll rett ved fingertuppene, og er et unikt h\u00e5ndholdt fjernkontrollalternativ for RCL-100 LED- og RCL-50 LED-s\u00f8kelysene. Fjernkontrollen har et ergonomisk, moderne design som er bygget for b\u00e5de form og funksjon. Den pregede ACR-logoen gir et preg av s\u00e6rpreg, mens bakgrunnsbelyste knapper sikrer s\u00f8ml\u00f8s drift under bruk om natten. Gjennomtenkte riller langs begge sider gir et sikkert, sklisikkert grep \u2013 selv i v\u00e5te eller r\u00f8ffe sj\u00f8forhold \u2013 slik at du beholder kontrollen n\u00e5r det gjelder som mest.   <\/p>\n<p>&nbsp;<\/p>\n<p><strong><em>URC-104 hovedkontroller:<\/em><\/strong><\/p>\n<p>&nbsp;<\/p>\n<p>URC-104-hovedkontrolleren er kanskje skjult, men den er sentral for alt. URC-104 er designet for \u00e5 monteres diskret bak dashbordet, og er det kritiske knutepunktet som muliggj\u00f8r s\u00f8ml\u00f8s fjernbetjening av RCL-100 LED og RCL-50 LED. <strong> <\/strong>s\u00f8kelys. Det er hjernen bak driften, og sikrer full funksjonalitet til b\u00e5de URP-103 Point Pad Controller og URH-103 h\u00e5ndholdt tr\u00e5dl\u00f8s fjernkontroll. <\/p>\n<p>&nbsp;<\/p>\n<p><strong><u>Delenummer:<\/u><\/strong><\/p>\n<p>&nbsp;<\/p>\n<p>Med introduksjonen av ACRs nye kontrollalternativer for s\u00f8kelys, er f\u00f8lgende delenumre for s\u00f8kelyssett (RCL-100 LED eller RCL-50 LED solgt med nytt tilbeh\u00f8r inkludert) og frittst\u00e5ende tilbeh\u00f8r (nytt tilbeh\u00f8r selges individuelt) tilgjengelig:<\/p>\n<p>&nbsp;<\/p>\n<p><strong><em>S\u00f8kelyssett:<\/em><\/strong><\/p>\n<p>&nbsp;<\/p>\n<table>\n<tbody>\n<tr>\n<td width=\"120\"><strong>DELENUMMER<\/strong><\/td>\n<td width=\"852\"><strong>BESKRIVELSE<\/strong><\/td>\n<\/tr>\n<tr>\n<td width=\"120\">1978<\/td>\n<td width=\"852\">RCL-100 LED, hvit, med ny URC-104 hovedkontroller og URC-103 punkttastatur<\/td>\n<\/tr>\n<tr>\n<td width=\"120\">1979<\/td>\n<td width=\"852\">RCL-100 LED, svart, med ny URC-104 hovedkontroller og URC-103 punktpad<\/td>\n<\/tr>\n<tr>\n<td width=\"120\">1982<\/td>\n<td width=\"852\">RCL-50 LED, hvit, med ny URC-104 hovedkontroller og URC-103 punkttastatur<\/td>\n<\/tr>\n<tr>\n<td width=\"120\">1983<\/td>\n<td width=\"852\">RCL-50 LED, svart, med ny URC-104 hovedkontroller og URC-103 punktpad<\/td>\n<\/tr>\n<tr>\n<td width=\"120\">1976<\/td>\n<td width=\"852\">RCL-100 LED, hvit, med ny URC-104 hovedkontroller, URP-103 pekeplate og URH-103 h\u00e5ndholdt tr\u00e5dl\u00f8s fjernkontroll<\/td>\n<\/tr>\n<tr>\n<td width=\"120\">1977<\/td>\n<td width=\"852\">RCL-100 LED, svart, med ny URC-104 hovedkontroller, URP-103 pekeplate og URH-103 h\u00e5ndholdt tr\u00e5dl\u00f8s fjernkontroll<\/td>\n<\/tr>\n<tr>\n<td width=\"120\">1980<\/td>\n<td width=\"852\">RCL-50 LED, hvit, med ny URC-104 hovedkontroller, URP-103 pekeplate og URH-103 h\u00e5ndholdt tr\u00e5dl\u00f8s fjernkontroll<\/td>\n<\/tr>\n<tr>\n<td width=\"120\">1981<\/td>\n<td width=\"852\">RCL-50 LED, svart, med ny URC-104 hovedkontroller, URP-103 pekeplate og URH-103 h\u00e5ndholdt tr\u00e5dl\u00f8s fjernkontroll<\/td>\n<\/tr>\n<\/tbody>\n<\/table>\n<p>&nbsp;<\/p>\n<p><strong><em>Individuelt tilbeh\u00f8r:<\/em><\/strong><\/p>\n<p>&nbsp;<\/p>\n<table>\n<tbody>\n<tr>\n<td width=\"120\"><strong>DELENUMMER<\/strong><\/td>\n<td width=\"855\"><strong>BESKRIVELSE<\/strong><\/td>\n<\/tr>\n<tr>\n<td width=\"120\">1967<\/td>\n<td width=\"855\">URH-103 h\u00e5ndholdt tr\u00e5dl\u00f8s fjernkontroll<\/td>\n<\/tr>\n<tr>\n<td width=\"120\">1968<\/td>\n<td width=\"855\">URP-103 Punktpute<\/td>\n<\/tr>\n<tr>\n<td width=\"120\">1970<\/td>\n<td width=\"855\">URC-104 hovedkontroller<\/td>\n<\/tr>\n<tr>\n<td width=\"120\">1971<\/td>\n<td width=\"855\">URP-103 Ettermonteringsplatedeksel (for kunder som bytter ut sin gamle URP-102-punktpute med en ny URP-103)<\/td>\n<\/tr>\n<tr>\n<td width=\"120\">1975<\/td>\n<td width=\"855\">Universelt fjernkontrollsett (URP-103 punktpad, URC-104 hovedkontroller og URH-103 h\u00e5ndholdt tr\u00e5dl\u00f8s)<\/td>\n<\/tr>\n<tr>\n<td width=\"120\">1984<\/td>\n<td width=\"855\">Ettermonteringssett (URP-103, URC-104 og URP-103 ettermonteringsplatedeksel)<\/td>\n<\/tr>\n<\/tbody>\n<\/table>\n","protected":false},"excerpt":{"rendered":"<p>URP-103 Point Pad, URC-104 Master Controller og URH-103 h\u00e5ndholdt fjernkontroll utgj\u00f8r neste generasjon av ACR-s\u00f8kelyskontrolltilbeh\u00f8r som tilbyr moderniserte kontrollalternativer med forbedret brukervennlighet og st\u00f8rre allsidighet. Disse nye alternativene er designet for \u00e5 v\u00e6re bakoverkompatible, og integreres s\u00f8ml\u00f8st med de eksisterende bransjefavorittene ACR RCL-100 LED og RCL-50 LED.  Dette settet (delnr. 1975) best\u00e5r av alt det nye tilbeh\u00f8ret for s\u00f8kelyskontroll. Ytterligere tilbeh\u00f8rsalternativer, inkludert et ettermonteringssett for eksisterende eiere av RCL-100 LED eller RCL-50 LED som \u00f8nsker \u00e5 oppgradere, er tilgjengelig via rullegardinmenyen nedenfor p\u00e5 denne produktsiden. <\/p>\n","protected":false},"featured_media":161900,"template":"","meta":{"_acf_changed":false,"om_disable_all_campaigns":false},"product_brand":[],"product_cat":[5635,7122],"product_tag":[],"class_list":{"0":"post-161998","1":"product","2":"type-product","3":"status-publish","4":"has-post-thumbnail","6":"product_cat-marine-no","7":"product_cat-sokelys","9":"first","10":"onbackorder","11":"taxable","12":"shipping-taxable","13":"purchasable","14":"product-type-variable"},"acf":[],"_links":{"self":[{"href":"https:\/\/www.acrartex.com\/no\/wp-json\/wp\/v2\/product\/161998","targetHints":{"allow":["GET"]}}],"collection":[{"href":"https:\/\/www.acrartex.com\/no\/wp-json\/wp\/v2\/product"}],"about":[{"href":"https:\/\/www.acrartex.com\/no\/wp-json\/wp\/v2\/types\/product"}],"wp:featuredmedia":[{"embeddable":true,"href":"https:\/\/www.acrartex.com\/no\/wp-json\/wp\/v2\/media\/161900"}],"wp:attachment":[{"href":"https:\/\/www.acrartex.com\/no\/wp-json\/wp\/v2\/media?parent=161998"}],"wp:term":[{"taxonomy":"product_brand","embeddable":true,"href":"https:\/\/www.acrartex.com\/no\/wp-json\/wp\/v2\/product_brand?post=161998"},{"taxonomy":"product_cat","embeddable":true,"href":"https:\/\/www.acrartex.com\/no\/wp-json\/wp\/v2\/product_cat?post=161998"},{"taxonomy":"product_tag","embeddable":true,"href":"https:\/\/www.acrartex.com\/no\/wp-json\/wp\/v2\/product_tag?post=161998"}],"curies":[{"name":"wp","href":"https:\/\/api.w.org\/{rel}","templated":true}]}}