{"id":160337,"date":"2021-08-04T17:12:58","date_gmt":"2021-08-04T22:12:58","guid":{"rendered":"https:\/\/www.acrartex.com\/products\/resqfix-plb-300-personal-locator-beacon\/"},"modified":"2021-08-04T17:12:58","modified_gmt":"2021-08-04T22:12:58","slug":"resqfix-plb-300-personal-locator-beacon","status":"publish","type":"product","link":"https:\/\/www.acrartex.com\/no\/products\/resqfix-plb-300-personal-locator-beacon\/","title":{"rendered":"ResQFix\u2122 PLB -300 Personal Locator Beacon"},"content":{"rendered":"<p><a href=\"https:\/\/www.acrartex.com\/sv\/products\/resqlink-400-personal-locator-beacon\/\"><em><strong>Dette produktet har blitt oppgradert.<\/strong><\/em><\/a><\/p>\n<p>Sender p\u00e5 406 MHz via COSPAS-SARSAT satellittsystem med ditt registrerte, unike, digitalt kodede n\u00f8dsignal og 121,5 MHz (SAR-hjems\u00f8kingsfrekvens).<\/p>\n<p>Innebygd 16-kanals parallell GPS registrerer og sender deretter LAT\/LON n\u00e5r enheten aktiveres. Dette sparer deg dramatisk verdifull tid f\u00f8r n\u00f8dmeldingen n\u00e5r lokale redningssentraler, og redningstjenestene f\u00e5r din n\u00f8yaktige posisjon innenfor 100 meter.<\/p>\n<p>Lett \u00e5 b\u00e6re i en sekk eller lomme; liten nok til \u00e5 brukes av skil\u00f8pere, turg\u00e5ere, jegere, kajakkpadlere, klatrere, piloter, sn\u00f8scooterkj\u00f8rere eller andre friluftsentusiaster.<\/p>\n","protected":false},"excerpt":{"rendered":"<p><b><i>Dette produktet har blitt oppgradert. <a href=\"https:\/\/www.acrartex.com\/products\/resqlink-400\/\">Klikk her<\/a> for tilgjengelige oppgraderinger<\/i><\/b><\/p>\n<p>Ulykker skjer hver dag, enten du er p\u00e5 et oppdrag i faresonen, jobber i et avsidesliggende omr\u00e5de, eller bare camper eller jakter utend\u00f8rs. Utend\u00f8rs kan en hverdagsulykke umiddelbart bli en livstruende situasjon, og redningsaksjoner kan ta dager eller uker hvis du ikke er forberedt. <\/p>\n<p>Legg kraften i h\u00e5ndflaten din med en ResQFix 406 Personal Locator Beacon ( PLB ). N\u00e5 kan du gj\u00f8re den livstruende situasjonen om til en vellykket redningshistorie. Det er like enkelt som \u00e5 trykke p\u00e5 en knapp, og med en intern GPS innhenter ResQFix GPS posisjonen din og sender den sammen med din personlige identifikasjonskode gjennom det globale satellittsystemet COSPASSARSAT, som umiddelbart varsler redningsstyrker om at du trenger hjelp umiddelbart!  <\/p>\n<p>Dette er et verdensomspennende humanit\u00e6rt livreddende system som har reddet over 30 000 liv, betalt av dine skattepenger, uten kostbare abonnementsavgifter.<\/p>\n<p>V\u00e6r ansvarlig, v\u00e6r forberedt, v\u00e6r trygg.<\/p>\n","protected":false},"featured_media":160340,"template":"","meta":{"_acf_changed":false,"om_disable_all_campaigns":false},"product_brand":[],"product_cat":[5635],"product_tag":[15921,15922,15917,6812,11405,13395,13397,15915,15919,11396,11412],"class_list":{"0":"post-160337","1":"product","2":"type-product","3":"status-publish","4":"has-post-thumbnail","6":"product_cat-marine-no","7":"product_tag-2897-no","8":"product_tag-2897nh-no","9":"product_tag-acr-resqfix-no","10":"product_tag-cospas-sarsat-no","11":"product_tag-kospas","12":"product_tag-plb-300-no","13":"product_tag-plb300-no","14":"product_tag-resqfix-no","15":"product_tag-resqfix-plb-no","16":"product_tag-sarsat-no","17":"product_tag-sarsat-cospas-no","18":"pa_product-arv-no","20":"first","21":"outofstock","22":"taxable","23":"shipping-taxable","24":"product-type-simple"},"acf":[],"_links":{"self":[{"href":"https:\/\/www.acrartex.com\/no\/wp-json\/wp\/v2\/product\/160337","targetHints":{"allow":["GET"]}}],"collection":[{"href":"https:\/\/www.acrartex.com\/no\/wp-json\/wp\/v2\/product"}],"about":[{"href":"https:\/\/www.acrartex.com\/no\/wp-json\/wp\/v2\/types\/product"}],"wp:featuredmedia":[{"embeddable":true,"href":"https:\/\/www.acrartex.com\/no\/wp-json\/wp\/v2\/media\/160340"}],"wp:attachment":[{"href":"https:\/\/www.acrartex.com\/no\/wp-json\/wp\/v2\/media?parent=160337"}],"wp:term":[{"taxonomy":"product_brand","embeddable":true,"href":"https:\/\/www.acrartex.com\/no\/wp-json\/wp\/v2\/product_brand?post=160337"},{"taxonomy":"product_cat","embeddable":true,"href":"https:\/\/www.acrartex.com\/no\/wp-json\/wp\/v2\/product_cat?post=160337"},{"taxonomy":"product_tag","embeddable":true,"href":"https:\/\/www.acrartex.com\/no\/wp-json\/wp\/v2\/product_tag?post=160337"}],"curies":[{"name":"wp","href":"https:\/\/api.w.org\/{rel}","templated":true}]}}