{"id":160258,"date":"2022-01-26T17:16:59","date_gmt":"2022-01-26T22:16:59","guid":{"rendered":"https:\/\/www.acrartex.com\/products\/bivy-15w-solcellepanel\/"},"modified":"2022-01-26T17:16:59","modified_gmt":"2022-01-26T22:16:59","slug":"bivy-15w-solcellepanel","status":"publish","type":"product","link":"https:\/\/www.acrartex.com\/no\/products\/bivy-15w-solcellepanel\/","title":{"rendered":"Bivy 15W solcellepanel"},"content":{"rendered":"<p>INTELLIGENT LADETEKNOLOGI: USB-porten gjenkjenner enhetene dine automatisk for \u00e5 gi optimal ladestr\u00f8m og fremskynde ladeprosessen for \u00e5 minimere ladetiden.<\/p>\n<p>H\u00d8Y KONVERTERINGSHASTIGHET: Det ETFE-belagte panelet absorberer sollys effektivt og konverterer opptil 20 % av solenergien til energi; lader iOS, Android, Bivy Stick, batteripakker, GoPro og annen elektronikk jevnt.<\/p>\n<p>B\u00c6RBAR OG LETT: Ultratynn og sammenleggbar design gj\u00f8r den enkel \u00e5 b\u00e6re;<\/p>\n<p>SMUSS- OG SPRUTBESKYTTET: IPX4 vanntetthetsgrad, som er motstandsdyktig mot vannsprut og st\u00f8v, uansett retning; perfekt for utend\u00f8rs bruk.<\/p>\n<p>Effekt: 15W<\/p>\n<dl>\n<dt>Utgang: 5V\/3A<\/dt>\n<\/dl>\n<dl>\n<dt>Sertifikat: CE FCC ROHS<\/dt>\n<\/dl>\n<dl>\n<dt>Vekt: 450 g<\/dt>\n<dt><\/dt>\n<dt>St\u00f8rrelse: (brettet) 25 x 15 x 1,7 cm<\/dt>\n<dt>(Utbrettet) 25 x 46 cm<\/dt>\n<\/dl>\n","protected":false},"excerpt":{"rendered":"<h4><span style=\"color: #ff0000;\">Stolt laget i USA!<\/span><\/h4>\n<p><a href=\"https:\/\/www.acrartex.com\/wp-content\/uploads\/2022\/01\/Prop-65-DINP.pdf\">ADVARSEL: FORSLAG 65<\/a><\/p>\n","protected":false},"featured_media":160260,"template":"","meta":{"_acf_changed":false,"om_disable_all_campaigns":false},"product_brand":[],"product_cat":[5635,6553,5686],"product_tag":[13087,15868,13089,13078,13091,13107,13109,13103,13117,13113,13079,13095,13093,5697,13083,13097,13119,13099,13077,13115,13101,13085],"class_list":{"0":"post-160258","1":"product","2":"type-product","3":"status-publish","4":"has-post-thumbnail","6":"product_cat-marine-no","7":"product_cat-sikkerhetstilbehor","8":"product_cat-utendors","9":"product_tag-2-veis-kommunikasjon","10":"product_tag-4605-no","11":"product_tag-acr-bivy-no","12":"product_tag-bivy-no","13":"product_tag-bivy-appen-no","14":"product_tag-bivy-overlevelse-no","15":"product_tag-bivy-overlevelsessett","16":"product_tag-bivy-mot-plb-no","17":"product_tag-bivy-og-solcellepanelsett","18":"product_tag-bivy-solcellepanel","19":"product_tag-bivy-stokk","20":"product_tag-bluetooth-no","21":"product_tag-global-redning-no","22":"product_tag-gps-en","23":"product_tag-iridium-no","24":"product_tag-mini-no","25":"product_tag-mini-gps-no","26":"product_tag-minste-satellittkommunikator","27":"product_tag-overlevelsessett-no","28":"product_tag-overlevelsessett-bivy-og-solcellepanel","29":"product_tag-satellitt-gps-sporing","30":"product_tag-sporing-no","31":"pa_activity-camping-no","32":"pa_activity-fiske","33":"pa_activity-fotturer","34":"pa_activity-klatring","35":"pa_activity-langrenn","36":"pa_activity-padlesport","37":"pa_activity-ski-snowboard-no","38":"pa_activity-snoscooter","39":"pa_activity-sykkel","40":"pa_activity-terrengkjoring-4x4","41":"pa_aircraft-type-eksperimentell","42":"pa_aircraft-type-enkelt-motor-no","43":"pa_aircraft-type-flermotor","44":"pa_aircraft-type-lette-jetstraler","45":"pa_aircraft-type-mellomstore-jetfly","46":"pa_aircraft-type-passasjerfly-no","47":"pa_aircraft-type-rotocraft-no","48":"pa_aircraft-type-store-jetfly","49":"pa_aircraft-type-turboprop-no","50":"pa_boat-type-charteryacht","51":"pa_boat-type-kommersielt-fiske","52":"pa_boat-type-lasteskip","53":"pa_boat-type-motorbat-no","54":"pa_boat-type-seilbat","55":"pa_boat-type-slepebat","56":"pa_boat-type-sportcraft-no","57":"pa_boat-type-yacht-no","58":"pa_product-sikkerhetstilbehor","59":"pa_terrain-as-og-fjell","60":"pa_terrain-elver-vatmarker-innsjoer","61":"pa_terrain-skog-og-jungel","62":"pa_terrain-tundra-no","64":"first","65":"instock","66":"sale","67":"taxable","68":"shipping-taxable","69":"purchasable","70":"product-type-simple"},"acf":[],"_links":{"self":[{"href":"https:\/\/www.acrartex.com\/no\/wp-json\/wp\/v2\/product\/160258","targetHints":{"allow":["GET"]}}],"collection":[{"href":"https:\/\/www.acrartex.com\/no\/wp-json\/wp\/v2\/product"}],"about":[{"href":"https:\/\/www.acrartex.com\/no\/wp-json\/wp\/v2\/types\/product"}],"wp:featuredmedia":[{"embeddable":true,"href":"https:\/\/www.acrartex.com\/no\/wp-json\/wp\/v2\/media\/160260"}],"wp:attachment":[{"href":"https:\/\/www.acrartex.com\/no\/wp-json\/wp\/v2\/media?parent=160258"}],"wp:term":[{"taxonomy":"product_brand","embeddable":true,"href":"https:\/\/www.acrartex.com\/no\/wp-json\/wp\/v2\/product_brand?post=160258"},{"taxonomy":"product_cat","embeddable":true,"href":"https:\/\/www.acrartex.com\/no\/wp-json\/wp\/v2\/product_cat?post=160258"},{"taxonomy":"product_tag","embeddable":true,"href":"https:\/\/www.acrartex.com\/no\/wp-json\/wp\/v2\/product_tag?post=160258"}],"curies":[{"name":"wp","href":"https:\/\/api.w.org\/{rel}","templated":true}]}}